{"id":98,"date":"2025-12-27T13:19:24","date_gmt":"2025-12-27T12:19:24","guid":{"rendered":"https:\/\/dev.terredechimie.com\/?page_id=98"},"modified":"2025-12-27T21:59:08","modified_gmt":"2025-12-27T20:59:08","slug":"lentreprise","status":"publish","type":"page","link":"https:\/\/www.terredechimie.com\/?page_id=98","title":{"rendered":"L&rsquo;Entreprise"},"content":{"rendered":"\n<p>Des grandes entreprises, aux PME, en passant par les professionnels et les collectivit\u00e9s, l&rsquo;exigence de qualit\u00e9 reste la m\u00eame.<\/p>\n\n\n\n<p>Soucieuse de l\u2019environnement comme des conditions de travail des utilisateurs de ses produits,&nbsp;<strong>TERRE DE CHIMIE<\/strong>&nbsp;s\u2019est orient\u00e9 tr\u00e8s t\u00f4t dans la recherche de formules chimiques qui ne font pas appel aux solvants chlor\u00e9s.<\/p>\n\n\n\n<p>L\u2019entreprise a b\u00e2ti tout son d\u00e9veloppement autour de ces gammes qui r\u00e9pondent \u00e0 une demande croissante de la part de ses clients. C\u2019est ainsi que&nbsp;<strong>TERRE DE CHIMIE<\/strong>&nbsp;est devenue en quelques ann\u00e9es l\u2019un des leaders fran\u00e7ais dans la fabrication des d\u00e9capants de peinture de nouvelle g\u00e9n\u00e9ration.<\/p>\n\n\n\n<p>Elle entend continuer dans cette voie en proposant de nouvelles gammes et en am\u00e9liorant sans cesse la qualit\u00e9 et l\u2019efficacit\u00e9 des formules qui font d\u00e9sormais sa renomm\u00e9e.<\/p>\n\n\n\n<p><strong>TERRE DE CHIMIE<\/strong>&nbsp;commercialise ses produits principalement \u00e0 destination des professionnels, PME et grandes entreprises, mais permet \u00e9galement aux artisans, collectivit\u00e9s et particuliers de b\u00e9n\u00e9ficier de son savoir-faire avec des gammes adapt\u00e9es.<\/p>\n\n\n\n<p>Elle \u00e9tudie de nouveaux process pour ses grands comptes et se plie aux bancs d\u2019essais les plus rigoureux afin d\u2019optimiser les formules en fonction de chaque cahier des charges.<\/p>\n\n\n\n<p><strong>Elle se tient \u00e0 votre disposition pour \u00e9tudier toute demande de collaboration.<\/strong><\/p>\n","protected":false},"excerpt":{"rendered":"<p>Des grandes entreprises, aux PME, en passant par les professionnels et les collectivit\u00e9s, l&rsquo;exigence de qualit\u00e9 reste la m\u00eame. Soucieuse de l\u2019environnement comme des conditions de travail des utilisateurs de ses produits,&nbsp;TERRE DE CHIMIE&nbsp;s\u2019est orient\u00e9 tr\u00e8s t\u00f4t dans la recherche de formules chimiques qui ne font pas appel aux solvants chlor\u00e9s. L\u2019entreprise a b\u00e2ti tout &hellip; <\/p>\n<p class=\"link-more\"><a href=\"https:\/\/www.terredechimie.com\/?page_id=98\" class=\"more-link\">Lire la suite de<span class=\"screen-reader-text\">\u00ab\u00a0L&rsquo;Entreprise\u00a0\u00bb<\/span><\/a><\/p>\n","protected":false},"author":1,"featured_media":0,"parent":0,"menu_order":0,"comment_status":"closed","ping_status":"closed","template":"","meta":{"footnotes":""},"class_list":["post-98","page","type-page","status-publish","hentry"],"yoast_head":"<!-- This site is optimized with the Yoast SEO plugin v26.6 - https:\/\/yoast.com\/wordpress\/plugins\/seo\/ -->\n<title>L&#039;Entreprise - terredechimie<\/title>\n<meta name=\"description\" content=\"D\u00e9couvrez l\u2019entreprise Terre de Chimie, son savoir-faire, ses valeurs et son engagement dans le d\u00e9veloppement de solutions chimiques performantes et responsables.\" \/>\n<meta name=\"robots\" content=\"index, follow, max-snippet:-1, max-image-preview:large, max-video-preview:-1\" \/>\n<link rel=\"canonical\" href=\"https:\/\/dev.terredechimie.com\/?page_id=98\" \/>\n<meta property=\"og:locale\" content=\"fr_FR\" \/>\n<meta property=\"og:type\" content=\"article\" \/>\n<meta property=\"og:title\" content=\"L&#039;Entreprise - terredechimie\" \/>\n<meta property=\"og:description\" content=\"D\u00e9couvrez l\u2019entreprise Terre de Chimie, son savoir-faire, ses valeurs et son engagement dans le d\u00e9veloppement de solutions chimiques performantes et responsables.\" \/>\n<meta property=\"og:url\" content=\"https:\/\/dev.terredechimie.com\/?page_id=98\" \/>\n<meta property=\"og:site_name\" content=\"terredechimie\" \/>\n<meta property=\"article:modified_time\" content=\"2025-12-27T20:59:08+00:00\" \/>\n<meta name=\"twitter:card\" content=\"summary_large_image\" \/>\n<meta name=\"twitter:label1\" content=\"Dur\u00e9e de lecture estim\u00e9e\" \/>\n\t<meta name=\"twitter:data1\" content=\"2 minutes\" \/>\n<script type=\"application\/ld+json\" class=\"yoast-schema-graph\">{\"@context\":\"https:\/\/schema.org\",\"@graph\":[{\"@type\":\"WebPage\",\"@id\":\"https:\/\/dev.terredechimie.com\/?page_id=98\",\"url\":\"https:\/\/dev.terredechimie.com\/?page_id=98\",\"name\":\"L'Entreprise - terredechimie\",\"isPartOf\":{\"@id\":\"https:\/\/terredechimie.com\/#website\"},\"datePublished\":\"2025-12-27T12:19:24+00:00\",\"dateModified\":\"2025-12-27T20:59:08+00:00\",\"description\":\"D\u00e9couvrez l\u2019entreprise Terre de Chimie, son savoir-faire, ses valeurs et son engagement dans le d\u00e9veloppement de solutions chimiques performantes et responsables.\",\"breadcrumb\":{\"@id\":\"https:\/\/dev.terredechimie.com\/?page_id=98#breadcrumb\"},\"inLanguage\":\"fr-FR\",\"potentialAction\":[{\"@type\":\"ReadAction\",\"target\":[\"https:\/\/dev.terredechimie.com\/?page_id=98\"]}]},{\"@type\":\"BreadcrumbList\",\"@id\":\"https:\/\/dev.terredechimie.com\/?page_id=98#breadcrumb\",\"itemListElement\":[{\"@type\":\"ListItem\",\"position\":1,\"name\":\"Accueil\",\"item\":\"https:\/\/www.terredechimie.com\/\"},{\"@type\":\"ListItem\",\"position\":2,\"name\":\"L&rsquo;Entreprise\"}]},{\"@type\":\"WebSite\",\"@id\":\"https:\/\/terredechimie.com\/#website\",\"url\":\"https:\/\/terredechimie.com\/\",\"name\":\"terredechimie\",\"description\":\"\",\"publisher\":{\"@id\":\"https:\/\/terredechimie.com\/#organization\"},\"potentialAction\":[{\"@type\":\"SearchAction\",\"target\":{\"@type\":\"EntryPoint\",\"urlTemplate\":\"https:\/\/terredechimie.com\/?s={search_term_string}\"},\"query-input\":{\"@type\":\"PropertyValueSpecification\",\"valueRequired\":true,\"valueName\":\"search_term_string\"}}],\"inLanguage\":\"fr-FR\"},{\"@type\":\"Organization\",\"@id\":\"https:\/\/terredechimie.com\/#organization\",\"name\":\"terredechimie\",\"url\":\"https:\/\/terredechimie.com\/\",\"logo\":{\"@type\":\"ImageObject\",\"inLanguage\":\"fr-FR\",\"@id\":\"https:\/\/terredechimie.com\/#\/schema\/logo\/image\/\",\"url\":\"https:\/\/www.terredechimie.com\/wp-content\/uploads\/2025\/12\/cropped-1C360A0B-F00E-4736-8FC4-F7B6AA983F27.png\",\"contentUrl\":\"https:\/\/www.terredechimie.com\/wp-content\/uploads\/2025\/12\/cropped-1C360A0B-F00E-4736-8FC4-F7B6AA983F27.png\",\"width\":773,\"height\":775,\"caption\":\"terredechimie\"},\"image\":{\"@id\":\"https:\/\/terredechimie.com\/#\/schema\/logo\/image\/\"}}]}<\/script>\n<!-- \/ Yoast SEO plugin. -->","yoast_head_json":{"title":"L'Entreprise - terredechimie","description":"D\u00e9couvrez l\u2019entreprise Terre de Chimie, son savoir-faire, ses valeurs et son engagement dans le d\u00e9veloppement de solutions chimiques performantes et responsables.","robots":{"index":"index","follow":"follow","max-snippet":"max-snippet:-1","max-image-preview":"max-image-preview:large","max-video-preview":"max-video-preview:-1"},"canonical":"https:\/\/dev.terredechimie.com\/?page_id=98","og_locale":"fr_FR","og_type":"article","og_title":"L'Entreprise - terredechimie","og_description":"D\u00e9couvrez l\u2019entreprise Terre de Chimie, son savoir-faire, ses valeurs et son engagement dans le d\u00e9veloppement de solutions chimiques performantes et responsables.","og_url":"https:\/\/dev.terredechimie.com\/?page_id=98","og_site_name":"terredechimie","article_modified_time":"2025-12-27T20:59:08+00:00","twitter_card":"summary_large_image","twitter_misc":{"Dur\u00e9e de lecture estim\u00e9e":"2 minutes"},"schema":{"@context":"https:\/\/schema.org","@graph":[{"@type":"WebPage","@id":"https:\/\/dev.terredechimie.com\/?page_id=98","url":"https:\/\/dev.terredechimie.com\/?page_id=98","name":"L'Entreprise - terredechimie","isPartOf":{"@id":"https:\/\/terredechimie.com\/#website"},"datePublished":"2025-12-27T12:19:24+00:00","dateModified":"2025-12-27T20:59:08+00:00","description":"D\u00e9couvrez l\u2019entreprise Terre de Chimie, son savoir-faire, ses valeurs et son engagement dans le d\u00e9veloppement de solutions chimiques performantes et responsables.","breadcrumb":{"@id":"https:\/\/dev.terredechimie.com\/?page_id=98#breadcrumb"},"inLanguage":"fr-FR","potentialAction":[{"@type":"ReadAction","target":["https:\/\/dev.terredechimie.com\/?page_id=98"]}]},{"@type":"BreadcrumbList","@id":"https:\/\/dev.terredechimie.com\/?page_id=98#breadcrumb","itemListElement":[{"@type":"ListItem","position":1,"name":"Accueil","item":"https:\/\/www.terredechimie.com\/"},{"@type":"ListItem","position":2,"name":"L&rsquo;Entreprise"}]},{"@type":"WebSite","@id":"https:\/\/terredechimie.com\/#website","url":"https:\/\/terredechimie.com\/","name":"terredechimie","description":"","publisher":{"@id":"https:\/\/terredechimie.com\/#organization"},"potentialAction":[{"@type":"SearchAction","target":{"@type":"EntryPoint","urlTemplate":"https:\/\/terredechimie.com\/?s={search_term_string}"},"query-input":{"@type":"PropertyValueSpecification","valueRequired":true,"valueName":"search_term_string"}}],"inLanguage":"fr-FR"},{"@type":"Organization","@id":"https:\/\/terredechimie.com\/#organization","name":"terredechimie","url":"https:\/\/terredechimie.com\/","logo":{"@type":"ImageObject","inLanguage":"fr-FR","@id":"https:\/\/terredechimie.com\/#\/schema\/logo\/image\/","url":"https:\/\/www.terredechimie.com\/wp-content\/uploads\/2025\/12\/cropped-1C360A0B-F00E-4736-8FC4-F7B6AA983F27.png","contentUrl":"https:\/\/www.terredechimie.com\/wp-content\/uploads\/2025\/12\/cropped-1C360A0B-F00E-4736-8FC4-F7B6AA983F27.png","width":773,"height":775,"caption":"terredechimie"},"image":{"@id":"https:\/\/terredechimie.com\/#\/schema\/logo\/image\/"}}]}},"jetpack_sharing_enabled":true,"_links":{"self":[{"href":"https:\/\/www.terredechimie.com\/index.php?rest_route=\/wp\/v2\/pages\/98","targetHints":{"allow":["GET"]}}],"collection":[{"href":"https:\/\/www.terredechimie.com\/index.php?rest_route=\/wp\/v2\/pages"}],"about":[{"href":"https:\/\/www.terredechimie.com\/index.php?rest_route=\/wp\/v2\/types\/page"}],"author":[{"embeddable":true,"href":"https:\/\/www.terredechimie.com\/index.php?rest_route=\/wp\/v2\/users\/1"}],"replies":[{"embeddable":true,"href":"https:\/\/www.terredechimie.com\/index.php?rest_route=%2Fwp%2Fv2%2Fcomments&post=98"}],"version-history":[{"count":2,"href":"https:\/\/www.terredechimie.com\/index.php?rest_route=\/wp\/v2\/pages\/98\/revisions"}],"predecessor-version":[{"id":102,"href":"https:\/\/www.terredechimie.com\/index.php?rest_route=\/wp\/v2\/pages\/98\/revisions\/102"}],"wp:attachment":[{"href":"https:\/\/www.terredechimie.com\/index.php?rest_route=%2Fwp%2Fv2%2Fmedia&parent=98"}],"curies":[{"name":"wp","href":"https:\/\/api.w.org\/{rel}","templated":true}]}}