{"id":70,"date":"2025-12-27T12:41:34","date_gmt":"2025-12-27T11:41:34","guid":{"rendered":"https:\/\/dev.terredechimie.com\/?page_id=70"},"modified":"2025-12-28T14:25:37","modified_gmt":"2025-12-28T13:25:37","slug":"actualites","status":"publish","type":"page","link":"https:\/\/www.terredechimie.com\/?page_id=70","title":{"rendered":"Actualit\u00e9s"},"content":{"rendered":"\n<figure class=\"wp-block-image alignleft size-large is-resized\"><img fetchpriority=\"high\" decoding=\"async\" width=\"1024\" height=\"576\" src=\"https:\/\/dev.terredechimie.com\/wp-content\/uploads\/2025\/12\/2148722023-1024x576.jpg\" alt=\"\" class=\"wp-image-322\" style=\"width:401px;height:auto\" srcset=\"https:\/\/www.terredechimie.com\/wp-content\/uploads\/2025\/12\/2148722023-1024x576.jpg 1024w, https:\/\/www.terredechimie.com\/wp-content\/uploads\/2025\/12\/2148722023-300x169.jpg 300w, https:\/\/www.terredechimie.com\/wp-content\/uploads\/2025\/12\/2148722023.jpg 1500w\" sizes=\"(max-width: 1024px) 100vw, 1024px\" \/><\/figure>\n\n\n\n<p><strong>Nouveau d\u00e9capant aluminium<\/strong><\/p>\n\n\n\n<p>Terre de Chimie lance la commercialisation de son nouveau d\u00e9capant aluminium.<\/p>\n\n\n\n<p>Apr\u00e8s deux ann\u00e9es de recherche et d\u00e9veloppement, Terre de Chimie propose un nouveau d\u00e9capant sp\u00e9cialement adapt\u00e9 au d\u00e9capage sur aluminium.<\/p>\n\n\n\n<p>Dans la continuit\u00e9 du d\u00e9veloppement de nouvelles formules d\u00e9capantes recpectueuses de l&rsquo;environnement, Terre de chimie propose d\u00e9sormais l&rsquo;AQUAL + . <\/p>\n\n\n\n<p>Ce produit qui s&rsquo;utilise \u00e0 froid assure une parfaite dissolution des peintures appliqu\u00e9es sur support aluminium.<\/p>\n\n\n\n<p>Cette nouvelle formule vient compl\u00e9ter la gamme des d\u00e9capants AQUA 05 qui substituent aujourd&rsquo;hui totalement les d\u00e9capants chlor\u00e9s.<\/p>\n\n\n\n<p><\/p>\n","protected":false},"excerpt":{"rendered":"<p>Nouveau d\u00e9capant aluminium Terre de Chimie lance la commercialisation de son nouveau d\u00e9capant aluminium. Apr\u00e8s deux ann\u00e9es de recherche et d\u00e9veloppement, Terre de Chimie propose un nouveau d\u00e9capant sp\u00e9cialement adapt\u00e9 au d\u00e9capage sur aluminium. Dans la continuit\u00e9 du d\u00e9veloppement de nouvelles formules d\u00e9capantes recpectueuses de l&rsquo;environnement, Terre de chimie propose d\u00e9sormais l&rsquo;AQUAL + . Ce &hellip; <\/p>\n<p class=\"link-more\"><a href=\"https:\/\/www.terredechimie.com\/?page_id=70\" class=\"more-link\">Lire la suite de<span class=\"screen-reader-text\">\u00ab\u00a0Actualit\u00e9s\u00a0\u00bb<\/span><\/a><\/p>\n","protected":false},"author":1,"featured_media":0,"parent":0,"menu_order":0,"comment_status":"closed","ping_status":"closed","template":"","meta":{"footnotes":""},"class_list":["post-70","page","type-page","status-publish","hentry"],"yoast_head":"<!-- This site is optimized with the Yoast SEO plugin v26.6 - https:\/\/yoast.com\/wordpress\/plugins\/seo\/ -->\n<title>Actualit\u00e9s - terredechimie<\/title>\n<meta name=\"description\" content=\"D\u00e9couvrez Terre de Chimie, sp\u00e9cialiste des solutions chimiques performantes pour l\u2019industrie, alliant expertise technique, innovation et engagement durable.\" \/>\n<meta name=\"robots\" content=\"index, follow, max-snippet:-1, max-image-preview:large, max-video-preview:-1\" \/>\n<link rel=\"canonical\" href=\"https:\/\/dev.terredechimie.com\/?page_id=70\" \/>\n<meta property=\"og:locale\" content=\"fr_FR\" \/>\n<meta property=\"og:type\" content=\"article\" \/>\n<meta property=\"og:title\" content=\"Actualit\u00e9s - terredechimie\" \/>\n<meta property=\"og:description\" content=\"D\u00e9couvrez Terre de Chimie, sp\u00e9cialiste des solutions chimiques performantes pour l\u2019industrie, alliant expertise technique, innovation et engagement durable.\" \/>\n<meta property=\"og:url\" content=\"https:\/\/dev.terredechimie.com\/?page_id=70\" \/>\n<meta property=\"og:site_name\" content=\"terredechimie\" \/>\n<meta property=\"article:modified_time\" content=\"2025-12-28T13:25:37+00:00\" \/>\n<meta property=\"og:image\" content=\"https:\/\/www.terredechimie.com\/wp-content\/uploads\/2025\/12\/2148722023.jpg\" \/>\n\t<meta property=\"og:image:width\" content=\"1500\" \/>\n\t<meta property=\"og:image:height\" content=\"844\" \/>\n\t<meta property=\"og:image:type\" content=\"image\/jpeg\" \/>\n<meta name=\"twitter:card\" content=\"summary_large_image\" \/>\n<meta name=\"twitter:label1\" content=\"Dur\u00e9e de lecture estim\u00e9e\" \/>\n\t<meta name=\"twitter:data1\" content=\"1 minute\" \/>\n<script type=\"application\/ld+json\" class=\"yoast-schema-graph\">{\"@context\":\"https:\/\/schema.org\",\"@graph\":[{\"@type\":\"WebPage\",\"@id\":\"https:\/\/dev.terredechimie.com\/?page_id=70\",\"url\":\"https:\/\/dev.terredechimie.com\/?page_id=70\",\"name\":\"Actualit\u00e9s - terredechimie\",\"isPartOf\":{\"@id\":\"https:\/\/terredechimie.com\/#website\"},\"primaryImageOfPage\":{\"@id\":\"https:\/\/dev.terredechimie.com\/?page_id=70#primaryimage\"},\"image\":{\"@id\":\"https:\/\/dev.terredechimie.com\/?page_id=70#primaryimage\"},\"thumbnailUrl\":\"https:\/\/dev.terredechimie.com\/wp-content\/uploads\/2025\/12\/2148722023-1024x576.jpg\",\"datePublished\":\"2025-12-27T11:41:34+00:00\",\"dateModified\":\"2025-12-28T13:25:37+00:00\",\"description\":\"D\u00e9couvrez Terre de Chimie, sp\u00e9cialiste des solutions chimiques performantes pour l\u2019industrie, alliant expertise technique, innovation et engagement durable.\",\"breadcrumb\":{\"@id\":\"https:\/\/dev.terredechimie.com\/?page_id=70#breadcrumb\"},\"inLanguage\":\"fr-FR\",\"potentialAction\":[{\"@type\":\"ReadAction\",\"target\":[\"https:\/\/dev.terredechimie.com\/?page_id=70\"]}]},{\"@type\":\"ImageObject\",\"inLanguage\":\"fr-FR\",\"@id\":\"https:\/\/dev.terredechimie.com\/?page_id=70#primaryimage\",\"url\":\"https:\/\/dev.terredechimie.com\/wp-content\/uploads\/2025\/12\/2148722023-1024x576.jpg\",\"contentUrl\":\"https:\/\/dev.terredechimie.com\/wp-content\/uploads\/2025\/12\/2148722023-1024x576.jpg\"},{\"@type\":\"BreadcrumbList\",\"@id\":\"https:\/\/dev.terredechimie.com\/?page_id=70#breadcrumb\",\"itemListElement\":[{\"@type\":\"ListItem\",\"position\":1,\"name\":\"Accueil\",\"item\":\"https:\/\/www.terredechimie.com\/\"},{\"@type\":\"ListItem\",\"position\":2,\"name\":\"Actualit\u00e9s\"}]},{\"@type\":\"WebSite\",\"@id\":\"https:\/\/terredechimie.com\/#website\",\"url\":\"https:\/\/terredechimie.com\/\",\"name\":\"terredechimie\",\"description\":\"\",\"publisher\":{\"@id\":\"https:\/\/terredechimie.com\/#organization\"},\"potentialAction\":[{\"@type\":\"SearchAction\",\"target\":{\"@type\":\"EntryPoint\",\"urlTemplate\":\"https:\/\/terredechimie.com\/?s={search_term_string}\"},\"query-input\":{\"@type\":\"PropertyValueSpecification\",\"valueRequired\":true,\"valueName\":\"search_term_string\"}}],\"inLanguage\":\"fr-FR\"},{\"@type\":\"Organization\",\"@id\":\"https:\/\/terredechimie.com\/#organization\",\"name\":\"terredechimie\",\"url\":\"https:\/\/terredechimie.com\/\",\"logo\":{\"@type\":\"ImageObject\",\"inLanguage\":\"fr-FR\",\"@id\":\"https:\/\/terredechimie.com\/#\/schema\/logo\/image\/\",\"url\":\"https:\/\/www.terredechimie.com\/wp-content\/uploads\/2025\/12\/cropped-1C360A0B-F00E-4736-8FC4-F7B6AA983F27.png\",\"contentUrl\":\"https:\/\/www.terredechimie.com\/wp-content\/uploads\/2025\/12\/cropped-1C360A0B-F00E-4736-8FC4-F7B6AA983F27.png\",\"width\":773,\"height\":775,\"caption\":\"terredechimie\"},\"image\":{\"@id\":\"https:\/\/terredechimie.com\/#\/schema\/logo\/image\/\"}}]}<\/script>\n<!-- \/ Yoast SEO plugin. -->","yoast_head_json":{"title":"Actualit\u00e9s - terredechimie","description":"D\u00e9couvrez Terre de Chimie, sp\u00e9cialiste des solutions chimiques performantes pour l\u2019industrie, alliant expertise technique, innovation et engagement durable.","robots":{"index":"index","follow":"follow","max-snippet":"max-snippet:-1","max-image-preview":"max-image-preview:large","max-video-preview":"max-video-preview:-1"},"canonical":"https:\/\/dev.terredechimie.com\/?page_id=70","og_locale":"fr_FR","og_type":"article","og_title":"Actualit\u00e9s - terredechimie","og_description":"D\u00e9couvrez Terre de Chimie, sp\u00e9cialiste des solutions chimiques performantes pour l\u2019industrie, alliant expertise technique, innovation et engagement durable.","og_url":"https:\/\/dev.terredechimie.com\/?page_id=70","og_site_name":"terredechimie","article_modified_time":"2025-12-28T13:25:37+00:00","og_image":[{"width":1500,"height":844,"url":"https:\/\/www.terredechimie.com\/wp-content\/uploads\/2025\/12\/2148722023.jpg","type":"image\/jpeg"}],"twitter_card":"summary_large_image","twitter_misc":{"Dur\u00e9e de lecture estim\u00e9e":"1 minute"},"schema":{"@context":"https:\/\/schema.org","@graph":[{"@type":"WebPage","@id":"https:\/\/dev.terredechimie.com\/?page_id=70","url":"https:\/\/dev.terredechimie.com\/?page_id=70","name":"Actualit\u00e9s - terredechimie","isPartOf":{"@id":"https:\/\/terredechimie.com\/#website"},"primaryImageOfPage":{"@id":"https:\/\/dev.terredechimie.com\/?page_id=70#primaryimage"},"image":{"@id":"https:\/\/dev.terredechimie.com\/?page_id=70#primaryimage"},"thumbnailUrl":"https:\/\/dev.terredechimie.com\/wp-content\/uploads\/2025\/12\/2148722023-1024x576.jpg","datePublished":"2025-12-27T11:41:34+00:00","dateModified":"2025-12-28T13:25:37+00:00","description":"D\u00e9couvrez Terre de Chimie, sp\u00e9cialiste des solutions chimiques performantes pour l\u2019industrie, alliant expertise technique, innovation et engagement durable.","breadcrumb":{"@id":"https:\/\/dev.terredechimie.com\/?page_id=70#breadcrumb"},"inLanguage":"fr-FR","potentialAction":[{"@type":"ReadAction","target":["https:\/\/dev.terredechimie.com\/?page_id=70"]}]},{"@type":"ImageObject","inLanguage":"fr-FR","@id":"https:\/\/dev.terredechimie.com\/?page_id=70#primaryimage","url":"https:\/\/dev.terredechimie.com\/wp-content\/uploads\/2025\/12\/2148722023-1024x576.jpg","contentUrl":"https:\/\/dev.terredechimie.com\/wp-content\/uploads\/2025\/12\/2148722023-1024x576.jpg"},{"@type":"BreadcrumbList","@id":"https:\/\/dev.terredechimie.com\/?page_id=70#breadcrumb","itemListElement":[{"@type":"ListItem","position":1,"name":"Accueil","item":"https:\/\/www.terredechimie.com\/"},{"@type":"ListItem","position":2,"name":"Actualit\u00e9s"}]},{"@type":"WebSite","@id":"https:\/\/terredechimie.com\/#website","url":"https:\/\/terredechimie.com\/","name":"terredechimie","description":"","publisher":{"@id":"https:\/\/terredechimie.com\/#organization"},"potentialAction":[{"@type":"SearchAction","target":{"@type":"EntryPoint","urlTemplate":"https:\/\/terredechimie.com\/?s={search_term_string}"},"query-input":{"@type":"PropertyValueSpecification","valueRequired":true,"valueName":"search_term_string"}}],"inLanguage":"fr-FR"},{"@type":"Organization","@id":"https:\/\/terredechimie.com\/#organization","name":"terredechimie","url":"https:\/\/terredechimie.com\/","logo":{"@type":"ImageObject","inLanguage":"fr-FR","@id":"https:\/\/terredechimie.com\/#\/schema\/logo\/image\/","url":"https:\/\/www.terredechimie.com\/wp-content\/uploads\/2025\/12\/cropped-1C360A0B-F00E-4736-8FC4-F7B6AA983F27.png","contentUrl":"https:\/\/www.terredechimie.com\/wp-content\/uploads\/2025\/12\/cropped-1C360A0B-F00E-4736-8FC4-F7B6AA983F27.png","width":773,"height":775,"caption":"terredechimie"},"image":{"@id":"https:\/\/terredechimie.com\/#\/schema\/logo\/image\/"}}]}},"jetpack_sharing_enabled":true,"_links":{"self":[{"href":"https:\/\/www.terredechimie.com\/index.php?rest_route=\/wp\/v2\/pages\/70","targetHints":{"allow":["GET"]}}],"collection":[{"href":"https:\/\/www.terredechimie.com\/index.php?rest_route=\/wp\/v2\/pages"}],"about":[{"href":"https:\/\/www.terredechimie.com\/index.php?rest_route=\/wp\/v2\/types\/page"}],"author":[{"embeddable":true,"href":"https:\/\/www.terredechimie.com\/index.php?rest_route=\/wp\/v2\/users\/1"}],"replies":[{"embeddable":true,"href":"https:\/\/www.terredechimie.com\/index.php?rest_route=%2Fwp%2Fv2%2Fcomments&post=70"}],"version-history":[{"count":4,"href":"https:\/\/www.terredechimie.com\/index.php?rest_route=\/wp\/v2\/pages\/70\/revisions"}],"predecessor-version":[{"id":323,"href":"https:\/\/www.terredechimie.com\/index.php?rest_route=\/wp\/v2\/pages\/70\/revisions\/323"}],"wp:attachment":[{"href":"https:\/\/www.terredechimie.com\/index.php?rest_route=%2Fwp%2Fv2%2Fmedia&parent=70"}],"curies":[{"name":"wp","href":"https:\/\/api.w.org\/{rel}","templated":true}]}}