{"id":68,"date":"2025-12-27T12:41:13","date_gmt":"2025-12-27T11:41:13","guid":{"rendered":"https:\/\/dev.terredechimie.com\/?page_id=68"},"modified":"2025-12-27T21:56:39","modified_gmt":"2025-12-27T20:56:39","slug":"qui-sommes-nous","status":"publish","type":"page","link":"https:\/\/www.terredechimie.com\/?page_id=68","title":{"rendered":"Qui Sommes &#8211; Nous ?"},"content":{"rendered":"\n<p>TERRE DE CHIMIE, con\u00e7oit, fabrique et distribue des produits de traitement de surfaces.<\/p>\n\n\n\n<p>Parce qu\u2019elle se soucie grandement de ses clients, des utilisateurs de ses produits et de l\u2019environnement,&nbsp;<strong>TERRE DE CHIMIE<\/strong>&nbsp;a saisi tr\u00e8s t\u00f4t le virage des produits de substitution sans chlorure de m\u00e9thyl\u00e8ne.<\/p>\n\n\n\n<p>Cette volont\u00e9 l\u2019a pouss\u00e9 \u00e0 d\u00e9velopper une nouvelle g\u00e9n\u00e9ration de d\u00e9capants de peinture et de vernis en base aqueuse, exempts de solvants chlor\u00e9s, sans pour autant faire de concessions sur la qualit\u00e9 et l\u2019efficacit\u00e9 des solutions qu\u2019elle propose.<\/p>\n\n\n\n<p>Avec le soutien de grandes entreprises, leaders dans leur domaine,&nbsp;<strong>TERRE DE CHIMIE<\/strong>&nbsp;\u00e0 mis en place de v\u00e9ritables bancs d\u2019essais grandeur nature au sein de leurs structures, afin d\u2019optimiser ses formules, d\u2019apporter de meilleures solutions techniques et de soutenir sa d\u00e9marche \u00e9cologique et sanitaire.<\/p>\n\n\n\n<p><strong>GAMMES ENVIRONNEMENTALES<\/strong><br>Fruits de cette v\u00e9ritable d\u00e9marche d\u2019innovation, deux gammes de d\u00e9capants de nouvelle g\u00e9n\u00e9ration ont vu le jour et remportent d\u2019ores et d\u00e9j\u00e0 un vif succ\u00e8s aupr\u00e8s des utilisateurs, tant par leurs qualit\u00e9s techniques que par leur confort d\u2019utilisation.<\/p>\n\n\n\n<p>Pl\u00e9biscit\u00e9es par les utilisateurs, ces formules font d\u00e9sormais figure de r\u00e9f\u00e9rence dans le domaine des d\u00e9capants innovants.<\/p>\n\n\n\n<p>Dans la m\u00eame veine, nos recherches nous ont permis de d\u00e9velopper une solution de protection temporaire, vernis pelable, en base aqueuse, ne contenant aucun solvant. Elle est id\u00e9ale pour :<\/p>\n\n\n\n<ul class=\"wp-block-list\">\n<li>prot\u00e9ger vos pi\u00e8ces des rayures, des chocs et de la corrosion<\/li>\n\n\n\n<li>prot\u00e9ger \u00e9galement vos locaux et votre mat\u00e9riel<\/li>\n\n\n\n<li>prot\u00e9ger les parois des cabines de peinture<\/li>\n\n\n\n<li>prot\u00e9ger partiellement les pi\u00e8ces n\u00e9cessitant des op\u00e9rations de traitement de surfaces<\/li>\n<\/ul>\n\n\n\n<p><strong>GAMMES CLASSIQUES<\/strong><br><strong>TERRE DE CHIMIE<\/strong>&nbsp;fabrique et distribue \u00e9galement une solution alternative li\u00e9e aux probl\u00e8mes post-d\u00e9capage comme la corrosion.<\/p>\n\n\n\n<p>Enfin nous avons aussi mis en place une gamme compl\u00e8te de produits d\u2019\u00e9tanch\u00e9it\u00e9 et de traitement des habitations, \u00e0 destination des professionnels et r\u00e9pondant aux probl\u00e9matiques d\u2019humidit\u00e9, d\u2019\u00e9tanch\u00e9it\u00e9 et d\u2019esth\u00e9tique :<\/p>\n\n\n\n<ul class=\"wp-block-list\">\n<li>D\u00e9moussant de toitures et fa\u00e7ades: destruction des mousses, lichens, moisissures, etc.<\/li>\n\n\n\n<li>Imperm\u00e9abilisant hydrofuge pour tous types de sols<\/li>\n\n\n\n<li>Imperm\u00e9abilisant hydrofuge pour les tuiles<\/li>\n\n\n\n<li>Imperm\u00e9abilisant hydrofuge des parois verticales r\u00e9pondant aux probl\u00e8mes d\u2019humidit\u00e9.<\/li>\n<\/ul>\n\n\n\n<p>Dans tous ces domaines,&nbsp;<strong>TERRE DE CHIMIE<\/strong>&nbsp;propose des gammes compl\u00e8tes, professionnelles et constamment test\u00e9es pour r\u00e9pondre aux demandes et aux process les plus exigeants tout en respectant l\u2019environnement et la sant\u00e9 des utilisateurs.<\/p>\n","protected":false},"excerpt":{"rendered":"<p>TERRE DE CHIMIE, con\u00e7oit, fabrique et distribue des produits de traitement de surfaces. Parce qu\u2019elle se soucie grandement de ses clients, des utilisateurs de ses produits et de l\u2019environnement,&nbsp;TERRE DE CHIMIE&nbsp;a saisi tr\u00e8s t\u00f4t le virage des produits de substitution sans chlorure de m\u00e9thyl\u00e8ne. Cette volont\u00e9 l\u2019a pouss\u00e9 \u00e0 d\u00e9velopper une nouvelle g\u00e9n\u00e9ration de d\u00e9capants &hellip; <\/p>\n<p class=\"link-more\"><a href=\"https:\/\/www.terredechimie.com\/?page_id=68\" class=\"more-link\">Lire la suite de<span class=\"screen-reader-text\">\u00ab\u00a0Qui Sommes &#8211; Nous ?\u00a0\u00bb<\/span><\/a><\/p>\n","protected":false},"author":1,"featured_media":0,"parent":0,"menu_order":0,"comment_status":"closed","ping_status":"closed","template":"","meta":{"footnotes":""},"class_list":["post-68","page","type-page","status-publish","hentry"],"yoast_head":"<!-- This site is optimized with the Yoast SEO plugin v26.6 - https:\/\/yoast.com\/wordpress\/plugins\/seo\/ -->\n<title>Qui Sommes - Nous ? - terredechimie<\/title>\n<meta name=\"description\" content=\"D\u00e9couvrez qui nous sommes, l\u2019\u00e9quipe et l\u2019expertise de Terre de Chimie, engag\u00e9s dans des solutions chimiques performantes et responsables pour l\u2019industrie.\" \/>\n<meta name=\"robots\" content=\"index, follow, max-snippet:-1, max-image-preview:large, max-video-preview:-1\" \/>\n<link rel=\"canonical\" href=\"https:\/\/dev.terredechimie.com\/?page_id=68\" \/>\n<meta property=\"og:locale\" content=\"fr_FR\" \/>\n<meta property=\"og:type\" content=\"article\" \/>\n<meta property=\"og:title\" content=\"Qui Sommes - Nous ? - terredechimie\" \/>\n<meta property=\"og:description\" content=\"D\u00e9couvrez qui nous sommes, l\u2019\u00e9quipe et l\u2019expertise de Terre de Chimie, engag\u00e9s dans des solutions chimiques performantes et responsables pour l\u2019industrie.\" \/>\n<meta property=\"og:url\" content=\"https:\/\/dev.terredechimie.com\/?page_id=68\" \/>\n<meta property=\"og:site_name\" content=\"terredechimie\" \/>\n<meta property=\"article:modified_time\" content=\"2025-12-27T20:56:39+00:00\" \/>\n<meta name=\"twitter:card\" content=\"summary_large_image\" \/>\n<meta name=\"twitter:label1\" content=\"Dur\u00e9e de lecture estim\u00e9e\" \/>\n\t<meta name=\"twitter:data1\" content=\"2 minutes\" \/>\n<script type=\"application\/ld+json\" class=\"yoast-schema-graph\">{\"@context\":\"https:\/\/schema.org\",\"@graph\":[{\"@type\":\"WebPage\",\"@id\":\"https:\/\/dev.terredechimie.com\/?page_id=68\",\"url\":\"https:\/\/dev.terredechimie.com\/?page_id=68\",\"name\":\"Qui Sommes - Nous ? - terredechimie\",\"isPartOf\":{\"@id\":\"https:\/\/terredechimie.com\/#website\"},\"datePublished\":\"2025-12-27T11:41:13+00:00\",\"dateModified\":\"2025-12-27T20:56:39+00:00\",\"description\":\"D\u00e9couvrez qui nous sommes, l\u2019\u00e9quipe et l\u2019expertise de Terre de Chimie, engag\u00e9s dans des solutions chimiques performantes et responsables pour l\u2019industrie.\",\"breadcrumb\":{\"@id\":\"https:\/\/dev.terredechimie.com\/?page_id=68#breadcrumb\"},\"inLanguage\":\"fr-FR\",\"potentialAction\":[{\"@type\":\"ReadAction\",\"target\":[\"https:\/\/dev.terredechimie.com\/?page_id=68\"]}]},{\"@type\":\"BreadcrumbList\",\"@id\":\"https:\/\/dev.terredechimie.com\/?page_id=68#breadcrumb\",\"itemListElement\":[{\"@type\":\"ListItem\",\"position\":1,\"name\":\"Accueil\",\"item\":\"https:\/\/www.terredechimie.com\/\"},{\"@type\":\"ListItem\",\"position\":2,\"name\":\"Qui Sommes &#8211; Nous ?\"}]},{\"@type\":\"WebSite\",\"@id\":\"https:\/\/terredechimie.com\/#website\",\"url\":\"https:\/\/terredechimie.com\/\",\"name\":\"terredechimie\",\"description\":\"\",\"publisher\":{\"@id\":\"https:\/\/terredechimie.com\/#organization\"},\"potentialAction\":[{\"@type\":\"SearchAction\",\"target\":{\"@type\":\"EntryPoint\",\"urlTemplate\":\"https:\/\/terredechimie.com\/?s={search_term_string}\"},\"query-input\":{\"@type\":\"PropertyValueSpecification\",\"valueRequired\":true,\"valueName\":\"search_term_string\"}}],\"inLanguage\":\"fr-FR\"},{\"@type\":\"Organization\",\"@id\":\"https:\/\/terredechimie.com\/#organization\",\"name\":\"terredechimie\",\"url\":\"https:\/\/terredechimie.com\/\",\"logo\":{\"@type\":\"ImageObject\",\"inLanguage\":\"fr-FR\",\"@id\":\"https:\/\/terredechimie.com\/#\/schema\/logo\/image\/\",\"url\":\"https:\/\/www.terredechimie.com\/wp-content\/uploads\/2025\/12\/cropped-1C360A0B-F00E-4736-8FC4-F7B6AA983F27.png\",\"contentUrl\":\"https:\/\/www.terredechimie.com\/wp-content\/uploads\/2025\/12\/cropped-1C360A0B-F00E-4736-8FC4-F7B6AA983F27.png\",\"width\":773,\"height\":775,\"caption\":\"terredechimie\"},\"image\":{\"@id\":\"https:\/\/terredechimie.com\/#\/schema\/logo\/image\/\"}}]}<\/script>\n<!-- \/ Yoast SEO plugin. -->","yoast_head_json":{"title":"Qui Sommes - Nous ? - terredechimie","description":"D\u00e9couvrez qui nous sommes, l\u2019\u00e9quipe et l\u2019expertise de Terre de Chimie, engag\u00e9s dans des solutions chimiques performantes et responsables pour l\u2019industrie.","robots":{"index":"index","follow":"follow","max-snippet":"max-snippet:-1","max-image-preview":"max-image-preview:large","max-video-preview":"max-video-preview:-1"},"canonical":"https:\/\/dev.terredechimie.com\/?page_id=68","og_locale":"fr_FR","og_type":"article","og_title":"Qui Sommes - Nous ? - terredechimie","og_description":"D\u00e9couvrez qui nous sommes, l\u2019\u00e9quipe et l\u2019expertise de Terre de Chimie, engag\u00e9s dans des solutions chimiques performantes et responsables pour l\u2019industrie.","og_url":"https:\/\/dev.terredechimie.com\/?page_id=68","og_site_name":"terredechimie","article_modified_time":"2025-12-27T20:56:39+00:00","twitter_card":"summary_large_image","twitter_misc":{"Dur\u00e9e de lecture estim\u00e9e":"2 minutes"},"schema":{"@context":"https:\/\/schema.org","@graph":[{"@type":"WebPage","@id":"https:\/\/dev.terredechimie.com\/?page_id=68","url":"https:\/\/dev.terredechimie.com\/?page_id=68","name":"Qui Sommes - Nous ? - terredechimie","isPartOf":{"@id":"https:\/\/terredechimie.com\/#website"},"datePublished":"2025-12-27T11:41:13+00:00","dateModified":"2025-12-27T20:56:39+00:00","description":"D\u00e9couvrez qui nous sommes, l\u2019\u00e9quipe et l\u2019expertise de Terre de Chimie, engag\u00e9s dans des solutions chimiques performantes et responsables pour l\u2019industrie.","breadcrumb":{"@id":"https:\/\/dev.terredechimie.com\/?page_id=68#breadcrumb"},"inLanguage":"fr-FR","potentialAction":[{"@type":"ReadAction","target":["https:\/\/dev.terredechimie.com\/?page_id=68"]}]},{"@type":"BreadcrumbList","@id":"https:\/\/dev.terredechimie.com\/?page_id=68#breadcrumb","itemListElement":[{"@type":"ListItem","position":1,"name":"Accueil","item":"https:\/\/www.terredechimie.com\/"},{"@type":"ListItem","position":2,"name":"Qui Sommes &#8211; Nous ?"}]},{"@type":"WebSite","@id":"https:\/\/terredechimie.com\/#website","url":"https:\/\/terredechimie.com\/","name":"terredechimie","description":"","publisher":{"@id":"https:\/\/terredechimie.com\/#organization"},"potentialAction":[{"@type":"SearchAction","target":{"@type":"EntryPoint","urlTemplate":"https:\/\/terredechimie.com\/?s={search_term_string}"},"query-input":{"@type":"PropertyValueSpecification","valueRequired":true,"valueName":"search_term_string"}}],"inLanguage":"fr-FR"},{"@type":"Organization","@id":"https:\/\/terredechimie.com\/#organization","name":"terredechimie","url":"https:\/\/terredechimie.com\/","logo":{"@type":"ImageObject","inLanguage":"fr-FR","@id":"https:\/\/terredechimie.com\/#\/schema\/logo\/image\/","url":"https:\/\/www.terredechimie.com\/wp-content\/uploads\/2025\/12\/cropped-1C360A0B-F00E-4736-8FC4-F7B6AA983F27.png","contentUrl":"https:\/\/www.terredechimie.com\/wp-content\/uploads\/2025\/12\/cropped-1C360A0B-F00E-4736-8FC4-F7B6AA983F27.png","width":773,"height":775,"caption":"terredechimie"},"image":{"@id":"https:\/\/terredechimie.com\/#\/schema\/logo\/image\/"}}]}},"jetpack_sharing_enabled":true,"_links":{"self":[{"href":"https:\/\/www.terredechimie.com\/index.php?rest_route=\/wp\/v2\/pages\/68","targetHints":{"allow":["GET"]}}],"collection":[{"href":"https:\/\/www.terredechimie.com\/index.php?rest_route=\/wp\/v2\/pages"}],"about":[{"href":"https:\/\/www.terredechimie.com\/index.php?rest_route=\/wp\/v2\/types\/page"}],"author":[{"embeddable":true,"href":"https:\/\/www.terredechimie.com\/index.php?rest_route=\/wp\/v2\/users\/1"}],"replies":[{"embeddable":true,"href":"https:\/\/www.terredechimie.com\/index.php?rest_route=%2Fwp%2Fv2%2Fcomments&post=68"}],"version-history":[{"count":2,"href":"https:\/\/www.terredechimie.com\/index.php?rest_route=\/wp\/v2\/pages\/68\/revisions"}],"predecessor-version":[{"id":97,"href":"https:\/\/www.terredechimie.com\/index.php?rest_route=\/wp\/v2\/pages\/68\/revisions\/97"}],"wp:attachment":[{"href":"https:\/\/www.terredechimie.com\/index.php?rest_route=%2Fwp%2Fv2%2Fmedia&parent=68"}],"curies":[{"name":"wp","href":"https:\/\/api.w.org\/{rel}","templated":true}]}}