{"id":60,"date":"2025-12-27T12:36:16","date_gmt":"2025-12-27T11:36:16","guid":{"rendered":"https:\/\/dev.terredechimie.com\/?page_id=60"},"modified":"2025-12-28T17:06:40","modified_gmt":"2025-12-28T16:06:40","slug":"produit-chimique","status":"publish","type":"page","link":"https:\/\/www.terredechimie.com\/?page_id=60","title":{"rendered":"Produit Chimique"},"content":{"rendered":"\n<figure class=\"wp-block-image alignleft size-large is-resized\"><img fetchpriority=\"high\" decoding=\"async\" width=\"1024\" height=\"683\" src=\"https:\/\/dev.terredechimie.com\/wp-content\/uploads\/2025\/12\/26991452-1024x683.jpg\" alt=\"\" class=\"wp-image-403\" style=\"aspect-ratio:1.4992794647452392;width:454px;height:auto\" srcset=\"https:\/\/www.terredechimie.com\/wp-content\/uploads\/2025\/12\/26991452-1024x683.jpg 1024w, https:\/\/www.terredechimie.com\/wp-content\/uploads\/2025\/12\/26991452-300x200.jpg 300w, https:\/\/www.terredechimie.com\/wp-content\/uploads\/2025\/12\/26991452.jpg 1500w\" sizes=\"(max-width: 1024px) 100vw, 1024px\" \/><\/figure>\n\n\n\n<p>Vous trouverez ici prochainement la liste des produits que nous commercialisons<\/p>\n\n\n\n<p>En tant que formulateur et gr\u00e2ce \u00e0 un partenariat fort avec ses fournisseurs, Terre de Chimie peut assurer la fourniture de tout produit chimique simple ou formul\u00e9.&nbsp; Voici \u00e0 titre d&rsquo;exemple quelques secteurs et produits que nous distribuons \u00e0 ce jour :<\/p>\n\n\n\n<p><em><strong>&#8211; Industrie :<\/strong><\/em><\/p>\n\n\n\n<p>* Agrosolvants, d\u00e9graissants fontaine, d\u00e9grippants&#8230;.<\/p>\n\n\n\n<p>* Glycols, huiles&nbsp;v\u00e9g\u00e9tales, huiles min\u00e9rales..<\/p>\n\n\n\n<p>* Solvants&#8230;&nbsp;<\/p>\n\n\n\n<p><em><strong>&#8211; Collectivit\u00e9s&nbsp;<\/strong><\/em>:<\/p>\n\n\n\n<p>* Javel, chlorure ferrique, floculants, coagulants&#8230;<\/p>\n\n\n\n<p><em><strong>&#8211; Traitement de l&rsquo;eau :<\/strong><\/em><\/p>\n\n\n\n<p>* Floculants, anti-mousses, produits de d\u00e9sinfection (base chlore ou non)&#8230;<\/p>\n","protected":false},"excerpt":{"rendered":"<p>Vous trouverez ici prochainement la liste des produits que nous commercialisons En tant que formulateur et gr\u00e2ce \u00e0 un partenariat fort avec ses fournisseurs, Terre de Chimie peut assurer la fourniture de tout produit chimique simple ou formul\u00e9.&nbsp; Voici \u00e0 titre d&rsquo;exemple quelques secteurs et produits que nous distribuons \u00e0 ce jour : &#8211; Industrie &hellip; <\/p>\n<p class=\"link-more\"><a href=\"https:\/\/www.terredechimie.com\/?page_id=60\" class=\"more-link\">Lire la suite de<span class=\"screen-reader-text\">\u00ab\u00a0Produit Chimique\u00a0\u00bb<\/span><\/a><\/p>\n","protected":false},"author":1,"featured_media":0,"parent":0,"menu_order":0,"comment_status":"closed","ping_status":"closed","template":"","meta":{"footnotes":""},"class_list":["post-60","page","type-page","status-publish","hentry"],"yoast_head":"<!-- This site is optimized with the Yoast SEO plugin v26.6 - https:\/\/yoast.com\/wordpress\/plugins\/seo\/ -->\n<title>Produit Chimique - terredechimie<\/title>\n<meta name=\"description\" content=\"D\u00e9couvrez nos produits chimiques industriels performants pour le traitement et le d\u00e9capage de surfaces, alliant efficacit\u00e9, qualit\u00e9 et solutions adapt\u00e9es aux besoins professionnels.\" \/>\n<meta name=\"robots\" content=\"index, follow, max-snippet:-1, max-image-preview:large, max-video-preview:-1\" \/>\n<link rel=\"canonical\" href=\"https:\/\/dev.terredechimie.com\/?page_id=60\" \/>\n<meta property=\"og:locale\" content=\"fr_FR\" \/>\n<meta property=\"og:type\" content=\"article\" \/>\n<meta property=\"og:title\" content=\"Produit Chimique - terredechimie\" \/>\n<meta property=\"og:description\" content=\"D\u00e9couvrez nos produits chimiques industriels performants pour le traitement et le d\u00e9capage de surfaces, alliant efficacit\u00e9, qualit\u00e9 et solutions adapt\u00e9es aux besoins professionnels.\" \/>\n<meta property=\"og:url\" content=\"https:\/\/dev.terredechimie.com\/?page_id=60\" \/>\n<meta property=\"og:site_name\" content=\"terredechimie\" \/>\n<meta property=\"article:modified_time\" content=\"2025-12-28T16:06:40+00:00\" \/>\n<meta property=\"og:image\" content=\"https:\/\/www.terredechimie.com\/wp-content\/uploads\/2025\/12\/26991452.jpg\" \/>\n\t<meta property=\"og:image:width\" content=\"1500\" \/>\n\t<meta property=\"og:image:height\" content=\"1000\" \/>\n\t<meta property=\"og:image:type\" content=\"image\/jpeg\" \/>\n<meta name=\"twitter:card\" content=\"summary_large_image\" \/>\n<meta name=\"twitter:label1\" content=\"Dur\u00e9e de lecture estim\u00e9e\" \/>\n\t<meta name=\"twitter:data1\" content=\"1 minute\" \/>\n<script type=\"application\/ld+json\" class=\"yoast-schema-graph\">{\"@context\":\"https:\/\/schema.org\",\"@graph\":[{\"@type\":\"WebPage\",\"@id\":\"https:\/\/dev.terredechimie.com\/?page_id=60\",\"url\":\"https:\/\/dev.terredechimie.com\/?page_id=60\",\"name\":\"Produit Chimique - terredechimie\",\"isPartOf\":{\"@id\":\"https:\/\/terredechimie.com\/#website\"},\"primaryImageOfPage\":{\"@id\":\"https:\/\/dev.terredechimie.com\/?page_id=60#primaryimage\"},\"image\":{\"@id\":\"https:\/\/dev.terredechimie.com\/?page_id=60#primaryimage\"},\"thumbnailUrl\":\"https:\/\/dev.terredechimie.com\/wp-content\/uploads\/2025\/12\/26991452-1024x683.jpg\",\"datePublished\":\"2025-12-27T11:36:16+00:00\",\"dateModified\":\"2025-12-28T16:06:40+00:00\",\"description\":\"D\u00e9couvrez nos produits chimiques industriels performants pour le traitement et le d\u00e9capage de surfaces, alliant efficacit\u00e9, qualit\u00e9 et solutions adapt\u00e9es aux besoins professionnels.\",\"breadcrumb\":{\"@id\":\"https:\/\/dev.terredechimie.com\/?page_id=60#breadcrumb\"},\"inLanguage\":\"fr-FR\",\"potentialAction\":[{\"@type\":\"ReadAction\",\"target\":[\"https:\/\/dev.terredechimie.com\/?page_id=60\"]}]},{\"@type\":\"ImageObject\",\"inLanguage\":\"fr-FR\",\"@id\":\"https:\/\/dev.terredechimie.com\/?page_id=60#primaryimage\",\"url\":\"https:\/\/dev.terredechimie.com\/wp-content\/uploads\/2025\/12\/26991452-1024x683.jpg\",\"contentUrl\":\"https:\/\/dev.terredechimie.com\/wp-content\/uploads\/2025\/12\/26991452-1024x683.jpg\"},{\"@type\":\"BreadcrumbList\",\"@id\":\"https:\/\/dev.terredechimie.com\/?page_id=60#breadcrumb\",\"itemListElement\":[{\"@type\":\"ListItem\",\"position\":1,\"name\":\"Accueil\",\"item\":\"https:\/\/www.terredechimie.com\/\"},{\"@type\":\"ListItem\",\"position\":2,\"name\":\"Produit Chimique\"}]},{\"@type\":\"WebSite\",\"@id\":\"https:\/\/terredechimie.com\/#website\",\"url\":\"https:\/\/terredechimie.com\/\",\"name\":\"terredechimie\",\"description\":\"\",\"publisher\":{\"@id\":\"https:\/\/terredechimie.com\/#organization\"},\"potentialAction\":[{\"@type\":\"SearchAction\",\"target\":{\"@type\":\"EntryPoint\",\"urlTemplate\":\"https:\/\/terredechimie.com\/?s={search_term_string}\"},\"query-input\":{\"@type\":\"PropertyValueSpecification\",\"valueRequired\":true,\"valueName\":\"search_term_string\"}}],\"inLanguage\":\"fr-FR\"},{\"@type\":\"Organization\",\"@id\":\"https:\/\/terredechimie.com\/#organization\",\"name\":\"terredechimie\",\"url\":\"https:\/\/terredechimie.com\/\",\"logo\":{\"@type\":\"ImageObject\",\"inLanguage\":\"fr-FR\",\"@id\":\"https:\/\/terredechimie.com\/#\/schema\/logo\/image\/\",\"url\":\"https:\/\/www.terredechimie.com\/wp-content\/uploads\/2025\/12\/cropped-1C360A0B-F00E-4736-8FC4-F7B6AA983F27.png\",\"contentUrl\":\"https:\/\/www.terredechimie.com\/wp-content\/uploads\/2025\/12\/cropped-1C360A0B-F00E-4736-8FC4-F7B6AA983F27.png\",\"width\":773,\"height\":775,\"caption\":\"terredechimie\"},\"image\":{\"@id\":\"https:\/\/terredechimie.com\/#\/schema\/logo\/image\/\"}}]}<\/script>\n<!-- \/ Yoast SEO plugin. -->","yoast_head_json":{"title":"Produit Chimique - terredechimie","description":"D\u00e9couvrez nos produits chimiques industriels performants pour le traitement et le d\u00e9capage de surfaces, alliant efficacit\u00e9, qualit\u00e9 et solutions adapt\u00e9es aux besoins professionnels.","robots":{"index":"index","follow":"follow","max-snippet":"max-snippet:-1","max-image-preview":"max-image-preview:large","max-video-preview":"max-video-preview:-1"},"canonical":"https:\/\/dev.terredechimie.com\/?page_id=60","og_locale":"fr_FR","og_type":"article","og_title":"Produit Chimique - terredechimie","og_description":"D\u00e9couvrez nos produits chimiques industriels performants pour le traitement et le d\u00e9capage de surfaces, alliant efficacit\u00e9, qualit\u00e9 et solutions adapt\u00e9es aux besoins professionnels.","og_url":"https:\/\/dev.terredechimie.com\/?page_id=60","og_site_name":"terredechimie","article_modified_time":"2025-12-28T16:06:40+00:00","og_image":[{"width":1500,"height":1000,"url":"https:\/\/www.terredechimie.com\/wp-content\/uploads\/2025\/12\/26991452.jpg","type":"image\/jpeg"}],"twitter_card":"summary_large_image","twitter_misc":{"Dur\u00e9e de lecture estim\u00e9e":"1 minute"},"schema":{"@context":"https:\/\/schema.org","@graph":[{"@type":"WebPage","@id":"https:\/\/dev.terredechimie.com\/?page_id=60","url":"https:\/\/dev.terredechimie.com\/?page_id=60","name":"Produit Chimique - terredechimie","isPartOf":{"@id":"https:\/\/terredechimie.com\/#website"},"primaryImageOfPage":{"@id":"https:\/\/dev.terredechimie.com\/?page_id=60#primaryimage"},"image":{"@id":"https:\/\/dev.terredechimie.com\/?page_id=60#primaryimage"},"thumbnailUrl":"https:\/\/dev.terredechimie.com\/wp-content\/uploads\/2025\/12\/26991452-1024x683.jpg","datePublished":"2025-12-27T11:36:16+00:00","dateModified":"2025-12-28T16:06:40+00:00","description":"D\u00e9couvrez nos produits chimiques industriels performants pour le traitement et le d\u00e9capage de surfaces, alliant efficacit\u00e9, qualit\u00e9 et solutions adapt\u00e9es aux besoins professionnels.","breadcrumb":{"@id":"https:\/\/dev.terredechimie.com\/?page_id=60#breadcrumb"},"inLanguage":"fr-FR","potentialAction":[{"@type":"ReadAction","target":["https:\/\/dev.terredechimie.com\/?page_id=60"]}]},{"@type":"ImageObject","inLanguage":"fr-FR","@id":"https:\/\/dev.terredechimie.com\/?page_id=60#primaryimage","url":"https:\/\/dev.terredechimie.com\/wp-content\/uploads\/2025\/12\/26991452-1024x683.jpg","contentUrl":"https:\/\/dev.terredechimie.com\/wp-content\/uploads\/2025\/12\/26991452-1024x683.jpg"},{"@type":"BreadcrumbList","@id":"https:\/\/dev.terredechimie.com\/?page_id=60#breadcrumb","itemListElement":[{"@type":"ListItem","position":1,"name":"Accueil","item":"https:\/\/www.terredechimie.com\/"},{"@type":"ListItem","position":2,"name":"Produit Chimique"}]},{"@type":"WebSite","@id":"https:\/\/terredechimie.com\/#website","url":"https:\/\/terredechimie.com\/","name":"terredechimie","description":"","publisher":{"@id":"https:\/\/terredechimie.com\/#organization"},"potentialAction":[{"@type":"SearchAction","target":{"@type":"EntryPoint","urlTemplate":"https:\/\/terredechimie.com\/?s={search_term_string}"},"query-input":{"@type":"PropertyValueSpecification","valueRequired":true,"valueName":"search_term_string"}}],"inLanguage":"fr-FR"},{"@type":"Organization","@id":"https:\/\/terredechimie.com\/#organization","name":"terredechimie","url":"https:\/\/terredechimie.com\/","logo":{"@type":"ImageObject","inLanguage":"fr-FR","@id":"https:\/\/terredechimie.com\/#\/schema\/logo\/image\/","url":"https:\/\/www.terredechimie.com\/wp-content\/uploads\/2025\/12\/cropped-1C360A0B-F00E-4736-8FC4-F7B6AA983F27.png","contentUrl":"https:\/\/www.terredechimie.com\/wp-content\/uploads\/2025\/12\/cropped-1C360A0B-F00E-4736-8FC4-F7B6AA983F27.png","width":773,"height":775,"caption":"terredechimie"},"image":{"@id":"https:\/\/terredechimie.com\/#\/schema\/logo\/image\/"}}]}},"jetpack_sharing_enabled":true,"_links":{"self":[{"href":"https:\/\/www.terredechimie.com\/index.php?rest_route=\/wp\/v2\/pages\/60","targetHints":{"allow":["GET"]}}],"collection":[{"href":"https:\/\/www.terredechimie.com\/index.php?rest_route=\/wp\/v2\/pages"}],"about":[{"href":"https:\/\/www.terredechimie.com\/index.php?rest_route=\/wp\/v2\/types\/page"}],"author":[{"embeddable":true,"href":"https:\/\/www.terredechimie.com\/index.php?rest_route=\/wp\/v2\/users\/1"}],"replies":[{"embeddable":true,"href":"https:\/\/www.terredechimie.com\/index.php?rest_route=%2Fwp%2Fv2%2Fcomments&post=60"}],"version-history":[{"count":4,"href":"https:\/\/www.terredechimie.com\/index.php?rest_route=\/wp\/v2\/pages\/60\/revisions"}],"predecessor-version":[{"id":405,"href":"https:\/\/www.terredechimie.com\/index.php?rest_route=\/wp\/v2\/pages\/60\/revisions\/405"}],"wp:attachment":[{"href":"https:\/\/www.terredechimie.com\/index.php?rest_route=%2Fwp%2Fv2%2Fmedia&parent=60"}],"curies":[{"name":"wp","href":"https:\/\/api.w.org\/{rel}","templated":true}]}}