{"id":482,"date":"2025-12-28T18:39:36","date_gmt":"2025-12-28T17:39:36","guid":{"rendered":"https:\/\/dev.terredechimie.com\/?page_id=482"},"modified":"2025-12-30T18:49:30","modified_gmt":"2025-12-30T17:49:30","slug":"tampons-45pe20","status":"publish","type":"page","link":"https:\/\/www.terredechimie.com\/?page_id=482","title":{"rendered":"Tampons 45PE20"},"content":{"rendered":"\n<p>Tampons d&rsquo;essuyage anti-poussi\u00e8res<\/p>\n\n\n\n<p><strong>PRESENTATION<\/strong><br>Coton impr\u00e9gn\u00e9 de r\u00e9sine et d\u2019huile absorbant la poussi\u00e8re.<\/p>\n\n\n\n<p><strong>PROPRIETES ET MISE EN \u0152UVRE<\/strong><br>Caract\u00e9ristiques :&nbsp;Pur coton \u00e9cru ou blanchi.<br>Dimensions :&nbsp;75*110 cm<\/p>\n\n\n\n<p>V\u00e9rifier que le tampon est \u00e0 temp\u00e9rature d\u2019utilisation : environ 25\u00b0C.<br>Un pr\u00e9-stockage dans une pi\u00e8ce chauff\u00e9e peut \u00eatre utile si la temp\u00e9rature ambiante n\u2019est pas suffisante.<br>Passer le tampon sur toutes les parties \u00e0 d\u00e9poussi\u00e9rer sans appuyer ni frotter : changer rapidement de face contact pour \u00e9viter une pollution poussi\u00e8res.<\/p>\n","protected":false},"excerpt":{"rendered":"<p>Tampons d&rsquo;essuyage anti-poussi\u00e8res PRESENTATIONCoton impr\u00e9gn\u00e9 de r\u00e9sine et d\u2019huile absorbant la poussi\u00e8re. PROPRIETES ET MISE EN \u0152UVRECaract\u00e9ristiques :&nbsp;Pur coton \u00e9cru ou blanchi.Dimensions :&nbsp;75*110 cm V\u00e9rifier que le tampon est \u00e0 temp\u00e9rature d\u2019utilisation : environ 25\u00b0C.Un pr\u00e9-stockage dans une pi\u00e8ce chauff\u00e9e peut \u00eatre utile si la temp\u00e9rature ambiante n\u2019est pas suffisante.Passer le tampon sur toutes les &hellip; <\/p>\n<p class=\"link-more\"><a href=\"https:\/\/www.terredechimie.com\/?page_id=482\" class=\"more-link\">Lire la suite de<span class=\"screen-reader-text\">\u00ab\u00a0Tampons 45PE20\u00a0\u00bb<\/span><\/a><\/p>\n","protected":false},"author":1,"featured_media":0,"parent":0,"menu_order":0,"comment_status":"closed","ping_status":"closed","template":"","meta":{"footnotes":""},"class_list":["post-482","page","type-page","status-publish","hentry"],"yoast_head":"<!-- This site is optimized with the Yoast SEO plugin v26.6 - https:\/\/yoast.com\/wordpress\/plugins\/seo\/ -->\n<title>Tampons 45PE20 - terredechimie<\/title>\n<meta name=\"description\" content=\"Tampons 45PE20, tampons d\u2019essuyage industriels performants, con\u00e7us pour un nettoyage pr\u00e9cis et efficace des surfaces dans les applications professionnelles.\" \/>\n<meta name=\"robots\" content=\"index, follow, max-snippet:-1, max-image-preview:large, max-video-preview:-1\" \/>\n<link rel=\"canonical\" href=\"https:\/\/dev.terredechimie.com\/?page_id=482\" \/>\n<meta property=\"og:locale\" content=\"fr_FR\" \/>\n<meta property=\"og:type\" content=\"article\" \/>\n<meta property=\"og:title\" content=\"Tampons 45PE20 - terredechimie\" \/>\n<meta property=\"og:description\" content=\"Tampons 45PE20, tampons d\u2019essuyage industriels performants, con\u00e7us pour un nettoyage pr\u00e9cis et efficace des surfaces dans les applications professionnelles.\" \/>\n<meta property=\"og:url\" content=\"https:\/\/dev.terredechimie.com\/?page_id=482\" \/>\n<meta property=\"og:site_name\" content=\"terredechimie\" \/>\n<meta property=\"article:modified_time\" content=\"2025-12-30T17:49:30+00:00\" \/>\n<meta name=\"twitter:card\" content=\"summary_large_image\" \/>\n<meta name=\"twitter:label1\" content=\"Dur\u00e9e de lecture estim\u00e9e\" \/>\n\t<meta name=\"twitter:data1\" content=\"1 minute\" \/>\n<script type=\"application\/ld+json\" class=\"yoast-schema-graph\">{\"@context\":\"https:\/\/schema.org\",\"@graph\":[{\"@type\":\"WebPage\",\"@id\":\"https:\/\/dev.terredechimie.com\/?page_id=482\",\"url\":\"https:\/\/dev.terredechimie.com\/?page_id=482\",\"name\":\"Tampons 45PE20 - terredechimie\",\"isPartOf\":{\"@id\":\"https:\/\/terredechimie.com\/#website\"},\"datePublished\":\"2025-12-28T17:39:36+00:00\",\"dateModified\":\"2025-12-30T17:49:30+00:00\",\"description\":\"Tampons 45PE20, tampons d\u2019essuyage industriels performants, con\u00e7us pour un nettoyage pr\u00e9cis et efficace des surfaces dans les applications professionnelles.\",\"breadcrumb\":{\"@id\":\"https:\/\/dev.terredechimie.com\/?page_id=482#breadcrumb\"},\"inLanguage\":\"fr-FR\",\"potentialAction\":[{\"@type\":\"ReadAction\",\"target\":[\"https:\/\/dev.terredechimie.com\/?page_id=482\"]}]},{\"@type\":\"BreadcrumbList\",\"@id\":\"https:\/\/dev.terredechimie.com\/?page_id=482#breadcrumb\",\"itemListElement\":[{\"@type\":\"ListItem\",\"position\":1,\"name\":\"Accueil\",\"item\":\"https:\/\/www.terredechimie.com\/\"},{\"@type\":\"ListItem\",\"position\":2,\"name\":\"Tampons 45PE20\"}]},{\"@type\":\"WebSite\",\"@id\":\"https:\/\/terredechimie.com\/#website\",\"url\":\"https:\/\/terredechimie.com\/\",\"name\":\"terredechimie\",\"description\":\"\",\"publisher\":{\"@id\":\"https:\/\/terredechimie.com\/#organization\"},\"potentialAction\":[{\"@type\":\"SearchAction\",\"target\":{\"@type\":\"EntryPoint\",\"urlTemplate\":\"https:\/\/terredechimie.com\/?s={search_term_string}\"},\"query-input\":{\"@type\":\"PropertyValueSpecification\",\"valueRequired\":true,\"valueName\":\"search_term_string\"}}],\"inLanguage\":\"fr-FR\"},{\"@type\":\"Organization\",\"@id\":\"https:\/\/terredechimie.com\/#organization\",\"name\":\"terredechimie\",\"url\":\"https:\/\/terredechimie.com\/\",\"logo\":{\"@type\":\"ImageObject\",\"inLanguage\":\"fr-FR\",\"@id\":\"https:\/\/terredechimie.com\/#\/schema\/logo\/image\/\",\"url\":\"https:\/\/www.terredechimie.com\/wp-content\/uploads\/2025\/12\/cropped-1C360A0B-F00E-4736-8FC4-F7B6AA983F27.png\",\"contentUrl\":\"https:\/\/www.terredechimie.com\/wp-content\/uploads\/2025\/12\/cropped-1C360A0B-F00E-4736-8FC4-F7B6AA983F27.png\",\"width\":773,\"height\":775,\"caption\":\"terredechimie\"},\"image\":{\"@id\":\"https:\/\/terredechimie.com\/#\/schema\/logo\/image\/\"}}]}<\/script>\n<!-- \/ Yoast SEO plugin. -->","yoast_head_json":{"title":"Tampons 45PE20 - terredechimie","description":"Tampons 45PE20, tampons d\u2019essuyage industriels performants, con\u00e7us pour un nettoyage pr\u00e9cis et efficace des surfaces dans les applications professionnelles.","robots":{"index":"index","follow":"follow","max-snippet":"max-snippet:-1","max-image-preview":"max-image-preview:large","max-video-preview":"max-video-preview:-1"},"canonical":"https:\/\/dev.terredechimie.com\/?page_id=482","og_locale":"fr_FR","og_type":"article","og_title":"Tampons 45PE20 - terredechimie","og_description":"Tampons 45PE20, tampons d\u2019essuyage industriels performants, con\u00e7us pour un nettoyage pr\u00e9cis et efficace des surfaces dans les applications professionnelles.","og_url":"https:\/\/dev.terredechimie.com\/?page_id=482","og_site_name":"terredechimie","article_modified_time":"2025-12-30T17:49:30+00:00","twitter_card":"summary_large_image","twitter_misc":{"Dur\u00e9e de lecture estim\u00e9e":"1 minute"},"schema":{"@context":"https:\/\/schema.org","@graph":[{"@type":"WebPage","@id":"https:\/\/dev.terredechimie.com\/?page_id=482","url":"https:\/\/dev.terredechimie.com\/?page_id=482","name":"Tampons 45PE20 - terredechimie","isPartOf":{"@id":"https:\/\/terredechimie.com\/#website"},"datePublished":"2025-12-28T17:39:36+00:00","dateModified":"2025-12-30T17:49:30+00:00","description":"Tampons 45PE20, tampons d\u2019essuyage industriels performants, con\u00e7us pour un nettoyage pr\u00e9cis et efficace des surfaces dans les applications professionnelles.","breadcrumb":{"@id":"https:\/\/dev.terredechimie.com\/?page_id=482#breadcrumb"},"inLanguage":"fr-FR","potentialAction":[{"@type":"ReadAction","target":["https:\/\/dev.terredechimie.com\/?page_id=482"]}]},{"@type":"BreadcrumbList","@id":"https:\/\/dev.terredechimie.com\/?page_id=482#breadcrumb","itemListElement":[{"@type":"ListItem","position":1,"name":"Accueil","item":"https:\/\/www.terredechimie.com\/"},{"@type":"ListItem","position":2,"name":"Tampons 45PE20"}]},{"@type":"WebSite","@id":"https:\/\/terredechimie.com\/#website","url":"https:\/\/terredechimie.com\/","name":"terredechimie","description":"","publisher":{"@id":"https:\/\/terredechimie.com\/#organization"},"potentialAction":[{"@type":"SearchAction","target":{"@type":"EntryPoint","urlTemplate":"https:\/\/terredechimie.com\/?s={search_term_string}"},"query-input":{"@type":"PropertyValueSpecification","valueRequired":true,"valueName":"search_term_string"}}],"inLanguage":"fr-FR"},{"@type":"Organization","@id":"https:\/\/terredechimie.com\/#organization","name":"terredechimie","url":"https:\/\/terredechimie.com\/","logo":{"@type":"ImageObject","inLanguage":"fr-FR","@id":"https:\/\/terredechimie.com\/#\/schema\/logo\/image\/","url":"https:\/\/www.terredechimie.com\/wp-content\/uploads\/2025\/12\/cropped-1C360A0B-F00E-4736-8FC4-F7B6AA983F27.png","contentUrl":"https:\/\/www.terredechimie.com\/wp-content\/uploads\/2025\/12\/cropped-1C360A0B-F00E-4736-8FC4-F7B6AA983F27.png","width":773,"height":775,"caption":"terredechimie"},"image":{"@id":"https:\/\/terredechimie.com\/#\/schema\/logo\/image\/"}}]}},"jetpack_sharing_enabled":true,"_links":{"self":[{"href":"https:\/\/www.terredechimie.com\/index.php?rest_route=\/wp\/v2\/pages\/482","targetHints":{"allow":["GET"]}}],"collection":[{"href":"https:\/\/www.terredechimie.com\/index.php?rest_route=\/wp\/v2\/pages"}],"about":[{"href":"https:\/\/www.terredechimie.com\/index.php?rest_route=\/wp\/v2\/types\/page"}],"author":[{"embeddable":true,"href":"https:\/\/www.terredechimie.com\/index.php?rest_route=\/wp\/v2\/users\/1"}],"replies":[{"embeddable":true,"href":"https:\/\/www.terredechimie.com\/index.php?rest_route=%2Fwp%2Fv2%2Fcomments&post=482"}],"version-history":[{"count":2,"href":"https:\/\/www.terredechimie.com\/index.php?rest_route=\/wp\/v2\/pages\/482\/revisions"}],"predecessor-version":[{"id":528,"href":"https:\/\/www.terredechimie.com\/index.php?rest_route=\/wp\/v2\/pages\/482\/revisions\/528"}],"wp:attachment":[{"href":"https:\/\/www.terredechimie.com\/index.php?rest_route=%2Fwp%2Fv2%2Fmedia&parent=482"}],"curies":[{"name":"wp","href":"https:\/\/api.w.org\/{rel}","templated":true}]}}