{"id":458,"date":"2025-12-28T18:13:27","date_gmt":"2025-12-28T17:13:27","guid":{"rendered":"https:\/\/dev.terredechimie.com\/?page_id=458"},"modified":"2025-12-28T18:56:49","modified_gmt":"2025-12-28T17:56:49","slug":"gdur","status":"publish","type":"page","link":"https:\/\/www.terredechimie.com\/?page_id=458","title":{"rendered":"G\u2019Dur"},"content":{"rendered":"\n<figure class=\"wp-block-image alignleft size-full is-resized\"><img fetchpriority=\"high\" decoding=\"async\" width=\"1000\" height=\"496\" src=\"https:\/\/dev.terredechimie.com\/wp-content\/uploads\/2025\/12\/3212-1.jpg\" alt=\"\" class=\"wp-image-513\" style=\"aspect-ratio:2.0161862082803825;width:502px;height:auto\" srcset=\"https:\/\/www.terredechimie.com\/wp-content\/uploads\/2025\/12\/3212-1.jpg 1000w, https:\/\/www.terredechimie.com\/wp-content\/uploads\/2025\/12\/3212-1-300x149.jpg 300w\" sizes=\"(max-width: 1000px) 100vw, 1000px\" \/><\/figure>\n\n\n\n<p><strong>PRESENTATION<\/strong><br>G\u2019DUR est un vernis destin\u00e9 \u00e0 renforcer la duret\u00e9 des mat\u00e9riaux et \u00e0 les rendre hydrofuges.<\/p>\n\n\n\n<p><strong>DOMAINES D\u2019INTERVENTION<\/strong><br>G\u2019DUR s\u2019applique sur tous supports tels que le ciment brut, tomettes, bois exotiques, agglom\u00e9r\u00e9s, etc.<\/p>\n\n\n\n<p><strong>PROPRIETES ET MISE EN \u0152UVRE<\/strong><br>Caract\u00e9ristiques : Liquide de couleur jaune-paille, dont la pigmentation est possible.<\/p>\n\n\n\n<p>Avant l\u2019application de G\u2019DUR, v\u00e9rifier que le support \u00e0 traiter soit le plus propre possible (nettoyer \u00e0 l\u2019eau).<\/p>\n\n\n\n<p>Impr\u00e9gner le support de G\u2019DUR.<br>Laisser s\u00e9cher.<\/p>\n\n\n\n<p>Le temps de s\u00e9chage entre chaque couche de G\u2019DUR est de 4 \u00e0 6 heures.<\/p>\n\n\n\n<p><\/p>\n","protected":false},"excerpt":{"rendered":"<p>PRESENTATIONG\u2019DUR est un vernis destin\u00e9 \u00e0 renforcer la duret\u00e9 des mat\u00e9riaux et \u00e0 les rendre hydrofuges. DOMAINES D\u2019INTERVENTIONG\u2019DUR s\u2019applique sur tous supports tels que le ciment brut, tomettes, bois exotiques, agglom\u00e9r\u00e9s, etc. PROPRIETES ET MISE EN \u0152UVRECaract\u00e9ristiques : Liquide de couleur jaune-paille, dont la pigmentation est possible. Avant l\u2019application de G\u2019DUR, v\u00e9rifier que le support &hellip; <\/p>\n<p class=\"link-more\"><a href=\"https:\/\/www.terredechimie.com\/?page_id=458\" class=\"more-link\">Lire la suite de<span class=\"screen-reader-text\">\u00ab\u00a0G\u2019Dur\u00a0\u00bb<\/span><\/a><\/p>\n","protected":false},"author":1,"featured_media":0,"parent":0,"menu_order":0,"comment_status":"closed","ping_status":"closed","template":"","meta":{"footnotes":""},"class_list":["post-458","page","type-page","status-publish","hentry"],"yoast_head":"<!-- This site is optimized with the Yoast SEO plugin v26.6 - https:\/\/yoast.com\/wordpress\/plugins\/seo\/ -->\n<title>G\u2019Dur - terredechimie<\/title>\n<meta name=\"description\" content=\"G\u2019DUR de Terre de Chimie : solution chimique professionnelle pour renforcer, durcir et prot\u00e9ger les surfaces industrielles avec performance et durabilit\u00e9.\" \/>\n<meta name=\"robots\" content=\"index, follow, max-snippet:-1, max-image-preview:large, max-video-preview:-1\" \/>\n<link rel=\"canonical\" href=\"https:\/\/dev.terredechimie.com\/?page_id=458\" \/>\n<meta property=\"og:locale\" content=\"fr_FR\" \/>\n<meta property=\"og:type\" content=\"article\" \/>\n<meta property=\"og:title\" content=\"G\u2019Dur - terredechimie\" \/>\n<meta property=\"og:description\" content=\"G\u2019DUR de Terre de Chimie : solution chimique professionnelle pour renforcer, durcir et prot\u00e9ger les surfaces industrielles avec performance et durabilit\u00e9.\" \/>\n<meta property=\"og:url\" content=\"https:\/\/dev.terredechimie.com\/?page_id=458\" \/>\n<meta property=\"og:site_name\" content=\"terredechimie\" \/>\n<meta property=\"article:modified_time\" content=\"2025-12-28T17:56:49+00:00\" \/>\n<meta property=\"og:image\" content=\"https:\/\/www.terredechimie.com\/wp-content\/uploads\/2025\/12\/3212-1.jpg\" \/>\n\t<meta property=\"og:image:width\" content=\"1000\" \/>\n\t<meta property=\"og:image:height\" content=\"496\" \/>\n\t<meta property=\"og:image:type\" content=\"image\/jpeg\" \/>\n<meta name=\"twitter:card\" content=\"summary_large_image\" \/>\n<meta name=\"twitter:label1\" content=\"Dur\u00e9e de lecture estim\u00e9e\" \/>\n\t<meta name=\"twitter:data1\" content=\"1 minute\" \/>\n<script type=\"application\/ld+json\" class=\"yoast-schema-graph\">{\"@context\":\"https:\/\/schema.org\",\"@graph\":[{\"@type\":\"WebPage\",\"@id\":\"https:\/\/dev.terredechimie.com\/?page_id=458\",\"url\":\"https:\/\/dev.terredechimie.com\/?page_id=458\",\"name\":\"G\u2019Dur - terredechimie\",\"isPartOf\":{\"@id\":\"https:\/\/terredechimie.com\/#website\"},\"primaryImageOfPage\":{\"@id\":\"https:\/\/dev.terredechimie.com\/?page_id=458#primaryimage\"},\"image\":{\"@id\":\"https:\/\/dev.terredechimie.com\/?page_id=458#primaryimage\"},\"thumbnailUrl\":\"https:\/\/dev.terredechimie.com\/wp-content\/uploads\/2025\/12\/3212-1.jpg\",\"datePublished\":\"2025-12-28T17:13:27+00:00\",\"dateModified\":\"2025-12-28T17:56:49+00:00\",\"description\":\"G\u2019DUR de Terre de Chimie : solution chimique professionnelle pour renforcer, durcir et prot\u00e9ger les surfaces industrielles avec performance et durabilit\u00e9.\",\"breadcrumb\":{\"@id\":\"https:\/\/dev.terredechimie.com\/?page_id=458#breadcrumb\"},\"inLanguage\":\"fr-FR\",\"potentialAction\":[{\"@type\":\"ReadAction\",\"target\":[\"https:\/\/dev.terredechimie.com\/?page_id=458\"]}]},{\"@type\":\"ImageObject\",\"inLanguage\":\"fr-FR\",\"@id\":\"https:\/\/dev.terredechimie.com\/?page_id=458#primaryimage\",\"url\":\"https:\/\/dev.terredechimie.com\/wp-content\/uploads\/2025\/12\/3212-1.jpg\",\"contentUrl\":\"https:\/\/dev.terredechimie.com\/wp-content\/uploads\/2025\/12\/3212-1.jpg\"},{\"@type\":\"BreadcrumbList\",\"@id\":\"https:\/\/dev.terredechimie.com\/?page_id=458#breadcrumb\",\"itemListElement\":[{\"@type\":\"ListItem\",\"position\":1,\"name\":\"Accueil\",\"item\":\"https:\/\/www.terredechimie.com\/\"},{\"@type\":\"ListItem\",\"position\":2,\"name\":\"G\u2019Dur\"}]},{\"@type\":\"WebSite\",\"@id\":\"https:\/\/terredechimie.com\/#website\",\"url\":\"https:\/\/terredechimie.com\/\",\"name\":\"terredechimie\",\"description\":\"\",\"publisher\":{\"@id\":\"https:\/\/terredechimie.com\/#organization\"},\"potentialAction\":[{\"@type\":\"SearchAction\",\"target\":{\"@type\":\"EntryPoint\",\"urlTemplate\":\"https:\/\/terredechimie.com\/?s={search_term_string}\"},\"query-input\":{\"@type\":\"PropertyValueSpecification\",\"valueRequired\":true,\"valueName\":\"search_term_string\"}}],\"inLanguage\":\"fr-FR\"},{\"@type\":\"Organization\",\"@id\":\"https:\/\/terredechimie.com\/#organization\",\"name\":\"terredechimie\",\"url\":\"https:\/\/terredechimie.com\/\",\"logo\":{\"@type\":\"ImageObject\",\"inLanguage\":\"fr-FR\",\"@id\":\"https:\/\/terredechimie.com\/#\/schema\/logo\/image\/\",\"url\":\"https:\/\/www.terredechimie.com\/wp-content\/uploads\/2025\/12\/cropped-1C360A0B-F00E-4736-8FC4-F7B6AA983F27.png\",\"contentUrl\":\"https:\/\/www.terredechimie.com\/wp-content\/uploads\/2025\/12\/cropped-1C360A0B-F00E-4736-8FC4-F7B6AA983F27.png\",\"width\":773,\"height\":775,\"caption\":\"terredechimie\"},\"image\":{\"@id\":\"https:\/\/terredechimie.com\/#\/schema\/logo\/image\/\"}}]}<\/script>\n<!-- \/ Yoast SEO plugin. -->","yoast_head_json":{"title":"G\u2019Dur - terredechimie","description":"G\u2019DUR de Terre de Chimie : solution chimique professionnelle pour renforcer, durcir et prot\u00e9ger les surfaces industrielles avec performance et durabilit\u00e9.","robots":{"index":"index","follow":"follow","max-snippet":"max-snippet:-1","max-image-preview":"max-image-preview:large","max-video-preview":"max-video-preview:-1"},"canonical":"https:\/\/dev.terredechimie.com\/?page_id=458","og_locale":"fr_FR","og_type":"article","og_title":"G\u2019Dur - terredechimie","og_description":"G\u2019DUR de Terre de Chimie : solution chimique professionnelle pour renforcer, durcir et prot\u00e9ger les surfaces industrielles avec performance et durabilit\u00e9.","og_url":"https:\/\/dev.terredechimie.com\/?page_id=458","og_site_name":"terredechimie","article_modified_time":"2025-12-28T17:56:49+00:00","og_image":[{"width":1000,"height":496,"url":"https:\/\/www.terredechimie.com\/wp-content\/uploads\/2025\/12\/3212-1.jpg","type":"image\/jpeg"}],"twitter_card":"summary_large_image","twitter_misc":{"Dur\u00e9e de lecture estim\u00e9e":"1 minute"},"schema":{"@context":"https:\/\/schema.org","@graph":[{"@type":"WebPage","@id":"https:\/\/dev.terredechimie.com\/?page_id=458","url":"https:\/\/dev.terredechimie.com\/?page_id=458","name":"G\u2019Dur - terredechimie","isPartOf":{"@id":"https:\/\/terredechimie.com\/#website"},"primaryImageOfPage":{"@id":"https:\/\/dev.terredechimie.com\/?page_id=458#primaryimage"},"image":{"@id":"https:\/\/dev.terredechimie.com\/?page_id=458#primaryimage"},"thumbnailUrl":"https:\/\/dev.terredechimie.com\/wp-content\/uploads\/2025\/12\/3212-1.jpg","datePublished":"2025-12-28T17:13:27+00:00","dateModified":"2025-12-28T17:56:49+00:00","description":"G\u2019DUR de Terre de Chimie : solution chimique professionnelle pour renforcer, durcir et prot\u00e9ger les surfaces industrielles avec performance et durabilit\u00e9.","breadcrumb":{"@id":"https:\/\/dev.terredechimie.com\/?page_id=458#breadcrumb"},"inLanguage":"fr-FR","potentialAction":[{"@type":"ReadAction","target":["https:\/\/dev.terredechimie.com\/?page_id=458"]}]},{"@type":"ImageObject","inLanguage":"fr-FR","@id":"https:\/\/dev.terredechimie.com\/?page_id=458#primaryimage","url":"https:\/\/dev.terredechimie.com\/wp-content\/uploads\/2025\/12\/3212-1.jpg","contentUrl":"https:\/\/dev.terredechimie.com\/wp-content\/uploads\/2025\/12\/3212-1.jpg"},{"@type":"BreadcrumbList","@id":"https:\/\/dev.terredechimie.com\/?page_id=458#breadcrumb","itemListElement":[{"@type":"ListItem","position":1,"name":"Accueil","item":"https:\/\/www.terredechimie.com\/"},{"@type":"ListItem","position":2,"name":"G\u2019Dur"}]},{"@type":"WebSite","@id":"https:\/\/terredechimie.com\/#website","url":"https:\/\/terredechimie.com\/","name":"terredechimie","description":"","publisher":{"@id":"https:\/\/terredechimie.com\/#organization"},"potentialAction":[{"@type":"SearchAction","target":{"@type":"EntryPoint","urlTemplate":"https:\/\/terredechimie.com\/?s={search_term_string}"},"query-input":{"@type":"PropertyValueSpecification","valueRequired":true,"valueName":"search_term_string"}}],"inLanguage":"fr-FR"},{"@type":"Organization","@id":"https:\/\/terredechimie.com\/#organization","name":"terredechimie","url":"https:\/\/terredechimie.com\/","logo":{"@type":"ImageObject","inLanguage":"fr-FR","@id":"https:\/\/terredechimie.com\/#\/schema\/logo\/image\/","url":"https:\/\/www.terredechimie.com\/wp-content\/uploads\/2025\/12\/cropped-1C360A0B-F00E-4736-8FC4-F7B6AA983F27.png","contentUrl":"https:\/\/www.terredechimie.com\/wp-content\/uploads\/2025\/12\/cropped-1C360A0B-F00E-4736-8FC4-F7B6AA983F27.png","width":773,"height":775,"caption":"terredechimie"},"image":{"@id":"https:\/\/terredechimie.com\/#\/schema\/logo\/image\/"}}]}},"jetpack_sharing_enabled":true,"_links":{"self":[{"href":"https:\/\/www.terredechimie.com\/index.php?rest_route=\/wp\/v2\/pages\/458","targetHints":{"allow":["GET"]}}],"collection":[{"href":"https:\/\/www.terredechimie.com\/index.php?rest_route=\/wp\/v2\/pages"}],"about":[{"href":"https:\/\/www.terredechimie.com\/index.php?rest_route=\/wp\/v2\/types\/page"}],"author":[{"embeddable":true,"href":"https:\/\/www.terredechimie.com\/index.php?rest_route=\/wp\/v2\/users\/1"}],"replies":[{"embeddable":true,"href":"https:\/\/www.terredechimie.com\/index.php?rest_route=%2Fwp%2Fv2%2Fcomments&post=458"}],"version-history":[{"count":7,"href":"https:\/\/www.terredechimie.com\/index.php?rest_route=\/wp\/v2\/pages\/458\/revisions"}],"predecessor-version":[{"id":519,"href":"https:\/\/www.terredechimie.com\/index.php?rest_route=\/wp\/v2\/pages\/458\/revisions\/519"}],"wp:attachment":[{"href":"https:\/\/www.terredechimie.com\/index.php?rest_route=%2Fwp%2Fv2%2Fmedia&parent=458"}],"curies":[{"name":"wp","href":"https:\/\/api.w.org\/{rel}","templated":true}]}}