{"id":457,"date":"2025-12-28T18:13:27","date_gmt":"2025-12-28T17:13:27","guid":{"rendered":"https:\/\/dev.terredechimie.com\/?page_id=457"},"modified":"2025-12-28T18:54:10","modified_gmt":"2025-12-28T17:54:10","slug":"gtuiles","status":"publish","type":"page","link":"https:\/\/www.terredechimie.com\/?page_id=457","title":{"rendered":"G\u2019Tuiles"},"content":{"rendered":"\n<figure class=\"wp-block-image alignleft size-full is-resized\"><img fetchpriority=\"high\" decoding=\"async\" width=\"1000\" height=\"667\" src=\"https:\/\/dev.terredechimie.com\/wp-content\/uploads\/2025\/12\/323-1.jpg\" alt=\"\" class=\"wp-image-507\" style=\"aspect-ratio:1.499253954043569;width:514px;height:auto\" srcset=\"https:\/\/www.terredechimie.com\/wp-content\/uploads\/2025\/12\/323-1.jpg 1000w, https:\/\/www.terredechimie.com\/wp-content\/uploads\/2025\/12\/323-1-300x200.jpg 300w\" sizes=\"(max-width: 1000px) 100vw, 1000px\" \/><\/figure>\n\n\n\n<p><strong>PRESENTATION<\/strong><br>G\u2019TUILES traite et prot\u00e8ge les tuiles.<\/p>\n\n\n\n<p><strong>DOMAINES D\u2019INTERVENTION<\/strong><br>G\u2019TUILES s\u2019applique sur les tuiles en b\u00e9ton ou terre cuite.<\/p>\n\n\n\n<p><strong>PROPRIETES ET MISE EN \u0152UVRE<\/strong><br>Caract\u00e9ristiques&nbsp;: Liquide pr\u00eat \u00e0 l\u2019emploi<\/p>\n\n\n\n<p>G\u2019TUILES est un produit multi-actions, sa principale fonction est de renforcer et durcir la surface. <\/p>\n\n\n\n<p>Il emp\u00eache l\u2019eau de p\u00e9n\u00e9trer dans l\u2019\u00e9paisseur de la tuile, \u00e9vitant ainsi le gel. <\/p>\n\n\n\n<p>Le bact\u00e9ricide int\u00e9gr\u00e9 \u00e0 G\u2019TUILES permet de lutter contre les mousses.<\/p>\n\n\n\n<p>Si votre toiture pr\u00e9sente des mousses et lichens de b\u00e9ton, un traitement pr\u00e9alable est n\u00e9cessaire. Pour cela nous pr\u00e9conisons le d\u00e9moussant de toitures D&rsquo;MOUSS.<\/p>\n\n\n\n<p>Pulv\u00e9riser G\u2019TUILES jusqu\u2019\u00e0 ruissellement.<\/p>\n","protected":false},"excerpt":{"rendered":"<p>PRESENTATIONG\u2019TUILES traite et prot\u00e8ge les tuiles. DOMAINES D\u2019INTERVENTIONG\u2019TUILES s\u2019applique sur les tuiles en b\u00e9ton ou terre cuite. PROPRIETES ET MISE EN \u0152UVRECaract\u00e9ristiques&nbsp;: Liquide pr\u00eat \u00e0 l\u2019emploi G\u2019TUILES est un produit multi-actions, sa principale fonction est de renforcer et durcir la surface. Il emp\u00eache l\u2019eau de p\u00e9n\u00e9trer dans l\u2019\u00e9paisseur de la tuile, \u00e9vitant ainsi le gel. &hellip; <\/p>\n<p class=\"link-more\"><a href=\"https:\/\/www.terredechimie.com\/?page_id=457\" class=\"more-link\">Lire la suite de<span class=\"screen-reader-text\">\u00ab\u00a0G\u2019Tuiles\u00a0\u00bb<\/span><\/a><\/p>\n","protected":false},"author":1,"featured_media":0,"parent":0,"menu_order":0,"comment_status":"closed","ping_status":"closed","template":"","meta":{"footnotes":""},"class_list":["post-457","page","type-page","status-publish","hentry"],"yoast_head":"<!-- This site is optimized with the Yoast SEO plugin v26.6 - https:\/\/yoast.com\/wordpress\/plugins\/seo\/ -->\n<title>G\u2019Tuiles - terredechimie<\/title>\n<meta name=\"description\" content=\"G\u2019Tuiles de Terre de Chimie : solution chimique professionnelle pour le traitement et la protection des tuiles, assurant durabilit\u00e9, \u00e9tanch\u00e9it\u00e9 et performance.\" \/>\n<meta name=\"robots\" content=\"index, follow, max-snippet:-1, max-image-preview:large, max-video-preview:-1\" \/>\n<link rel=\"canonical\" href=\"https:\/\/dev.terredechimie.com\/?page_id=457\" \/>\n<meta property=\"og:locale\" content=\"fr_FR\" \/>\n<meta property=\"og:type\" content=\"article\" \/>\n<meta property=\"og:title\" content=\"G\u2019Tuiles - terredechimie\" \/>\n<meta property=\"og:description\" content=\"G\u2019Tuiles de Terre de Chimie : solution chimique professionnelle pour le traitement et la protection des tuiles, assurant durabilit\u00e9, \u00e9tanch\u00e9it\u00e9 et performance.\" \/>\n<meta property=\"og:url\" content=\"https:\/\/dev.terredechimie.com\/?page_id=457\" \/>\n<meta property=\"og:site_name\" content=\"terredechimie\" \/>\n<meta property=\"article:modified_time\" content=\"2025-12-28T17:54:10+00:00\" \/>\n<meta property=\"og:image\" content=\"https:\/\/www.terredechimie.com\/wp-content\/uploads\/2025\/12\/323-1.jpg\" \/>\n\t<meta property=\"og:image:width\" content=\"1000\" \/>\n\t<meta property=\"og:image:height\" content=\"667\" \/>\n\t<meta property=\"og:image:type\" content=\"image\/jpeg\" \/>\n<meta name=\"twitter:card\" content=\"summary_large_image\" \/>\n<meta name=\"twitter:label1\" content=\"Dur\u00e9e de lecture estim\u00e9e\" \/>\n\t<meta name=\"twitter:data1\" content=\"1 minute\" \/>\n<script type=\"application\/ld+json\" class=\"yoast-schema-graph\">{\"@context\":\"https:\/\/schema.org\",\"@graph\":[{\"@type\":\"WebPage\",\"@id\":\"https:\/\/dev.terredechimie.com\/?page_id=457\",\"url\":\"https:\/\/dev.terredechimie.com\/?page_id=457\",\"name\":\"G\u2019Tuiles - terredechimie\",\"isPartOf\":{\"@id\":\"https:\/\/terredechimie.com\/#website\"},\"primaryImageOfPage\":{\"@id\":\"https:\/\/dev.terredechimie.com\/?page_id=457#primaryimage\"},\"image\":{\"@id\":\"https:\/\/dev.terredechimie.com\/?page_id=457#primaryimage\"},\"thumbnailUrl\":\"https:\/\/dev.terredechimie.com\/wp-content\/uploads\/2025\/12\/323-1.jpg\",\"datePublished\":\"2025-12-28T17:13:27+00:00\",\"dateModified\":\"2025-12-28T17:54:10+00:00\",\"description\":\"G\u2019Tuiles de Terre de Chimie : solution chimique professionnelle pour le traitement et la protection des tuiles, assurant durabilit\u00e9, \u00e9tanch\u00e9it\u00e9 et performance.\",\"breadcrumb\":{\"@id\":\"https:\/\/dev.terredechimie.com\/?page_id=457#breadcrumb\"},\"inLanguage\":\"fr-FR\",\"potentialAction\":[{\"@type\":\"ReadAction\",\"target\":[\"https:\/\/dev.terredechimie.com\/?page_id=457\"]}]},{\"@type\":\"ImageObject\",\"inLanguage\":\"fr-FR\",\"@id\":\"https:\/\/dev.terredechimie.com\/?page_id=457#primaryimage\",\"url\":\"https:\/\/dev.terredechimie.com\/wp-content\/uploads\/2025\/12\/323-1.jpg\",\"contentUrl\":\"https:\/\/dev.terredechimie.com\/wp-content\/uploads\/2025\/12\/323-1.jpg\"},{\"@type\":\"BreadcrumbList\",\"@id\":\"https:\/\/dev.terredechimie.com\/?page_id=457#breadcrumb\",\"itemListElement\":[{\"@type\":\"ListItem\",\"position\":1,\"name\":\"Accueil\",\"item\":\"https:\/\/www.terredechimie.com\/\"},{\"@type\":\"ListItem\",\"position\":2,\"name\":\"G\u2019Tuiles\"}]},{\"@type\":\"WebSite\",\"@id\":\"https:\/\/terredechimie.com\/#website\",\"url\":\"https:\/\/terredechimie.com\/\",\"name\":\"terredechimie\",\"description\":\"\",\"publisher\":{\"@id\":\"https:\/\/terredechimie.com\/#organization\"},\"potentialAction\":[{\"@type\":\"SearchAction\",\"target\":{\"@type\":\"EntryPoint\",\"urlTemplate\":\"https:\/\/terredechimie.com\/?s={search_term_string}\"},\"query-input\":{\"@type\":\"PropertyValueSpecification\",\"valueRequired\":true,\"valueName\":\"search_term_string\"}}],\"inLanguage\":\"fr-FR\"},{\"@type\":\"Organization\",\"@id\":\"https:\/\/terredechimie.com\/#organization\",\"name\":\"terredechimie\",\"url\":\"https:\/\/terredechimie.com\/\",\"logo\":{\"@type\":\"ImageObject\",\"inLanguage\":\"fr-FR\",\"@id\":\"https:\/\/terredechimie.com\/#\/schema\/logo\/image\/\",\"url\":\"https:\/\/www.terredechimie.com\/wp-content\/uploads\/2025\/12\/cropped-1C360A0B-F00E-4736-8FC4-F7B6AA983F27.png\",\"contentUrl\":\"https:\/\/www.terredechimie.com\/wp-content\/uploads\/2025\/12\/cropped-1C360A0B-F00E-4736-8FC4-F7B6AA983F27.png\",\"width\":773,\"height\":775,\"caption\":\"terredechimie\"},\"image\":{\"@id\":\"https:\/\/terredechimie.com\/#\/schema\/logo\/image\/\"}}]}<\/script>\n<!-- \/ Yoast SEO plugin. -->","yoast_head_json":{"title":"G\u2019Tuiles - terredechimie","description":"G\u2019Tuiles de Terre de Chimie : solution chimique professionnelle pour le traitement et la protection des tuiles, assurant durabilit\u00e9, \u00e9tanch\u00e9it\u00e9 et performance.","robots":{"index":"index","follow":"follow","max-snippet":"max-snippet:-1","max-image-preview":"max-image-preview:large","max-video-preview":"max-video-preview:-1"},"canonical":"https:\/\/dev.terredechimie.com\/?page_id=457","og_locale":"fr_FR","og_type":"article","og_title":"G\u2019Tuiles - terredechimie","og_description":"G\u2019Tuiles de Terre de Chimie : solution chimique professionnelle pour le traitement et la protection des tuiles, assurant durabilit\u00e9, \u00e9tanch\u00e9it\u00e9 et performance.","og_url":"https:\/\/dev.terredechimie.com\/?page_id=457","og_site_name":"terredechimie","article_modified_time":"2025-12-28T17:54:10+00:00","og_image":[{"width":1000,"height":667,"url":"https:\/\/www.terredechimie.com\/wp-content\/uploads\/2025\/12\/323-1.jpg","type":"image\/jpeg"}],"twitter_card":"summary_large_image","twitter_misc":{"Dur\u00e9e de lecture estim\u00e9e":"1 minute"},"schema":{"@context":"https:\/\/schema.org","@graph":[{"@type":"WebPage","@id":"https:\/\/dev.terredechimie.com\/?page_id=457","url":"https:\/\/dev.terredechimie.com\/?page_id=457","name":"G\u2019Tuiles - terredechimie","isPartOf":{"@id":"https:\/\/terredechimie.com\/#website"},"primaryImageOfPage":{"@id":"https:\/\/dev.terredechimie.com\/?page_id=457#primaryimage"},"image":{"@id":"https:\/\/dev.terredechimie.com\/?page_id=457#primaryimage"},"thumbnailUrl":"https:\/\/dev.terredechimie.com\/wp-content\/uploads\/2025\/12\/323-1.jpg","datePublished":"2025-12-28T17:13:27+00:00","dateModified":"2025-12-28T17:54:10+00:00","description":"G\u2019Tuiles de Terre de Chimie : solution chimique professionnelle pour le traitement et la protection des tuiles, assurant durabilit\u00e9, \u00e9tanch\u00e9it\u00e9 et performance.","breadcrumb":{"@id":"https:\/\/dev.terredechimie.com\/?page_id=457#breadcrumb"},"inLanguage":"fr-FR","potentialAction":[{"@type":"ReadAction","target":["https:\/\/dev.terredechimie.com\/?page_id=457"]}]},{"@type":"ImageObject","inLanguage":"fr-FR","@id":"https:\/\/dev.terredechimie.com\/?page_id=457#primaryimage","url":"https:\/\/dev.terredechimie.com\/wp-content\/uploads\/2025\/12\/323-1.jpg","contentUrl":"https:\/\/dev.terredechimie.com\/wp-content\/uploads\/2025\/12\/323-1.jpg"},{"@type":"BreadcrumbList","@id":"https:\/\/dev.terredechimie.com\/?page_id=457#breadcrumb","itemListElement":[{"@type":"ListItem","position":1,"name":"Accueil","item":"https:\/\/www.terredechimie.com\/"},{"@type":"ListItem","position":2,"name":"G\u2019Tuiles"}]},{"@type":"WebSite","@id":"https:\/\/terredechimie.com\/#website","url":"https:\/\/terredechimie.com\/","name":"terredechimie","description":"","publisher":{"@id":"https:\/\/terredechimie.com\/#organization"},"potentialAction":[{"@type":"SearchAction","target":{"@type":"EntryPoint","urlTemplate":"https:\/\/terredechimie.com\/?s={search_term_string}"},"query-input":{"@type":"PropertyValueSpecification","valueRequired":true,"valueName":"search_term_string"}}],"inLanguage":"fr-FR"},{"@type":"Organization","@id":"https:\/\/terredechimie.com\/#organization","name":"terredechimie","url":"https:\/\/terredechimie.com\/","logo":{"@type":"ImageObject","inLanguage":"fr-FR","@id":"https:\/\/terredechimie.com\/#\/schema\/logo\/image\/","url":"https:\/\/www.terredechimie.com\/wp-content\/uploads\/2025\/12\/cropped-1C360A0B-F00E-4736-8FC4-F7B6AA983F27.png","contentUrl":"https:\/\/www.terredechimie.com\/wp-content\/uploads\/2025\/12\/cropped-1C360A0B-F00E-4736-8FC4-F7B6AA983F27.png","width":773,"height":775,"caption":"terredechimie"},"image":{"@id":"https:\/\/terredechimie.com\/#\/schema\/logo\/image\/"}}]}},"jetpack_sharing_enabled":true,"_links":{"self":[{"href":"https:\/\/www.terredechimie.com\/index.php?rest_route=\/wp\/v2\/pages\/457","targetHints":{"allow":["GET"]}}],"collection":[{"href":"https:\/\/www.terredechimie.com\/index.php?rest_route=\/wp\/v2\/pages"}],"about":[{"href":"https:\/\/www.terredechimie.com\/index.php?rest_route=\/wp\/v2\/types\/page"}],"author":[{"embeddable":true,"href":"https:\/\/www.terredechimie.com\/index.php?rest_route=\/wp\/v2\/users\/1"}],"replies":[{"embeddable":true,"href":"https:\/\/www.terredechimie.com\/index.php?rest_route=%2Fwp%2Fv2%2Fcomments&post=457"}],"version-history":[{"count":7,"href":"https:\/\/www.terredechimie.com\/index.php?rest_route=\/wp\/v2\/pages\/457\/revisions"}],"predecessor-version":[{"id":512,"href":"https:\/\/www.terredechimie.com\/index.php?rest_route=\/wp\/v2\/pages\/457\/revisions\/512"}],"wp:attachment":[{"href":"https:\/\/www.terredechimie.com\/index.php?rest_route=%2Fwp%2Fv2%2Fmedia&parent=457"}],"curies":[{"name":"wp","href":"https:\/\/api.w.org\/{rel}","templated":true}]}}