{"id":434,"date":"2025-12-28T17:51:37","date_gmt":"2025-12-28T16:51:37","guid":{"rendered":"https:\/\/dev.terredechimie.com\/?page_id=434"},"modified":"2025-12-28T18:01:44","modified_gmt":"2025-12-28T17:01:44","slug":"celazur-x-procelliose","status":"publish","type":"page","link":"https:\/\/www.terredechimie.com\/?page_id=434","title":{"rendered":"Celazur X-Pro(Celliose)"},"content":{"rendered":"\n<p>Lasures CELLIOSE CELAZUR X-PRO: Lasure de finition pour bois ext\u00e9rieur et int\u00e9rieur.<\/p>\n\n\n\n<p><strong>PRESENTATION<\/strong><br>TERRE DE CHIMIE distribue les lasures LA CELLIOSE CELAZUR X-PRO.<\/p>\n\n\n\n<p>TERRE DE CHIMIE vous propose un large choix de teintes, du plus clair au plus fonc\u00e9.<\/p>\n\n\n\n<p><strong>PROPRIETES ET MISE EN OEUVRE<\/strong><br>Caract\u00e9ristiques :&nbsp;Lasure en base solvant, produit pr\u00eat \u00e0 l\u2019emploi<br>Rendement :&nbsp;1 litre pour 15 \u00e0 20m\u00b2<\/p>\n\n\n\n<p>Avant utilisation, bien homog\u00e9n\u00e9iser CELAZUR X-PRO en remuant.<br>Le support doit \u00eatre propre, sain et sec.<br>Appliquer CELAZUR X-PRO.<\/p>\n\n\n\n<p>Le temps de s\u00e9chage entre chaque couche est de 16 heures.<\/p>\n\n\n\n<p><\/p>\n","protected":false},"excerpt":{"rendered":"<p>Lasures CELLIOSE CELAZUR X-PRO: Lasure de finition pour bois ext\u00e9rieur et int\u00e9rieur. PRESENTATIONTERRE DE CHIMIE distribue les lasures LA CELLIOSE CELAZUR X-PRO. TERRE DE CHIMIE vous propose un large choix de teintes, du plus clair au plus fonc\u00e9. PROPRIETES ET MISE EN OEUVRECaract\u00e9ristiques :&nbsp;Lasure en base solvant, produit pr\u00eat \u00e0 l\u2019emploiRendement :&nbsp;1 litre pour 15 &hellip; <\/p>\n<p class=\"link-more\"><a href=\"https:\/\/www.terredechimie.com\/?page_id=434\" class=\"more-link\">Lire la suite de<span class=\"screen-reader-text\">\u00ab\u00a0Celazur X-Pro(Celliose)\u00a0\u00bb<\/span><\/a><\/p>\n","protected":false},"author":1,"featured_media":0,"parent":0,"menu_order":0,"comment_status":"closed","ping_status":"closed","template":"","meta":{"footnotes":""},"class_list":["post-434","page","type-page","status-publish","hentry"],"yoast_head":"<!-- This site is optimized with the Yoast SEO plugin v26.6 - https:\/\/yoast.com\/wordpress\/plugins\/seo\/ -->\n<title>Celazur X-Pro(Celliose) - terredechimie<\/title>\n<meta name=\"description\" content=\"Celazur X-Pro (Celliose) de Terre de Chimie : traitement chimique performant pour surfaces industrielles, con\u00e7u pour optimiser la protection et l\u2019efficacit\u00e9 des proc\u00e9d\u00e9s.\" \/>\n<meta name=\"robots\" content=\"index, follow, max-snippet:-1, max-image-preview:large, max-video-preview:-1\" \/>\n<link rel=\"canonical\" href=\"https:\/\/dev.terredechimie.com\/?page_id=434\" \/>\n<meta property=\"og:locale\" content=\"fr_FR\" \/>\n<meta property=\"og:type\" content=\"article\" \/>\n<meta property=\"og:title\" content=\"Celazur X-Pro(Celliose) - terredechimie\" \/>\n<meta property=\"og:description\" content=\"Celazur X-Pro (Celliose) de Terre de Chimie : traitement chimique performant pour surfaces industrielles, con\u00e7u pour optimiser la protection et l\u2019efficacit\u00e9 des proc\u00e9d\u00e9s.\" \/>\n<meta property=\"og:url\" content=\"https:\/\/dev.terredechimie.com\/?page_id=434\" \/>\n<meta property=\"og:site_name\" content=\"terredechimie\" \/>\n<meta property=\"article:modified_time\" content=\"2025-12-28T17:01:44+00:00\" \/>\n<meta name=\"twitter:card\" content=\"summary_large_image\" \/>\n<meta name=\"twitter:label1\" content=\"Dur\u00e9e de lecture estim\u00e9e\" \/>\n\t<meta name=\"twitter:data1\" content=\"1 minute\" \/>\n<script type=\"application\/ld+json\" class=\"yoast-schema-graph\">{\"@context\":\"https:\/\/schema.org\",\"@graph\":[{\"@type\":\"WebPage\",\"@id\":\"https:\/\/dev.terredechimie.com\/?page_id=434\",\"url\":\"https:\/\/dev.terredechimie.com\/?page_id=434\",\"name\":\"Celazur X-Pro(Celliose) - terredechimie\",\"isPartOf\":{\"@id\":\"https:\/\/terredechimie.com\/#website\"},\"datePublished\":\"2025-12-28T16:51:37+00:00\",\"dateModified\":\"2025-12-28T17:01:44+00:00\",\"description\":\"Celazur X-Pro (Celliose) de Terre de Chimie : traitement chimique performant pour surfaces industrielles, con\u00e7u pour optimiser la protection et l\u2019efficacit\u00e9 des proc\u00e9d\u00e9s.\",\"breadcrumb\":{\"@id\":\"https:\/\/dev.terredechimie.com\/?page_id=434#breadcrumb\"},\"inLanguage\":\"fr-FR\",\"potentialAction\":[{\"@type\":\"ReadAction\",\"target\":[\"https:\/\/dev.terredechimie.com\/?page_id=434\"]}]},{\"@type\":\"BreadcrumbList\",\"@id\":\"https:\/\/dev.terredechimie.com\/?page_id=434#breadcrumb\",\"itemListElement\":[{\"@type\":\"ListItem\",\"position\":1,\"name\":\"Accueil\",\"item\":\"https:\/\/www.terredechimie.com\/\"},{\"@type\":\"ListItem\",\"position\":2,\"name\":\"Celazur X-Pro(Celliose)\"}]},{\"@type\":\"WebSite\",\"@id\":\"https:\/\/terredechimie.com\/#website\",\"url\":\"https:\/\/terredechimie.com\/\",\"name\":\"terredechimie\",\"description\":\"\",\"publisher\":{\"@id\":\"https:\/\/terredechimie.com\/#organization\"},\"potentialAction\":[{\"@type\":\"SearchAction\",\"target\":{\"@type\":\"EntryPoint\",\"urlTemplate\":\"https:\/\/terredechimie.com\/?s={search_term_string}\"},\"query-input\":{\"@type\":\"PropertyValueSpecification\",\"valueRequired\":true,\"valueName\":\"search_term_string\"}}],\"inLanguage\":\"fr-FR\"},{\"@type\":\"Organization\",\"@id\":\"https:\/\/terredechimie.com\/#organization\",\"name\":\"terredechimie\",\"url\":\"https:\/\/terredechimie.com\/\",\"logo\":{\"@type\":\"ImageObject\",\"inLanguage\":\"fr-FR\",\"@id\":\"https:\/\/terredechimie.com\/#\/schema\/logo\/image\/\",\"url\":\"https:\/\/www.terredechimie.com\/wp-content\/uploads\/2025\/12\/cropped-1C360A0B-F00E-4736-8FC4-F7B6AA983F27.png\",\"contentUrl\":\"https:\/\/www.terredechimie.com\/wp-content\/uploads\/2025\/12\/cropped-1C360A0B-F00E-4736-8FC4-F7B6AA983F27.png\",\"width\":773,\"height\":775,\"caption\":\"terredechimie\"},\"image\":{\"@id\":\"https:\/\/terredechimie.com\/#\/schema\/logo\/image\/\"}}]}<\/script>\n<!-- \/ Yoast SEO plugin. -->","yoast_head_json":{"title":"Celazur X-Pro(Celliose) - terredechimie","description":"Celazur X-Pro (Celliose) de Terre de Chimie : traitement chimique performant pour surfaces industrielles, con\u00e7u pour optimiser la protection et l\u2019efficacit\u00e9 des proc\u00e9d\u00e9s.","robots":{"index":"index","follow":"follow","max-snippet":"max-snippet:-1","max-image-preview":"max-image-preview:large","max-video-preview":"max-video-preview:-1"},"canonical":"https:\/\/dev.terredechimie.com\/?page_id=434","og_locale":"fr_FR","og_type":"article","og_title":"Celazur X-Pro(Celliose) - terredechimie","og_description":"Celazur X-Pro (Celliose) de Terre de Chimie : traitement chimique performant pour surfaces industrielles, con\u00e7u pour optimiser la protection et l\u2019efficacit\u00e9 des proc\u00e9d\u00e9s.","og_url":"https:\/\/dev.terredechimie.com\/?page_id=434","og_site_name":"terredechimie","article_modified_time":"2025-12-28T17:01:44+00:00","twitter_card":"summary_large_image","twitter_misc":{"Dur\u00e9e de lecture estim\u00e9e":"1 minute"},"schema":{"@context":"https:\/\/schema.org","@graph":[{"@type":"WebPage","@id":"https:\/\/dev.terredechimie.com\/?page_id=434","url":"https:\/\/dev.terredechimie.com\/?page_id=434","name":"Celazur X-Pro(Celliose) - terredechimie","isPartOf":{"@id":"https:\/\/terredechimie.com\/#website"},"datePublished":"2025-12-28T16:51:37+00:00","dateModified":"2025-12-28T17:01:44+00:00","description":"Celazur X-Pro (Celliose) de Terre de Chimie : traitement chimique performant pour surfaces industrielles, con\u00e7u pour optimiser la protection et l\u2019efficacit\u00e9 des proc\u00e9d\u00e9s.","breadcrumb":{"@id":"https:\/\/dev.terredechimie.com\/?page_id=434#breadcrumb"},"inLanguage":"fr-FR","potentialAction":[{"@type":"ReadAction","target":["https:\/\/dev.terredechimie.com\/?page_id=434"]}]},{"@type":"BreadcrumbList","@id":"https:\/\/dev.terredechimie.com\/?page_id=434#breadcrumb","itemListElement":[{"@type":"ListItem","position":1,"name":"Accueil","item":"https:\/\/www.terredechimie.com\/"},{"@type":"ListItem","position":2,"name":"Celazur X-Pro(Celliose)"}]},{"@type":"WebSite","@id":"https:\/\/terredechimie.com\/#website","url":"https:\/\/terredechimie.com\/","name":"terredechimie","description":"","publisher":{"@id":"https:\/\/terredechimie.com\/#organization"},"potentialAction":[{"@type":"SearchAction","target":{"@type":"EntryPoint","urlTemplate":"https:\/\/terredechimie.com\/?s={search_term_string}"},"query-input":{"@type":"PropertyValueSpecification","valueRequired":true,"valueName":"search_term_string"}}],"inLanguage":"fr-FR"},{"@type":"Organization","@id":"https:\/\/terredechimie.com\/#organization","name":"terredechimie","url":"https:\/\/terredechimie.com\/","logo":{"@type":"ImageObject","inLanguage":"fr-FR","@id":"https:\/\/terredechimie.com\/#\/schema\/logo\/image\/","url":"https:\/\/www.terredechimie.com\/wp-content\/uploads\/2025\/12\/cropped-1C360A0B-F00E-4736-8FC4-F7B6AA983F27.png","contentUrl":"https:\/\/www.terredechimie.com\/wp-content\/uploads\/2025\/12\/cropped-1C360A0B-F00E-4736-8FC4-F7B6AA983F27.png","width":773,"height":775,"caption":"terredechimie"},"image":{"@id":"https:\/\/terredechimie.com\/#\/schema\/logo\/image\/"}}]}},"jetpack_sharing_enabled":true,"_links":{"self":[{"href":"https:\/\/www.terredechimie.com\/index.php?rest_route=\/wp\/v2\/pages\/434","targetHints":{"allow":["GET"]}}],"collection":[{"href":"https:\/\/www.terredechimie.com\/index.php?rest_route=\/wp\/v2\/pages"}],"about":[{"href":"https:\/\/www.terredechimie.com\/index.php?rest_route=\/wp\/v2\/types\/page"}],"author":[{"embeddable":true,"href":"https:\/\/www.terredechimie.com\/index.php?rest_route=\/wp\/v2\/users\/1"}],"replies":[{"embeddable":true,"href":"https:\/\/www.terredechimie.com\/index.php?rest_route=%2Fwp%2Fv2%2Fcomments&post=434"}],"version-history":[{"count":2,"href":"https:\/\/www.terredechimie.com\/index.php?rest_route=\/wp\/v2\/pages\/434\/revisions"}],"predecessor-version":[{"id":450,"href":"https:\/\/www.terredechimie.com\/index.php?rest_route=\/wp\/v2\/pages\/434\/revisions\/450"}],"wp:attachment":[{"href":"https:\/\/www.terredechimie.com\/index.php?rest_route=%2Fwp%2Fv2%2Fmedia&parent=434"}],"curies":[{"name":"wp","href":"https:\/\/api.w.org\/{rel}","templated":true}]}}