{"id":433,"date":"2025-12-28T17:51:37","date_gmt":"2025-12-28T16:51:37","guid":{"rendered":"https:\/\/dev.terredechimie.com\/?page_id=433"},"modified":"2025-12-28T17:58:25","modified_gmt":"2025-12-28T16:58:25","slug":"traitement-multi-usage-celliose","status":"publish","type":"page","link":"https:\/\/www.terredechimie.com\/?page_id=433","title":{"rendered":"Traitement Multi \u2013 Usage (Celliose)"},"content":{"rendered":"\n<p>TRAITEMENTS MULTI-USAGES est destin\u00e9 au bois\/ameublement dans le but d&rsquo;\u00eatre pr\u00e9ventif et curatif <strong>(Efficacit\u00e9: 10 ans) <\/strong>.<\/p>\n\n\n\n<p><strong>PRESENTATION<\/strong><br>TRAITEMENT MULTI-USAGES s\u2019applique aussi bien en int\u00e9rieur qu\u2019en ext\u00e9rieur.<br>Il est efficace contre les champignons et les insectes attaquant le bois.<\/p>\n\n\n\n<p><strong>DOMAINES D\u2019INTERVENTION<\/strong><br>TRAITEMENT MULTI-USAGES s\u2019applique sur bois sain ou attaqu\u00e9 par des insectes \u00e0 larves xylophages.<br>Il s\u2019applique aussi sur bois en situation humide en int\u00e9rieur.<\/p>\n\n\n\n<p><strong>PROPRIETES ET MISE EN \u0152UVRE<\/strong><br>Caract\u00e9ristiques :&nbsp;Liquide incolore, inodore et non gras apr\u00e8s s\u00e9chage. Pr\u00eat \u00e0 l\u2019emploi.<\/p>\n\n\n\n<p>Pr\u00e9paration du support :&nbsp;S\u2019applique sur un bois sec, nu ou remis \u00e0 nu.<\/p>\n\n\n\n<p>Eliminer les parties friables par brossage.<br>Remplacer ou renforcer les \u00e9l\u00e9ments en bois trop affaiblis.<\/p>\n\n\n\n<p>Application :&nbsp;Remuer avant usage.<br>&#8211; En traitement PREVENTIF : Appliquer abondamment sur bois sain. Chaque application doit \u00eatre espac\u00e9e d\u2019au moins une heure. Rendement : 1L pour 4m\u00b2.<\/p>\n\n\n\n<p>&#8211; En traitement CURATIF : Injecter le produit dans les orifices de sorties des insectes, ou pulv\u00e9riser le produit.<br>Enduire abondamment toute la surface. Chaque application doit \u00eatre espac\u00e9e d\u2019au moins une heure. Rendement : 1L pour 3m\u00b2.<\/p>\n","protected":false},"excerpt":{"rendered":"<p>TRAITEMENTS MULTI-USAGES est destin\u00e9 au bois\/ameublement dans le but d&rsquo;\u00eatre pr\u00e9ventif et curatif (Efficacit\u00e9: 10 ans) . PRESENTATIONTRAITEMENT MULTI-USAGES s\u2019applique aussi bien en int\u00e9rieur qu\u2019en ext\u00e9rieur.Il est efficace contre les champignons et les insectes attaquant le bois. DOMAINES D\u2019INTERVENTIONTRAITEMENT MULTI-USAGES s\u2019applique sur bois sain ou attaqu\u00e9 par des insectes \u00e0 larves xylophages.Il s\u2019applique aussi sur &hellip; <\/p>\n<p class=\"link-more\"><a href=\"https:\/\/www.terredechimie.com\/?page_id=433\" class=\"more-link\">Lire la suite de<span class=\"screen-reader-text\">\u00ab\u00a0Traitement Multi \u2013 Usage (Celliose)\u00a0\u00bb<\/span><\/a><\/p>\n","protected":false},"author":1,"featured_media":0,"parent":0,"menu_order":0,"comment_status":"closed","ping_status":"closed","template":"","meta":{"footnotes":""},"class_list":["post-433","page","type-page","status-publish","hentry"],"yoast_head":"<!-- This site is optimized with the Yoast SEO plugin v26.6 - https:\/\/yoast.com\/wordpress\/plugins\/seo\/ -->\n<title>Traitement Multi \u2013 Usage (Celliose) - terredechimie<\/title>\n<meta name=\"description\" content=\"Traitement Multi-Usage (Celliose) de Terre de Chimie : solution chimique polyvalente pour optimiser, prot\u00e9ger et traiter diverses surfaces industrielles avec efficacit\u00e9.\" \/>\n<meta name=\"robots\" content=\"index, follow, max-snippet:-1, max-image-preview:large, max-video-preview:-1\" \/>\n<link rel=\"canonical\" href=\"https:\/\/dev.terredechimie.com\/?page_id=433\" \/>\n<meta property=\"og:locale\" content=\"fr_FR\" \/>\n<meta property=\"og:type\" content=\"article\" \/>\n<meta property=\"og:title\" content=\"Traitement Multi \u2013 Usage (Celliose) - terredechimie\" \/>\n<meta property=\"og:description\" content=\"Traitement Multi-Usage (Celliose) de Terre de Chimie : solution chimique polyvalente pour optimiser, prot\u00e9ger et traiter diverses surfaces industrielles avec efficacit\u00e9.\" \/>\n<meta property=\"og:url\" content=\"https:\/\/dev.terredechimie.com\/?page_id=433\" \/>\n<meta property=\"og:site_name\" content=\"terredechimie\" \/>\n<meta property=\"article:modified_time\" content=\"2025-12-28T16:58:25+00:00\" \/>\n<meta name=\"twitter:card\" content=\"summary_large_image\" \/>\n<meta name=\"twitter:label1\" content=\"Dur\u00e9e de lecture estim\u00e9e\" \/>\n\t<meta name=\"twitter:data1\" content=\"1 minute\" \/>\n<script type=\"application\/ld+json\" class=\"yoast-schema-graph\">{\"@context\":\"https:\/\/schema.org\",\"@graph\":[{\"@type\":\"WebPage\",\"@id\":\"https:\/\/dev.terredechimie.com\/?page_id=433\",\"url\":\"https:\/\/dev.terredechimie.com\/?page_id=433\",\"name\":\"Traitement Multi \u2013 Usage (Celliose) - terredechimie\",\"isPartOf\":{\"@id\":\"https:\/\/terredechimie.com\/#website\"},\"datePublished\":\"2025-12-28T16:51:37+00:00\",\"dateModified\":\"2025-12-28T16:58:25+00:00\",\"description\":\"Traitement Multi-Usage (Celliose) de Terre de Chimie : solution chimique polyvalente pour optimiser, prot\u00e9ger et traiter diverses surfaces industrielles avec efficacit\u00e9.\",\"breadcrumb\":{\"@id\":\"https:\/\/dev.terredechimie.com\/?page_id=433#breadcrumb\"},\"inLanguage\":\"fr-FR\",\"potentialAction\":[{\"@type\":\"ReadAction\",\"target\":[\"https:\/\/dev.terredechimie.com\/?page_id=433\"]}]},{\"@type\":\"BreadcrumbList\",\"@id\":\"https:\/\/dev.terredechimie.com\/?page_id=433#breadcrumb\",\"itemListElement\":[{\"@type\":\"ListItem\",\"position\":1,\"name\":\"Accueil\",\"item\":\"https:\/\/www.terredechimie.com\/\"},{\"@type\":\"ListItem\",\"position\":2,\"name\":\"Traitement Multi \u2013 Usage (Celliose)\"}]},{\"@type\":\"WebSite\",\"@id\":\"https:\/\/terredechimie.com\/#website\",\"url\":\"https:\/\/terredechimie.com\/\",\"name\":\"terredechimie\",\"description\":\"\",\"publisher\":{\"@id\":\"https:\/\/terredechimie.com\/#organization\"},\"potentialAction\":[{\"@type\":\"SearchAction\",\"target\":{\"@type\":\"EntryPoint\",\"urlTemplate\":\"https:\/\/terredechimie.com\/?s={search_term_string}\"},\"query-input\":{\"@type\":\"PropertyValueSpecification\",\"valueRequired\":true,\"valueName\":\"search_term_string\"}}],\"inLanguage\":\"fr-FR\"},{\"@type\":\"Organization\",\"@id\":\"https:\/\/terredechimie.com\/#organization\",\"name\":\"terredechimie\",\"url\":\"https:\/\/terredechimie.com\/\",\"logo\":{\"@type\":\"ImageObject\",\"inLanguage\":\"fr-FR\",\"@id\":\"https:\/\/terredechimie.com\/#\/schema\/logo\/image\/\",\"url\":\"https:\/\/www.terredechimie.com\/wp-content\/uploads\/2025\/12\/cropped-1C360A0B-F00E-4736-8FC4-F7B6AA983F27.png\",\"contentUrl\":\"https:\/\/www.terredechimie.com\/wp-content\/uploads\/2025\/12\/cropped-1C360A0B-F00E-4736-8FC4-F7B6AA983F27.png\",\"width\":773,\"height\":775,\"caption\":\"terredechimie\"},\"image\":{\"@id\":\"https:\/\/terredechimie.com\/#\/schema\/logo\/image\/\"}}]}<\/script>\n<!-- \/ Yoast SEO plugin. -->","yoast_head_json":{"title":"Traitement Multi \u2013 Usage (Celliose) - terredechimie","description":"Traitement Multi-Usage (Celliose) de Terre de Chimie : solution chimique polyvalente pour optimiser, prot\u00e9ger et traiter diverses surfaces industrielles avec efficacit\u00e9.","robots":{"index":"index","follow":"follow","max-snippet":"max-snippet:-1","max-image-preview":"max-image-preview:large","max-video-preview":"max-video-preview:-1"},"canonical":"https:\/\/dev.terredechimie.com\/?page_id=433","og_locale":"fr_FR","og_type":"article","og_title":"Traitement Multi \u2013 Usage (Celliose) - terredechimie","og_description":"Traitement Multi-Usage (Celliose) de Terre de Chimie : solution chimique polyvalente pour optimiser, prot\u00e9ger et traiter diverses surfaces industrielles avec efficacit\u00e9.","og_url":"https:\/\/dev.terredechimie.com\/?page_id=433","og_site_name":"terredechimie","article_modified_time":"2025-12-28T16:58:25+00:00","twitter_card":"summary_large_image","twitter_misc":{"Dur\u00e9e de lecture estim\u00e9e":"1 minute"},"schema":{"@context":"https:\/\/schema.org","@graph":[{"@type":"WebPage","@id":"https:\/\/dev.terredechimie.com\/?page_id=433","url":"https:\/\/dev.terredechimie.com\/?page_id=433","name":"Traitement Multi \u2013 Usage (Celliose) - terredechimie","isPartOf":{"@id":"https:\/\/terredechimie.com\/#website"},"datePublished":"2025-12-28T16:51:37+00:00","dateModified":"2025-12-28T16:58:25+00:00","description":"Traitement Multi-Usage (Celliose) de Terre de Chimie : solution chimique polyvalente pour optimiser, prot\u00e9ger et traiter diverses surfaces industrielles avec efficacit\u00e9.","breadcrumb":{"@id":"https:\/\/dev.terredechimie.com\/?page_id=433#breadcrumb"},"inLanguage":"fr-FR","potentialAction":[{"@type":"ReadAction","target":["https:\/\/dev.terredechimie.com\/?page_id=433"]}]},{"@type":"BreadcrumbList","@id":"https:\/\/dev.terredechimie.com\/?page_id=433#breadcrumb","itemListElement":[{"@type":"ListItem","position":1,"name":"Accueil","item":"https:\/\/www.terredechimie.com\/"},{"@type":"ListItem","position":2,"name":"Traitement Multi \u2013 Usage (Celliose)"}]},{"@type":"WebSite","@id":"https:\/\/terredechimie.com\/#website","url":"https:\/\/terredechimie.com\/","name":"terredechimie","description":"","publisher":{"@id":"https:\/\/terredechimie.com\/#organization"},"potentialAction":[{"@type":"SearchAction","target":{"@type":"EntryPoint","urlTemplate":"https:\/\/terredechimie.com\/?s={search_term_string}"},"query-input":{"@type":"PropertyValueSpecification","valueRequired":true,"valueName":"search_term_string"}}],"inLanguage":"fr-FR"},{"@type":"Organization","@id":"https:\/\/terredechimie.com\/#organization","name":"terredechimie","url":"https:\/\/terredechimie.com\/","logo":{"@type":"ImageObject","inLanguage":"fr-FR","@id":"https:\/\/terredechimie.com\/#\/schema\/logo\/image\/","url":"https:\/\/www.terredechimie.com\/wp-content\/uploads\/2025\/12\/cropped-1C360A0B-F00E-4736-8FC4-F7B6AA983F27.png","contentUrl":"https:\/\/www.terredechimie.com\/wp-content\/uploads\/2025\/12\/cropped-1C360A0B-F00E-4736-8FC4-F7B6AA983F27.png","width":773,"height":775,"caption":"terredechimie"},"image":{"@id":"https:\/\/terredechimie.com\/#\/schema\/logo\/image\/"}}]}},"jetpack_sharing_enabled":true,"_links":{"self":[{"href":"https:\/\/www.terredechimie.com\/index.php?rest_route=\/wp\/v2\/pages\/433","targetHints":{"allow":["GET"]}}],"collection":[{"href":"https:\/\/www.terredechimie.com\/index.php?rest_route=\/wp\/v2\/pages"}],"about":[{"href":"https:\/\/www.terredechimie.com\/index.php?rest_route=\/wp\/v2\/types\/page"}],"author":[{"embeddable":true,"href":"https:\/\/www.terredechimie.com\/index.php?rest_route=\/wp\/v2\/users\/1"}],"replies":[{"embeddable":true,"href":"https:\/\/www.terredechimie.com\/index.php?rest_route=%2Fwp%2Fv2%2Fcomments&post=433"}],"version-history":[{"count":3,"href":"https:\/\/www.terredechimie.com\/index.php?rest_route=\/wp\/v2\/pages\/433\/revisions"}],"predecessor-version":[{"id":449,"href":"https:\/\/www.terredechimie.com\/index.php?rest_route=\/wp\/v2\/pages\/433\/revisions\/449"}],"wp:attachment":[{"href":"https:\/\/www.terredechimie.com\/index.php?rest_route=%2Fwp%2Fv2%2Fmedia&parent=433"}],"curies":[{"name":"wp","href":"https:\/\/api.w.org\/{rel}","templated":true}]}}