{"id":411,"date":"2025-12-28T17:14:35","date_gmt":"2025-12-28T16:14:35","guid":{"rendered":"https:\/\/dev.terredechimie.com\/?page_id=411"},"modified":"2025-12-28T17:30:11","modified_gmt":"2025-12-28T16:30:11","slug":"jr-12","status":"publish","type":"page","link":"https:\/\/www.terredechimie.com\/?page_id=411","title":{"rendered":"JR 12"},"content":{"rendered":"\n<p>JR 12 est un vernis pelable en base aqueuse, permettant la protection temporaire de pi\u00e8ces.<\/p>\n\n\n\n<p><strong>PRESENTATION<\/strong><br>TERRE DE CHIMIE propose un vernis pelable en base aqueuse JR 12. <\/p>\n\n\n\n<p>Ce vernis permet de prot\u00e9ger de fa\u00e7on temporaire les pi\u00e8ces n\u00e9cessitant un traitement partiel.<\/p>\n\n\n\n<p><strong>DOMAINES D\u2019INTERVENTION<\/strong><br>JR 12 peut \u00eatre appliqu\u00e9 au tremp\u00e9, au pinceau ou pistolet de peinture.<\/p>\n\n\n\n<p><strong>PROPRIETES ET MISE EN \u0152UVRE<\/strong><br>Caract\u00e9ristiques :\u00a0Liquide blanc pouvant \u00eatre teint\u00e9 (\u00e0 la demande du client)<br>Appliquer sur la partie de pi\u00e8ce \u00e0 prot\u00e9ger.<br>Laisser s\u00e9cher, le temps de s\u00e9chage du vernis pelable JR 12 est n\u00e9cessairement plus long du fait de pr\u00e9sence d\u2019eau et non de solvant.<br>Effectuer l\u2019action de traitement.<br>Une fois l\u2019action finie, retirer la pellicule de vernis.<\/p>\n","protected":false},"excerpt":{"rendered":"<p>JR 12 est un vernis pelable en base aqueuse, permettant la protection temporaire de pi\u00e8ces. PRESENTATIONTERRE DE CHIMIE propose un vernis pelable en base aqueuse JR 12. Ce vernis permet de prot\u00e9ger de fa\u00e7on temporaire les pi\u00e8ces n\u00e9cessitant un traitement partiel. DOMAINES D\u2019INTERVENTIONJR 12 peut \u00eatre appliqu\u00e9 au tremp\u00e9, au pinceau ou pistolet de peinture. &hellip; <\/p>\n<p class=\"link-more\"><a href=\"https:\/\/www.terredechimie.com\/?page_id=411\" class=\"more-link\">Lire la suite de<span class=\"screen-reader-text\">\u00ab\u00a0JR 12\u00a0\u00bb<\/span><\/a><\/p>\n","protected":false},"author":1,"featured_media":0,"parent":0,"menu_order":0,"comment_status":"closed","ping_status":"closed","template":"","meta":{"footnotes":""},"class_list":["post-411","page","type-page","status-publish","hentry"],"yoast_head":"<!-- This site is optimized with the Yoast SEO plugin v26.6 - https:\/\/yoast.com\/wordpress\/plugins\/seo\/ -->\n<title>JR 12 - terredechimie<\/title>\n<meta name=\"description\" content=\"Vernis JR 12 de Terre de Chimie : vernis industriel performant offrant une protection durable des surfaces, adapt\u00e9 aux applications professionnelles exigeantes.\" \/>\n<meta name=\"robots\" content=\"index, follow, max-snippet:-1, max-image-preview:large, max-video-preview:-1\" \/>\n<link rel=\"canonical\" href=\"https:\/\/dev.terredechimie.com\/?page_id=411\" \/>\n<meta property=\"og:locale\" content=\"fr_FR\" \/>\n<meta property=\"og:type\" content=\"article\" \/>\n<meta property=\"og:title\" content=\"JR 12 - terredechimie\" \/>\n<meta property=\"og:description\" content=\"Vernis JR 12 de Terre de Chimie : vernis industriel performant offrant une protection durable des surfaces, adapt\u00e9 aux applications professionnelles exigeantes.\" \/>\n<meta property=\"og:url\" content=\"https:\/\/dev.terredechimie.com\/?page_id=411\" \/>\n<meta property=\"og:site_name\" content=\"terredechimie\" \/>\n<meta property=\"article:modified_time\" content=\"2025-12-28T16:30:11+00:00\" \/>\n<meta name=\"twitter:card\" content=\"summary_large_image\" \/>\n<meta name=\"twitter:label1\" content=\"Dur\u00e9e de lecture estim\u00e9e\" \/>\n\t<meta name=\"twitter:data1\" content=\"1 minute\" \/>\n<script type=\"application\/ld+json\" class=\"yoast-schema-graph\">{\"@context\":\"https:\/\/schema.org\",\"@graph\":[{\"@type\":\"WebPage\",\"@id\":\"https:\/\/dev.terredechimie.com\/?page_id=411\",\"url\":\"https:\/\/dev.terredechimie.com\/?page_id=411\",\"name\":\"JR 12 - terredechimie\",\"isPartOf\":{\"@id\":\"https:\/\/terredechimie.com\/#website\"},\"datePublished\":\"2025-12-28T16:14:35+00:00\",\"dateModified\":\"2025-12-28T16:30:11+00:00\",\"description\":\"Vernis JR 12 de Terre de Chimie : vernis industriel performant offrant une protection durable des surfaces, adapt\u00e9 aux applications professionnelles exigeantes.\",\"breadcrumb\":{\"@id\":\"https:\/\/dev.terredechimie.com\/?page_id=411#breadcrumb\"},\"inLanguage\":\"fr-FR\",\"potentialAction\":[{\"@type\":\"ReadAction\",\"target\":[\"https:\/\/dev.terredechimie.com\/?page_id=411\"]}]},{\"@type\":\"BreadcrumbList\",\"@id\":\"https:\/\/dev.terredechimie.com\/?page_id=411#breadcrumb\",\"itemListElement\":[{\"@type\":\"ListItem\",\"position\":1,\"name\":\"Accueil\",\"item\":\"https:\/\/www.terredechimie.com\/\"},{\"@type\":\"ListItem\",\"position\":2,\"name\":\"JR 12\"}]},{\"@type\":\"WebSite\",\"@id\":\"https:\/\/terredechimie.com\/#website\",\"url\":\"https:\/\/terredechimie.com\/\",\"name\":\"terredechimie\",\"description\":\"\",\"publisher\":{\"@id\":\"https:\/\/terredechimie.com\/#organization\"},\"potentialAction\":[{\"@type\":\"SearchAction\",\"target\":{\"@type\":\"EntryPoint\",\"urlTemplate\":\"https:\/\/terredechimie.com\/?s={search_term_string}\"},\"query-input\":{\"@type\":\"PropertyValueSpecification\",\"valueRequired\":true,\"valueName\":\"search_term_string\"}}],\"inLanguage\":\"fr-FR\"},{\"@type\":\"Organization\",\"@id\":\"https:\/\/terredechimie.com\/#organization\",\"name\":\"terredechimie\",\"url\":\"https:\/\/terredechimie.com\/\",\"logo\":{\"@type\":\"ImageObject\",\"inLanguage\":\"fr-FR\",\"@id\":\"https:\/\/terredechimie.com\/#\/schema\/logo\/image\/\",\"url\":\"https:\/\/www.terredechimie.com\/wp-content\/uploads\/2025\/12\/cropped-1C360A0B-F00E-4736-8FC4-F7B6AA983F27.png\",\"contentUrl\":\"https:\/\/www.terredechimie.com\/wp-content\/uploads\/2025\/12\/cropped-1C360A0B-F00E-4736-8FC4-F7B6AA983F27.png\",\"width\":773,\"height\":775,\"caption\":\"terredechimie\"},\"image\":{\"@id\":\"https:\/\/terredechimie.com\/#\/schema\/logo\/image\/\"}}]}<\/script>\n<!-- \/ Yoast SEO plugin. -->","yoast_head_json":{"title":"JR 12 - terredechimie","description":"Vernis JR 12 de Terre de Chimie : vernis industriel performant offrant une protection durable des surfaces, adapt\u00e9 aux applications professionnelles exigeantes.","robots":{"index":"index","follow":"follow","max-snippet":"max-snippet:-1","max-image-preview":"max-image-preview:large","max-video-preview":"max-video-preview:-1"},"canonical":"https:\/\/dev.terredechimie.com\/?page_id=411","og_locale":"fr_FR","og_type":"article","og_title":"JR 12 - terredechimie","og_description":"Vernis JR 12 de Terre de Chimie : vernis industriel performant offrant une protection durable des surfaces, adapt\u00e9 aux applications professionnelles exigeantes.","og_url":"https:\/\/dev.terredechimie.com\/?page_id=411","og_site_name":"terredechimie","article_modified_time":"2025-12-28T16:30:11+00:00","twitter_card":"summary_large_image","twitter_misc":{"Dur\u00e9e de lecture estim\u00e9e":"1 minute"},"schema":{"@context":"https:\/\/schema.org","@graph":[{"@type":"WebPage","@id":"https:\/\/dev.terredechimie.com\/?page_id=411","url":"https:\/\/dev.terredechimie.com\/?page_id=411","name":"JR 12 - terredechimie","isPartOf":{"@id":"https:\/\/terredechimie.com\/#website"},"datePublished":"2025-12-28T16:14:35+00:00","dateModified":"2025-12-28T16:30:11+00:00","description":"Vernis JR 12 de Terre de Chimie : vernis industriel performant offrant une protection durable des surfaces, adapt\u00e9 aux applications professionnelles exigeantes.","breadcrumb":{"@id":"https:\/\/dev.terredechimie.com\/?page_id=411#breadcrumb"},"inLanguage":"fr-FR","potentialAction":[{"@type":"ReadAction","target":["https:\/\/dev.terredechimie.com\/?page_id=411"]}]},{"@type":"BreadcrumbList","@id":"https:\/\/dev.terredechimie.com\/?page_id=411#breadcrumb","itemListElement":[{"@type":"ListItem","position":1,"name":"Accueil","item":"https:\/\/www.terredechimie.com\/"},{"@type":"ListItem","position":2,"name":"JR 12"}]},{"@type":"WebSite","@id":"https:\/\/terredechimie.com\/#website","url":"https:\/\/terredechimie.com\/","name":"terredechimie","description":"","publisher":{"@id":"https:\/\/terredechimie.com\/#organization"},"potentialAction":[{"@type":"SearchAction","target":{"@type":"EntryPoint","urlTemplate":"https:\/\/terredechimie.com\/?s={search_term_string}"},"query-input":{"@type":"PropertyValueSpecification","valueRequired":true,"valueName":"search_term_string"}}],"inLanguage":"fr-FR"},{"@type":"Organization","@id":"https:\/\/terredechimie.com\/#organization","name":"terredechimie","url":"https:\/\/terredechimie.com\/","logo":{"@type":"ImageObject","inLanguage":"fr-FR","@id":"https:\/\/terredechimie.com\/#\/schema\/logo\/image\/","url":"https:\/\/www.terredechimie.com\/wp-content\/uploads\/2025\/12\/cropped-1C360A0B-F00E-4736-8FC4-F7B6AA983F27.png","contentUrl":"https:\/\/www.terredechimie.com\/wp-content\/uploads\/2025\/12\/cropped-1C360A0B-F00E-4736-8FC4-F7B6AA983F27.png","width":773,"height":775,"caption":"terredechimie"},"image":{"@id":"https:\/\/terredechimie.com\/#\/schema\/logo\/image\/"}}]}},"jetpack_sharing_enabled":true,"_links":{"self":[{"href":"https:\/\/www.terredechimie.com\/index.php?rest_route=\/wp\/v2\/pages\/411","targetHints":{"allow":["GET"]}}],"collection":[{"href":"https:\/\/www.terredechimie.com\/index.php?rest_route=\/wp\/v2\/pages"}],"about":[{"href":"https:\/\/www.terredechimie.com\/index.php?rest_route=\/wp\/v2\/types\/page"}],"author":[{"embeddable":true,"href":"https:\/\/www.terredechimie.com\/index.php?rest_route=\/wp\/v2\/users\/1"}],"replies":[{"embeddable":true,"href":"https:\/\/www.terredechimie.com\/index.php?rest_route=%2Fwp%2Fv2%2Fcomments&post=411"}],"version-history":[{"count":2,"href":"https:\/\/www.terredechimie.com\/index.php?rest_route=\/wp\/v2\/pages\/411\/revisions"}],"predecessor-version":[{"id":420,"href":"https:\/\/www.terredechimie.com\/index.php?rest_route=\/wp\/v2\/pages\/411\/revisions\/420"}],"wp:attachment":[{"href":"https:\/\/www.terredechimie.com\/index.php?rest_route=%2Fwp%2Fv2%2Fmedia&parent=411"}],"curies":[{"name":"wp","href":"https:\/\/api.w.org\/{rel}","templated":true}]}}