{"id":371,"date":"2025-12-28T16:46:13","date_gmt":"2025-12-28T15:46:13","guid":{"rendered":"https:\/\/dev.terredechimie.com\/?page_id=371"},"modified":"2025-12-28T18:58:33","modified_gmt":"2025-12-28T17:58:33","slug":"convertisseur-de-rouille","status":"publish","type":"page","link":"https:\/\/www.terredechimie.com\/?page_id=371","title":{"rendered":"Convertisseur de Rouille"},"content":{"rendered":"\n<p>Converacryl (Transforme la rouille existante et permet \u00e0 l&rsquo;utilisateur d&rsquo;appliquer une nouvelle teinte sur le support).<\/p>\n\n\n\n<figure class=\"wp-block-image alignleft size-full is-resized\"><img fetchpriority=\"high\" decoding=\"async\" width=\"1000\" height=\"668\" src=\"https:\/\/dev.terredechimie.com\/wp-content\/uploads\/2025\/12\/2148796604-1-1.jpg\" alt=\"\" class=\"wp-image-520\" style=\"aspect-ratio:1.4970202622169249;width:419px;height:auto\" srcset=\"https:\/\/www.terredechimie.com\/wp-content\/uploads\/2025\/12\/2148796604-1-1.jpg 1000w, https:\/\/www.terredechimie.com\/wp-content\/uploads\/2025\/12\/2148796604-1-1-300x200.jpg 300w\" sizes=\"(max-width: 1000px) 100vw, 1000px\" \/><\/figure>\n\n\n\n<p><strong>PRESENTATION<\/strong><br>CONVERACRYL transforme la rouille existante et l\u2019utilise pour stopper le processus de d\u00e9gradation.<\/p>\n\n\n\n<p><strong>DOMAINES D\u2019INTERVENTION<\/strong><br>CONVERACRYL peut \u00eatre appliqu\u00e9 sur tous les m\u00e9taux totalement ou partiellement rouill\u00e9s, avec ou sans peinture.<\/p>\n\n\n\n<p><strong>PROPRIETES ET MISE EN \u0152UVRE<\/strong><br>Caract\u00e9ristiques&nbsp;: Liquide beige clair.<br>Rendement&nbsp;: 1 litre pour 15 m\u00b2.<\/p>\n\n\n\n<p>D\u00e9graisser pr\u00e9alablement les pi\u00e8ces \u00e0 traiter.<br>CONVERACRYL peut \u00eatre appliqu\u00e9 au pinceau, au rouleau, au pistolet ou au tremp\u00e9.<\/p>\n\n\n\n<p>Apr\u00e8s application et s\u00e9chage, une teinte bleue-noire apparait.<br>Quelques mois apr\u00e8s, vous pouvez repeindre les pi\u00e8ces trait\u00e9es. CONVERACRYL est en effet une base d\u2019accrochage pour les teintes de finition.&nbsp;<\/p>\n\n\n\n<p><\/p>\n","protected":false},"excerpt":{"rendered":"<p>Converacryl (Transforme la rouille existante et permet \u00e0 l&rsquo;utilisateur d&rsquo;appliquer une nouvelle teinte sur le support). PRESENTATIONCONVERACRYL transforme la rouille existante et l\u2019utilise pour stopper le processus de d\u00e9gradation. DOMAINES D\u2019INTERVENTIONCONVERACRYL peut \u00eatre appliqu\u00e9 sur tous les m\u00e9taux totalement ou partiellement rouill\u00e9s, avec ou sans peinture. PROPRIETES ET MISE EN \u0152UVRECaract\u00e9ristiques&nbsp;: Liquide beige clair.Rendement&nbsp;: 1 &hellip; <\/p>\n<p class=\"link-more\"><a href=\"https:\/\/www.terredechimie.com\/?page_id=371\" class=\"more-link\">Lire la suite de<span class=\"screen-reader-text\">\u00ab\u00a0Convertisseur de Rouille\u00a0\u00bb<\/span><\/a><\/p>\n","protected":false},"author":1,"featured_media":0,"parent":0,"menu_order":0,"comment_status":"closed","ping_status":"closed","template":"","meta":{"footnotes":""},"class_list":["post-371","page","type-page","status-publish","hentry"],"yoast_head":"<!-- This site is optimized with the Yoast SEO plugin v26.6 - https:\/\/yoast.com\/wordpress\/plugins\/seo\/ -->\n<title>Convertisseur de Rouille - terredechimie<\/title>\n<meta name=\"description\" content=\"Convertisseur de rouille de Terre de Chimie : solution chimique professionnelle pour neutraliser et transformer efficacement la corrosion sur surfaces m\u00e9talliques.\" \/>\n<meta name=\"robots\" content=\"index, follow, max-snippet:-1, max-image-preview:large, max-video-preview:-1\" \/>\n<link rel=\"canonical\" href=\"https:\/\/dev.terredechimie.com\/?page_id=371\" \/>\n<meta property=\"og:locale\" content=\"fr_FR\" \/>\n<meta property=\"og:type\" content=\"article\" \/>\n<meta property=\"og:title\" content=\"Convertisseur de Rouille - terredechimie\" \/>\n<meta property=\"og:description\" content=\"Convertisseur de rouille de Terre de Chimie : solution chimique professionnelle pour neutraliser et transformer efficacement la corrosion sur surfaces m\u00e9talliques.\" \/>\n<meta property=\"og:url\" content=\"https:\/\/dev.terredechimie.com\/?page_id=371\" \/>\n<meta property=\"og:site_name\" content=\"terredechimie\" \/>\n<meta property=\"article:modified_time\" content=\"2025-12-28T17:58:33+00:00\" \/>\n<meta property=\"og:image\" content=\"https:\/\/www.terredechimie.com\/wp-content\/uploads\/2025\/12\/2148796604-1-1.jpg\" \/>\n\t<meta property=\"og:image:width\" content=\"1000\" \/>\n\t<meta property=\"og:image:height\" content=\"668\" \/>\n\t<meta property=\"og:image:type\" content=\"image\/jpeg\" \/>\n<meta name=\"twitter:card\" content=\"summary_large_image\" \/>\n<meta name=\"twitter:label1\" content=\"Dur\u00e9e de lecture estim\u00e9e\" \/>\n\t<meta name=\"twitter:data1\" content=\"1 minute\" \/>\n<script type=\"application\/ld+json\" class=\"yoast-schema-graph\">{\"@context\":\"https:\/\/schema.org\",\"@graph\":[{\"@type\":\"WebPage\",\"@id\":\"https:\/\/dev.terredechimie.com\/?page_id=371\",\"url\":\"https:\/\/dev.terredechimie.com\/?page_id=371\",\"name\":\"Convertisseur de Rouille - terredechimie\",\"isPartOf\":{\"@id\":\"https:\/\/terredechimie.com\/#website\"},\"primaryImageOfPage\":{\"@id\":\"https:\/\/dev.terredechimie.com\/?page_id=371#primaryimage\"},\"image\":{\"@id\":\"https:\/\/dev.terredechimie.com\/?page_id=371#primaryimage\"},\"thumbnailUrl\":\"https:\/\/dev.terredechimie.com\/wp-content\/uploads\/2025\/12\/2148796604-1-1.jpg\",\"datePublished\":\"2025-12-28T15:46:13+00:00\",\"dateModified\":\"2025-12-28T17:58:33+00:00\",\"description\":\"Convertisseur de rouille de Terre de Chimie : solution chimique professionnelle pour neutraliser et transformer efficacement la corrosion sur surfaces m\u00e9talliques.\",\"breadcrumb\":{\"@id\":\"https:\/\/dev.terredechimie.com\/?page_id=371#breadcrumb\"},\"inLanguage\":\"fr-FR\",\"potentialAction\":[{\"@type\":\"ReadAction\",\"target\":[\"https:\/\/dev.terredechimie.com\/?page_id=371\"]}]},{\"@type\":\"ImageObject\",\"inLanguage\":\"fr-FR\",\"@id\":\"https:\/\/dev.terredechimie.com\/?page_id=371#primaryimage\",\"url\":\"https:\/\/dev.terredechimie.com\/wp-content\/uploads\/2025\/12\/2148796604-1-1.jpg\",\"contentUrl\":\"https:\/\/dev.terredechimie.com\/wp-content\/uploads\/2025\/12\/2148796604-1-1.jpg\"},{\"@type\":\"BreadcrumbList\",\"@id\":\"https:\/\/dev.terredechimie.com\/?page_id=371#breadcrumb\",\"itemListElement\":[{\"@type\":\"ListItem\",\"position\":1,\"name\":\"Accueil\",\"item\":\"https:\/\/www.terredechimie.com\/\"},{\"@type\":\"ListItem\",\"position\":2,\"name\":\"Convertisseur de Rouille\"}]},{\"@type\":\"WebSite\",\"@id\":\"https:\/\/terredechimie.com\/#website\",\"url\":\"https:\/\/terredechimie.com\/\",\"name\":\"terredechimie\",\"description\":\"\",\"publisher\":{\"@id\":\"https:\/\/terredechimie.com\/#organization\"},\"potentialAction\":[{\"@type\":\"SearchAction\",\"target\":{\"@type\":\"EntryPoint\",\"urlTemplate\":\"https:\/\/terredechimie.com\/?s={search_term_string}\"},\"query-input\":{\"@type\":\"PropertyValueSpecification\",\"valueRequired\":true,\"valueName\":\"search_term_string\"}}],\"inLanguage\":\"fr-FR\"},{\"@type\":\"Organization\",\"@id\":\"https:\/\/terredechimie.com\/#organization\",\"name\":\"terredechimie\",\"url\":\"https:\/\/terredechimie.com\/\",\"logo\":{\"@type\":\"ImageObject\",\"inLanguage\":\"fr-FR\",\"@id\":\"https:\/\/terredechimie.com\/#\/schema\/logo\/image\/\",\"url\":\"https:\/\/www.terredechimie.com\/wp-content\/uploads\/2025\/12\/cropped-1C360A0B-F00E-4736-8FC4-F7B6AA983F27.png\",\"contentUrl\":\"https:\/\/www.terredechimie.com\/wp-content\/uploads\/2025\/12\/cropped-1C360A0B-F00E-4736-8FC4-F7B6AA983F27.png\",\"width\":773,\"height\":775,\"caption\":\"terredechimie\"},\"image\":{\"@id\":\"https:\/\/terredechimie.com\/#\/schema\/logo\/image\/\"}}]}<\/script>\n<!-- \/ Yoast SEO plugin. -->","yoast_head_json":{"title":"Convertisseur de Rouille - terredechimie","description":"Convertisseur de rouille de Terre de Chimie : solution chimique professionnelle pour neutraliser et transformer efficacement la corrosion sur surfaces m\u00e9talliques.","robots":{"index":"index","follow":"follow","max-snippet":"max-snippet:-1","max-image-preview":"max-image-preview:large","max-video-preview":"max-video-preview:-1"},"canonical":"https:\/\/dev.terredechimie.com\/?page_id=371","og_locale":"fr_FR","og_type":"article","og_title":"Convertisseur de Rouille - terredechimie","og_description":"Convertisseur de rouille de Terre de Chimie : solution chimique professionnelle pour neutraliser et transformer efficacement la corrosion sur surfaces m\u00e9talliques.","og_url":"https:\/\/dev.terredechimie.com\/?page_id=371","og_site_name":"terredechimie","article_modified_time":"2025-12-28T17:58:33+00:00","og_image":[{"width":1000,"height":668,"url":"https:\/\/www.terredechimie.com\/wp-content\/uploads\/2025\/12\/2148796604-1-1.jpg","type":"image\/jpeg"}],"twitter_card":"summary_large_image","twitter_misc":{"Dur\u00e9e de lecture estim\u00e9e":"1 minute"},"schema":{"@context":"https:\/\/schema.org","@graph":[{"@type":"WebPage","@id":"https:\/\/dev.terredechimie.com\/?page_id=371","url":"https:\/\/dev.terredechimie.com\/?page_id=371","name":"Convertisseur de Rouille - terredechimie","isPartOf":{"@id":"https:\/\/terredechimie.com\/#website"},"primaryImageOfPage":{"@id":"https:\/\/dev.terredechimie.com\/?page_id=371#primaryimage"},"image":{"@id":"https:\/\/dev.terredechimie.com\/?page_id=371#primaryimage"},"thumbnailUrl":"https:\/\/dev.terredechimie.com\/wp-content\/uploads\/2025\/12\/2148796604-1-1.jpg","datePublished":"2025-12-28T15:46:13+00:00","dateModified":"2025-12-28T17:58:33+00:00","description":"Convertisseur de rouille de Terre de Chimie : solution chimique professionnelle pour neutraliser et transformer efficacement la corrosion sur surfaces m\u00e9talliques.","breadcrumb":{"@id":"https:\/\/dev.terredechimie.com\/?page_id=371#breadcrumb"},"inLanguage":"fr-FR","potentialAction":[{"@type":"ReadAction","target":["https:\/\/dev.terredechimie.com\/?page_id=371"]}]},{"@type":"ImageObject","inLanguage":"fr-FR","@id":"https:\/\/dev.terredechimie.com\/?page_id=371#primaryimage","url":"https:\/\/dev.terredechimie.com\/wp-content\/uploads\/2025\/12\/2148796604-1-1.jpg","contentUrl":"https:\/\/dev.terredechimie.com\/wp-content\/uploads\/2025\/12\/2148796604-1-1.jpg"},{"@type":"BreadcrumbList","@id":"https:\/\/dev.terredechimie.com\/?page_id=371#breadcrumb","itemListElement":[{"@type":"ListItem","position":1,"name":"Accueil","item":"https:\/\/www.terredechimie.com\/"},{"@type":"ListItem","position":2,"name":"Convertisseur de Rouille"}]},{"@type":"WebSite","@id":"https:\/\/terredechimie.com\/#website","url":"https:\/\/terredechimie.com\/","name":"terredechimie","description":"","publisher":{"@id":"https:\/\/terredechimie.com\/#organization"},"potentialAction":[{"@type":"SearchAction","target":{"@type":"EntryPoint","urlTemplate":"https:\/\/terredechimie.com\/?s={search_term_string}"},"query-input":{"@type":"PropertyValueSpecification","valueRequired":true,"valueName":"search_term_string"}}],"inLanguage":"fr-FR"},{"@type":"Organization","@id":"https:\/\/terredechimie.com\/#organization","name":"terredechimie","url":"https:\/\/terredechimie.com\/","logo":{"@type":"ImageObject","inLanguage":"fr-FR","@id":"https:\/\/terredechimie.com\/#\/schema\/logo\/image\/","url":"https:\/\/www.terredechimie.com\/wp-content\/uploads\/2025\/12\/cropped-1C360A0B-F00E-4736-8FC4-F7B6AA983F27.png","contentUrl":"https:\/\/www.terredechimie.com\/wp-content\/uploads\/2025\/12\/cropped-1C360A0B-F00E-4736-8FC4-F7B6AA983F27.png","width":773,"height":775,"caption":"terredechimie"},"image":{"@id":"https:\/\/terredechimie.com\/#\/schema\/logo\/image\/"}}]}},"jetpack_sharing_enabled":true,"_links":{"self":[{"href":"https:\/\/www.terredechimie.com\/index.php?rest_route=\/wp\/v2\/pages\/371","targetHints":{"allow":["GET"]}}],"collection":[{"href":"https:\/\/www.terredechimie.com\/index.php?rest_route=\/wp\/v2\/pages"}],"about":[{"href":"https:\/\/www.terredechimie.com\/index.php?rest_route=\/wp\/v2\/types\/page"}],"author":[{"embeddable":true,"href":"https:\/\/www.terredechimie.com\/index.php?rest_route=\/wp\/v2\/users\/1"}],"replies":[{"embeddable":true,"href":"https:\/\/www.terredechimie.com\/index.php?rest_route=%2Fwp%2Fv2%2Fcomments&post=371"}],"version-history":[{"count":3,"href":"https:\/\/www.terredechimie.com\/index.php?rest_route=\/wp\/v2\/pages\/371\/revisions"}],"predecessor-version":[{"id":522,"href":"https:\/\/www.terredechimie.com\/index.php?rest_route=\/wp\/v2\/pages\/371\/revisions\/522"}],"wp:attachment":[{"href":"https:\/\/www.terredechimie.com\/index.php?rest_route=%2Fwp%2Fv2%2Fmedia&parent=371"}],"curies":[{"name":"wp","href":"https:\/\/api.w.org\/{rel}","templated":true}]}}