{"id":370,"date":"2025-12-28T16:46:13","date_gmt":"2025-12-28T15:46:13","guid":{"rendered":"https:\/\/dev.terredechimie.com\/?page_id=370"},"modified":"2025-12-28T18:27:03","modified_gmt":"2025-12-28T17:27:03","slug":"demoussant-exterieur","status":"publish","type":"page","link":"https:\/\/www.terredechimie.com\/?page_id=370","title":{"rendered":"D\u00e9moussant Ext\u00e9rieur"},"content":{"rendered":"\n<p>D&rsquo;MOUSS (ce d\u00e9moussant est efficace pour \u00e9liminer mousses, champignons, algues, lichens et autres bact\u00e9ries implant\u00e9es sur les toitures et fa\u00e7ades).<\/p>\n\n\n\n<p><strong>PRESENTATION<\/strong><br>D\u2019MOUSS est un traitement curatif pour toitures et fa\u00e7ades.<br>D\u2019MOUSS d\u00e9truit les moisissures, les champignons, les lichens, les mousses et les algues.<\/p>\n\n\n\n<p>Son action s\u2019effectue par la base, c&rsquo;est-\u00e0-dire qu\u2019elle agit sur la partie non visibles des mousses. D\u2019MOUSS permet de supprimer la prolif\u00e9ration des spores.<\/p>\n\n\n\n<p><strong>DOMAINES D\u2019INTERVENTION<\/strong><br>D\u2019MOUSS s\u2019applique sur tous supports expos\u00e9s \u00e0 l\u2019humidit\u00e9 : tuiles, b\u00e9tons, r\u00e9sines, bois, terres cuites, etc.<\/p>\n\n\n\n<p><strong>PROPRIETES ET MISE EN \u0152UVRE<\/strong><br>Caract\u00e9ristiques&nbsp;: Liquide limpide, incolore et pr\u00eat \u00e0 l\u2019emploi.<br>Consommation variant selon la porosit\u00e9. (Faible porosit\u00e9 : 1 litre pour 25 m\u00b2 ; Porosit\u00e9 moyenne : 1 litre pour 10 m\u00b2 ; Forte porosit\u00e9 : 1 litre pour 5 m\u00b2)<\/p>\n\n\n\n<p>Si les surfaces \u00e0 traiter sont fortement touch\u00e9es, il est conseill\u00e9 d\u2019effectuer un brossage pr\u00e9alable de ces derni\u00e8res.<br>Pulv\u00e9riser les surfaces \u00e0 traiter, jusqu\u2019au ruissellement.<br>Apr\u00e8s deux ou trois jours, rincer les surfaces.<\/p>\n\n\n\n<p><strong>AUTRES UTILISATIONS<\/strong><br>D\u2019MOUSS peut \u00eatre utilis\u00e9 comme :<br>&#8211; Algicide piscines, en traitement d\u2019entr\u00e9e : 1 litre pour 100 m\u1d4c.<br>&#8211; Traitement d\u2019entretien : \u00bd litre pour 100 m\u1d4c et par semaine<\/p>\n\n\n\n<p><\/p>\n","protected":false},"excerpt":{"rendered":"<p>D&rsquo;MOUSS (ce d\u00e9moussant est efficace pour \u00e9liminer mousses, champignons, algues, lichens et autres bact\u00e9ries implant\u00e9es sur les toitures et fa\u00e7ades). PRESENTATIOND\u2019MOUSS est un traitement curatif pour toitures et fa\u00e7ades.D\u2019MOUSS d\u00e9truit les moisissures, les champignons, les lichens, les mousses et les algues. Son action s\u2019effectue par la base, c&rsquo;est-\u00e0-dire qu\u2019elle agit sur la partie non visibles &hellip; <\/p>\n<p class=\"link-more\"><a href=\"https:\/\/www.terredechimie.com\/?page_id=370\" class=\"more-link\">Lire la suite de<span class=\"screen-reader-text\">\u00ab\u00a0D\u00e9moussant Ext\u00e9rieur\u00a0\u00bb<\/span><\/a><\/p>\n","protected":false},"author":1,"featured_media":0,"parent":0,"menu_order":0,"comment_status":"closed","ping_status":"closed","template":"","meta":{"footnotes":""},"class_list":["post-370","page","type-page","status-publish","hentry"],"yoast_head":"<!-- This site is optimized with the Yoast SEO plugin v26.6 - https:\/\/yoast.com\/wordpress\/plugins\/seo\/ -->\n<title>D\u00e9moussant Ext\u00e9rieur - terredechimie<\/title>\n<meta name=\"description\" content=\"D\u00e9moussant ext\u00e9rieur de Terre de Chimie : solution chimique professionnelle pour \u00e9liminer mousses, lichens et algues sur surfaces ext\u00e9rieures durables.\" \/>\n<meta name=\"robots\" content=\"index, follow, max-snippet:-1, max-image-preview:large, max-video-preview:-1\" \/>\n<link rel=\"canonical\" href=\"https:\/\/dev.terredechimie.com\/?page_id=370\" \/>\n<meta property=\"og:locale\" content=\"fr_FR\" \/>\n<meta property=\"og:type\" content=\"article\" \/>\n<meta property=\"og:title\" content=\"D\u00e9moussant Ext\u00e9rieur - terredechimie\" \/>\n<meta property=\"og:description\" content=\"D\u00e9moussant ext\u00e9rieur de Terre de Chimie : solution chimique professionnelle pour \u00e9liminer mousses, lichens et algues sur surfaces ext\u00e9rieures durables.\" \/>\n<meta property=\"og:url\" content=\"https:\/\/dev.terredechimie.com\/?page_id=370\" \/>\n<meta property=\"og:site_name\" content=\"terredechimie\" \/>\n<meta property=\"article:modified_time\" content=\"2025-12-28T17:27:03+00:00\" \/>\n<meta name=\"twitter:card\" content=\"summary_large_image\" \/>\n<meta name=\"twitter:label1\" content=\"Dur\u00e9e de lecture estim\u00e9e\" \/>\n\t<meta name=\"twitter:data1\" content=\"1 minute\" \/>\n<script type=\"application\/ld+json\" class=\"yoast-schema-graph\">{\"@context\":\"https:\/\/schema.org\",\"@graph\":[{\"@type\":\"WebPage\",\"@id\":\"https:\/\/dev.terredechimie.com\/?page_id=370\",\"url\":\"https:\/\/dev.terredechimie.com\/?page_id=370\",\"name\":\"D\u00e9moussant Ext\u00e9rieur - terredechimie\",\"isPartOf\":{\"@id\":\"https:\/\/terredechimie.com\/#website\"},\"datePublished\":\"2025-12-28T15:46:13+00:00\",\"dateModified\":\"2025-12-28T17:27:03+00:00\",\"description\":\"D\u00e9moussant ext\u00e9rieur de Terre de Chimie : solution chimique professionnelle pour \u00e9liminer mousses, lichens et algues sur surfaces ext\u00e9rieures durables.\",\"breadcrumb\":{\"@id\":\"https:\/\/dev.terredechimie.com\/?page_id=370#breadcrumb\"},\"inLanguage\":\"fr-FR\",\"potentialAction\":[{\"@type\":\"ReadAction\",\"target\":[\"https:\/\/dev.terredechimie.com\/?page_id=370\"]}]},{\"@type\":\"BreadcrumbList\",\"@id\":\"https:\/\/dev.terredechimie.com\/?page_id=370#breadcrumb\",\"itemListElement\":[{\"@type\":\"ListItem\",\"position\":1,\"name\":\"Accueil\",\"item\":\"https:\/\/www.terredechimie.com\/\"},{\"@type\":\"ListItem\",\"position\":2,\"name\":\"D\u00e9moussant Ext\u00e9rieur\"}]},{\"@type\":\"WebSite\",\"@id\":\"https:\/\/terredechimie.com\/#website\",\"url\":\"https:\/\/terredechimie.com\/\",\"name\":\"terredechimie\",\"description\":\"\",\"publisher\":{\"@id\":\"https:\/\/terredechimie.com\/#organization\"},\"potentialAction\":[{\"@type\":\"SearchAction\",\"target\":{\"@type\":\"EntryPoint\",\"urlTemplate\":\"https:\/\/terredechimie.com\/?s={search_term_string}\"},\"query-input\":{\"@type\":\"PropertyValueSpecification\",\"valueRequired\":true,\"valueName\":\"search_term_string\"}}],\"inLanguage\":\"fr-FR\"},{\"@type\":\"Organization\",\"@id\":\"https:\/\/terredechimie.com\/#organization\",\"name\":\"terredechimie\",\"url\":\"https:\/\/terredechimie.com\/\",\"logo\":{\"@type\":\"ImageObject\",\"inLanguage\":\"fr-FR\",\"@id\":\"https:\/\/terredechimie.com\/#\/schema\/logo\/image\/\",\"url\":\"https:\/\/www.terredechimie.com\/wp-content\/uploads\/2025\/12\/cropped-1C360A0B-F00E-4736-8FC4-F7B6AA983F27.png\",\"contentUrl\":\"https:\/\/www.terredechimie.com\/wp-content\/uploads\/2025\/12\/cropped-1C360A0B-F00E-4736-8FC4-F7B6AA983F27.png\",\"width\":773,\"height\":775,\"caption\":\"terredechimie\"},\"image\":{\"@id\":\"https:\/\/terredechimie.com\/#\/schema\/logo\/image\/\"}}]}<\/script>\n<!-- \/ Yoast SEO plugin. -->","yoast_head_json":{"title":"D\u00e9moussant Ext\u00e9rieur - terredechimie","description":"D\u00e9moussant ext\u00e9rieur de Terre de Chimie : solution chimique professionnelle pour \u00e9liminer mousses, lichens et algues sur surfaces ext\u00e9rieures durables.","robots":{"index":"index","follow":"follow","max-snippet":"max-snippet:-1","max-image-preview":"max-image-preview:large","max-video-preview":"max-video-preview:-1"},"canonical":"https:\/\/dev.terredechimie.com\/?page_id=370","og_locale":"fr_FR","og_type":"article","og_title":"D\u00e9moussant Ext\u00e9rieur - terredechimie","og_description":"D\u00e9moussant ext\u00e9rieur de Terre de Chimie : solution chimique professionnelle pour \u00e9liminer mousses, lichens et algues sur surfaces ext\u00e9rieures durables.","og_url":"https:\/\/dev.terredechimie.com\/?page_id=370","og_site_name":"terredechimie","article_modified_time":"2025-12-28T17:27:03+00:00","twitter_card":"summary_large_image","twitter_misc":{"Dur\u00e9e de lecture estim\u00e9e":"1 minute"},"schema":{"@context":"https:\/\/schema.org","@graph":[{"@type":"WebPage","@id":"https:\/\/dev.terredechimie.com\/?page_id=370","url":"https:\/\/dev.terredechimie.com\/?page_id=370","name":"D\u00e9moussant Ext\u00e9rieur - terredechimie","isPartOf":{"@id":"https:\/\/terredechimie.com\/#website"},"datePublished":"2025-12-28T15:46:13+00:00","dateModified":"2025-12-28T17:27:03+00:00","description":"D\u00e9moussant ext\u00e9rieur de Terre de Chimie : solution chimique professionnelle pour \u00e9liminer mousses, lichens et algues sur surfaces ext\u00e9rieures durables.","breadcrumb":{"@id":"https:\/\/dev.terredechimie.com\/?page_id=370#breadcrumb"},"inLanguage":"fr-FR","potentialAction":[{"@type":"ReadAction","target":["https:\/\/dev.terredechimie.com\/?page_id=370"]}]},{"@type":"BreadcrumbList","@id":"https:\/\/dev.terredechimie.com\/?page_id=370#breadcrumb","itemListElement":[{"@type":"ListItem","position":1,"name":"Accueil","item":"https:\/\/www.terredechimie.com\/"},{"@type":"ListItem","position":2,"name":"D\u00e9moussant Ext\u00e9rieur"}]},{"@type":"WebSite","@id":"https:\/\/terredechimie.com\/#website","url":"https:\/\/terredechimie.com\/","name":"terredechimie","description":"","publisher":{"@id":"https:\/\/terredechimie.com\/#organization"},"potentialAction":[{"@type":"SearchAction","target":{"@type":"EntryPoint","urlTemplate":"https:\/\/terredechimie.com\/?s={search_term_string}"},"query-input":{"@type":"PropertyValueSpecification","valueRequired":true,"valueName":"search_term_string"}}],"inLanguage":"fr-FR"},{"@type":"Organization","@id":"https:\/\/terredechimie.com\/#organization","name":"terredechimie","url":"https:\/\/terredechimie.com\/","logo":{"@type":"ImageObject","inLanguage":"fr-FR","@id":"https:\/\/terredechimie.com\/#\/schema\/logo\/image\/","url":"https:\/\/www.terredechimie.com\/wp-content\/uploads\/2025\/12\/cropped-1C360A0B-F00E-4736-8FC4-F7B6AA983F27.png","contentUrl":"https:\/\/www.terredechimie.com\/wp-content\/uploads\/2025\/12\/cropped-1C360A0B-F00E-4736-8FC4-F7B6AA983F27.png","width":773,"height":775,"caption":"terredechimie"},"image":{"@id":"https:\/\/terredechimie.com\/#\/schema\/logo\/image\/"}}]}},"jetpack_sharing_enabled":true,"_links":{"self":[{"href":"https:\/\/www.terredechimie.com\/index.php?rest_route=\/wp\/v2\/pages\/370","targetHints":{"allow":["GET"]}}],"collection":[{"href":"https:\/\/www.terredechimie.com\/index.php?rest_route=\/wp\/v2\/pages"}],"about":[{"href":"https:\/\/www.terredechimie.com\/index.php?rest_route=\/wp\/v2\/types\/page"}],"author":[{"embeddable":true,"href":"https:\/\/www.terredechimie.com\/index.php?rest_route=\/wp\/v2\/users\/1"}],"replies":[{"embeddable":true,"href":"https:\/\/www.terredechimie.com\/index.php?rest_route=%2Fwp%2Fv2%2Fcomments&post=370"}],"version-history":[{"count":3,"href":"https:\/\/www.terredechimie.com\/index.php?rest_route=\/wp\/v2\/pages\/370\/revisions"}],"predecessor-version":[{"id":471,"href":"https:\/\/www.terredechimie.com\/index.php?rest_route=\/wp\/v2\/pages\/370\/revisions\/471"}],"wp:attachment":[{"href":"https:\/\/www.terredechimie.com\/index.php?rest_route=%2Fwp%2Fv2%2Fmedia&parent=370"}],"curies":[{"name":"wp","href":"https:\/\/api.w.org\/{rel}","templated":true}]}}