{"id":368,"date":"2025-12-28T16:46:13","date_gmt":"2025-12-28T15:46:13","guid":{"rendered":"https:\/\/dev.terredechimie.com\/?page_id=368"},"modified":"2026-03-11T20:35:36","modified_gmt":"2026-03-11T19:35:36","slug":"impermeabilisants","status":"publish","type":"page","link":"https:\/\/www.terredechimie.com\/?page_id=368","title":{"rendered":"Imperm\u00e9abilisants"},"content":{"rendered":"\n<p>Nous proposons plusieurs types d&rsquo;imperm\u00e9abilisants, destin\u00e9s \u00e0 des surfaces diff\u00e9rentes.<\/p>\n\n\n\n<div class=\"wp-block-columns is-layout-flex wp-container-core-columns-is-layout-28f84493 wp-block-columns-is-layout-flex\">\n<div class=\"wp-block-column is-layout-flow wp-block-column-is-layout-flow\">\n<figure class=\"wp-block-image size-full is-resized\"><img fetchpriority=\"high\" decoding=\"async\" width=\"1000\" height=\"667\" src=\"https:\/\/dev.terredechimie.com\/wp-content\/uploads\/2025\/12\/323.jpg\" alt=\"\" class=\"wp-image-465\" style=\"aspect-ratio:1.5015178772205982;width:398px;height:auto\" srcset=\"https:\/\/www.terredechimie.com\/wp-content\/uploads\/2025\/12\/323.jpg 1000w, https:\/\/www.terredechimie.com\/wp-content\/uploads\/2025\/12\/323-300x200.jpg 300w\" sizes=\"(max-width: 1000px) 100vw, 1000px\" \/><\/figure>\n\n\n\n<p class=\"has-black-color has-text-color has-medium-font-size\"><a href=\"https:\/\/terredechimie.com\/?page_id=457\" target=\"_blank\" rel=\"noreferrer noopener\">G&rsquo;Tuiles<\/a><\/p>\n<\/div>\n\n\n\n<div class=\"wp-block-column is-layout-flow wp-block-column-is-layout-flow\">\n<figure class=\"wp-block-image size-full is-resized\"><img decoding=\"async\" width=\"1000\" height=\"496\" src=\"https:\/\/dev.terredechimie.com\/wp-content\/uploads\/2025\/12\/3212.jpg\" alt=\"\" class=\"wp-image-466\" style=\"aspect-ratio:1.5036781264074464;width:403px;height:auto\" srcset=\"https:\/\/www.terredechimie.com\/wp-content\/uploads\/2025\/12\/3212.jpg 1000w, https:\/\/www.terredechimie.com\/wp-content\/uploads\/2025\/12\/3212-300x149.jpg 300w\" sizes=\"(max-width: 1000px) 100vw, 1000px\" \/><\/figure>\n\n\n\n<p class=\"has-black-color has-text-color has-medium-font-size\"><a href=\"https:\/\/terredechimie.com\/?page_id=458\" target=\"_blank\" rel=\"noreferrer noopener\">G&rsquo;Dur<\/a><\/p>\n<\/div>\n<\/div>\n\n\n\n<p><\/p>\n","protected":false},"excerpt":{"rendered":"<p>Nous proposons plusieurs types d&rsquo;imperm\u00e9abilisants, destin\u00e9s \u00e0 des surfaces diff\u00e9rentes. G&rsquo;Tuiles G&rsquo;Dur<\/p>\n","protected":false},"author":1,"featured_media":0,"parent":0,"menu_order":0,"comment_status":"closed","ping_status":"closed","template":"","meta":{"footnotes":""},"class_list":["post-368","page","type-page","status-publish","hentry"],"yoast_head":"<!-- This site is optimized with the Yoast SEO plugin v26.6 - https:\/\/yoast.com\/wordpress\/plugins\/seo\/ -->\n<title>Imperm\u00e9abilisants - terredechimie<\/title>\n<meta name=\"description\" content=\"Imperm\u00e9abilisants de Terre de Chimie : solutions chimiques performantes pour prot\u00e9ger et rendre \u00e9tanches les surfaces industrielles, adapt\u00e9es aux besoins professionnels.\" \/>\n<meta name=\"robots\" content=\"index, follow, max-snippet:-1, max-image-preview:large, max-video-preview:-1\" \/>\n<link rel=\"canonical\" href=\"https:\/\/www.terredechimie.com\/?page_id=368\" \/>\n<meta property=\"og:locale\" content=\"fr_FR\" \/>\n<meta property=\"og:type\" content=\"article\" \/>\n<meta property=\"og:title\" content=\"Imperm\u00e9abilisants - terredechimie\" \/>\n<meta property=\"og:description\" content=\"Imperm\u00e9abilisants de Terre de Chimie : solutions chimiques performantes pour prot\u00e9ger et rendre \u00e9tanches les surfaces industrielles, adapt\u00e9es aux besoins professionnels.\" \/>\n<meta property=\"og:url\" content=\"https:\/\/www.terredechimie.com\/?page_id=368\" \/>\n<meta property=\"og:site_name\" content=\"terredechimie\" \/>\n<meta property=\"article:modified_time\" content=\"2026-03-11T19:35:36+00:00\" \/>\n<meta property=\"og:image\" content=\"https:\/\/www.terredechimie.com\/wp-content\/uploads\/2025\/12\/323.jpg\" \/>\n\t<meta property=\"og:image:width\" content=\"1000\" \/>\n\t<meta property=\"og:image:height\" content=\"667\" \/>\n\t<meta property=\"og:image:type\" content=\"image\/jpeg\" \/>\n<meta name=\"twitter:card\" content=\"summary_large_image\" \/>\n<meta name=\"twitter:label1\" content=\"Dur\u00e9e de lecture estim\u00e9e\" \/>\n\t<meta name=\"twitter:data1\" content=\"1 minute\" \/>\n<script type=\"application\/ld+json\" class=\"yoast-schema-graph\">{\"@context\":\"https:\/\/schema.org\",\"@graph\":[{\"@type\":\"WebPage\",\"@id\":\"https:\/\/www.terredechimie.com\/?page_id=368\",\"url\":\"https:\/\/www.terredechimie.com\/?page_id=368\",\"name\":\"Imperm\u00e9abilisants - terredechimie\",\"isPartOf\":{\"@id\":\"https:\/\/terredechimie.com\/#website\"},\"primaryImageOfPage\":{\"@id\":\"https:\/\/www.terredechimie.com\/?page_id=368#primaryimage\"},\"image\":{\"@id\":\"https:\/\/www.terredechimie.com\/?page_id=368#primaryimage\"},\"thumbnailUrl\":\"https:\/\/dev.terredechimie.com\/wp-content\/uploads\/2025\/12\/323.jpg\",\"datePublished\":\"2025-12-28T15:46:13+00:00\",\"dateModified\":\"2026-03-11T19:35:36+00:00\",\"description\":\"Imperm\u00e9abilisants de Terre de Chimie : solutions chimiques performantes pour prot\u00e9ger et rendre \u00e9tanches les surfaces industrielles, adapt\u00e9es aux besoins professionnels.\",\"breadcrumb\":{\"@id\":\"https:\/\/www.terredechimie.com\/?page_id=368#breadcrumb\"},\"inLanguage\":\"fr-FR\",\"potentialAction\":[{\"@type\":\"ReadAction\",\"target\":[\"https:\/\/www.terredechimie.com\/?page_id=368\"]}]},{\"@type\":\"ImageObject\",\"inLanguage\":\"fr-FR\",\"@id\":\"https:\/\/www.terredechimie.com\/?page_id=368#primaryimage\",\"url\":\"https:\/\/dev.terredechimie.com\/wp-content\/uploads\/2025\/12\/323.jpg\",\"contentUrl\":\"https:\/\/dev.terredechimie.com\/wp-content\/uploads\/2025\/12\/323.jpg\"},{\"@type\":\"BreadcrumbList\",\"@id\":\"https:\/\/www.terredechimie.com\/?page_id=368#breadcrumb\",\"itemListElement\":[{\"@type\":\"ListItem\",\"position\":1,\"name\":\"Accueil\",\"item\":\"https:\/\/www.terredechimie.com\/\"},{\"@type\":\"ListItem\",\"position\":2,\"name\":\"Imperm\u00e9abilisants\"}]},{\"@type\":\"WebSite\",\"@id\":\"https:\/\/terredechimie.com\/#website\",\"url\":\"https:\/\/terredechimie.com\/\",\"name\":\"terredechimie\",\"description\":\"\",\"publisher\":{\"@id\":\"https:\/\/terredechimie.com\/#organization\"},\"potentialAction\":[{\"@type\":\"SearchAction\",\"target\":{\"@type\":\"EntryPoint\",\"urlTemplate\":\"https:\/\/terredechimie.com\/?s={search_term_string}\"},\"query-input\":{\"@type\":\"PropertyValueSpecification\",\"valueRequired\":true,\"valueName\":\"search_term_string\"}}],\"inLanguage\":\"fr-FR\"},{\"@type\":\"Organization\",\"@id\":\"https:\/\/terredechimie.com\/#organization\",\"name\":\"terredechimie\",\"url\":\"https:\/\/terredechimie.com\/\",\"logo\":{\"@type\":\"ImageObject\",\"inLanguage\":\"fr-FR\",\"@id\":\"https:\/\/terredechimie.com\/#\/schema\/logo\/image\/\",\"url\":\"https:\/\/www.terredechimie.com\/wp-content\/uploads\/2025\/12\/cropped-1C360A0B-F00E-4736-8FC4-F7B6AA983F27.png\",\"contentUrl\":\"https:\/\/www.terredechimie.com\/wp-content\/uploads\/2025\/12\/cropped-1C360A0B-F00E-4736-8FC4-F7B6AA983F27.png\",\"width\":773,\"height\":775,\"caption\":\"terredechimie\"},\"image\":{\"@id\":\"https:\/\/terredechimie.com\/#\/schema\/logo\/image\/\"}}]}<\/script>\n<!-- \/ Yoast SEO plugin. -->","yoast_head_json":{"title":"Imperm\u00e9abilisants - terredechimie","description":"Imperm\u00e9abilisants de Terre de Chimie : solutions chimiques performantes pour prot\u00e9ger et rendre \u00e9tanches les surfaces industrielles, adapt\u00e9es aux besoins professionnels.","robots":{"index":"index","follow":"follow","max-snippet":"max-snippet:-1","max-image-preview":"max-image-preview:large","max-video-preview":"max-video-preview:-1"},"canonical":"https:\/\/www.terredechimie.com\/?page_id=368","og_locale":"fr_FR","og_type":"article","og_title":"Imperm\u00e9abilisants - terredechimie","og_description":"Imperm\u00e9abilisants de Terre de Chimie : solutions chimiques performantes pour prot\u00e9ger et rendre \u00e9tanches les surfaces industrielles, adapt\u00e9es aux besoins professionnels.","og_url":"https:\/\/www.terredechimie.com\/?page_id=368","og_site_name":"terredechimie","article_modified_time":"2026-03-11T19:35:36+00:00","og_image":[{"width":1000,"height":667,"url":"https:\/\/www.terredechimie.com\/wp-content\/uploads\/2025\/12\/323.jpg","type":"image\/jpeg"}],"twitter_card":"summary_large_image","twitter_misc":{"Dur\u00e9e de lecture estim\u00e9e":"1 minute"},"schema":{"@context":"https:\/\/schema.org","@graph":[{"@type":"WebPage","@id":"https:\/\/www.terredechimie.com\/?page_id=368","url":"https:\/\/www.terredechimie.com\/?page_id=368","name":"Imperm\u00e9abilisants - terredechimie","isPartOf":{"@id":"https:\/\/terredechimie.com\/#website"},"primaryImageOfPage":{"@id":"https:\/\/www.terredechimie.com\/?page_id=368#primaryimage"},"image":{"@id":"https:\/\/www.terredechimie.com\/?page_id=368#primaryimage"},"thumbnailUrl":"https:\/\/dev.terredechimie.com\/wp-content\/uploads\/2025\/12\/323.jpg","datePublished":"2025-12-28T15:46:13+00:00","dateModified":"2026-03-11T19:35:36+00:00","description":"Imperm\u00e9abilisants de Terre de Chimie : solutions chimiques performantes pour prot\u00e9ger et rendre \u00e9tanches les surfaces industrielles, adapt\u00e9es aux besoins professionnels.","breadcrumb":{"@id":"https:\/\/www.terredechimie.com\/?page_id=368#breadcrumb"},"inLanguage":"fr-FR","potentialAction":[{"@type":"ReadAction","target":["https:\/\/www.terredechimie.com\/?page_id=368"]}]},{"@type":"ImageObject","inLanguage":"fr-FR","@id":"https:\/\/www.terredechimie.com\/?page_id=368#primaryimage","url":"https:\/\/dev.terredechimie.com\/wp-content\/uploads\/2025\/12\/323.jpg","contentUrl":"https:\/\/dev.terredechimie.com\/wp-content\/uploads\/2025\/12\/323.jpg"},{"@type":"BreadcrumbList","@id":"https:\/\/www.terredechimie.com\/?page_id=368#breadcrumb","itemListElement":[{"@type":"ListItem","position":1,"name":"Accueil","item":"https:\/\/www.terredechimie.com\/"},{"@type":"ListItem","position":2,"name":"Imperm\u00e9abilisants"}]},{"@type":"WebSite","@id":"https:\/\/terredechimie.com\/#website","url":"https:\/\/terredechimie.com\/","name":"terredechimie","description":"","publisher":{"@id":"https:\/\/terredechimie.com\/#organization"},"potentialAction":[{"@type":"SearchAction","target":{"@type":"EntryPoint","urlTemplate":"https:\/\/terredechimie.com\/?s={search_term_string}"},"query-input":{"@type":"PropertyValueSpecification","valueRequired":true,"valueName":"search_term_string"}}],"inLanguage":"fr-FR"},{"@type":"Organization","@id":"https:\/\/terredechimie.com\/#organization","name":"terredechimie","url":"https:\/\/terredechimie.com\/","logo":{"@type":"ImageObject","inLanguage":"fr-FR","@id":"https:\/\/terredechimie.com\/#\/schema\/logo\/image\/","url":"https:\/\/www.terredechimie.com\/wp-content\/uploads\/2025\/12\/cropped-1C360A0B-F00E-4736-8FC4-F7B6AA983F27.png","contentUrl":"https:\/\/www.terredechimie.com\/wp-content\/uploads\/2025\/12\/cropped-1C360A0B-F00E-4736-8FC4-F7B6AA983F27.png","width":773,"height":775,"caption":"terredechimie"},"image":{"@id":"https:\/\/terredechimie.com\/#\/schema\/logo\/image\/"}}]}},"jetpack_sharing_enabled":true,"_links":{"self":[{"href":"https:\/\/www.terredechimie.com\/index.php?rest_route=\/wp\/v2\/pages\/368","targetHints":{"allow":["GET"]}}],"collection":[{"href":"https:\/\/www.terredechimie.com\/index.php?rest_route=\/wp\/v2\/pages"}],"about":[{"href":"https:\/\/www.terredechimie.com\/index.php?rest_route=\/wp\/v2\/types\/page"}],"author":[{"embeddable":true,"href":"https:\/\/www.terredechimie.com\/index.php?rest_route=\/wp\/v2\/users\/1"}],"replies":[{"embeddable":true,"href":"https:\/\/www.terredechimie.com\/index.php?rest_route=%2Fwp%2Fv2%2Fcomments&post=368"}],"version-history":[{"count":6,"href":"https:\/\/www.terredechimie.com\/index.php?rest_route=\/wp\/v2\/pages\/368\/revisions"}],"predecessor-version":[{"id":592,"href":"https:\/\/www.terredechimie.com\/index.php?rest_route=\/wp\/v2\/pages\/368\/revisions\/592"}],"wp:attachment":[{"href":"https:\/\/www.terredechimie.com\/index.php?rest_route=%2Fwp%2Fv2%2Fmedia&parent=368"}],"curies":[{"name":"wp","href":"https:\/\/api.w.org\/{rel}","templated":true}]}}