{"id":367,"date":"2025-12-28T16:46:13","date_gmt":"2025-12-28T15:46:13","guid":{"rendered":"https:\/\/dev.terredechimie.com\/?page_id=367"},"modified":"2025-12-28T18:08:50","modified_gmt":"2025-12-28T17:08:50","slug":"degraissant","status":"publish","type":"page","link":"https:\/\/www.terredechimie.com\/?page_id=367","title":{"rendered":"D\u00e9graissant"},"content":{"rendered":"\n<p>HARD PIN d\u00e9graissant (HARD PIN est un d\u00e9graissant surpuissant ultra-concentr\u00e9)<\/p>\n\n\n\n<p><strong>PRESENTATION<\/strong><br>HARD PIN est une solution d\u00e9graissante tr\u00e8s puissante<\/p>\n\n\n\n<p><strong>DOMAINES D\u2019INTERVENTION<\/strong><br>HARD PIN s\u2019utilise sur tous types de surfaces (carrosserie, sols gras, etc.)<\/p>\n\n\n\n<p><strong>PROPRIETES ET MISE EN \u0152UVRE<\/strong><br>Caract\u00e9ristiques :&nbsp;Liquide limpide<br>HARD PIN doit tout d\u2019abord \u00eatre dilu\u00e9 dans de l\u2019eau froide ou ti\u00e8de \u00e0 hauteur de 5 \u00e0 10%.<br>HARD PIN s\u2019applique soit par pulv\u00e9risation \u00e0 l\u2019abri du soleil, soit en usage manuel.<br>Sur les surfaces tr\u00e8s encrass\u00e9es, vous pouvez laisser agir le produit entre 10 et 15 minutes.<br>Enfin, rincer la surface \u00e0 l\u2019eau.<strong><\/strong><\/p>\n\n\n\n<p><strong>AUTRES UTILISATIONS<\/strong><br>Sur certaines peintures, HARD PIN peut faire office de d\u00e9capant de peintures.<\/p>\n","protected":false},"excerpt":{"rendered":"<p>HARD PIN d\u00e9graissant (HARD PIN est un d\u00e9graissant surpuissant ultra-concentr\u00e9) PRESENTATIONHARD PIN est une solution d\u00e9graissante tr\u00e8s puissante DOMAINES D\u2019INTERVENTIONHARD PIN s\u2019utilise sur tous types de surfaces (carrosserie, sols gras, etc.) PROPRIETES ET MISE EN \u0152UVRECaract\u00e9ristiques :&nbsp;Liquide limpideHARD PIN doit tout d\u2019abord \u00eatre dilu\u00e9 dans de l\u2019eau froide ou ti\u00e8de \u00e0 hauteur de 5 \u00e0 &hellip; <\/p>\n<p class=\"link-more\"><a href=\"https:\/\/www.terredechimie.com\/?page_id=367\" class=\"more-link\">Lire la suite de<span class=\"screen-reader-text\">\u00ab\u00a0D\u00e9graissant\u00a0\u00bb<\/span><\/a><\/p>\n","protected":false},"author":1,"featured_media":0,"parent":0,"menu_order":0,"comment_status":"closed","ping_status":"closed","template":"","meta":{"footnotes":""},"class_list":["post-367","page","type-page","status-publish","hentry"],"yoast_head":"<!-- This site is optimized with the Yoast SEO plugin v26.6 - https:\/\/yoast.com\/wordpress\/plugins\/seo\/ -->\n<title>D\u00e9graissant - terredechimie<\/title>\n<meta name=\"description\" content=\"D\u00e9graissant industriel de Terre de Chimie : solution chimique performante pour \u00e9liminer graisses, huiles et r\u00e9sidus sur surfaces professionnelles.\" \/>\n<meta name=\"robots\" content=\"index, follow, max-snippet:-1, max-image-preview:large, max-video-preview:-1\" \/>\n<link rel=\"canonical\" href=\"https:\/\/dev.terredechimie.com\/?page_id=367\" \/>\n<meta property=\"og:locale\" content=\"fr_FR\" \/>\n<meta property=\"og:type\" content=\"article\" \/>\n<meta property=\"og:title\" content=\"D\u00e9graissant - terredechimie\" \/>\n<meta property=\"og:description\" content=\"D\u00e9graissant industriel de Terre de Chimie : solution chimique performante pour \u00e9liminer graisses, huiles et r\u00e9sidus sur surfaces professionnelles.\" \/>\n<meta property=\"og:url\" content=\"https:\/\/dev.terredechimie.com\/?page_id=367\" \/>\n<meta property=\"og:site_name\" content=\"terredechimie\" \/>\n<meta property=\"article:modified_time\" content=\"2025-12-28T17:08:50+00:00\" \/>\n<meta name=\"twitter:card\" content=\"summary_large_image\" \/>\n<meta name=\"twitter:label1\" content=\"Dur\u00e9e de lecture estim\u00e9e\" \/>\n\t<meta name=\"twitter:data1\" content=\"1 minute\" \/>\n<script type=\"application\/ld+json\" class=\"yoast-schema-graph\">{\"@context\":\"https:\/\/schema.org\",\"@graph\":[{\"@type\":\"WebPage\",\"@id\":\"https:\/\/dev.terredechimie.com\/?page_id=367\",\"url\":\"https:\/\/dev.terredechimie.com\/?page_id=367\",\"name\":\"D\u00e9graissant - terredechimie\",\"isPartOf\":{\"@id\":\"https:\/\/terredechimie.com\/#website\"},\"datePublished\":\"2025-12-28T15:46:13+00:00\",\"dateModified\":\"2025-12-28T17:08:50+00:00\",\"description\":\"D\u00e9graissant industriel de Terre de Chimie : solution chimique performante pour \u00e9liminer graisses, huiles et r\u00e9sidus sur surfaces professionnelles.\",\"breadcrumb\":{\"@id\":\"https:\/\/dev.terredechimie.com\/?page_id=367#breadcrumb\"},\"inLanguage\":\"fr-FR\",\"potentialAction\":[{\"@type\":\"ReadAction\",\"target\":[\"https:\/\/dev.terredechimie.com\/?page_id=367\"]}]},{\"@type\":\"BreadcrumbList\",\"@id\":\"https:\/\/dev.terredechimie.com\/?page_id=367#breadcrumb\",\"itemListElement\":[{\"@type\":\"ListItem\",\"position\":1,\"name\":\"Accueil\",\"item\":\"https:\/\/www.terredechimie.com\/\"},{\"@type\":\"ListItem\",\"position\":2,\"name\":\"D\u00e9graissant\"}]},{\"@type\":\"WebSite\",\"@id\":\"https:\/\/terredechimie.com\/#website\",\"url\":\"https:\/\/terredechimie.com\/\",\"name\":\"terredechimie\",\"description\":\"\",\"publisher\":{\"@id\":\"https:\/\/terredechimie.com\/#organization\"},\"potentialAction\":[{\"@type\":\"SearchAction\",\"target\":{\"@type\":\"EntryPoint\",\"urlTemplate\":\"https:\/\/terredechimie.com\/?s={search_term_string}\"},\"query-input\":{\"@type\":\"PropertyValueSpecification\",\"valueRequired\":true,\"valueName\":\"search_term_string\"}}],\"inLanguage\":\"fr-FR\"},{\"@type\":\"Organization\",\"@id\":\"https:\/\/terredechimie.com\/#organization\",\"name\":\"terredechimie\",\"url\":\"https:\/\/terredechimie.com\/\",\"logo\":{\"@type\":\"ImageObject\",\"inLanguage\":\"fr-FR\",\"@id\":\"https:\/\/terredechimie.com\/#\/schema\/logo\/image\/\",\"url\":\"https:\/\/www.terredechimie.com\/wp-content\/uploads\/2025\/12\/cropped-1C360A0B-F00E-4736-8FC4-F7B6AA983F27.png\",\"contentUrl\":\"https:\/\/www.terredechimie.com\/wp-content\/uploads\/2025\/12\/cropped-1C360A0B-F00E-4736-8FC4-F7B6AA983F27.png\",\"width\":773,\"height\":775,\"caption\":\"terredechimie\"},\"image\":{\"@id\":\"https:\/\/terredechimie.com\/#\/schema\/logo\/image\/\"}}]}<\/script>\n<!-- \/ Yoast SEO plugin. -->","yoast_head_json":{"title":"D\u00e9graissant - terredechimie","description":"D\u00e9graissant industriel de Terre de Chimie : solution chimique performante pour \u00e9liminer graisses, huiles et r\u00e9sidus sur surfaces professionnelles.","robots":{"index":"index","follow":"follow","max-snippet":"max-snippet:-1","max-image-preview":"max-image-preview:large","max-video-preview":"max-video-preview:-1"},"canonical":"https:\/\/dev.terredechimie.com\/?page_id=367","og_locale":"fr_FR","og_type":"article","og_title":"D\u00e9graissant - terredechimie","og_description":"D\u00e9graissant industriel de Terre de Chimie : solution chimique performante pour \u00e9liminer graisses, huiles et r\u00e9sidus sur surfaces professionnelles.","og_url":"https:\/\/dev.terredechimie.com\/?page_id=367","og_site_name":"terredechimie","article_modified_time":"2025-12-28T17:08:50+00:00","twitter_card":"summary_large_image","twitter_misc":{"Dur\u00e9e de lecture estim\u00e9e":"1 minute"},"schema":{"@context":"https:\/\/schema.org","@graph":[{"@type":"WebPage","@id":"https:\/\/dev.terredechimie.com\/?page_id=367","url":"https:\/\/dev.terredechimie.com\/?page_id=367","name":"D\u00e9graissant - terredechimie","isPartOf":{"@id":"https:\/\/terredechimie.com\/#website"},"datePublished":"2025-12-28T15:46:13+00:00","dateModified":"2025-12-28T17:08:50+00:00","description":"D\u00e9graissant industriel de Terre de Chimie : solution chimique performante pour \u00e9liminer graisses, huiles et r\u00e9sidus sur surfaces professionnelles.","breadcrumb":{"@id":"https:\/\/dev.terredechimie.com\/?page_id=367#breadcrumb"},"inLanguage":"fr-FR","potentialAction":[{"@type":"ReadAction","target":["https:\/\/dev.terredechimie.com\/?page_id=367"]}]},{"@type":"BreadcrumbList","@id":"https:\/\/dev.terredechimie.com\/?page_id=367#breadcrumb","itemListElement":[{"@type":"ListItem","position":1,"name":"Accueil","item":"https:\/\/www.terredechimie.com\/"},{"@type":"ListItem","position":2,"name":"D\u00e9graissant"}]},{"@type":"WebSite","@id":"https:\/\/terredechimie.com\/#website","url":"https:\/\/terredechimie.com\/","name":"terredechimie","description":"","publisher":{"@id":"https:\/\/terredechimie.com\/#organization"},"potentialAction":[{"@type":"SearchAction","target":{"@type":"EntryPoint","urlTemplate":"https:\/\/terredechimie.com\/?s={search_term_string}"},"query-input":{"@type":"PropertyValueSpecification","valueRequired":true,"valueName":"search_term_string"}}],"inLanguage":"fr-FR"},{"@type":"Organization","@id":"https:\/\/terredechimie.com\/#organization","name":"terredechimie","url":"https:\/\/terredechimie.com\/","logo":{"@type":"ImageObject","inLanguage":"fr-FR","@id":"https:\/\/terredechimie.com\/#\/schema\/logo\/image\/","url":"https:\/\/www.terredechimie.com\/wp-content\/uploads\/2025\/12\/cropped-1C360A0B-F00E-4736-8FC4-F7B6AA983F27.png","contentUrl":"https:\/\/www.terredechimie.com\/wp-content\/uploads\/2025\/12\/cropped-1C360A0B-F00E-4736-8FC4-F7B6AA983F27.png","width":773,"height":775,"caption":"terredechimie"},"image":{"@id":"https:\/\/terredechimie.com\/#\/schema\/logo\/image\/"}}]}},"jetpack_sharing_enabled":true,"_links":{"self":[{"href":"https:\/\/www.terredechimie.com\/index.php?rest_route=\/wp\/v2\/pages\/367","targetHints":{"allow":["GET"]}}],"collection":[{"href":"https:\/\/www.terredechimie.com\/index.php?rest_route=\/wp\/v2\/pages"}],"about":[{"href":"https:\/\/www.terredechimie.com\/index.php?rest_route=\/wp\/v2\/types\/page"}],"author":[{"embeddable":true,"href":"https:\/\/www.terredechimie.com\/index.php?rest_route=\/wp\/v2\/users\/1"}],"replies":[{"embeddable":true,"href":"https:\/\/www.terredechimie.com\/index.php?rest_route=%2Fwp%2Fv2%2Fcomments&post=367"}],"version-history":[{"count":2,"href":"https:\/\/www.terredechimie.com\/index.php?rest_route=\/wp\/v2\/pages\/367\/revisions"}],"predecessor-version":[{"id":453,"href":"https:\/\/www.terredechimie.com\/index.php?rest_route=\/wp\/v2\/pages\/367\/revisions\/453"}],"wp:attachment":[{"href":"https:\/\/www.terredechimie.com\/index.php?rest_route=%2Fwp%2Fv2%2Fmedia&parent=367"}],"curies":[{"name":"wp","href":"https:\/\/api.w.org\/{rel}","templated":true}]}}