{"id":364,"date":"2025-12-28T16:46:13","date_gmt":"2025-12-28T15:46:13","guid":{"rendered":"https:\/\/dev.terredechimie.com\/?page_id=364"},"modified":"2026-03-11T20:33:20","modified_gmt":"2026-03-11T19:33:20","slug":"vernis-pelables-2","status":"publish","type":"page","link":"https:\/\/www.terredechimie.com\/?page_id=364","title":{"rendered":"Vernis Pelables"},"content":{"rendered":"\n<p>Nous proposons un vernis pelable en base aqueuse, permettant de prot\u00e9ger de fa\u00e7on temporaire les pi\u00e8ces n\u00e9cessitant un traitement partiel.<\/p>\n\n\n\n<div class=\"wp-block-columns is-layout-flex wp-container-core-columns-is-layout-28f84493 wp-block-columns-is-layout-flex\">\n<div class=\"wp-block-column is-layout-flow wp-block-column-is-layout-flow\">\n<figure class=\"wp-block-image size-full is-resized\"><img fetchpriority=\"high\" decoding=\"async\" width=\"1500\" height=\"1001\" src=\"https:\/\/dev.terredechimie.com\/wp-content\/uploads\/2025\/12\/2148023579.jpg\" alt=\"\" class=\"wp-image-407\" style=\"aspect-ratio:1.5015178772205982;width:398px;height:auto\" srcset=\"https:\/\/www.terredechimie.com\/wp-content\/uploads\/2025\/12\/2148023579.jpg 1500w, https:\/\/www.terredechimie.com\/wp-content\/uploads\/2025\/12\/2148023579-300x200.jpg 300w, https:\/\/www.terredechimie.com\/wp-content\/uploads\/2025\/12\/2148023579-1024x683.jpg 1024w\" sizes=\"(max-width: 1500px) 100vw, 1500px\" \/><\/figure>\n\n\n\n<p class=\"has-black-color has-text-color has-medium-font-size\"><a href=\"https:\/\/terredechimie.com\/?page_id=410\" target=\"_blank\" rel=\"noreferrer noopener\">JR 07<\/a><\/p>\n<\/div>\n\n\n\n<div class=\"wp-block-column is-layout-flow wp-block-column-is-layout-flow\">\n<figure class=\"wp-block-image size-full is-resized\"><img decoding=\"async\" width=\"1500\" height=\"1264\" src=\"https:\/\/dev.terredechimie.com\/wp-content\/uploads\/2025\/12\/14664.jpg\" alt=\"\" class=\"wp-image-408\" style=\"aspect-ratio:1.5036781264074464;width:403px;height:auto\" srcset=\"https:\/\/www.terredechimie.com\/wp-content\/uploads\/2025\/12\/14664.jpg 1500w, https:\/\/www.terredechimie.com\/wp-content\/uploads\/2025\/12\/14664-300x253.jpg 300w, https:\/\/www.terredechimie.com\/wp-content\/uploads\/2025\/12\/14664-1024x863.jpg 1024w\" sizes=\"(max-width: 1500px) 100vw, 1500px\" \/><\/figure>\n\n\n\n<p class=\"has-black-color has-text-color has-medium-font-size\"><a href=\"https:\/\/terredechimie.com\/?page_id=411\" target=\"_blank\" rel=\"noreferrer noopener\">JR 12<\/a><\/p>\n<\/div>\n<\/div>\n\n\n\n<p><\/p>\n","protected":false},"excerpt":{"rendered":"<p>Nous proposons un vernis pelable en base aqueuse, permettant de prot\u00e9ger de fa\u00e7on temporaire les pi\u00e8ces n\u00e9cessitant un traitement partiel. JR 07 JR 12<\/p>\n","protected":false},"author":1,"featured_media":0,"parent":0,"menu_order":0,"comment_status":"closed","ping_status":"closed","template":"","meta":{"footnotes":""},"class_list":["post-364","page","type-page","status-publish","hentry"],"yoast_head":"<!-- This site is optimized with the Yoast SEO plugin v26.6 - https:\/\/yoast.com\/wordpress\/plugins\/seo\/ -->\n<title>Vernis Pelables - terredechimie<\/title>\n<meta name=\"description\" content=\"Vernis pelables de Terre de Chimie : solutions chimiques professionnelles pour un film protecteur facile \u00e0 appliquer et \u00e0 retirer, tout en respectant les surfaces.\" \/>\n<meta name=\"robots\" content=\"index, follow, max-snippet:-1, max-image-preview:large, max-video-preview:-1\" \/>\n<link rel=\"canonical\" href=\"https:\/\/www.terredechimie.com\/?page_id=364\" \/>\n<meta property=\"og:locale\" content=\"fr_FR\" \/>\n<meta property=\"og:type\" content=\"article\" \/>\n<meta property=\"og:title\" content=\"Vernis Pelables - terredechimie\" \/>\n<meta property=\"og:description\" content=\"Vernis pelables de Terre de Chimie : solutions chimiques professionnelles pour un film protecteur facile \u00e0 appliquer et \u00e0 retirer, tout en respectant les surfaces.\" \/>\n<meta property=\"og:url\" content=\"https:\/\/www.terredechimie.com\/?page_id=364\" \/>\n<meta property=\"og:site_name\" content=\"terredechimie\" \/>\n<meta property=\"article:modified_time\" content=\"2026-03-11T19:33:20+00:00\" \/>\n<meta property=\"og:image\" content=\"https:\/\/www.terredechimie.com\/wp-content\/uploads\/2025\/12\/2148023579.jpg\" \/>\n\t<meta property=\"og:image:width\" content=\"1500\" \/>\n\t<meta property=\"og:image:height\" content=\"1001\" \/>\n\t<meta property=\"og:image:type\" content=\"image\/jpeg\" \/>\n<meta name=\"twitter:card\" content=\"summary_large_image\" \/>\n<meta name=\"twitter:label1\" content=\"Dur\u00e9e de lecture estim\u00e9e\" \/>\n\t<meta name=\"twitter:data1\" content=\"1 minute\" \/>\n<script type=\"application\/ld+json\" class=\"yoast-schema-graph\">{\"@context\":\"https:\/\/schema.org\",\"@graph\":[{\"@type\":\"WebPage\",\"@id\":\"https:\/\/www.terredechimie.com\/?page_id=364\",\"url\":\"https:\/\/www.terredechimie.com\/?page_id=364\",\"name\":\"Vernis Pelables - terredechimie\",\"isPartOf\":{\"@id\":\"https:\/\/terredechimie.com\/#website\"},\"primaryImageOfPage\":{\"@id\":\"https:\/\/www.terredechimie.com\/?page_id=364#primaryimage\"},\"image\":{\"@id\":\"https:\/\/www.terredechimie.com\/?page_id=364#primaryimage\"},\"thumbnailUrl\":\"https:\/\/dev.terredechimie.com\/wp-content\/uploads\/2025\/12\/2148023579.jpg\",\"datePublished\":\"2025-12-28T15:46:13+00:00\",\"dateModified\":\"2026-03-11T19:33:20+00:00\",\"description\":\"Vernis pelables de Terre de Chimie : solutions chimiques professionnelles pour un film protecteur facile \u00e0 appliquer et \u00e0 retirer, tout en respectant les surfaces.\",\"breadcrumb\":{\"@id\":\"https:\/\/www.terredechimie.com\/?page_id=364#breadcrumb\"},\"inLanguage\":\"fr-FR\",\"potentialAction\":[{\"@type\":\"ReadAction\",\"target\":[\"https:\/\/www.terredechimie.com\/?page_id=364\"]}]},{\"@type\":\"ImageObject\",\"inLanguage\":\"fr-FR\",\"@id\":\"https:\/\/www.terredechimie.com\/?page_id=364#primaryimage\",\"url\":\"https:\/\/dev.terredechimie.com\/wp-content\/uploads\/2025\/12\/2148023579.jpg\",\"contentUrl\":\"https:\/\/dev.terredechimie.com\/wp-content\/uploads\/2025\/12\/2148023579.jpg\"},{\"@type\":\"BreadcrumbList\",\"@id\":\"https:\/\/www.terredechimie.com\/?page_id=364#breadcrumb\",\"itemListElement\":[{\"@type\":\"ListItem\",\"position\":1,\"name\":\"Accueil\",\"item\":\"https:\/\/www.terredechimie.com\/\"},{\"@type\":\"ListItem\",\"position\":2,\"name\":\"Vernis Pelables\"}]},{\"@type\":\"WebSite\",\"@id\":\"https:\/\/terredechimie.com\/#website\",\"url\":\"https:\/\/terredechimie.com\/\",\"name\":\"terredechimie\",\"description\":\"\",\"publisher\":{\"@id\":\"https:\/\/terredechimie.com\/#organization\"},\"potentialAction\":[{\"@type\":\"SearchAction\",\"target\":{\"@type\":\"EntryPoint\",\"urlTemplate\":\"https:\/\/terredechimie.com\/?s={search_term_string}\"},\"query-input\":{\"@type\":\"PropertyValueSpecification\",\"valueRequired\":true,\"valueName\":\"search_term_string\"}}],\"inLanguage\":\"fr-FR\"},{\"@type\":\"Organization\",\"@id\":\"https:\/\/terredechimie.com\/#organization\",\"name\":\"terredechimie\",\"url\":\"https:\/\/terredechimie.com\/\",\"logo\":{\"@type\":\"ImageObject\",\"inLanguage\":\"fr-FR\",\"@id\":\"https:\/\/terredechimie.com\/#\/schema\/logo\/image\/\",\"url\":\"https:\/\/www.terredechimie.com\/wp-content\/uploads\/2025\/12\/cropped-1C360A0B-F00E-4736-8FC4-F7B6AA983F27.png\",\"contentUrl\":\"https:\/\/www.terredechimie.com\/wp-content\/uploads\/2025\/12\/cropped-1C360A0B-F00E-4736-8FC4-F7B6AA983F27.png\",\"width\":773,\"height\":775,\"caption\":\"terredechimie\"},\"image\":{\"@id\":\"https:\/\/terredechimie.com\/#\/schema\/logo\/image\/\"}}]}<\/script>\n<!-- \/ Yoast SEO plugin. -->","yoast_head_json":{"title":"Vernis Pelables - terredechimie","description":"Vernis pelables de Terre de Chimie : solutions chimiques professionnelles pour un film protecteur facile \u00e0 appliquer et \u00e0 retirer, tout en respectant les surfaces.","robots":{"index":"index","follow":"follow","max-snippet":"max-snippet:-1","max-image-preview":"max-image-preview:large","max-video-preview":"max-video-preview:-1"},"canonical":"https:\/\/www.terredechimie.com\/?page_id=364","og_locale":"fr_FR","og_type":"article","og_title":"Vernis Pelables - terredechimie","og_description":"Vernis pelables de Terre de Chimie : solutions chimiques professionnelles pour un film protecteur facile \u00e0 appliquer et \u00e0 retirer, tout en respectant les surfaces.","og_url":"https:\/\/www.terredechimie.com\/?page_id=364","og_site_name":"terredechimie","article_modified_time":"2026-03-11T19:33:20+00:00","og_image":[{"width":1500,"height":1001,"url":"https:\/\/www.terredechimie.com\/wp-content\/uploads\/2025\/12\/2148023579.jpg","type":"image\/jpeg"}],"twitter_card":"summary_large_image","twitter_misc":{"Dur\u00e9e de lecture estim\u00e9e":"1 minute"},"schema":{"@context":"https:\/\/schema.org","@graph":[{"@type":"WebPage","@id":"https:\/\/www.terredechimie.com\/?page_id=364","url":"https:\/\/www.terredechimie.com\/?page_id=364","name":"Vernis Pelables - terredechimie","isPartOf":{"@id":"https:\/\/terredechimie.com\/#website"},"primaryImageOfPage":{"@id":"https:\/\/www.terredechimie.com\/?page_id=364#primaryimage"},"image":{"@id":"https:\/\/www.terredechimie.com\/?page_id=364#primaryimage"},"thumbnailUrl":"https:\/\/dev.terredechimie.com\/wp-content\/uploads\/2025\/12\/2148023579.jpg","datePublished":"2025-12-28T15:46:13+00:00","dateModified":"2026-03-11T19:33:20+00:00","description":"Vernis pelables de Terre de Chimie : solutions chimiques professionnelles pour un film protecteur facile \u00e0 appliquer et \u00e0 retirer, tout en respectant les surfaces.","breadcrumb":{"@id":"https:\/\/www.terredechimie.com\/?page_id=364#breadcrumb"},"inLanguage":"fr-FR","potentialAction":[{"@type":"ReadAction","target":["https:\/\/www.terredechimie.com\/?page_id=364"]}]},{"@type":"ImageObject","inLanguage":"fr-FR","@id":"https:\/\/www.terredechimie.com\/?page_id=364#primaryimage","url":"https:\/\/dev.terredechimie.com\/wp-content\/uploads\/2025\/12\/2148023579.jpg","contentUrl":"https:\/\/dev.terredechimie.com\/wp-content\/uploads\/2025\/12\/2148023579.jpg"},{"@type":"BreadcrumbList","@id":"https:\/\/www.terredechimie.com\/?page_id=364#breadcrumb","itemListElement":[{"@type":"ListItem","position":1,"name":"Accueil","item":"https:\/\/www.terredechimie.com\/"},{"@type":"ListItem","position":2,"name":"Vernis Pelables"}]},{"@type":"WebSite","@id":"https:\/\/terredechimie.com\/#website","url":"https:\/\/terredechimie.com\/","name":"terredechimie","description":"","publisher":{"@id":"https:\/\/terredechimie.com\/#organization"},"potentialAction":[{"@type":"SearchAction","target":{"@type":"EntryPoint","urlTemplate":"https:\/\/terredechimie.com\/?s={search_term_string}"},"query-input":{"@type":"PropertyValueSpecification","valueRequired":true,"valueName":"search_term_string"}}],"inLanguage":"fr-FR"},{"@type":"Organization","@id":"https:\/\/terredechimie.com\/#organization","name":"terredechimie","url":"https:\/\/terredechimie.com\/","logo":{"@type":"ImageObject","inLanguage":"fr-FR","@id":"https:\/\/terredechimie.com\/#\/schema\/logo\/image\/","url":"https:\/\/www.terredechimie.com\/wp-content\/uploads\/2025\/12\/cropped-1C360A0B-F00E-4736-8FC4-F7B6AA983F27.png","contentUrl":"https:\/\/www.terredechimie.com\/wp-content\/uploads\/2025\/12\/cropped-1C360A0B-F00E-4736-8FC4-F7B6AA983F27.png","width":773,"height":775,"caption":"terredechimie"},"image":{"@id":"https:\/\/terredechimie.com\/#\/schema\/logo\/image\/"}}]}},"jetpack_sharing_enabled":true,"_links":{"self":[{"href":"https:\/\/www.terredechimie.com\/index.php?rest_route=\/wp\/v2\/pages\/364","targetHints":{"allow":["GET"]}}],"collection":[{"href":"https:\/\/www.terredechimie.com\/index.php?rest_route=\/wp\/v2\/pages"}],"about":[{"href":"https:\/\/www.terredechimie.com\/index.php?rest_route=\/wp\/v2\/types\/page"}],"author":[{"embeddable":true,"href":"https:\/\/www.terredechimie.com\/index.php?rest_route=\/wp\/v2\/users\/1"}],"replies":[{"embeddable":true,"href":"https:\/\/www.terredechimie.com\/index.php?rest_route=%2Fwp%2Fv2%2Fcomments&post=364"}],"version-history":[{"count":5,"href":"https:\/\/www.terredechimie.com\/index.php?rest_route=\/wp\/v2\/pages\/364\/revisions"}],"predecessor-version":[{"id":590,"href":"https:\/\/www.terredechimie.com\/index.php?rest_route=\/wp\/v2\/pages\/364\/revisions\/590"}],"wp:attachment":[{"href":"https:\/\/www.terredechimie.com\/index.php?rest_route=%2Fwp%2Fv2%2Fmedia&parent=364"}],"curies":[{"name":"wp","href":"https:\/\/api.w.org\/{rel}","templated":true}]}}