{"id":355,"date":"2025-12-28T16:36:33","date_gmt":"2025-12-28T15:36:33","guid":{"rendered":"https:\/\/dev.terredechimie.com\/?page_id=355"},"modified":"2026-03-11T20:58:09","modified_gmt":"2026-03-11T19:58:09","slug":"traitement-2","status":"publish","type":"page","link":"https:\/\/www.terredechimie.com\/?page_id=355","title":{"rendered":"Traitement"},"content":{"rendered":"\n<p>Vernis et produits de traitement<\/p>\n\n\n\n<div class=\"wp-block-columns is-layout-flex wp-container-core-columns-is-layout-28f84493 wp-block-columns-is-layout-flex\">\n<div class=\"wp-block-column is-layout-flow wp-block-column-is-layout-flow\">\n<figure class=\"wp-block-image size-large is-resized\"><img fetchpriority=\"high\" decoding=\"async\" width=\"1024\" height=\"683\" src=\"https:\/\/www.terredechimie.com\/wp-content\/uploads\/2025\/12\/554-1024x683.jpg\" alt=\"\" class=\"wp-image-392\" style=\"aspect-ratio:1.5015178772205982;width:398px;height:auto\" srcset=\"https:\/\/www.terredechimie.com\/wp-content\/uploads\/2025\/12\/554-1024x683.jpg 1024w, https:\/\/www.terredechimie.com\/wp-content\/uploads\/2025\/12\/554-300x200.jpg 300w, https:\/\/www.terredechimie.com\/wp-content\/uploads\/2025\/12\/554.jpg 1500w\" sizes=\"(max-width: 1024px) 100vw, 1024px\" \/><\/figure>\n\n\n\n<p class=\"has-black-color has-text-color has-medium-font-size\"><a href=\"https:\/\/terredechimie.com\/?page_id=364\" target=\"_blank\" rel=\"noreferrer noopener\">Vernis Pelables<\/a><\/p>\n\n\n\n<p class=\"has-text-color\" style=\"color:#7a7a7a\">Pour la protection temporaire de toutes les surfaces m\u00e9talliques<\/p>\n<\/div>\n\n\n\n<div class=\"wp-block-column is-layout-flow wp-block-column-is-layout-flow\">\n<figure class=\"wp-block-image size-large is-resized\"><img decoding=\"async\" width=\"1024\" height=\"683\" src=\"https:\/\/www.terredechimie.com\/wp-content\/uploads\/2025\/12\/2148263594-1024x683.jpg\" alt=\"\" class=\"wp-image-393\" style=\"aspect-ratio:1.5036781264074464;width:403px;height:auto\" srcset=\"https:\/\/www.terredechimie.com\/wp-content\/uploads\/2025\/12\/2148263594-1024x683.jpg 1024w, https:\/\/www.terredechimie.com\/wp-content\/uploads\/2025\/12\/2148263594-300x200.jpg 300w, https:\/\/www.terredechimie.com\/wp-content\/uploads\/2025\/12\/2148263594.jpg 1500w\" sizes=\"(max-width: 1024px) 100vw, 1024px\" \/><\/figure>\n\n\n\n<p class=\"has-black-color has-text-color has-medium-font-size\"><a href=\"https:\/\/terredechimie.com\/?page_id=365\">Vernis \u00c9pargne<\/a><\/p>\n\n\n\n<p class=\"has-text-color\" style=\"color:#7a7a7a\">Protection des surfaces \u00e0 ne pas traiter, lors d&rsquo;une mise en couleur <\/p>\n<\/div>\n\n\n\n<div class=\"wp-block-column is-layout-flow wp-block-column-is-layout-flow\">\n<div class=\"wp-block-group has-global-padding is-layout-constrained wp-block-group-is-layout-constrained\">\n<figure class=\"wp-block-image size-large is-resized\"><img decoding=\"async\" width=\"1024\" height=\"683\" src=\"https:\/\/www.terredechimie.com\/wp-content\/uploads\/2025\/12\/2149091223-1024x683.jpg\" alt=\"\" class=\"wp-image-395\" style=\"aspect-ratio:1.5015178772205982;width:402px;height:auto\" srcset=\"https:\/\/www.terredechimie.com\/wp-content\/uploads\/2025\/12\/2149091223-1024x683.jpg 1024w, https:\/\/www.terredechimie.com\/wp-content\/uploads\/2025\/12\/2149091223-300x200.jpg 300w, https:\/\/www.terredechimie.com\/wp-content\/uploads\/2025\/12\/2149091223.jpg 1500w\" sizes=\"(max-width: 1024px) 100vw, 1024px\" \/><\/figure>\n\n\n\n<p class=\"has-black-color has-text-color has-medium-font-size\"><a href=\"https:\/\/terredechimie.com\/?page_id=366\" target=\"_blank\" rel=\"noreferrer noopener\">Traitement du Bois<\/a><\/p>\n\n\n\n<p class=\"has-text-color\" style=\"color:#7a7a7a\">Notre gamme pour le traitement et l&rsquo;entretien des bois<\/p>\n<\/div>\n<\/div>\n<\/div>\n\n\n\n<div class=\"wp-block-columns is-layout-flex wp-container-core-columns-is-layout-28f84493 wp-block-columns-is-layout-flex\">\n<div class=\"wp-block-column is-layout-flow wp-block-column-is-layout-flow\">\n<figure class=\"wp-block-image size-large is-resized\"><img loading=\"lazy\" decoding=\"async\" width=\"1024\" height=\"683\" src=\"https:\/\/www.terredechimie.com\/wp-content\/uploads\/2025\/12\/8418980-1024x683.jpg\" alt=\"\" class=\"wp-image-396\" style=\"aspect-ratio:1.5015178772205982;width:398px;height:auto\" srcset=\"https:\/\/www.terredechimie.com\/wp-content\/uploads\/2025\/12\/8418980-1024x683.jpg 1024w, https:\/\/www.terredechimie.com\/wp-content\/uploads\/2025\/12\/8418980-300x200.jpg 300w, https:\/\/www.terredechimie.com\/wp-content\/uploads\/2025\/12\/8418980.jpg 1500w\" sizes=\"(max-width: 1024px) 100vw, 1024px\" \/><\/figure>\n\n\n\n<p class=\"has-black-color has-text-color has-medium-font-size\"><a href=\"https:\/\/terredechimie.com\/?page_id=367\" target=\"_blank\" rel=\"noreferrer noopener\">D\u00e9graissant<\/a><\/p>\n\n\n\n<p class=\"has-text-color\" style=\"color:#7a7a7a\">D\u00e9graissant alimentaire surpuissant<\/p>\n<\/div>\n\n\n\n<div class=\"wp-block-column is-layout-flow wp-block-column-is-layout-flow\">\n<figure class=\"wp-block-image size-large is-resized\"><img loading=\"lazy\" decoding=\"async\" width=\"1024\" height=\"683\" src=\"https:\/\/www.terredechimie.com\/wp-content\/uploads\/2025\/12\/38592-1024x683.jpg\" alt=\"\" class=\"wp-image-397\" style=\"aspect-ratio:1.5036781264074464;width:403px;height:auto\" srcset=\"https:\/\/www.terredechimie.com\/wp-content\/uploads\/2025\/12\/38592-1024x683.jpg 1024w, https:\/\/www.terredechimie.com\/wp-content\/uploads\/2025\/12\/38592-300x200.jpg 300w, https:\/\/www.terredechimie.com\/wp-content\/uploads\/2025\/12\/38592.jpg 1500w\" sizes=\"(max-width: 1024px) 100vw, 1024px\" \/><\/figure>\n\n\n\n<p class=\"has-black-color has-text-color has-medium-font-size\"><a href=\"https:\/\/terredechimie.com\/?page_id=368\" target=\"_blank\" rel=\"noreferrer noopener\">Imperm\u00e9abilisants<\/a><\/p>\n\n\n\n<p class=\"has-text-color\" style=\"color:#7a7a7a\">Notre gamme d&rsquo;imperm\u00e9abilisants hydrofuges<\/p>\n<\/div>\n\n\n\n<div class=\"wp-block-column is-layout-flow wp-block-column-is-layout-flow\">\n<div class=\"wp-block-group has-global-padding is-layout-constrained wp-block-group-is-layout-constrained\">\n<figure class=\"wp-block-image size-large is-resized\"><img loading=\"lazy\" decoding=\"async\" width=\"1024\" height=\"580\" src=\"https:\/\/www.terredechimie.com\/wp-content\/uploads\/2025\/12\/nettoyage-toiture-77-1024x580.jpg\" alt=\"\" class=\"wp-image-399\" style=\"aspect-ratio:1.5015178772205982;width:402px;height:auto\" srcset=\"https:\/\/www.terredechimie.com\/wp-content\/uploads\/2025\/12\/nettoyage-toiture-77-1024x580.jpg 1024w, https:\/\/www.terredechimie.com\/wp-content\/uploads\/2025\/12\/nettoyage-toiture-77-300x170.jpg 300w, https:\/\/www.terredechimie.com\/wp-content\/uploads\/2025\/12\/nettoyage-toiture-77.jpg 1199w\" sizes=\"(max-width: 1024px) 100vw, 1024px\" \/><\/figure>\n\n\n\n<p class=\"has-black-color has-text-color has-medium-font-size\"><a href=\"https:\/\/terredechimie.com\/?page_id=370\" target=\"_blank\" rel=\"noreferrer noopener\">D\u00e9moussant Ext\u00e9rieur<\/a><\/p>\n\n\n\n<p class=\"has-text-color\" style=\"color:#7a7a7a\">D\u00e9moussant de toitures et fa\u00e7ades<\/p>\n<\/div>\n<\/div>\n<\/div>\n\n\n\n<div class=\"wp-block-columns is-layout-flex wp-container-core-columns-is-layout-28f84493 wp-block-columns-is-layout-flex\">\n<div class=\"wp-block-column is-layout-flow wp-block-column-is-layout-flow\">\n<figure class=\"wp-block-image size-full is-resized\"><img loading=\"lazy\" decoding=\"async\" width=\"1000\" height=\"668\" src=\"https:\/\/www.terredechimie.com\/wp-content\/uploads\/2025\/12\/2148796604-1.jpg\" alt=\"\" class=\"wp-image-400\" style=\"aspect-ratio:1.5015178772205982;width:398px;height:auto\" srcset=\"https:\/\/www.terredechimie.com\/wp-content\/uploads\/2025\/12\/2148796604-1.jpg 1000w, https:\/\/www.terredechimie.com\/wp-content\/uploads\/2025\/12\/2148796604-1-300x200.jpg 300w\" sizes=\"(max-width: 1000px) 100vw, 1000px\" \/><\/figure>\n\n\n\n<p class=\"has-black-color has-text-color has-medium-font-size\"><a href=\"https:\/\/terredechimie.com\/?page_id=371\" target=\"_blank\" rel=\"noreferrer noopener\">Convertisseur de Rouille<\/a><\/p>\n\n\n\n<p class=\"has-text-color\" style=\"color:#7a7a7a\">Permet de stopper la rouille et de la transformer en base d&rsquo;accrochage<\/p>\n<\/div>\n\n\n\n<div class=\"wp-block-column is-layout-flow wp-block-column-is-layout-flow\">\n<figure class=\"wp-block-image size-large is-resized\"><img loading=\"lazy\" decoding=\"async\" width=\"1024\" height=\"683\" src=\"https:\/\/www.terredechimie.com\/wp-content\/uploads\/2025\/12\/313718-1024x683.jpg\" alt=\"\" class=\"wp-image-401\" style=\"aspect-ratio:1.5036781264074464;width:403px;height:auto\" srcset=\"https:\/\/www.terredechimie.com\/wp-content\/uploads\/2025\/12\/313718-1024x683.jpg 1024w, https:\/\/www.terredechimie.com\/wp-content\/uploads\/2025\/12\/313718-300x200.jpg 300w, https:\/\/www.terredechimie.com\/wp-content\/uploads\/2025\/12\/313718.jpg 1500w\" sizes=\"(max-width: 1024px) 100vw, 1024px\" \/><\/figure>\n\n\n\n<p class=\"has-black-color has-text-color has-medium-font-size\"><a href=\"https:\/\/terredechimie.com\/?page_id=372\" target=\"_blank\" rel=\"noreferrer noopener\">Tampons d&rsquo;Essuyage<\/a><\/p>\n\n\n\n<p class=\"has-text-color\" style=\"color:#7a7a7a\">Enl\u00e8ve la poussi\u00e8re et autres imperfections<\/p>\n<\/div>\n<\/div>\n\n\n\n<p><\/p>\n","protected":false},"excerpt":{"rendered":"<p>Vernis et produits de traitement Vernis Pelables Pour la protection temporaire de toutes les surfaces m\u00e9talliques Vernis \u00c9pargne Protection des surfaces \u00e0 ne pas traiter, lors d&rsquo;une mise en couleur Traitement du Bois Notre gamme pour le traitement et l&rsquo;entretien des bois D\u00e9graissant D\u00e9graissant alimentaire surpuissant Imperm\u00e9abilisants Notre gamme d&rsquo;imperm\u00e9abilisants hydrofuges D\u00e9moussant Ext\u00e9rieur D\u00e9moussant de &hellip; <\/p>\n<p class=\"link-more\"><a href=\"https:\/\/www.terredechimie.com\/?page_id=355\" class=\"more-link\">Lire la suite de<span class=\"screen-reader-text\">\u00ab\u00a0Traitement\u00a0\u00bb<\/span><\/a><\/p>\n","protected":false},"author":1,"featured_media":0,"parent":0,"menu_order":0,"comment_status":"closed","ping_status":"closed","template":"","meta":{"footnotes":""},"class_list":["post-355","page","type-page","status-publish","hentry"],"yoast_head":"<!-- This site is optimized with the Yoast SEO plugin v26.6 - https:\/\/yoast.com\/wordpress\/plugins\/seo\/ -->\n<title>Traitement - terredechimie<\/title>\n<meta name=\"description\" content=\"Solutions de traitement chimique industriel performantes, formul\u00e9es pour optimiser et ma\u00eetriser vos proc\u00e9d\u00e9s de traitement de surface en environnement professionnel.\" \/>\n<meta name=\"robots\" content=\"index, follow, max-snippet:-1, max-image-preview:large, max-video-preview:-1\" \/>\n<link rel=\"canonical\" href=\"https:\/\/www.terredechimie.com\/?page_id=355\" \/>\n<meta property=\"og:locale\" content=\"fr_FR\" \/>\n<meta property=\"og:type\" content=\"article\" \/>\n<meta property=\"og:title\" content=\"Traitement - terredechimie\" \/>\n<meta property=\"og:description\" content=\"Solutions de traitement chimique industriel performantes, formul\u00e9es pour optimiser et ma\u00eetriser vos proc\u00e9d\u00e9s de traitement de surface en environnement professionnel.\" \/>\n<meta property=\"og:url\" content=\"https:\/\/www.terredechimie.com\/?page_id=355\" \/>\n<meta property=\"og:site_name\" content=\"terredechimie\" \/>\n<meta property=\"article:modified_time\" content=\"2026-03-11T19:58:09+00:00\" \/>\n<meta property=\"og:image\" content=\"https:\/\/www.terredechimie.com\/wp-content\/uploads\/2025\/12\/554.jpg\" \/>\n\t<meta property=\"og:image:width\" content=\"1500\" \/>\n\t<meta property=\"og:image:height\" content=\"1000\" \/>\n\t<meta property=\"og:image:type\" content=\"image\/jpeg\" \/>\n<meta name=\"twitter:card\" content=\"summary_large_image\" \/>\n<meta name=\"twitter:label1\" content=\"Dur\u00e9e de lecture estim\u00e9e\" \/>\n\t<meta name=\"twitter:data1\" content=\"3 minutes\" \/>\n<script type=\"application\/ld+json\" class=\"yoast-schema-graph\">{\"@context\":\"https:\/\/schema.org\",\"@graph\":[{\"@type\":\"WebPage\",\"@id\":\"https:\/\/www.terredechimie.com\/?page_id=355\",\"url\":\"https:\/\/www.terredechimie.com\/?page_id=355\",\"name\":\"Traitement - terredechimie\",\"isPartOf\":{\"@id\":\"https:\/\/terredechimie.com\/#website\"},\"primaryImageOfPage\":{\"@id\":\"https:\/\/www.terredechimie.com\/?page_id=355#primaryimage\"},\"image\":{\"@id\":\"https:\/\/www.terredechimie.com\/?page_id=355#primaryimage\"},\"thumbnailUrl\":\"https:\/\/www.terredechimie.com\/wp-content\/uploads\/2025\/12\/554-1024x683.jpg\",\"datePublished\":\"2025-12-28T15:36:33+00:00\",\"dateModified\":\"2026-03-11T19:58:09+00:00\",\"description\":\"Solutions de traitement chimique industriel performantes, formul\u00e9es pour optimiser et ma\u00eetriser vos proc\u00e9d\u00e9s de traitement de surface en environnement professionnel.\",\"breadcrumb\":{\"@id\":\"https:\/\/www.terredechimie.com\/?page_id=355#breadcrumb\"},\"inLanguage\":\"fr-FR\",\"potentialAction\":[{\"@type\":\"ReadAction\",\"target\":[\"https:\/\/www.terredechimie.com\/?page_id=355\"]}]},{\"@type\":\"ImageObject\",\"inLanguage\":\"fr-FR\",\"@id\":\"https:\/\/www.terredechimie.com\/?page_id=355#primaryimage\",\"url\":\"https:\/\/www.terredechimie.com\/wp-content\/uploads\/2025\/12\/554.jpg\",\"contentUrl\":\"https:\/\/www.terredechimie.com\/wp-content\/uploads\/2025\/12\/554.jpg\",\"width\":1500,\"height\":1000},{\"@type\":\"BreadcrumbList\",\"@id\":\"https:\/\/www.terredechimie.com\/?page_id=355#breadcrumb\",\"itemListElement\":[{\"@type\":\"ListItem\",\"position\":1,\"name\":\"Accueil\",\"item\":\"https:\/\/www.terredechimie.com\/\"},{\"@type\":\"ListItem\",\"position\":2,\"name\":\"Traitement\"}]},{\"@type\":\"WebSite\",\"@id\":\"https:\/\/terredechimie.com\/#website\",\"url\":\"https:\/\/terredechimie.com\/\",\"name\":\"terredechimie\",\"description\":\"\",\"publisher\":{\"@id\":\"https:\/\/terredechimie.com\/#organization\"},\"potentialAction\":[{\"@type\":\"SearchAction\",\"target\":{\"@type\":\"EntryPoint\",\"urlTemplate\":\"https:\/\/terredechimie.com\/?s={search_term_string}\"},\"query-input\":{\"@type\":\"PropertyValueSpecification\",\"valueRequired\":true,\"valueName\":\"search_term_string\"}}],\"inLanguage\":\"fr-FR\"},{\"@type\":\"Organization\",\"@id\":\"https:\/\/terredechimie.com\/#organization\",\"name\":\"terredechimie\",\"url\":\"https:\/\/terredechimie.com\/\",\"logo\":{\"@type\":\"ImageObject\",\"inLanguage\":\"fr-FR\",\"@id\":\"https:\/\/terredechimie.com\/#\/schema\/logo\/image\/\",\"url\":\"https:\/\/www.terredechimie.com\/wp-content\/uploads\/2025\/12\/cropped-1C360A0B-F00E-4736-8FC4-F7B6AA983F27.png\",\"contentUrl\":\"https:\/\/www.terredechimie.com\/wp-content\/uploads\/2025\/12\/cropped-1C360A0B-F00E-4736-8FC4-F7B6AA983F27.png\",\"width\":773,\"height\":775,\"caption\":\"terredechimie\"},\"image\":{\"@id\":\"https:\/\/terredechimie.com\/#\/schema\/logo\/image\/\"}}]}<\/script>\n<!-- \/ Yoast SEO plugin. -->","yoast_head_json":{"title":"Traitement - terredechimie","description":"Solutions de traitement chimique industriel performantes, formul\u00e9es pour optimiser et ma\u00eetriser vos proc\u00e9d\u00e9s de traitement de surface en environnement professionnel.","robots":{"index":"index","follow":"follow","max-snippet":"max-snippet:-1","max-image-preview":"max-image-preview:large","max-video-preview":"max-video-preview:-1"},"canonical":"https:\/\/www.terredechimie.com\/?page_id=355","og_locale":"fr_FR","og_type":"article","og_title":"Traitement - terredechimie","og_description":"Solutions de traitement chimique industriel performantes, formul\u00e9es pour optimiser et ma\u00eetriser vos proc\u00e9d\u00e9s de traitement de surface en environnement professionnel.","og_url":"https:\/\/www.terredechimie.com\/?page_id=355","og_site_name":"terredechimie","article_modified_time":"2026-03-11T19:58:09+00:00","og_image":[{"width":1500,"height":1000,"url":"https:\/\/www.terredechimie.com\/wp-content\/uploads\/2025\/12\/554.jpg","type":"image\/jpeg"}],"twitter_card":"summary_large_image","twitter_misc":{"Dur\u00e9e de lecture estim\u00e9e":"3 minutes"},"schema":{"@context":"https:\/\/schema.org","@graph":[{"@type":"WebPage","@id":"https:\/\/www.terredechimie.com\/?page_id=355","url":"https:\/\/www.terredechimie.com\/?page_id=355","name":"Traitement - terredechimie","isPartOf":{"@id":"https:\/\/terredechimie.com\/#website"},"primaryImageOfPage":{"@id":"https:\/\/www.terredechimie.com\/?page_id=355#primaryimage"},"image":{"@id":"https:\/\/www.terredechimie.com\/?page_id=355#primaryimage"},"thumbnailUrl":"https:\/\/www.terredechimie.com\/wp-content\/uploads\/2025\/12\/554-1024x683.jpg","datePublished":"2025-12-28T15:36:33+00:00","dateModified":"2026-03-11T19:58:09+00:00","description":"Solutions de traitement chimique industriel performantes, formul\u00e9es pour optimiser et ma\u00eetriser vos proc\u00e9d\u00e9s de traitement de surface en environnement professionnel.","breadcrumb":{"@id":"https:\/\/www.terredechimie.com\/?page_id=355#breadcrumb"},"inLanguage":"fr-FR","potentialAction":[{"@type":"ReadAction","target":["https:\/\/www.terredechimie.com\/?page_id=355"]}]},{"@type":"ImageObject","inLanguage":"fr-FR","@id":"https:\/\/www.terredechimie.com\/?page_id=355#primaryimage","url":"https:\/\/www.terredechimie.com\/wp-content\/uploads\/2025\/12\/554.jpg","contentUrl":"https:\/\/www.terredechimie.com\/wp-content\/uploads\/2025\/12\/554.jpg","width":1500,"height":1000},{"@type":"BreadcrumbList","@id":"https:\/\/www.terredechimie.com\/?page_id=355#breadcrumb","itemListElement":[{"@type":"ListItem","position":1,"name":"Accueil","item":"https:\/\/www.terredechimie.com\/"},{"@type":"ListItem","position":2,"name":"Traitement"}]},{"@type":"WebSite","@id":"https:\/\/terredechimie.com\/#website","url":"https:\/\/terredechimie.com\/","name":"terredechimie","description":"","publisher":{"@id":"https:\/\/terredechimie.com\/#organization"},"potentialAction":[{"@type":"SearchAction","target":{"@type":"EntryPoint","urlTemplate":"https:\/\/terredechimie.com\/?s={search_term_string}"},"query-input":{"@type":"PropertyValueSpecification","valueRequired":true,"valueName":"search_term_string"}}],"inLanguage":"fr-FR"},{"@type":"Organization","@id":"https:\/\/terredechimie.com\/#organization","name":"terredechimie","url":"https:\/\/terredechimie.com\/","logo":{"@type":"ImageObject","inLanguage":"fr-FR","@id":"https:\/\/terredechimie.com\/#\/schema\/logo\/image\/","url":"https:\/\/www.terredechimie.com\/wp-content\/uploads\/2025\/12\/cropped-1C360A0B-F00E-4736-8FC4-F7B6AA983F27.png","contentUrl":"https:\/\/www.terredechimie.com\/wp-content\/uploads\/2025\/12\/cropped-1C360A0B-F00E-4736-8FC4-F7B6AA983F27.png","width":773,"height":775,"caption":"terredechimie"},"image":{"@id":"https:\/\/terredechimie.com\/#\/schema\/logo\/image\/"}}]}},"jetpack_sharing_enabled":true,"_links":{"self":[{"href":"https:\/\/www.terredechimie.com\/index.php?rest_route=\/wp\/v2\/pages\/355","targetHints":{"allow":["GET"]}}],"collection":[{"href":"https:\/\/www.terredechimie.com\/index.php?rest_route=\/wp\/v2\/pages"}],"about":[{"href":"https:\/\/www.terredechimie.com\/index.php?rest_route=\/wp\/v2\/types\/page"}],"author":[{"embeddable":true,"href":"https:\/\/www.terredechimie.com\/index.php?rest_route=\/wp\/v2\/users\/1"}],"replies":[{"embeddable":true,"href":"https:\/\/www.terredechimie.com\/index.php?rest_route=%2Fwp%2Fv2%2Fcomments&post=355"}],"version-history":[{"count":8,"href":"https:\/\/www.terredechimie.com\/index.php?rest_route=\/wp\/v2\/pages\/355\/revisions"}],"predecessor-version":[{"id":609,"href":"https:\/\/www.terredechimie.com\/index.php?rest_route=\/wp\/v2\/pages\/355\/revisions\/609"}],"wp:attachment":[{"href":"https:\/\/www.terredechimie.com\/index.php?rest_route=%2Fwp%2Fv2%2Fmedia&parent=355"}],"curies":[{"name":"wp","href":"https:\/\/api.w.org\/{rel}","templated":true}]}}