{"id":306,"date":"2025-12-28T14:06:43","date_gmt":"2025-12-28T13:06:43","guid":{"rendered":"https:\/\/dev.terredechimie.com\/?page_id=306"},"modified":"2025-12-28T14:12:20","modified_gmt":"2025-12-28T13:12:20","slug":"decapant-alcalin-a-chaud-kst","status":"publish","type":"page","link":"https:\/\/www.terredechimie.com\/?page_id=306","title":{"rendered":"D\u00e9capant alcalin \u00e0 chaud KST"},"content":{"rendered":"\n<p>M\u00e9lange d&rsquo;hdroxyde de potassium en solution, de s\u00e9questrants puissants, de tensio-actifs et produit de rin\u00e7age.<\/p>\n\n\n\n<p><strong>PRESENTATION<\/strong><\/p>\n\n\n\n<p>D\u00e9capant alcalin \u00e0 chaud.\u00a0D\u00e9capant de peinture.<\/p>\n\n\n\n<p><strong>PROPRIETES ET MISE EN \u0152UVRE<\/strong><br>Caract\u00e9ristiques :\u00a0Liquide l\u00e9g\u00e8rement sirupeux de couleur jaune tr\u00e8s clair.<br>KST s\u2019utilise au tremp\u00e9.<br>Il se manipule en dilution \u00e0 50% dans de l&rsquo;eau et peut \u00eatre chauff\u00e9 jusqu\u2019\u00e0 100\u00b0C. Dans ce cas, il faudra compenser les pertes par \u00e9vaporation en ajoutant de l\u2019eau.<br>KST a une double action : il d\u00e9cape et, pour les pi\u00e8ces faiblement oxyd\u00e9es, il a une activit\u00e9 de d\u00e9rouillage.<\/p>\n\n\n\n<p><\/p>\n","protected":false},"excerpt":{"rendered":"<p>M\u00e9lange d&rsquo;hdroxyde de potassium en solution, de s\u00e9questrants puissants, de tensio-actifs et produit de rin\u00e7age. PRESENTATION D\u00e9capant alcalin \u00e0 chaud.\u00a0D\u00e9capant de peinture. PROPRIETES ET MISE EN \u0152UVRECaract\u00e9ristiques :\u00a0Liquide l\u00e9g\u00e8rement sirupeux de couleur jaune tr\u00e8s clair.KST s\u2019utilise au tremp\u00e9.Il se manipule en dilution \u00e0 50% dans de l&rsquo;eau et peut \u00eatre chauff\u00e9 jusqu\u2019\u00e0 100\u00b0C. Dans ce &hellip; <\/p>\n<p class=\"link-more\"><a href=\"https:\/\/www.terredechimie.com\/?page_id=306\" class=\"more-link\">Lire la suite de<span class=\"screen-reader-text\">\u00ab\u00a0D\u00e9capant alcalin \u00e0 chaud KST\u00a0\u00bb<\/span><\/a><\/p>\n","protected":false},"author":1,"featured_media":0,"parent":0,"menu_order":0,"comment_status":"closed","ping_status":"closed","template":"","meta":{"footnotes":""},"class_list":["post-306","page","type-page","status-publish","hentry"],"yoast_head":"<!-- This site is optimized with the Yoast SEO plugin v26.6 - https:\/\/yoast.com\/wordpress\/plugins\/seo\/ -->\n<title>D\u00e9capant alcalin \u00e0 chaud KST - terredechimie<\/title>\n<meta name=\"description\" content=\"D\u00e9capant alcalin \u00e0 chaud KST de Terre de Chimie : solution chimique performante pour d\u00e9capage industriel efficace \u00e0 haute temp\u00e9rature.\" \/>\n<meta name=\"robots\" content=\"index, follow, max-snippet:-1, max-image-preview:large, max-video-preview:-1\" \/>\n<link rel=\"canonical\" href=\"https:\/\/dev.terredechimie.com\/?page_id=306\" \/>\n<meta property=\"og:locale\" content=\"fr_FR\" \/>\n<meta property=\"og:type\" content=\"article\" \/>\n<meta property=\"og:title\" content=\"D\u00e9capant alcalin \u00e0 chaud KST - terredechimie\" \/>\n<meta property=\"og:description\" content=\"D\u00e9capant alcalin \u00e0 chaud KST de Terre de Chimie : solution chimique performante pour d\u00e9capage industriel efficace \u00e0 haute temp\u00e9rature.\" \/>\n<meta property=\"og:url\" content=\"https:\/\/dev.terredechimie.com\/?page_id=306\" \/>\n<meta property=\"og:site_name\" content=\"terredechimie\" \/>\n<meta property=\"article:modified_time\" content=\"2025-12-28T13:12:20+00:00\" \/>\n<meta name=\"twitter:card\" content=\"summary_large_image\" \/>\n<meta name=\"twitter:label1\" content=\"Dur\u00e9e de lecture estim\u00e9e\" \/>\n\t<meta name=\"twitter:data1\" content=\"1 minute\" \/>\n<script type=\"application\/ld+json\" class=\"yoast-schema-graph\">{\"@context\":\"https:\/\/schema.org\",\"@graph\":[{\"@type\":\"WebPage\",\"@id\":\"https:\/\/dev.terredechimie.com\/?page_id=306\",\"url\":\"https:\/\/dev.terredechimie.com\/?page_id=306\",\"name\":\"D\u00e9capant alcalin \u00e0 chaud KST - terredechimie\",\"isPartOf\":{\"@id\":\"https:\/\/terredechimie.com\/#website\"},\"datePublished\":\"2025-12-28T13:06:43+00:00\",\"dateModified\":\"2025-12-28T13:12:20+00:00\",\"description\":\"D\u00e9capant alcalin \u00e0 chaud KST de Terre de Chimie : solution chimique performante pour d\u00e9capage industriel efficace \u00e0 haute temp\u00e9rature.\",\"breadcrumb\":{\"@id\":\"https:\/\/dev.terredechimie.com\/?page_id=306#breadcrumb\"},\"inLanguage\":\"fr-FR\",\"potentialAction\":[{\"@type\":\"ReadAction\",\"target\":[\"https:\/\/dev.terredechimie.com\/?page_id=306\"]}]},{\"@type\":\"BreadcrumbList\",\"@id\":\"https:\/\/dev.terredechimie.com\/?page_id=306#breadcrumb\",\"itemListElement\":[{\"@type\":\"ListItem\",\"position\":1,\"name\":\"Accueil\",\"item\":\"https:\/\/www.terredechimie.com\/\"},{\"@type\":\"ListItem\",\"position\":2,\"name\":\"D\u00e9capant alcalin \u00e0 chaud KST\"}]},{\"@type\":\"WebSite\",\"@id\":\"https:\/\/terredechimie.com\/#website\",\"url\":\"https:\/\/terredechimie.com\/\",\"name\":\"terredechimie\",\"description\":\"\",\"publisher\":{\"@id\":\"https:\/\/terredechimie.com\/#organization\"},\"potentialAction\":[{\"@type\":\"SearchAction\",\"target\":{\"@type\":\"EntryPoint\",\"urlTemplate\":\"https:\/\/terredechimie.com\/?s={search_term_string}\"},\"query-input\":{\"@type\":\"PropertyValueSpecification\",\"valueRequired\":true,\"valueName\":\"search_term_string\"}}],\"inLanguage\":\"fr-FR\"},{\"@type\":\"Organization\",\"@id\":\"https:\/\/terredechimie.com\/#organization\",\"name\":\"terredechimie\",\"url\":\"https:\/\/terredechimie.com\/\",\"logo\":{\"@type\":\"ImageObject\",\"inLanguage\":\"fr-FR\",\"@id\":\"https:\/\/terredechimie.com\/#\/schema\/logo\/image\/\",\"url\":\"https:\/\/www.terredechimie.com\/wp-content\/uploads\/2025\/12\/cropped-1C360A0B-F00E-4736-8FC4-F7B6AA983F27.png\",\"contentUrl\":\"https:\/\/www.terredechimie.com\/wp-content\/uploads\/2025\/12\/cropped-1C360A0B-F00E-4736-8FC4-F7B6AA983F27.png\",\"width\":773,\"height\":775,\"caption\":\"terredechimie\"},\"image\":{\"@id\":\"https:\/\/terredechimie.com\/#\/schema\/logo\/image\/\"}}]}<\/script>\n<!-- \/ Yoast SEO plugin. -->","yoast_head_json":{"title":"D\u00e9capant alcalin \u00e0 chaud KST - terredechimie","description":"D\u00e9capant alcalin \u00e0 chaud KST de Terre de Chimie : solution chimique performante pour d\u00e9capage industriel efficace \u00e0 haute temp\u00e9rature.","robots":{"index":"index","follow":"follow","max-snippet":"max-snippet:-1","max-image-preview":"max-image-preview:large","max-video-preview":"max-video-preview:-1"},"canonical":"https:\/\/dev.terredechimie.com\/?page_id=306","og_locale":"fr_FR","og_type":"article","og_title":"D\u00e9capant alcalin \u00e0 chaud KST - terredechimie","og_description":"D\u00e9capant alcalin \u00e0 chaud KST de Terre de Chimie : solution chimique performante pour d\u00e9capage industriel efficace \u00e0 haute temp\u00e9rature.","og_url":"https:\/\/dev.terredechimie.com\/?page_id=306","og_site_name":"terredechimie","article_modified_time":"2025-12-28T13:12:20+00:00","twitter_card":"summary_large_image","twitter_misc":{"Dur\u00e9e de lecture estim\u00e9e":"1 minute"},"schema":{"@context":"https:\/\/schema.org","@graph":[{"@type":"WebPage","@id":"https:\/\/dev.terredechimie.com\/?page_id=306","url":"https:\/\/dev.terredechimie.com\/?page_id=306","name":"D\u00e9capant alcalin \u00e0 chaud KST - terredechimie","isPartOf":{"@id":"https:\/\/terredechimie.com\/#website"},"datePublished":"2025-12-28T13:06:43+00:00","dateModified":"2025-12-28T13:12:20+00:00","description":"D\u00e9capant alcalin \u00e0 chaud KST de Terre de Chimie : solution chimique performante pour d\u00e9capage industriel efficace \u00e0 haute temp\u00e9rature.","breadcrumb":{"@id":"https:\/\/dev.terredechimie.com\/?page_id=306#breadcrumb"},"inLanguage":"fr-FR","potentialAction":[{"@type":"ReadAction","target":["https:\/\/dev.terredechimie.com\/?page_id=306"]}]},{"@type":"BreadcrumbList","@id":"https:\/\/dev.terredechimie.com\/?page_id=306#breadcrumb","itemListElement":[{"@type":"ListItem","position":1,"name":"Accueil","item":"https:\/\/www.terredechimie.com\/"},{"@type":"ListItem","position":2,"name":"D\u00e9capant alcalin \u00e0 chaud KST"}]},{"@type":"WebSite","@id":"https:\/\/terredechimie.com\/#website","url":"https:\/\/terredechimie.com\/","name":"terredechimie","description":"","publisher":{"@id":"https:\/\/terredechimie.com\/#organization"},"potentialAction":[{"@type":"SearchAction","target":{"@type":"EntryPoint","urlTemplate":"https:\/\/terredechimie.com\/?s={search_term_string}"},"query-input":{"@type":"PropertyValueSpecification","valueRequired":true,"valueName":"search_term_string"}}],"inLanguage":"fr-FR"},{"@type":"Organization","@id":"https:\/\/terredechimie.com\/#organization","name":"terredechimie","url":"https:\/\/terredechimie.com\/","logo":{"@type":"ImageObject","inLanguage":"fr-FR","@id":"https:\/\/terredechimie.com\/#\/schema\/logo\/image\/","url":"https:\/\/www.terredechimie.com\/wp-content\/uploads\/2025\/12\/cropped-1C360A0B-F00E-4736-8FC4-F7B6AA983F27.png","contentUrl":"https:\/\/www.terredechimie.com\/wp-content\/uploads\/2025\/12\/cropped-1C360A0B-F00E-4736-8FC4-F7B6AA983F27.png","width":773,"height":775,"caption":"terredechimie"},"image":{"@id":"https:\/\/terredechimie.com\/#\/schema\/logo\/image\/"}}]}},"jetpack_sharing_enabled":true,"_links":{"self":[{"href":"https:\/\/www.terredechimie.com\/index.php?rest_route=\/wp\/v2\/pages\/306","targetHints":{"allow":["GET"]}}],"collection":[{"href":"https:\/\/www.terredechimie.com\/index.php?rest_route=\/wp\/v2\/pages"}],"about":[{"href":"https:\/\/www.terredechimie.com\/index.php?rest_route=\/wp\/v2\/types\/page"}],"author":[{"embeddable":true,"href":"https:\/\/www.terredechimie.com\/index.php?rest_route=\/wp\/v2\/users\/1"}],"replies":[{"embeddable":true,"href":"https:\/\/www.terredechimie.com\/index.php?rest_route=%2Fwp%2Fv2%2Fcomments&post=306"}],"version-history":[{"count":3,"href":"https:\/\/www.terredechimie.com\/index.php?rest_route=\/wp\/v2\/pages\/306\/revisions"}],"predecessor-version":[{"id":314,"href":"https:\/\/www.terredechimie.com\/index.php?rest_route=\/wp\/v2\/pages\/306\/revisions\/314"}],"wp:attachment":[{"href":"https:\/\/www.terredechimie.com\/index.php?rest_route=%2Fwp%2Fv2%2Fmedia&parent=306"}],"curies":[{"name":"wp","href":"https:\/\/api.w.org\/{rel}","templated":true}]}}