{"id":292,"date":"2025-12-28T13:48:08","date_gmt":"2025-12-28T12:48:08","guid":{"rendered":"https:\/\/dev.terredechimie.com\/?page_id=292"},"modified":"2025-12-28T13:57:19","modified_gmt":"2025-12-28T12:57:19","slug":"decapant-sd-04","status":"publish","type":"page","link":"https:\/\/www.terredechimie.com\/?page_id=292","title":{"rendered":"D\u00e9capant SD 04"},"content":{"rendered":"\n<p>Le d\u00e9capant SD 04 est un d\u00e9capant g\u00e9lifi\u00e9. <\/p>\n\n\n\n<p>Ce produit est destin\u00e9 au d\u00e9capage des peintures industrielles particuli\u00e8rement r\u00e9sistantes.<\/p>\n\n\n\n<p><strong>BENEFICES<\/strong><\/p>\n\n\n\n<p>Le d\u00e9capant\u00a0SD 04 est un d\u00e9capant en gel, \u00e9liminant tous types de peintures. Ne contient aucun compos\u00e9 CMR et solvants toxiques.<br>S\u2019utilise \u00e0 froid sur tous les supports : bois, m\u00e9taux, ciment et sur la majorit\u00e9 des types de peinture.<br>Sans action nocive sur les m\u00e9taux et le bois.<br>Utilisable sur surfaces verticales.<br>Peut \u00eatre rinc\u00e9 \u00e0 l\u2019eau ou au nettoyeur haute pression.<br><strong>Facile d&#8217;emploi.<br><\/strong>\u00a0<\/p>\n\n\n\n<p><strong>Domaine d&rsquo;apllication<\/strong><\/p>\n\n\n\n<p>D\u00e9capage de toutes les surfaces peintes ou vernies.<br>S\u2019utilise \u00e9galement pour l&rsquo;\u00e9limination des r\u00e9sidus de plastique, joints silicone et pigments qui s&rsquo;accumulent dans les moules d&rsquo;injection plastique.<br>D\u00e9capage des graffitis.<br>Utilisable sur les carrelages, b\u00e9ton, bois, m\u00e9taux, verre, pierre, brique, marbre\u2026<br>Nouvelle formule qui r\u00e9pond aux nouvelles exigences r\u00e9glementaires, le temps d\u2019action est plus long qu\u2019avec les d\u00e9capants chlor\u00e9s.<\/p>\n","protected":false},"excerpt":{"rendered":"<p>Le d\u00e9capant SD 04 est un d\u00e9capant g\u00e9lifi\u00e9. Ce produit est destin\u00e9 au d\u00e9capage des peintures industrielles particuli\u00e8rement r\u00e9sistantes. BENEFICES Le d\u00e9capant\u00a0SD 04 est un d\u00e9capant en gel, \u00e9liminant tous types de peintures. Ne contient aucun compos\u00e9 CMR et solvants toxiques.S\u2019utilise \u00e0 froid sur tous les supports : bois, m\u00e9taux, ciment et sur la majorit\u00e9 &hellip; <\/p>\n<p class=\"link-more\"><a href=\"https:\/\/www.terredechimie.com\/?page_id=292\" class=\"more-link\">Lire la suite de<span class=\"screen-reader-text\">\u00ab\u00a0D\u00e9capant SD 04\u00a0\u00bb<\/span><\/a><\/p>\n","protected":false},"author":1,"featured_media":0,"parent":0,"menu_order":0,"comment_status":"closed","ping_status":"closed","template":"","meta":{"footnotes":""},"class_list":["post-292","page","type-page","status-publish","hentry"],"yoast_head":"<!-- This site is optimized with the Yoast SEO plugin v26.6 - https:\/\/yoast.com\/wordpress\/plugins\/seo\/ -->\n<title>D\u00e9capant SD 04 - terredechimie<\/title>\n<meta name=\"description\" content=\"D\u00e9capant chimique SD 04, formulation performante pour le d\u00e9capage industriel de peintures et rev\u00eatements, adapt\u00e9e aux proc\u00e9d\u00e9s industriels exigeants.\" \/>\n<meta name=\"robots\" content=\"index, follow, max-snippet:-1, max-image-preview:large, max-video-preview:-1\" \/>\n<link rel=\"canonical\" href=\"https:\/\/dev.terredechimie.com\/?page_id=292\" \/>\n<meta property=\"og:locale\" content=\"fr_FR\" \/>\n<meta property=\"og:type\" content=\"article\" \/>\n<meta property=\"og:title\" content=\"D\u00e9capant SD 04 - terredechimie\" \/>\n<meta property=\"og:description\" content=\"D\u00e9capant chimique SD 04, formulation performante pour le d\u00e9capage industriel de peintures et rev\u00eatements, adapt\u00e9e aux proc\u00e9d\u00e9s industriels exigeants.\" \/>\n<meta property=\"og:url\" content=\"https:\/\/dev.terredechimie.com\/?page_id=292\" \/>\n<meta property=\"og:site_name\" content=\"terredechimie\" \/>\n<meta property=\"article:modified_time\" content=\"2025-12-28T12:57:19+00:00\" \/>\n<meta name=\"twitter:card\" content=\"summary_large_image\" \/>\n<meta name=\"twitter:label1\" content=\"Dur\u00e9e de lecture estim\u00e9e\" \/>\n\t<meta name=\"twitter:data1\" content=\"1 minute\" \/>\n<script type=\"application\/ld+json\" class=\"yoast-schema-graph\">{\"@context\":\"https:\/\/schema.org\",\"@graph\":[{\"@type\":\"WebPage\",\"@id\":\"https:\/\/dev.terredechimie.com\/?page_id=292\",\"url\":\"https:\/\/dev.terredechimie.com\/?page_id=292\",\"name\":\"D\u00e9capant SD 04 - terredechimie\",\"isPartOf\":{\"@id\":\"https:\/\/terredechimie.com\/#website\"},\"datePublished\":\"2025-12-28T12:48:08+00:00\",\"dateModified\":\"2025-12-28T12:57:19+00:00\",\"description\":\"D\u00e9capant chimique SD 04, formulation performante pour le d\u00e9capage industriel de peintures et rev\u00eatements, adapt\u00e9e aux proc\u00e9d\u00e9s industriels exigeants.\",\"breadcrumb\":{\"@id\":\"https:\/\/dev.terredechimie.com\/?page_id=292#breadcrumb\"},\"inLanguage\":\"fr-FR\",\"potentialAction\":[{\"@type\":\"ReadAction\",\"target\":[\"https:\/\/dev.terredechimie.com\/?page_id=292\"]}]},{\"@type\":\"BreadcrumbList\",\"@id\":\"https:\/\/dev.terredechimie.com\/?page_id=292#breadcrumb\",\"itemListElement\":[{\"@type\":\"ListItem\",\"position\":1,\"name\":\"Accueil\",\"item\":\"https:\/\/www.terredechimie.com\/\"},{\"@type\":\"ListItem\",\"position\":2,\"name\":\"D\u00e9capant SD 04\"}]},{\"@type\":\"WebSite\",\"@id\":\"https:\/\/terredechimie.com\/#website\",\"url\":\"https:\/\/terredechimie.com\/\",\"name\":\"terredechimie\",\"description\":\"\",\"publisher\":{\"@id\":\"https:\/\/terredechimie.com\/#organization\"},\"potentialAction\":[{\"@type\":\"SearchAction\",\"target\":{\"@type\":\"EntryPoint\",\"urlTemplate\":\"https:\/\/terredechimie.com\/?s={search_term_string}\"},\"query-input\":{\"@type\":\"PropertyValueSpecification\",\"valueRequired\":true,\"valueName\":\"search_term_string\"}}],\"inLanguage\":\"fr-FR\"},{\"@type\":\"Organization\",\"@id\":\"https:\/\/terredechimie.com\/#organization\",\"name\":\"terredechimie\",\"url\":\"https:\/\/terredechimie.com\/\",\"logo\":{\"@type\":\"ImageObject\",\"inLanguage\":\"fr-FR\",\"@id\":\"https:\/\/terredechimie.com\/#\/schema\/logo\/image\/\",\"url\":\"https:\/\/www.terredechimie.com\/wp-content\/uploads\/2025\/12\/cropped-1C360A0B-F00E-4736-8FC4-F7B6AA983F27.png\",\"contentUrl\":\"https:\/\/www.terredechimie.com\/wp-content\/uploads\/2025\/12\/cropped-1C360A0B-F00E-4736-8FC4-F7B6AA983F27.png\",\"width\":773,\"height\":775,\"caption\":\"terredechimie\"},\"image\":{\"@id\":\"https:\/\/terredechimie.com\/#\/schema\/logo\/image\/\"}}]}<\/script>\n<!-- \/ Yoast SEO plugin. -->","yoast_head_json":{"title":"D\u00e9capant SD 04 - terredechimie","description":"D\u00e9capant chimique SD 04, formulation performante pour le d\u00e9capage industriel de peintures et rev\u00eatements, adapt\u00e9e aux proc\u00e9d\u00e9s industriels exigeants.","robots":{"index":"index","follow":"follow","max-snippet":"max-snippet:-1","max-image-preview":"max-image-preview:large","max-video-preview":"max-video-preview:-1"},"canonical":"https:\/\/dev.terredechimie.com\/?page_id=292","og_locale":"fr_FR","og_type":"article","og_title":"D\u00e9capant SD 04 - terredechimie","og_description":"D\u00e9capant chimique SD 04, formulation performante pour le d\u00e9capage industriel de peintures et rev\u00eatements, adapt\u00e9e aux proc\u00e9d\u00e9s industriels exigeants.","og_url":"https:\/\/dev.terredechimie.com\/?page_id=292","og_site_name":"terredechimie","article_modified_time":"2025-12-28T12:57:19+00:00","twitter_card":"summary_large_image","twitter_misc":{"Dur\u00e9e de lecture estim\u00e9e":"1 minute"},"schema":{"@context":"https:\/\/schema.org","@graph":[{"@type":"WebPage","@id":"https:\/\/dev.terredechimie.com\/?page_id=292","url":"https:\/\/dev.terredechimie.com\/?page_id=292","name":"D\u00e9capant SD 04 - terredechimie","isPartOf":{"@id":"https:\/\/terredechimie.com\/#website"},"datePublished":"2025-12-28T12:48:08+00:00","dateModified":"2025-12-28T12:57:19+00:00","description":"D\u00e9capant chimique SD 04, formulation performante pour le d\u00e9capage industriel de peintures et rev\u00eatements, adapt\u00e9e aux proc\u00e9d\u00e9s industriels exigeants.","breadcrumb":{"@id":"https:\/\/dev.terredechimie.com\/?page_id=292#breadcrumb"},"inLanguage":"fr-FR","potentialAction":[{"@type":"ReadAction","target":["https:\/\/dev.terredechimie.com\/?page_id=292"]}]},{"@type":"BreadcrumbList","@id":"https:\/\/dev.terredechimie.com\/?page_id=292#breadcrumb","itemListElement":[{"@type":"ListItem","position":1,"name":"Accueil","item":"https:\/\/www.terredechimie.com\/"},{"@type":"ListItem","position":2,"name":"D\u00e9capant SD 04"}]},{"@type":"WebSite","@id":"https:\/\/terredechimie.com\/#website","url":"https:\/\/terredechimie.com\/","name":"terredechimie","description":"","publisher":{"@id":"https:\/\/terredechimie.com\/#organization"},"potentialAction":[{"@type":"SearchAction","target":{"@type":"EntryPoint","urlTemplate":"https:\/\/terredechimie.com\/?s={search_term_string}"},"query-input":{"@type":"PropertyValueSpecification","valueRequired":true,"valueName":"search_term_string"}}],"inLanguage":"fr-FR"},{"@type":"Organization","@id":"https:\/\/terredechimie.com\/#organization","name":"terredechimie","url":"https:\/\/terredechimie.com\/","logo":{"@type":"ImageObject","inLanguage":"fr-FR","@id":"https:\/\/terredechimie.com\/#\/schema\/logo\/image\/","url":"https:\/\/www.terredechimie.com\/wp-content\/uploads\/2025\/12\/cropped-1C360A0B-F00E-4736-8FC4-F7B6AA983F27.png","contentUrl":"https:\/\/www.terredechimie.com\/wp-content\/uploads\/2025\/12\/cropped-1C360A0B-F00E-4736-8FC4-F7B6AA983F27.png","width":773,"height":775,"caption":"terredechimie"},"image":{"@id":"https:\/\/terredechimie.com\/#\/schema\/logo\/image\/"}}]}},"jetpack_sharing_enabled":true,"_links":{"self":[{"href":"https:\/\/www.terredechimie.com\/index.php?rest_route=\/wp\/v2\/pages\/292","targetHints":{"allow":["GET"]}}],"collection":[{"href":"https:\/\/www.terredechimie.com\/index.php?rest_route=\/wp\/v2\/pages"}],"about":[{"href":"https:\/\/www.terredechimie.com\/index.php?rest_route=\/wp\/v2\/types\/page"}],"author":[{"embeddable":true,"href":"https:\/\/www.terredechimie.com\/index.php?rest_route=\/wp\/v2\/users\/1"}],"replies":[{"embeddable":true,"href":"https:\/\/www.terredechimie.com\/index.php?rest_route=%2Fwp%2Fv2%2Fcomments&post=292"}],"version-history":[{"count":2,"href":"https:\/\/www.terredechimie.com\/index.php?rest_route=\/wp\/v2\/pages\/292\/revisions"}],"predecessor-version":[{"id":300,"href":"https:\/\/www.terredechimie.com\/index.php?rest_route=\/wp\/v2\/pages\/292\/revisions\/300"}],"wp:attachment":[{"href":"https:\/\/www.terredechimie.com\/index.php?rest_route=%2Fwp%2Fv2%2Fmedia&parent=292"}],"curies":[{"name":"wp","href":"https:\/\/api.w.org\/{rel}","templated":true}]}}