{"id":263,"date":"2025-12-28T13:12:18","date_gmt":"2025-12-28T12:12:18","guid":{"rendered":"https:\/\/dev.terredechimie.com\/?page_id=263"},"modified":"2025-12-28T13:24:15","modified_gmt":"2025-12-28T12:24:15","slug":"aqua-05k","status":"publish","type":"page","link":"https:\/\/www.terredechimie.com\/?page_id=263","title":{"rendered":"AQUA 05K"},"content":{"rendered":"\n<p>Le d\u00e9capant AQUA 05K est un d\u00e9capant en milieu alcalin sp\u00e9cialement formul\u00e9 pour d\u00e9caper les peintures poudre.<\/p>\n\n\n\n<p><strong>PRESENTATION<\/strong><br>AQUA 05 K est un puissant d\u00e9capant nouvelle g\u00e9n\u00e9ration en base aqueuse, exempt de chlorure de m\u00e9thyl\u00e8ne. <\/p>\n\n\n\n<p>Ce d\u00e9capant est consid\u00e9r\u00e9 comme basique contrairement \u00e0 l&rsquo;AQUA 05 A du fait de la suppression de certains composants acides.<br>Ce d\u00e9capant peut \u00eatre consid\u00e9r\u00e9 comme \u00e9cologique car il ne contient aucun solvant nocif pour l\u2019environnement et pour l\u2019Homme.<\/p>\n\n\n\n<p><strong>DOMAINE D\u2019INTERVENTION<\/strong><br>AQUA 05 K \u00e9limine toutes les peintures en poudre sur tous supports sauf aluminium. <\/p>\n\n\n\n<p>Un des avantages de ce d\u00e9capant est qu&rsquo;il n&rsquo;y a pas d&rsquo;oxydation du support apr\u00e8s la phase de rin\u00e7age.<\/p>\n\n\n\n<p>AQUA 05 K est \u00e9galement efficace sur tous les vernis appliqu\u00e9s sur bois.<\/p>\n\n\n\n<p><strong>PROPRIETES ET MISE EN OEUVRE<\/strong><br>Caract\u00e9ristique :&nbsp;Liquide blanch\u00e2tre sans odeur<br>A utiliser en bain de d\u00e9capage.<br>Temps de d\u00e9capage :&nbsp;quelques minutes \u00e0 120 minutes.<br>Pour une plus grande efficacit\u00e9 et rapidit\u00e9 de d\u00e9capage des supports, chauffer le d\u00e9capant entre 30 et 60\u00b0C.<br>Apr\u00e8s ramollissement et\/ou cloquage, \u00e9liminer le rev\u00eatement soit \u00e0 la main soit avec une brosse.<br>Rin\u00e7age, du support d\u00e9cap\u00e9, \u00e0 l\u2019eau.<\/p>\n","protected":false},"excerpt":{"rendered":"<p>Le d\u00e9capant AQUA 05K est un d\u00e9capant en milieu alcalin sp\u00e9cialement formul\u00e9 pour d\u00e9caper les peintures poudre. PRESENTATIONAQUA 05 K est un puissant d\u00e9capant nouvelle g\u00e9n\u00e9ration en base aqueuse, exempt de chlorure de m\u00e9thyl\u00e8ne. Ce d\u00e9capant est consid\u00e9r\u00e9 comme basique contrairement \u00e0 l&rsquo;AQUA 05 A du fait de la suppression de certains composants acides.Ce d\u00e9capant &hellip; <\/p>\n<p class=\"link-more\"><a href=\"https:\/\/www.terredechimie.com\/?page_id=263\" class=\"more-link\">Lire la suite de<span class=\"screen-reader-text\">\u00ab\u00a0AQUA 05K\u00a0\u00bb<\/span><\/a><\/p>\n","protected":false},"author":1,"featured_media":0,"parent":0,"menu_order":0,"comment_status":"closed","ping_status":"closed","template":"","meta":{"footnotes":""},"class_list":["post-263","page","type-page","status-publish","hentry"],"yoast_head":"<!-- This site is optimized with the Yoast SEO plugin v26.6 - https:\/\/yoast.com\/wordpress\/plugins\/seo\/ -->\n<title>AQUA 05K - terredechimie<\/title>\n<meta name=\"description\" content=\"AQUA 05K, solution chimique industrielle pour le traitement efficace des bains professionnels.\" \/>\n<meta name=\"robots\" content=\"index, follow, max-snippet:-1, max-image-preview:large, max-video-preview:-1\" \/>\n<link rel=\"canonical\" href=\"https:\/\/dev.terredechimie.com\/?page_id=263\" \/>\n<meta property=\"og:locale\" content=\"fr_FR\" \/>\n<meta property=\"og:type\" content=\"article\" \/>\n<meta property=\"og:title\" content=\"AQUA 05K - terredechimie\" \/>\n<meta property=\"og:description\" content=\"AQUA 05K, solution chimique industrielle pour le traitement efficace des bains professionnels.\" \/>\n<meta property=\"og:url\" content=\"https:\/\/dev.terredechimie.com\/?page_id=263\" \/>\n<meta property=\"og:site_name\" content=\"terredechimie\" \/>\n<meta property=\"article:modified_time\" content=\"2025-12-28T12:24:15+00:00\" \/>\n<meta name=\"twitter:card\" content=\"summary_large_image\" \/>\n<meta name=\"twitter:label1\" content=\"Dur\u00e9e de lecture estim\u00e9e\" \/>\n\t<meta name=\"twitter:data1\" content=\"1 minute\" \/>\n<script type=\"application\/ld+json\" class=\"yoast-schema-graph\">{\"@context\":\"https:\/\/schema.org\",\"@graph\":[{\"@type\":\"WebPage\",\"@id\":\"https:\/\/dev.terredechimie.com\/?page_id=263\",\"url\":\"https:\/\/dev.terredechimie.com\/?page_id=263\",\"name\":\"AQUA 05K - terredechimie\",\"isPartOf\":{\"@id\":\"https:\/\/terredechimie.com\/#website\"},\"datePublished\":\"2025-12-28T12:12:18+00:00\",\"dateModified\":\"2025-12-28T12:24:15+00:00\",\"description\":\"AQUA 05K, solution chimique industrielle pour le traitement efficace des bains professionnels.\",\"breadcrumb\":{\"@id\":\"https:\/\/dev.terredechimie.com\/?page_id=263#breadcrumb\"},\"inLanguage\":\"fr-FR\",\"potentialAction\":[{\"@type\":\"ReadAction\",\"target\":[\"https:\/\/dev.terredechimie.com\/?page_id=263\"]}]},{\"@type\":\"BreadcrumbList\",\"@id\":\"https:\/\/dev.terredechimie.com\/?page_id=263#breadcrumb\",\"itemListElement\":[{\"@type\":\"ListItem\",\"position\":1,\"name\":\"Accueil\",\"item\":\"https:\/\/www.terredechimie.com\/\"},{\"@type\":\"ListItem\",\"position\":2,\"name\":\"AQUA 05K\"}]},{\"@type\":\"WebSite\",\"@id\":\"https:\/\/terredechimie.com\/#website\",\"url\":\"https:\/\/terredechimie.com\/\",\"name\":\"terredechimie\",\"description\":\"\",\"publisher\":{\"@id\":\"https:\/\/terredechimie.com\/#organization\"},\"potentialAction\":[{\"@type\":\"SearchAction\",\"target\":{\"@type\":\"EntryPoint\",\"urlTemplate\":\"https:\/\/terredechimie.com\/?s={search_term_string}\"},\"query-input\":{\"@type\":\"PropertyValueSpecification\",\"valueRequired\":true,\"valueName\":\"search_term_string\"}}],\"inLanguage\":\"fr-FR\"},{\"@type\":\"Organization\",\"@id\":\"https:\/\/terredechimie.com\/#organization\",\"name\":\"terredechimie\",\"url\":\"https:\/\/terredechimie.com\/\",\"logo\":{\"@type\":\"ImageObject\",\"inLanguage\":\"fr-FR\",\"@id\":\"https:\/\/terredechimie.com\/#\/schema\/logo\/image\/\",\"url\":\"https:\/\/www.terredechimie.com\/wp-content\/uploads\/2025\/12\/cropped-1C360A0B-F00E-4736-8FC4-F7B6AA983F27.png\",\"contentUrl\":\"https:\/\/www.terredechimie.com\/wp-content\/uploads\/2025\/12\/cropped-1C360A0B-F00E-4736-8FC4-F7B6AA983F27.png\",\"width\":773,\"height\":775,\"caption\":\"terredechimie\"},\"image\":{\"@id\":\"https:\/\/terredechimie.com\/#\/schema\/logo\/image\/\"}}]}<\/script>\n<!-- \/ Yoast SEO plugin. -->","yoast_head_json":{"title":"AQUA 05K - terredechimie","description":"AQUA 05K, solution chimique industrielle pour le traitement efficace des bains professionnels.","robots":{"index":"index","follow":"follow","max-snippet":"max-snippet:-1","max-image-preview":"max-image-preview:large","max-video-preview":"max-video-preview:-1"},"canonical":"https:\/\/dev.terredechimie.com\/?page_id=263","og_locale":"fr_FR","og_type":"article","og_title":"AQUA 05K - terredechimie","og_description":"AQUA 05K, solution chimique industrielle pour le traitement efficace des bains professionnels.","og_url":"https:\/\/dev.terredechimie.com\/?page_id=263","og_site_name":"terredechimie","article_modified_time":"2025-12-28T12:24:15+00:00","twitter_card":"summary_large_image","twitter_misc":{"Dur\u00e9e de lecture estim\u00e9e":"1 minute"},"schema":{"@context":"https:\/\/schema.org","@graph":[{"@type":"WebPage","@id":"https:\/\/dev.terredechimie.com\/?page_id=263","url":"https:\/\/dev.terredechimie.com\/?page_id=263","name":"AQUA 05K - terredechimie","isPartOf":{"@id":"https:\/\/terredechimie.com\/#website"},"datePublished":"2025-12-28T12:12:18+00:00","dateModified":"2025-12-28T12:24:15+00:00","description":"AQUA 05K, solution chimique industrielle pour le traitement efficace des bains professionnels.","breadcrumb":{"@id":"https:\/\/dev.terredechimie.com\/?page_id=263#breadcrumb"},"inLanguage":"fr-FR","potentialAction":[{"@type":"ReadAction","target":["https:\/\/dev.terredechimie.com\/?page_id=263"]}]},{"@type":"BreadcrumbList","@id":"https:\/\/dev.terredechimie.com\/?page_id=263#breadcrumb","itemListElement":[{"@type":"ListItem","position":1,"name":"Accueil","item":"https:\/\/www.terredechimie.com\/"},{"@type":"ListItem","position":2,"name":"AQUA 05K"}]},{"@type":"WebSite","@id":"https:\/\/terredechimie.com\/#website","url":"https:\/\/terredechimie.com\/","name":"terredechimie","description":"","publisher":{"@id":"https:\/\/terredechimie.com\/#organization"},"potentialAction":[{"@type":"SearchAction","target":{"@type":"EntryPoint","urlTemplate":"https:\/\/terredechimie.com\/?s={search_term_string}"},"query-input":{"@type":"PropertyValueSpecification","valueRequired":true,"valueName":"search_term_string"}}],"inLanguage":"fr-FR"},{"@type":"Organization","@id":"https:\/\/terredechimie.com\/#organization","name":"terredechimie","url":"https:\/\/terredechimie.com\/","logo":{"@type":"ImageObject","inLanguage":"fr-FR","@id":"https:\/\/terredechimie.com\/#\/schema\/logo\/image\/","url":"https:\/\/www.terredechimie.com\/wp-content\/uploads\/2025\/12\/cropped-1C360A0B-F00E-4736-8FC4-F7B6AA983F27.png","contentUrl":"https:\/\/www.terredechimie.com\/wp-content\/uploads\/2025\/12\/cropped-1C360A0B-F00E-4736-8FC4-F7B6AA983F27.png","width":773,"height":775,"caption":"terredechimie"},"image":{"@id":"https:\/\/terredechimie.com\/#\/schema\/logo\/image\/"}}]}},"jetpack_sharing_enabled":true,"_links":{"self":[{"href":"https:\/\/www.terredechimie.com\/index.php?rest_route=\/wp\/v2\/pages\/263","targetHints":{"allow":["GET"]}}],"collection":[{"href":"https:\/\/www.terredechimie.com\/index.php?rest_route=\/wp\/v2\/pages"}],"about":[{"href":"https:\/\/www.terredechimie.com\/index.php?rest_route=\/wp\/v2\/types\/page"}],"author":[{"embeddable":true,"href":"https:\/\/www.terredechimie.com\/index.php?rest_route=\/wp\/v2\/users\/1"}],"replies":[{"embeddable":true,"href":"https:\/\/www.terredechimie.com\/index.php?rest_route=%2Fwp%2Fv2%2Fcomments&post=263"}],"version-history":[{"count":2,"href":"https:\/\/www.terredechimie.com\/index.php?rest_route=\/wp\/v2\/pages\/263\/revisions"}],"predecessor-version":[{"id":277,"href":"https:\/\/www.terredechimie.com\/index.php?rest_route=\/wp\/v2\/pages\/263\/revisions\/277"}],"wp:attachment":[{"href":"https:\/\/www.terredechimie.com\/index.php?rest_route=%2Fwp%2Fv2%2Fmedia&parent=263"}],"curies":[{"name":"wp","href":"https:\/\/api.w.org\/{rel}","templated":true}]}}