{"id":244,"date":"2025-12-28T12:57:15","date_gmt":"2025-12-28T11:57:15","guid":{"rendered":"https:\/\/dev.terredechimie.com\/?page_id=244"},"modified":"2025-12-28T14:14:54","modified_gmt":"2025-12-28T13:14:54","slug":"anti-evaporant","status":"publish","type":"page","link":"https:\/\/www.terredechimie.com\/?page_id=244","title":{"rendered":"Anti &#8211; \u00c9vaporant"},"content":{"rendered":"\n<p>Huiles sp\u00e9cialement adapt\u00e9es en additif \u00e0 nos d\u00e9capants en base hydro pour limiter l&rsquo;\u00e9vaporation lors de la chauffe.<\/p>\n\n\n\n<p><strong>DESCRIPTION :<\/strong><\/p>\n\n\n\n<p>Nos huiles anti-\u00e9vaporantes sont issues d\u2019huiles min\u00e9rales s\u00e9lectionn\u00e9es et raffin\u00e9es \u00e0 l\u2019extr\u00eame. <\/p>\n\n\n\n<p>Elles offrent le plus haut degr\u00e9 de puret\u00e9.<br>Les diff\u00e9rentes op\u00e9rations de s\u00e9lection, de suraffinage et de contr\u00f4le tout au long de la cha\u00eene jusqu\u2019au conditionnement et au transport assurent une composition d\u2019hydrocarbures satur\u00e9s (aliphatiques et alicycliques) d\u00e9barrass\u00e9e des compos\u00e9s aromatiques et impuret\u00e9s associ\u00e9es ind\u00e9sirables.<\/p>\n\n\n\n<p><strong>PROPRIETES :<\/strong><\/p>\n\n\n\n<p>La viscosit\u00e9 de nos huiles (fluide, \u00e9paissie, tr\u00e8s \u00e9paisse&#8230;) est adapt\u00e9e \u00e0 fonction de\u00a0chacun de nos client et de son activit\u00e9. <\/p>\n\n\n\n<p>L&rsquo;huile doit venir se positionner en surface du bain, limitant tout ph\u00e9nom\u00e8ne d&rsquo;\u00e9vaporation, mais ne g\u00eanant pas lors de la phase de rin\u00e7age.<\/p>\n","protected":false},"excerpt":{"rendered":"<p>Huiles sp\u00e9cialement adapt\u00e9es en additif \u00e0 nos d\u00e9capants en base hydro pour limiter l&rsquo;\u00e9vaporation lors de la chauffe. DESCRIPTION : Nos huiles anti-\u00e9vaporantes sont issues d\u2019huiles min\u00e9rales s\u00e9lectionn\u00e9es et raffin\u00e9es \u00e0 l\u2019extr\u00eame. Elles offrent le plus haut degr\u00e9 de puret\u00e9.Les diff\u00e9rentes op\u00e9rations de s\u00e9lection, de suraffinage et de contr\u00f4le tout au long de la cha\u00eene &hellip; <\/p>\n<p class=\"link-more\"><a href=\"https:\/\/www.terredechimie.com\/?page_id=244\" class=\"more-link\">Lire la suite de<span class=\"screen-reader-text\">\u00ab\u00a0Anti &#8211; \u00c9vaporant\u00a0\u00bb<\/span><\/a><\/p>\n","protected":false},"author":1,"featured_media":0,"parent":0,"menu_order":0,"comment_status":"closed","ping_status":"closed","template":"","meta":{"footnotes":""},"class_list":["post-244","page","type-page","status-publish","hentry"],"yoast_head":"<!-- This site is optimized with the Yoast SEO plugin v26.6 - https:\/\/yoast.com\/wordpress\/plugins\/seo\/ -->\n<title>Anti - \u00c9vaporant - terredechimie<\/title>\n<meta name=\"description\" content=\"D\u00e9couvrez l\u2019anti-\u00e9vaporant de Terre de Chimie, con\u00e7u pour r\u00e9duire les pertes par \u00e9vaporation et am\u00e9liorer l\u2019efficacit\u00e9 des bains industriels.\" \/>\n<meta name=\"robots\" content=\"index, follow, max-snippet:-1, max-image-preview:large, max-video-preview:-1\" \/>\n<link rel=\"canonical\" href=\"https:\/\/dev.terredechimie.com\/?page_id=244\" \/>\n<meta property=\"og:locale\" content=\"fr_FR\" \/>\n<meta property=\"og:type\" content=\"article\" \/>\n<meta property=\"og:title\" content=\"Anti - \u00c9vaporant - terredechimie\" \/>\n<meta property=\"og:description\" content=\"D\u00e9couvrez l\u2019anti-\u00e9vaporant de Terre de Chimie, con\u00e7u pour r\u00e9duire les pertes par \u00e9vaporation et am\u00e9liorer l\u2019efficacit\u00e9 des bains industriels.\" \/>\n<meta property=\"og:url\" content=\"https:\/\/dev.terredechimie.com\/?page_id=244\" \/>\n<meta property=\"og:site_name\" content=\"terredechimie\" \/>\n<meta property=\"article:modified_time\" content=\"2025-12-28T13:14:54+00:00\" \/>\n<meta name=\"twitter:card\" content=\"summary_large_image\" \/>\n<meta name=\"twitter:label1\" content=\"Dur\u00e9e de lecture estim\u00e9e\" \/>\n\t<meta name=\"twitter:data1\" content=\"1 minute\" \/>\n<script type=\"application\/ld+json\" class=\"yoast-schema-graph\">{\"@context\":\"https:\/\/schema.org\",\"@graph\":[{\"@type\":\"WebPage\",\"@id\":\"https:\/\/dev.terredechimie.com\/?page_id=244\",\"url\":\"https:\/\/dev.terredechimie.com\/?page_id=244\",\"name\":\"Anti - \u00c9vaporant - terredechimie\",\"isPartOf\":{\"@id\":\"https:\/\/terredechimie.com\/#website\"},\"datePublished\":\"2025-12-28T11:57:15+00:00\",\"dateModified\":\"2025-12-28T13:14:54+00:00\",\"description\":\"D\u00e9couvrez l\u2019anti-\u00e9vaporant de Terre de Chimie, con\u00e7u pour r\u00e9duire les pertes par \u00e9vaporation et am\u00e9liorer l\u2019efficacit\u00e9 des bains industriels.\",\"breadcrumb\":{\"@id\":\"https:\/\/dev.terredechimie.com\/?page_id=244#breadcrumb\"},\"inLanguage\":\"fr-FR\",\"potentialAction\":[{\"@type\":\"ReadAction\",\"target\":[\"https:\/\/dev.terredechimie.com\/?page_id=244\"]}]},{\"@type\":\"BreadcrumbList\",\"@id\":\"https:\/\/dev.terredechimie.com\/?page_id=244#breadcrumb\",\"itemListElement\":[{\"@type\":\"ListItem\",\"position\":1,\"name\":\"Accueil\",\"item\":\"https:\/\/www.terredechimie.com\/\"},{\"@type\":\"ListItem\",\"position\":2,\"name\":\"Anti &#8211; \u00c9vaporant\"}]},{\"@type\":\"WebSite\",\"@id\":\"https:\/\/terredechimie.com\/#website\",\"url\":\"https:\/\/terredechimie.com\/\",\"name\":\"terredechimie\",\"description\":\"\",\"publisher\":{\"@id\":\"https:\/\/terredechimie.com\/#organization\"},\"potentialAction\":[{\"@type\":\"SearchAction\",\"target\":{\"@type\":\"EntryPoint\",\"urlTemplate\":\"https:\/\/terredechimie.com\/?s={search_term_string}\"},\"query-input\":{\"@type\":\"PropertyValueSpecification\",\"valueRequired\":true,\"valueName\":\"search_term_string\"}}],\"inLanguage\":\"fr-FR\"},{\"@type\":\"Organization\",\"@id\":\"https:\/\/terredechimie.com\/#organization\",\"name\":\"terredechimie\",\"url\":\"https:\/\/terredechimie.com\/\",\"logo\":{\"@type\":\"ImageObject\",\"inLanguage\":\"fr-FR\",\"@id\":\"https:\/\/terredechimie.com\/#\/schema\/logo\/image\/\",\"url\":\"https:\/\/www.terredechimie.com\/wp-content\/uploads\/2025\/12\/cropped-1C360A0B-F00E-4736-8FC4-F7B6AA983F27.png\",\"contentUrl\":\"https:\/\/www.terredechimie.com\/wp-content\/uploads\/2025\/12\/cropped-1C360A0B-F00E-4736-8FC4-F7B6AA983F27.png\",\"width\":773,\"height\":775,\"caption\":\"terredechimie\"},\"image\":{\"@id\":\"https:\/\/terredechimie.com\/#\/schema\/logo\/image\/\"}}]}<\/script>\n<!-- \/ Yoast SEO plugin. -->","yoast_head_json":{"title":"Anti - \u00c9vaporant - terredechimie","description":"D\u00e9couvrez l\u2019anti-\u00e9vaporant de Terre de Chimie, con\u00e7u pour r\u00e9duire les pertes par \u00e9vaporation et am\u00e9liorer l\u2019efficacit\u00e9 des bains industriels.","robots":{"index":"index","follow":"follow","max-snippet":"max-snippet:-1","max-image-preview":"max-image-preview:large","max-video-preview":"max-video-preview:-1"},"canonical":"https:\/\/dev.terredechimie.com\/?page_id=244","og_locale":"fr_FR","og_type":"article","og_title":"Anti - \u00c9vaporant - terredechimie","og_description":"D\u00e9couvrez l\u2019anti-\u00e9vaporant de Terre de Chimie, con\u00e7u pour r\u00e9duire les pertes par \u00e9vaporation et am\u00e9liorer l\u2019efficacit\u00e9 des bains industriels.","og_url":"https:\/\/dev.terredechimie.com\/?page_id=244","og_site_name":"terredechimie","article_modified_time":"2025-12-28T13:14:54+00:00","twitter_card":"summary_large_image","twitter_misc":{"Dur\u00e9e de lecture estim\u00e9e":"1 minute"},"schema":{"@context":"https:\/\/schema.org","@graph":[{"@type":"WebPage","@id":"https:\/\/dev.terredechimie.com\/?page_id=244","url":"https:\/\/dev.terredechimie.com\/?page_id=244","name":"Anti - \u00c9vaporant - terredechimie","isPartOf":{"@id":"https:\/\/terredechimie.com\/#website"},"datePublished":"2025-12-28T11:57:15+00:00","dateModified":"2025-12-28T13:14:54+00:00","description":"D\u00e9couvrez l\u2019anti-\u00e9vaporant de Terre de Chimie, con\u00e7u pour r\u00e9duire les pertes par \u00e9vaporation et am\u00e9liorer l\u2019efficacit\u00e9 des bains industriels.","breadcrumb":{"@id":"https:\/\/dev.terredechimie.com\/?page_id=244#breadcrumb"},"inLanguage":"fr-FR","potentialAction":[{"@type":"ReadAction","target":["https:\/\/dev.terredechimie.com\/?page_id=244"]}]},{"@type":"BreadcrumbList","@id":"https:\/\/dev.terredechimie.com\/?page_id=244#breadcrumb","itemListElement":[{"@type":"ListItem","position":1,"name":"Accueil","item":"https:\/\/www.terredechimie.com\/"},{"@type":"ListItem","position":2,"name":"Anti &#8211; \u00c9vaporant"}]},{"@type":"WebSite","@id":"https:\/\/terredechimie.com\/#website","url":"https:\/\/terredechimie.com\/","name":"terredechimie","description":"","publisher":{"@id":"https:\/\/terredechimie.com\/#organization"},"potentialAction":[{"@type":"SearchAction","target":{"@type":"EntryPoint","urlTemplate":"https:\/\/terredechimie.com\/?s={search_term_string}"},"query-input":{"@type":"PropertyValueSpecification","valueRequired":true,"valueName":"search_term_string"}}],"inLanguage":"fr-FR"},{"@type":"Organization","@id":"https:\/\/terredechimie.com\/#organization","name":"terredechimie","url":"https:\/\/terredechimie.com\/","logo":{"@type":"ImageObject","inLanguage":"fr-FR","@id":"https:\/\/terredechimie.com\/#\/schema\/logo\/image\/","url":"https:\/\/www.terredechimie.com\/wp-content\/uploads\/2025\/12\/cropped-1C360A0B-F00E-4736-8FC4-F7B6AA983F27.png","contentUrl":"https:\/\/www.terredechimie.com\/wp-content\/uploads\/2025\/12\/cropped-1C360A0B-F00E-4736-8FC4-F7B6AA983F27.png","width":773,"height":775,"caption":"terredechimie"},"image":{"@id":"https:\/\/terredechimie.com\/#\/schema\/logo\/image\/"}}]}},"jetpack_sharing_enabled":true,"_links":{"self":[{"href":"https:\/\/www.terredechimie.com\/index.php?rest_route=\/wp\/v2\/pages\/244","targetHints":{"allow":["GET"]}}],"collection":[{"href":"https:\/\/www.terredechimie.com\/index.php?rest_route=\/wp\/v2\/pages"}],"about":[{"href":"https:\/\/www.terredechimie.com\/index.php?rest_route=\/wp\/v2\/types\/page"}],"author":[{"embeddable":true,"href":"https:\/\/www.terredechimie.com\/index.php?rest_route=\/wp\/v2\/users\/1"}],"replies":[{"embeddable":true,"href":"https:\/\/www.terredechimie.com\/index.php?rest_route=%2Fwp%2Fv2%2Fcomments&post=244"}],"version-history":[{"count":2,"href":"https:\/\/www.terredechimie.com\/index.php?rest_route=\/wp\/v2\/pages\/244\/revisions"}],"predecessor-version":[{"id":315,"href":"https:\/\/www.terredechimie.com\/index.php?rest_route=\/wp\/v2\/pages\/244\/revisions\/315"}],"wp:attachment":[{"href":"https:\/\/www.terredechimie.com\/index.php?rest_route=%2Fwp%2Fv2%2Fmedia&parent=244"}],"curies":[{"name":"wp","href":"https:\/\/api.w.org\/{rel}","templated":true}]}}