{"id":242,"date":"2025-12-28T12:57:15","date_gmt":"2025-12-28T11:57:15","guid":{"rendered":"https:\/\/dev.terredechimie.com\/?page_id=242"},"modified":"2025-12-28T14:10:09","modified_gmt":"2025-12-28T13:10:09","slug":"neutralisant","status":"publish","type":"page","link":"https:\/\/www.terredechimie.com\/?page_id=242","title":{"rendered":"Neutralisant"},"content":{"rendered":"\n<p>M\u00e9lange d&rsquo;acides assurant la neutralisation du bois apr\u00e8s la phase de d\u00e9capage. <\/p>\n\n\n\n<p>Produit pr\u00eat \u00e0 la dilution, \u00e0 hauteur de 10% dans de l&rsquo;eau.<\/p>\n\n\n\n<p><strong>NEUTRAL<\/strong>&nbsp; agit en tant que&nbsp; neutralisant apr\u00e8s d\u00e9capage en bain alcalin notament avec notre produit AQUA 05 K.<br>Sa capacit\u00e9 de neutralisation des traces alcalines&nbsp;est tr\u00e8s sup\u00e9rieure \u00e0 celle des bains traditionnels \u00e0 base d&rsquo;acide oxalique par exemple, ce qui \u00e9vite les rejets.<\/p>\n\n\n\n<p><strong>NEUTRAL<\/strong>&nbsp;agit aussi en tant qu&rsquo;agent d&rsquo;\u00e9claircissement de certaines essences de bois sensibles au noircissement apr\u00e8s passage dans le bain de d\u00e9capage alcalin ou noircies par le temps.<\/p>\n\n\n\n<p><strong>NEUTRAL<\/strong>&nbsp;contient des agents de surface qui favorisent la diffusion du produit dans les fibres.<\/p>\n\n\n\n<p><strong>NEUTRAL<\/strong>&nbsp;agit en tant qu&rsquo;agent de conversion du fer en produisant une couche superficielle de phosphates de fer amorphes insolubles.<br>De ce fait , il n&rsquo;est pas n\u00e9cessaire de dissocier les ferrures des volets de bois pour les traiter,en effet , les coulures de rouille qui teintent le bois ne sont plus \u00e0 craindre.<br>Les surfaces m\u00e9talliques trait\u00e9es font ainsi l&rsquo;objet d&rsquo;une protection temporaire contre une r\u00e9oxydation ult\u00e9rieure.Par ailleurs la couche de conversion obtenue est une excellente pr\u00e9paration de surface avant peinture.<\/p>\n","protected":false},"excerpt":{"rendered":"<p>M\u00e9lange d&rsquo;acides assurant la neutralisation du bois apr\u00e8s la phase de d\u00e9capage. Produit pr\u00eat \u00e0 la dilution, \u00e0 hauteur de 10% dans de l&rsquo;eau. NEUTRAL&nbsp; agit en tant que&nbsp; neutralisant apr\u00e8s d\u00e9capage en bain alcalin notament avec notre produit AQUA 05 K.Sa capacit\u00e9 de neutralisation des traces alcalines&nbsp;est tr\u00e8s sup\u00e9rieure \u00e0 celle des bains traditionnels &hellip; <\/p>\n<p class=\"link-more\"><a href=\"https:\/\/www.terredechimie.com\/?page_id=242\" class=\"more-link\">Lire la suite de<span class=\"screen-reader-text\">\u00ab\u00a0Neutralisant\u00a0\u00bb<\/span><\/a><\/p>\n","protected":false},"author":1,"featured_media":0,"parent":0,"menu_order":0,"comment_status":"closed","ping_status":"closed","template":"","meta":{"footnotes":""},"class_list":["post-242","page","type-page","status-publish","hentry"],"yoast_head":"<!-- This site is optimized with the Yoast SEO plugin v26.6 - https:\/\/yoast.com\/wordpress\/plugins\/seo\/ -->\n<title>Neutralisant - terredechimie<\/title>\n<meta name=\"description\" content=\"Neutralisant de Terre de Chimie : solution chimique industrielle pr\u00eate \u00e0 l\u2019emploi pour neutraliser efficacement les bains et optimiser vos proc\u00e9d\u00e9s professionnels.\" \/>\n<meta name=\"robots\" content=\"index, follow, max-snippet:-1, max-image-preview:large, max-video-preview:-1\" \/>\n<link rel=\"canonical\" href=\"https:\/\/dev.terredechimie.com\/?page_id=242\" \/>\n<meta property=\"og:locale\" content=\"fr_FR\" \/>\n<meta property=\"og:type\" content=\"article\" \/>\n<meta property=\"og:title\" content=\"Neutralisant - terredechimie\" \/>\n<meta property=\"og:description\" content=\"Neutralisant de Terre de Chimie : solution chimique industrielle pr\u00eate \u00e0 l\u2019emploi pour neutraliser efficacement les bains et optimiser vos proc\u00e9d\u00e9s professionnels.\" \/>\n<meta property=\"og:url\" content=\"https:\/\/dev.terredechimie.com\/?page_id=242\" \/>\n<meta property=\"og:site_name\" content=\"terredechimie\" \/>\n<meta property=\"article:modified_time\" content=\"2025-12-28T13:10:09+00:00\" \/>\n<meta name=\"twitter:card\" content=\"summary_large_image\" \/>\n<meta name=\"twitter:label1\" content=\"Dur\u00e9e de lecture estim\u00e9e\" \/>\n\t<meta name=\"twitter:data1\" content=\"1 minute\" \/>\n<script type=\"application\/ld+json\" class=\"yoast-schema-graph\">{\"@context\":\"https:\/\/schema.org\",\"@graph\":[{\"@type\":\"WebPage\",\"@id\":\"https:\/\/dev.terredechimie.com\/?page_id=242\",\"url\":\"https:\/\/dev.terredechimie.com\/?page_id=242\",\"name\":\"Neutralisant - terredechimie\",\"isPartOf\":{\"@id\":\"https:\/\/terredechimie.com\/#website\"},\"datePublished\":\"2025-12-28T11:57:15+00:00\",\"dateModified\":\"2025-12-28T13:10:09+00:00\",\"description\":\"Neutralisant de Terre de Chimie : solution chimique industrielle pr\u00eate \u00e0 l\u2019emploi pour neutraliser efficacement les bains et optimiser vos proc\u00e9d\u00e9s professionnels.\",\"breadcrumb\":{\"@id\":\"https:\/\/dev.terredechimie.com\/?page_id=242#breadcrumb\"},\"inLanguage\":\"fr-FR\",\"potentialAction\":[{\"@type\":\"ReadAction\",\"target\":[\"https:\/\/dev.terredechimie.com\/?page_id=242\"]}]},{\"@type\":\"BreadcrumbList\",\"@id\":\"https:\/\/dev.terredechimie.com\/?page_id=242#breadcrumb\",\"itemListElement\":[{\"@type\":\"ListItem\",\"position\":1,\"name\":\"Accueil\",\"item\":\"https:\/\/www.terredechimie.com\/\"},{\"@type\":\"ListItem\",\"position\":2,\"name\":\"Neutralisant\"}]},{\"@type\":\"WebSite\",\"@id\":\"https:\/\/terredechimie.com\/#website\",\"url\":\"https:\/\/terredechimie.com\/\",\"name\":\"terredechimie\",\"description\":\"\",\"publisher\":{\"@id\":\"https:\/\/terredechimie.com\/#organization\"},\"potentialAction\":[{\"@type\":\"SearchAction\",\"target\":{\"@type\":\"EntryPoint\",\"urlTemplate\":\"https:\/\/terredechimie.com\/?s={search_term_string}\"},\"query-input\":{\"@type\":\"PropertyValueSpecification\",\"valueRequired\":true,\"valueName\":\"search_term_string\"}}],\"inLanguage\":\"fr-FR\"},{\"@type\":\"Organization\",\"@id\":\"https:\/\/terredechimie.com\/#organization\",\"name\":\"terredechimie\",\"url\":\"https:\/\/terredechimie.com\/\",\"logo\":{\"@type\":\"ImageObject\",\"inLanguage\":\"fr-FR\",\"@id\":\"https:\/\/terredechimie.com\/#\/schema\/logo\/image\/\",\"url\":\"https:\/\/www.terredechimie.com\/wp-content\/uploads\/2025\/12\/cropped-1C360A0B-F00E-4736-8FC4-F7B6AA983F27.png\",\"contentUrl\":\"https:\/\/www.terredechimie.com\/wp-content\/uploads\/2025\/12\/cropped-1C360A0B-F00E-4736-8FC4-F7B6AA983F27.png\",\"width\":773,\"height\":775,\"caption\":\"terredechimie\"},\"image\":{\"@id\":\"https:\/\/terredechimie.com\/#\/schema\/logo\/image\/\"}}]}<\/script>\n<!-- \/ Yoast SEO plugin. -->","yoast_head_json":{"title":"Neutralisant - terredechimie","description":"Neutralisant de Terre de Chimie : solution chimique industrielle pr\u00eate \u00e0 l\u2019emploi pour neutraliser efficacement les bains et optimiser vos proc\u00e9d\u00e9s professionnels.","robots":{"index":"index","follow":"follow","max-snippet":"max-snippet:-1","max-image-preview":"max-image-preview:large","max-video-preview":"max-video-preview:-1"},"canonical":"https:\/\/dev.terredechimie.com\/?page_id=242","og_locale":"fr_FR","og_type":"article","og_title":"Neutralisant - terredechimie","og_description":"Neutralisant de Terre de Chimie : solution chimique industrielle pr\u00eate \u00e0 l\u2019emploi pour neutraliser efficacement les bains et optimiser vos proc\u00e9d\u00e9s professionnels.","og_url":"https:\/\/dev.terredechimie.com\/?page_id=242","og_site_name":"terredechimie","article_modified_time":"2025-12-28T13:10:09+00:00","twitter_card":"summary_large_image","twitter_misc":{"Dur\u00e9e de lecture estim\u00e9e":"1 minute"},"schema":{"@context":"https:\/\/schema.org","@graph":[{"@type":"WebPage","@id":"https:\/\/dev.terredechimie.com\/?page_id=242","url":"https:\/\/dev.terredechimie.com\/?page_id=242","name":"Neutralisant - terredechimie","isPartOf":{"@id":"https:\/\/terredechimie.com\/#website"},"datePublished":"2025-12-28T11:57:15+00:00","dateModified":"2025-12-28T13:10:09+00:00","description":"Neutralisant de Terre de Chimie : solution chimique industrielle pr\u00eate \u00e0 l\u2019emploi pour neutraliser efficacement les bains et optimiser vos proc\u00e9d\u00e9s professionnels.","breadcrumb":{"@id":"https:\/\/dev.terredechimie.com\/?page_id=242#breadcrumb"},"inLanguage":"fr-FR","potentialAction":[{"@type":"ReadAction","target":["https:\/\/dev.terredechimie.com\/?page_id=242"]}]},{"@type":"BreadcrumbList","@id":"https:\/\/dev.terredechimie.com\/?page_id=242#breadcrumb","itemListElement":[{"@type":"ListItem","position":1,"name":"Accueil","item":"https:\/\/www.terredechimie.com\/"},{"@type":"ListItem","position":2,"name":"Neutralisant"}]},{"@type":"WebSite","@id":"https:\/\/terredechimie.com\/#website","url":"https:\/\/terredechimie.com\/","name":"terredechimie","description":"","publisher":{"@id":"https:\/\/terredechimie.com\/#organization"},"potentialAction":[{"@type":"SearchAction","target":{"@type":"EntryPoint","urlTemplate":"https:\/\/terredechimie.com\/?s={search_term_string}"},"query-input":{"@type":"PropertyValueSpecification","valueRequired":true,"valueName":"search_term_string"}}],"inLanguage":"fr-FR"},{"@type":"Organization","@id":"https:\/\/terredechimie.com\/#organization","name":"terredechimie","url":"https:\/\/terredechimie.com\/","logo":{"@type":"ImageObject","inLanguage":"fr-FR","@id":"https:\/\/terredechimie.com\/#\/schema\/logo\/image\/","url":"https:\/\/www.terredechimie.com\/wp-content\/uploads\/2025\/12\/cropped-1C360A0B-F00E-4736-8FC4-F7B6AA983F27.png","contentUrl":"https:\/\/www.terredechimie.com\/wp-content\/uploads\/2025\/12\/cropped-1C360A0B-F00E-4736-8FC4-F7B6AA983F27.png","width":773,"height":775,"caption":"terredechimie"},"image":{"@id":"https:\/\/terredechimie.com\/#\/schema\/logo\/image\/"}}]}},"jetpack_sharing_enabled":true,"_links":{"self":[{"href":"https:\/\/www.terredechimie.com\/index.php?rest_route=\/wp\/v2\/pages\/242","targetHints":{"allow":["GET"]}}],"collection":[{"href":"https:\/\/www.terredechimie.com\/index.php?rest_route=\/wp\/v2\/pages"}],"about":[{"href":"https:\/\/www.terredechimie.com\/index.php?rest_route=\/wp\/v2\/types\/page"}],"author":[{"embeddable":true,"href":"https:\/\/www.terredechimie.com\/index.php?rest_route=\/wp\/v2\/users\/1"}],"replies":[{"embeddable":true,"href":"https:\/\/www.terredechimie.com\/index.php?rest_route=%2Fwp%2Fv2%2Fcomments&post=242"}],"version-history":[{"count":2,"href":"https:\/\/www.terredechimie.com\/index.php?rest_route=\/wp\/v2\/pages\/242\/revisions"}],"predecessor-version":[{"id":311,"href":"https:\/\/www.terredechimie.com\/index.php?rest_route=\/wp\/v2\/pages\/242\/revisions\/311"}],"wp:attachment":[{"href":"https:\/\/www.terredechimie.com\/index.php?rest_route=%2Fwp%2Fv2%2Fmedia&parent=242"}],"curies":[{"name":"wp","href":"https:\/\/api.w.org\/{rel}","templated":true}]}}