{"id":223,"date":"2025-12-28T12:41:22","date_gmt":"2025-12-28T11:41:22","guid":{"rendered":"https:\/\/dev.terredechimie.com\/?page_id=223"},"modified":"2026-03-11T20:42:01","modified_gmt":"2026-03-11T19:42:01","slug":"decapants-en-base-solvant","status":"publish","type":"page","link":"https:\/\/www.terredechimie.com\/?page_id=223","title":{"rendered":"D\u00e9capants en Base Solvant"},"content":{"rendered":"\n<p>Produits compos\u00e9s de solvants ou de carbonates de potassium, ils seront tr\u00e8s efficaces sur tous types de support et \u00e9limineront peintures et vernis.<\/p>\n\n\n\n<div class=\"wp-block-columns is-layout-flex wp-container-core-columns-is-layout-28f84493 wp-block-columns-is-layout-flex\">\n<div class=\"wp-block-column is-layout-flow wp-block-column-is-layout-flow\">\n<figure class=\"wp-block-image size-full is-resized\"><img fetchpriority=\"high\" decoding=\"async\" width=\"1500\" height=\"994\" src=\"https:\/\/www.terredechimie.com\/wp-content\/uploads\/2025\/12\/2149286751.jpg\" alt=\"\" class=\"wp-image-283\" style=\"aspect-ratio:1.5015178772205982;width:420px;height:auto\" srcset=\"https:\/\/www.terredechimie.com\/wp-content\/uploads\/2025\/12\/2149286751.jpg 1500w, https:\/\/www.terredechimie.com\/wp-content\/uploads\/2025\/12\/2149286751-300x199.jpg 300w, https:\/\/www.terredechimie.com\/wp-content\/uploads\/2025\/12\/2149286751-1024x679.jpg 1024w\" sizes=\"(max-width: 1500px) 100vw, 1500px\" \/><\/figure>\n\n\n\n<p class=\"has-black-color has-text-color has-medium-font-size\"><a href=\"https:\/\/www.terredechimie.com\/?page_id=292\" target=\"_blank\" rel=\"noreferrer noopener\">D\u00e9capant SD 04<\/a><\/p>\n<\/div>\n\n\n\n<div class=\"wp-block-column is-layout-flow wp-block-column-is-layout-flow\">\n<figure class=\"wp-block-image size-full is-resized\"><img decoding=\"async\" width=\"1500\" height=\"994\" src=\"https:\/\/www.terredechimie.com\/wp-content\/uploads\/2025\/12\/2149286720.jpg\" alt=\"\" class=\"wp-image-285\" style=\"aspect-ratio:1.5036781264074464;width:421px;height:auto\" srcset=\"https:\/\/www.terredechimie.com\/wp-content\/uploads\/2025\/12\/2149286720.jpg 1500w, https:\/\/www.terredechimie.com\/wp-content\/uploads\/2025\/12\/2149286720-300x199.jpg 300w, https:\/\/www.terredechimie.com\/wp-content\/uploads\/2025\/12\/2149286720-1024x679.jpg 1024w\" sizes=\"(max-width: 1500px) 100vw, 1500px\" \/><\/figure>\n\n\n\n<p class=\"has-black-color has-text-color has-medium-font-size\"><a href=\"https:\/\/terredechimie.com\/?page_id=293\" target=\"_blank\" rel=\"noreferrer noopener\">D\u00e9capant SD 05<br><\/a><\/p>\n<\/div>\n<\/div>\n\n\n\n<p><\/p>\n","protected":false},"excerpt":{"rendered":"<p>Produits compos\u00e9s de solvants ou de carbonates de potassium, ils seront tr\u00e8s efficaces sur tous types de support et \u00e9limineront peintures et vernis. D\u00e9capant SD 04 D\u00e9capant SD 05<\/p>\n","protected":false},"author":1,"featured_media":0,"parent":0,"menu_order":0,"comment_status":"closed","ping_status":"closed","template":"","meta":{"footnotes":""},"class_list":["post-223","page","type-page","status-publish","hentry"],"yoast_head":"<!-- This site is optimized with the Yoast SEO plugin v26.6 - https:\/\/yoast.com\/wordpress\/plugins\/seo\/ -->\n<title>D\u00e9capants en Base Solvant - terredechimie<\/title>\n<meta name=\"description\" content=\"D\u00e9capants en base solvant de Terre de Chimie : solutions chimiques performantes pour \u00e9liminer efficacement peintures et rev\u00eatements sur surfaces industrielles.\" \/>\n<meta name=\"robots\" content=\"index, follow, max-snippet:-1, max-image-preview:large, max-video-preview:-1\" \/>\n<link rel=\"canonical\" href=\"https:\/\/www.terredechimie.com\/?page_id=223\" \/>\n<meta property=\"og:locale\" content=\"fr_FR\" \/>\n<meta property=\"og:type\" content=\"article\" \/>\n<meta property=\"og:title\" content=\"D\u00e9capants en Base Solvant - terredechimie\" \/>\n<meta property=\"og:description\" content=\"D\u00e9capants en base solvant de Terre de Chimie : solutions chimiques performantes pour \u00e9liminer efficacement peintures et rev\u00eatements sur surfaces industrielles.\" \/>\n<meta property=\"og:url\" content=\"https:\/\/www.terredechimie.com\/?page_id=223\" \/>\n<meta property=\"og:site_name\" content=\"terredechimie\" \/>\n<meta property=\"article:modified_time\" content=\"2026-03-11T19:42:01+00:00\" \/>\n<meta property=\"og:image\" content=\"https:\/\/www.terredechimie.com\/wp-content\/uploads\/2025\/12\/2149286751.jpg\" \/>\n\t<meta property=\"og:image:width\" content=\"1500\" \/>\n\t<meta property=\"og:image:height\" content=\"994\" \/>\n\t<meta property=\"og:image:type\" content=\"image\/jpeg\" \/>\n<meta name=\"twitter:card\" content=\"summary_large_image\" \/>\n<meta name=\"twitter:label1\" content=\"Dur\u00e9e de lecture estim\u00e9e\" \/>\n\t<meta name=\"twitter:data1\" content=\"1 minute\" \/>\n<script type=\"application\/ld+json\" class=\"yoast-schema-graph\">{\"@context\":\"https:\/\/schema.org\",\"@graph\":[{\"@type\":\"WebPage\",\"@id\":\"https:\/\/www.terredechimie.com\/?page_id=223\",\"url\":\"https:\/\/www.terredechimie.com\/?page_id=223\",\"name\":\"D\u00e9capants en Base Solvant - terredechimie\",\"isPartOf\":{\"@id\":\"https:\/\/terredechimie.com\/#website\"},\"primaryImageOfPage\":{\"@id\":\"https:\/\/www.terredechimie.com\/?page_id=223#primaryimage\"},\"image\":{\"@id\":\"https:\/\/www.terredechimie.com\/?page_id=223#primaryimage\"},\"thumbnailUrl\":\"https:\/\/www.terredechimie.com\/wp-content\/uploads\/2025\/12\/2149286751.jpg\",\"datePublished\":\"2025-12-28T11:41:22+00:00\",\"dateModified\":\"2026-03-11T19:42:01+00:00\",\"description\":\"D\u00e9capants en base solvant de Terre de Chimie : solutions chimiques performantes pour \u00e9liminer efficacement peintures et rev\u00eatements sur surfaces industrielles.\",\"breadcrumb\":{\"@id\":\"https:\/\/www.terredechimie.com\/?page_id=223#breadcrumb\"},\"inLanguage\":\"fr-FR\",\"potentialAction\":[{\"@type\":\"ReadAction\",\"target\":[\"https:\/\/www.terredechimie.com\/?page_id=223\"]}]},{\"@type\":\"ImageObject\",\"inLanguage\":\"fr-FR\",\"@id\":\"https:\/\/www.terredechimie.com\/?page_id=223#primaryimage\",\"url\":\"https:\/\/www.terredechimie.com\/wp-content\/uploads\/2025\/12\/2149286751.jpg\",\"contentUrl\":\"https:\/\/www.terredechimie.com\/wp-content\/uploads\/2025\/12\/2149286751.jpg\",\"width\":1500,\"height\":994},{\"@type\":\"BreadcrumbList\",\"@id\":\"https:\/\/www.terredechimie.com\/?page_id=223#breadcrumb\",\"itemListElement\":[{\"@type\":\"ListItem\",\"position\":1,\"name\":\"Accueil\",\"item\":\"https:\/\/www.terredechimie.com\/\"},{\"@type\":\"ListItem\",\"position\":2,\"name\":\"D\u00e9capants en Base Solvant\"}]},{\"@type\":\"WebSite\",\"@id\":\"https:\/\/terredechimie.com\/#website\",\"url\":\"https:\/\/terredechimie.com\/\",\"name\":\"terredechimie\",\"description\":\"\",\"publisher\":{\"@id\":\"https:\/\/terredechimie.com\/#organization\"},\"potentialAction\":[{\"@type\":\"SearchAction\",\"target\":{\"@type\":\"EntryPoint\",\"urlTemplate\":\"https:\/\/terredechimie.com\/?s={search_term_string}\"},\"query-input\":{\"@type\":\"PropertyValueSpecification\",\"valueRequired\":true,\"valueName\":\"search_term_string\"}}],\"inLanguage\":\"fr-FR\"},{\"@type\":\"Organization\",\"@id\":\"https:\/\/terredechimie.com\/#organization\",\"name\":\"terredechimie\",\"url\":\"https:\/\/terredechimie.com\/\",\"logo\":{\"@type\":\"ImageObject\",\"inLanguage\":\"fr-FR\",\"@id\":\"https:\/\/terredechimie.com\/#\/schema\/logo\/image\/\",\"url\":\"https:\/\/www.terredechimie.com\/wp-content\/uploads\/2025\/12\/cropped-1C360A0B-F00E-4736-8FC4-F7B6AA983F27.png\",\"contentUrl\":\"https:\/\/www.terredechimie.com\/wp-content\/uploads\/2025\/12\/cropped-1C360A0B-F00E-4736-8FC4-F7B6AA983F27.png\",\"width\":773,\"height\":775,\"caption\":\"terredechimie\"},\"image\":{\"@id\":\"https:\/\/terredechimie.com\/#\/schema\/logo\/image\/\"}}]}<\/script>\n<!-- \/ Yoast SEO plugin. -->","yoast_head_json":{"title":"D\u00e9capants en Base Solvant - terredechimie","description":"D\u00e9capants en base solvant de Terre de Chimie : solutions chimiques performantes pour \u00e9liminer efficacement peintures et rev\u00eatements sur surfaces industrielles.","robots":{"index":"index","follow":"follow","max-snippet":"max-snippet:-1","max-image-preview":"max-image-preview:large","max-video-preview":"max-video-preview:-1"},"canonical":"https:\/\/www.terredechimie.com\/?page_id=223","og_locale":"fr_FR","og_type":"article","og_title":"D\u00e9capants en Base Solvant - terredechimie","og_description":"D\u00e9capants en base solvant de Terre de Chimie : solutions chimiques performantes pour \u00e9liminer efficacement peintures et rev\u00eatements sur surfaces industrielles.","og_url":"https:\/\/www.terredechimie.com\/?page_id=223","og_site_name":"terredechimie","article_modified_time":"2026-03-11T19:42:01+00:00","og_image":[{"width":1500,"height":994,"url":"https:\/\/www.terredechimie.com\/wp-content\/uploads\/2025\/12\/2149286751.jpg","type":"image\/jpeg"}],"twitter_card":"summary_large_image","twitter_misc":{"Dur\u00e9e de lecture estim\u00e9e":"1 minute"},"schema":{"@context":"https:\/\/schema.org","@graph":[{"@type":"WebPage","@id":"https:\/\/www.terredechimie.com\/?page_id=223","url":"https:\/\/www.terredechimie.com\/?page_id=223","name":"D\u00e9capants en Base Solvant - terredechimie","isPartOf":{"@id":"https:\/\/terredechimie.com\/#website"},"primaryImageOfPage":{"@id":"https:\/\/www.terredechimie.com\/?page_id=223#primaryimage"},"image":{"@id":"https:\/\/www.terredechimie.com\/?page_id=223#primaryimage"},"thumbnailUrl":"https:\/\/www.terredechimie.com\/wp-content\/uploads\/2025\/12\/2149286751.jpg","datePublished":"2025-12-28T11:41:22+00:00","dateModified":"2026-03-11T19:42:01+00:00","description":"D\u00e9capants en base solvant de Terre de Chimie : solutions chimiques performantes pour \u00e9liminer efficacement peintures et rev\u00eatements sur surfaces industrielles.","breadcrumb":{"@id":"https:\/\/www.terredechimie.com\/?page_id=223#breadcrumb"},"inLanguage":"fr-FR","potentialAction":[{"@type":"ReadAction","target":["https:\/\/www.terredechimie.com\/?page_id=223"]}]},{"@type":"ImageObject","inLanguage":"fr-FR","@id":"https:\/\/www.terredechimie.com\/?page_id=223#primaryimage","url":"https:\/\/www.terredechimie.com\/wp-content\/uploads\/2025\/12\/2149286751.jpg","contentUrl":"https:\/\/www.terredechimie.com\/wp-content\/uploads\/2025\/12\/2149286751.jpg","width":1500,"height":994},{"@type":"BreadcrumbList","@id":"https:\/\/www.terredechimie.com\/?page_id=223#breadcrumb","itemListElement":[{"@type":"ListItem","position":1,"name":"Accueil","item":"https:\/\/www.terredechimie.com\/"},{"@type":"ListItem","position":2,"name":"D\u00e9capants en Base Solvant"}]},{"@type":"WebSite","@id":"https:\/\/terredechimie.com\/#website","url":"https:\/\/terredechimie.com\/","name":"terredechimie","description":"","publisher":{"@id":"https:\/\/terredechimie.com\/#organization"},"potentialAction":[{"@type":"SearchAction","target":{"@type":"EntryPoint","urlTemplate":"https:\/\/terredechimie.com\/?s={search_term_string}"},"query-input":{"@type":"PropertyValueSpecification","valueRequired":true,"valueName":"search_term_string"}}],"inLanguage":"fr-FR"},{"@type":"Organization","@id":"https:\/\/terredechimie.com\/#organization","name":"terredechimie","url":"https:\/\/terredechimie.com\/","logo":{"@type":"ImageObject","inLanguage":"fr-FR","@id":"https:\/\/terredechimie.com\/#\/schema\/logo\/image\/","url":"https:\/\/www.terredechimie.com\/wp-content\/uploads\/2025\/12\/cropped-1C360A0B-F00E-4736-8FC4-F7B6AA983F27.png","contentUrl":"https:\/\/www.terredechimie.com\/wp-content\/uploads\/2025\/12\/cropped-1C360A0B-F00E-4736-8FC4-F7B6AA983F27.png","width":773,"height":775,"caption":"terredechimie"},"image":{"@id":"https:\/\/terredechimie.com\/#\/schema\/logo\/image\/"}}]}},"jetpack_sharing_enabled":true,"_links":{"self":[{"href":"https:\/\/www.terredechimie.com\/index.php?rest_route=\/wp\/v2\/pages\/223","targetHints":{"allow":["GET"]}}],"collection":[{"href":"https:\/\/www.terredechimie.com\/index.php?rest_route=\/wp\/v2\/pages"}],"about":[{"href":"https:\/\/www.terredechimie.com\/index.php?rest_route=\/wp\/v2\/types\/page"}],"author":[{"embeddable":true,"href":"https:\/\/www.terredechimie.com\/index.php?rest_route=\/wp\/v2\/users\/1"}],"replies":[{"embeddable":true,"href":"https:\/\/www.terredechimie.com\/index.php?rest_route=%2Fwp%2Fv2%2Fcomments&post=223"}],"version-history":[{"count":9,"href":"https:\/\/www.terredechimie.com\/index.php?rest_route=\/wp\/v2\/pages\/223\/revisions"}],"predecessor-version":[{"id":597,"href":"https:\/\/www.terredechimie.com\/index.php?rest_route=\/wp\/v2\/pages\/223\/revisions\/597"}],"wp:attachment":[{"href":"https:\/\/www.terredechimie.com\/index.php?rest_route=%2Fwp%2Fv2%2Fmedia&parent=223"}],"curies":[{"name":"wp","href":"https:\/\/api.w.org\/{rel}","templated":true}]}}