{"id":222,"date":"2025-12-28T12:41:22","date_gmt":"2025-12-28T11:41:22","guid":{"rendered":"https:\/\/dev.terredechimie.com\/?page_id=222"},"modified":"2026-03-11T20:41:29","modified_gmt":"2026-03-11T19:41:29","slug":"decapants-en-base-hydro","status":"publish","type":"page","link":"https:\/\/www.terredechimie.com\/?page_id=222","title":{"rendered":"D\u00e9capants en Base Hydro"},"content":{"rendered":"\n<p>D\u00e9capants nouvelle g\u00e9n\u00e9ration<br>Produits nouvelle g\u00e9n\u00e9ration, en base aqueuse sans solvant, adapt\u00e9s \u00e0 une utilisation en bain.<\/p>\n\n\n\n<p class=\"has-text-align-left\">Efficaces sur peintures polyur\u00e9thanes, polysulfides et \u00e9poxys appliqu\u00e9es sur surfaces m\u00e9talliques.<\/p>\n\n\n\n<div class=\"wp-block-columns is-layout-flex wp-container-core-columns-is-layout-28f84493 wp-block-columns-is-layout-flex\">\n<div class=\"wp-block-column is-layout-flow wp-block-column-is-layout-flow\">\n<figure class=\"wp-block-image size-full is-resized\"><img decoding=\"async\" width=\"115\" height=\"83\" src=\"https:\/\/www.terredechimie.com\/wp-content\/uploads\/2025\/12\/115_83_cDEwMTAzOTU.jpg\" alt=\"\" class=\"wp-image-256\" style=\"aspect-ratio:1.5015178772205982;width:330px;height:auto\"\/><\/figure>\n\n\n\n<p class=\"has-black-color has-text-color has-medium-font-size\"><a href=\"https:\/\/www.terredechimie.com\/?page_id=261\" target=\"_blank\" rel=\"noreferrer noopener\">AQUA 05B<\/a><\/p>\n<\/div>\n\n\n\n<div class=\"wp-block-column is-layout-flow wp-block-column-is-layout-flow\">\n<figure class=\"wp-block-image size-full is-resized\"><img decoding=\"async\" width=\"115\" height=\"83\" src=\"https:\/\/www.terredechimie.com\/wp-content\/uploads\/2025\/12\/115_83_cDEwMTA0MDQ.jpg\" alt=\"\" class=\"wp-image-257\" style=\"aspect-ratio:1.5036781264074464;width:334px;height:auto\"\/><\/figure>\n\n\n\n<p class=\"has-black-color has-text-color has-medium-font-size\"><a href=\"https:\/\/www.terredechimie.com\/?page_id=262\" target=\"_blank\" rel=\"noreferrer noopener\">AQUA 05A<\/a><\/p>\n<\/div>\n\n\n\n<div class=\"wp-block-column is-layout-flow wp-block-column-is-layout-flow\">\n<div class=\"wp-block-group has-global-padding is-layout-constrained wp-block-group-is-layout-constrained\">\n<figure class=\"wp-block-image size-full is-resized\"><img decoding=\"async\" width=\"115\" height=\"83\" src=\"https:\/\/www.terredechimie.com\/wp-content\/uploads\/2025\/12\/115_83_ZHNjZjM1NTI.jpg\" alt=\"\" class=\"wp-image-258\" style=\"aspect-ratio:1.5015178772205982;width:336px;height:auto\"\/><\/figure>\n\n\n\n<p class=\"has-black-color has-text-color has-medium-font-size\"><a href=\"https:\/\/terredechimie.com\/?page_id=263\" target=\"_blank\" rel=\"noreferrer noopener\">AQUA 05K<\/a><\/p>\n<\/div>\n<\/div>\n<\/div>\n\n\n\n<p><\/p>\n","protected":false},"excerpt":{"rendered":"<p>D\u00e9capants nouvelle g\u00e9n\u00e9rationProduits nouvelle g\u00e9n\u00e9ration, en base aqueuse sans solvant, adapt\u00e9s \u00e0 une utilisation en bain. Efficaces sur peintures polyur\u00e9thanes, polysulfides et \u00e9poxys appliqu\u00e9es sur surfaces m\u00e9talliques. AQUA 05B AQUA 05A AQUA 05K<\/p>\n","protected":false},"author":1,"featured_media":0,"parent":0,"menu_order":0,"comment_status":"closed","ping_status":"closed","template":"","meta":{"footnotes":""},"class_list":["post-222","page","type-page","status-publish","hentry"],"yoast_head":"<!-- This site is optimized with the Yoast SEO plugin v26.6 - https:\/\/yoast.com\/wordpress\/plugins\/seo\/ -->\n<title>D\u00e9capants en Base Hydro - terredechimie<\/title>\n<meta name=\"description\" content=\"D\u00e9couvrez nos d\u00e9capants en base hydro performants pour le d\u00e9capage et le traitement des surfaces. Solutions professionnelles efficaces et respectueuses des supports.\" \/>\n<meta name=\"robots\" content=\"index, follow, max-snippet:-1, max-image-preview:large, max-video-preview:-1\" \/>\n<link rel=\"canonical\" href=\"https:\/\/www.terredechimie.com\/?page_id=222\" \/>\n<meta property=\"og:locale\" content=\"fr_FR\" \/>\n<meta property=\"og:type\" content=\"article\" \/>\n<meta property=\"og:title\" content=\"D\u00e9capants en Base Hydro - terredechimie\" \/>\n<meta property=\"og:description\" content=\"D\u00e9couvrez nos d\u00e9capants en base hydro performants pour le d\u00e9capage et le traitement des surfaces. Solutions professionnelles efficaces et respectueuses des supports.\" \/>\n<meta property=\"og:url\" content=\"https:\/\/www.terredechimie.com\/?page_id=222\" \/>\n<meta property=\"og:site_name\" content=\"terredechimie\" \/>\n<meta property=\"article:modified_time\" content=\"2026-03-11T19:41:29+00:00\" \/>\n<meta property=\"og:image\" content=\"https:\/\/www.terredechimie.com\/wp-content\/uploads\/2025\/12\/115_83_cDEwMTAzOTU.jpg\" \/>\n\t<meta property=\"og:image:width\" content=\"115\" \/>\n\t<meta property=\"og:image:height\" content=\"83\" \/>\n\t<meta property=\"og:image:type\" content=\"image\/jpeg\" \/>\n<meta name=\"twitter:card\" content=\"summary_large_image\" \/>\n<meta name=\"twitter:label1\" content=\"Dur\u00e9e de lecture estim\u00e9e\" \/>\n\t<meta name=\"twitter:data1\" content=\"1 minute\" \/>\n<script type=\"application\/ld+json\" class=\"yoast-schema-graph\">{\"@context\":\"https:\/\/schema.org\",\"@graph\":[{\"@type\":\"WebPage\",\"@id\":\"https:\/\/www.terredechimie.com\/?page_id=222\",\"url\":\"https:\/\/www.terredechimie.com\/?page_id=222\",\"name\":\"D\u00e9capants en Base Hydro - terredechimie\",\"isPartOf\":{\"@id\":\"https:\/\/terredechimie.com\/#website\"},\"primaryImageOfPage\":{\"@id\":\"https:\/\/www.terredechimie.com\/?page_id=222#primaryimage\"},\"image\":{\"@id\":\"https:\/\/www.terredechimie.com\/?page_id=222#primaryimage\"},\"thumbnailUrl\":\"https:\/\/www.terredechimie.com\/wp-content\/uploads\/2025\/12\/115_83_cDEwMTAzOTU.jpg\",\"datePublished\":\"2025-12-28T11:41:22+00:00\",\"dateModified\":\"2026-03-11T19:41:29+00:00\",\"description\":\"D\u00e9couvrez nos d\u00e9capants en base hydro performants pour le d\u00e9capage et le traitement des surfaces. Solutions professionnelles efficaces et respectueuses des supports.\",\"breadcrumb\":{\"@id\":\"https:\/\/www.terredechimie.com\/?page_id=222#breadcrumb\"},\"inLanguage\":\"fr-FR\",\"potentialAction\":[{\"@type\":\"ReadAction\",\"target\":[\"https:\/\/www.terredechimie.com\/?page_id=222\"]}]},{\"@type\":\"ImageObject\",\"inLanguage\":\"fr-FR\",\"@id\":\"https:\/\/www.terredechimie.com\/?page_id=222#primaryimage\",\"url\":\"https:\/\/www.terredechimie.com\/wp-content\/uploads\/2025\/12\/115_83_cDEwMTAzOTU.jpg\",\"contentUrl\":\"https:\/\/www.terredechimie.com\/wp-content\/uploads\/2025\/12\/115_83_cDEwMTAzOTU.jpg\",\"width\":115,\"height\":83},{\"@type\":\"BreadcrumbList\",\"@id\":\"https:\/\/www.terredechimie.com\/?page_id=222#breadcrumb\",\"itemListElement\":[{\"@type\":\"ListItem\",\"position\":1,\"name\":\"Accueil\",\"item\":\"https:\/\/www.terredechimie.com\/\"},{\"@type\":\"ListItem\",\"position\":2,\"name\":\"D\u00e9capants en Base Hydro\"}]},{\"@type\":\"WebSite\",\"@id\":\"https:\/\/terredechimie.com\/#website\",\"url\":\"https:\/\/terredechimie.com\/\",\"name\":\"terredechimie\",\"description\":\"\",\"publisher\":{\"@id\":\"https:\/\/terredechimie.com\/#organization\"},\"potentialAction\":[{\"@type\":\"SearchAction\",\"target\":{\"@type\":\"EntryPoint\",\"urlTemplate\":\"https:\/\/terredechimie.com\/?s={search_term_string}\"},\"query-input\":{\"@type\":\"PropertyValueSpecification\",\"valueRequired\":true,\"valueName\":\"search_term_string\"}}],\"inLanguage\":\"fr-FR\"},{\"@type\":\"Organization\",\"@id\":\"https:\/\/terredechimie.com\/#organization\",\"name\":\"terredechimie\",\"url\":\"https:\/\/terredechimie.com\/\",\"logo\":{\"@type\":\"ImageObject\",\"inLanguage\":\"fr-FR\",\"@id\":\"https:\/\/terredechimie.com\/#\/schema\/logo\/image\/\",\"url\":\"https:\/\/www.terredechimie.com\/wp-content\/uploads\/2025\/12\/cropped-1C360A0B-F00E-4736-8FC4-F7B6AA983F27.png\",\"contentUrl\":\"https:\/\/www.terredechimie.com\/wp-content\/uploads\/2025\/12\/cropped-1C360A0B-F00E-4736-8FC4-F7B6AA983F27.png\",\"width\":773,\"height\":775,\"caption\":\"terredechimie\"},\"image\":{\"@id\":\"https:\/\/terredechimie.com\/#\/schema\/logo\/image\/\"}}]}<\/script>\n<!-- \/ Yoast SEO plugin. -->","yoast_head_json":{"title":"D\u00e9capants en Base Hydro - terredechimie","description":"D\u00e9couvrez nos d\u00e9capants en base hydro performants pour le d\u00e9capage et le traitement des surfaces. Solutions professionnelles efficaces et respectueuses des supports.","robots":{"index":"index","follow":"follow","max-snippet":"max-snippet:-1","max-image-preview":"max-image-preview:large","max-video-preview":"max-video-preview:-1"},"canonical":"https:\/\/www.terredechimie.com\/?page_id=222","og_locale":"fr_FR","og_type":"article","og_title":"D\u00e9capants en Base Hydro - terredechimie","og_description":"D\u00e9couvrez nos d\u00e9capants en base hydro performants pour le d\u00e9capage et le traitement des surfaces. Solutions professionnelles efficaces et respectueuses des supports.","og_url":"https:\/\/www.terredechimie.com\/?page_id=222","og_site_name":"terredechimie","article_modified_time":"2026-03-11T19:41:29+00:00","og_image":[{"width":115,"height":83,"url":"https:\/\/www.terredechimie.com\/wp-content\/uploads\/2025\/12\/115_83_cDEwMTAzOTU.jpg","type":"image\/jpeg"}],"twitter_card":"summary_large_image","twitter_misc":{"Dur\u00e9e de lecture estim\u00e9e":"1 minute"},"schema":{"@context":"https:\/\/schema.org","@graph":[{"@type":"WebPage","@id":"https:\/\/www.terredechimie.com\/?page_id=222","url":"https:\/\/www.terredechimie.com\/?page_id=222","name":"D\u00e9capants en Base Hydro - terredechimie","isPartOf":{"@id":"https:\/\/terredechimie.com\/#website"},"primaryImageOfPage":{"@id":"https:\/\/www.terredechimie.com\/?page_id=222#primaryimage"},"image":{"@id":"https:\/\/www.terredechimie.com\/?page_id=222#primaryimage"},"thumbnailUrl":"https:\/\/www.terredechimie.com\/wp-content\/uploads\/2025\/12\/115_83_cDEwMTAzOTU.jpg","datePublished":"2025-12-28T11:41:22+00:00","dateModified":"2026-03-11T19:41:29+00:00","description":"D\u00e9couvrez nos d\u00e9capants en base hydro performants pour le d\u00e9capage et le traitement des surfaces. Solutions professionnelles efficaces et respectueuses des supports.","breadcrumb":{"@id":"https:\/\/www.terredechimie.com\/?page_id=222#breadcrumb"},"inLanguage":"fr-FR","potentialAction":[{"@type":"ReadAction","target":["https:\/\/www.terredechimie.com\/?page_id=222"]}]},{"@type":"ImageObject","inLanguage":"fr-FR","@id":"https:\/\/www.terredechimie.com\/?page_id=222#primaryimage","url":"https:\/\/www.terredechimie.com\/wp-content\/uploads\/2025\/12\/115_83_cDEwMTAzOTU.jpg","contentUrl":"https:\/\/www.terredechimie.com\/wp-content\/uploads\/2025\/12\/115_83_cDEwMTAzOTU.jpg","width":115,"height":83},{"@type":"BreadcrumbList","@id":"https:\/\/www.terredechimie.com\/?page_id=222#breadcrumb","itemListElement":[{"@type":"ListItem","position":1,"name":"Accueil","item":"https:\/\/www.terredechimie.com\/"},{"@type":"ListItem","position":2,"name":"D\u00e9capants en Base Hydro"}]},{"@type":"WebSite","@id":"https:\/\/terredechimie.com\/#website","url":"https:\/\/terredechimie.com\/","name":"terredechimie","description":"","publisher":{"@id":"https:\/\/terredechimie.com\/#organization"},"potentialAction":[{"@type":"SearchAction","target":{"@type":"EntryPoint","urlTemplate":"https:\/\/terredechimie.com\/?s={search_term_string}"},"query-input":{"@type":"PropertyValueSpecification","valueRequired":true,"valueName":"search_term_string"}}],"inLanguage":"fr-FR"},{"@type":"Organization","@id":"https:\/\/terredechimie.com\/#organization","name":"terredechimie","url":"https:\/\/terredechimie.com\/","logo":{"@type":"ImageObject","inLanguage":"fr-FR","@id":"https:\/\/terredechimie.com\/#\/schema\/logo\/image\/","url":"https:\/\/www.terredechimie.com\/wp-content\/uploads\/2025\/12\/cropped-1C360A0B-F00E-4736-8FC4-F7B6AA983F27.png","contentUrl":"https:\/\/www.terredechimie.com\/wp-content\/uploads\/2025\/12\/cropped-1C360A0B-F00E-4736-8FC4-F7B6AA983F27.png","width":773,"height":775,"caption":"terredechimie"},"image":{"@id":"https:\/\/terredechimie.com\/#\/schema\/logo\/image\/"}}]}},"jetpack_sharing_enabled":true,"_links":{"self":[{"href":"https:\/\/www.terredechimie.com\/index.php?rest_route=\/wp\/v2\/pages\/222","targetHints":{"allow":["GET"]}}],"collection":[{"href":"https:\/\/www.terredechimie.com\/index.php?rest_route=\/wp\/v2\/pages"}],"about":[{"href":"https:\/\/www.terredechimie.com\/index.php?rest_route=\/wp\/v2\/types\/page"}],"author":[{"embeddable":true,"href":"https:\/\/www.terredechimie.com\/index.php?rest_route=\/wp\/v2\/users\/1"}],"replies":[{"embeddable":true,"href":"https:\/\/www.terredechimie.com\/index.php?rest_route=%2Fwp%2Fv2%2Fcomments&post=222"}],"version-history":[{"count":10,"href":"https:\/\/www.terredechimie.com\/index.php?rest_route=\/wp\/v2\/pages\/222\/revisions"}],"predecessor-version":[{"id":596,"href":"https:\/\/www.terredechimie.com\/index.php?rest_route=\/wp\/v2\/pages\/222\/revisions\/596"}],"wp:attachment":[{"href":"https:\/\/www.terredechimie.com\/index.php?rest_route=%2Fwp%2Fv2%2Fmedia&parent=222"}],"curies":[{"name":"wp","href":"https:\/\/api.w.org\/{rel}","templated":true}]}}