{"id":18,"date":"2025-12-27T11:46:11","date_gmt":"2025-12-27T10:46:11","guid":{"rendered":"https:\/\/dev.terredechimie.com\/?page_id=18"},"modified":"2026-03-11T21:35:39","modified_gmt":"2026-03-11T20:35:39","slug":"contact-terre-de-chimie","status":"publish","type":"page","link":"https:\/\/www.terredechimie.com\/?page_id=18","title":{"rendered":"Contact"},"content":{"rendered":"\n<p>Pour toute demande d\u2019information, de conseil technique ou de collaboration, contactez Terre de Chimie via le formulaire ci-dessous. <\/p>\n\n\n\n<p>Notre \u00e9quipe vous apportera une r\u00e9ponse rapide et adapt\u00e9e \u00e0 vos besoins.<\/p>\n\n\n<div class=\"wp-block-jetpack-contact-form\"><a href=\"https:\/\/www.terredechimie.com\/?page_id=18\" target=\"_blank\" rel=\"noopener noreferrer\">Soumettre un formulaire.<\/a><\/div>\n\n\n<div class=\"wp-block-group has-global-padding is-layout-constrained wp-block-group-is-layout-constrained\">\n<div class=\"wp-block-columns are-vertically-aligned-center is-layout-flex wp-container-core-columns-is-layout-28f84493 wp-block-columns-is-layout-flex\">\n<div class=\"wp-block-column is-vertically-aligned-center is-layout-flow wp-block-column-is-layout-flow\">\n<h2 class=\"wp-block-heading has-large-font-size\" style=\"font-style:normal;font-weight:700\">Pour nous trouver<\/h2>\n\n\n\n<p style=\"font-size:clamp(0.875em, 0.875rem + ((1vw - 0.2em) * 0.319), 1.1em);\">9 Rue de l&rsquo;Europe, 89380 Appoigny<\/p>\n\n\n\n<p style=\"font-size:clamp(0.875em, 0.875rem + ((1vw - 0.2em) * 0.319), 1.1em);\"><strong><br>T\u00e9l : 03 86 42 20 48&nbsp;<\/strong><br>Email: <a href=\"demond@terredechimie.com\"><\/a><a href=\"mailto:demond@terrechimie.com\">demond@terredechimie.com<\/a><\/p>\n\n\n\n<ul class=\"wp-block-social-links has-icon-color is-style-logos-only is-layout-flex wp-block-social-links-is-layout-flex\"><li style=\"color:#000000;\" class=\"wp-social-link wp-social-link-facebook has-black-color wp-block-social-link\"><a href=\"https:\/\/www.facebook.com\/profile.php?id=61585677483507\" class=\"wp-block-social-link-anchor\"><svg width=\"24\" height=\"24\" viewBox=\"0 0 24 24\" version=\"1.1\" xmlns=\"http:\/\/www.w3.org\/2000\/svg\" aria-hidden=\"true\" focusable=\"false\"><path d=\"M12 2C6.5 2 2 6.5 2 12c0 5 3.7 9.1 8.4 9.9v-7H7.9V12h2.5V9.8c0-2.5 1.5-3.9 3.8-3.9 1.1 0 2.2.2 2.2.2v2.5h-1.3c-1.2 0-1.6.8-1.6 1.6V12h2.8l-.4 2.9h-2.3v7C18.3 21.1 22 17 22 12c0-5.5-4.5-10-10-10z\"><\/path><\/svg><span class=\"wp-block-social-link-label screen-reader-text\">Facebook<\/span><\/a><\/li>\n\n<li style=\"color:#000000;\" class=\"wp-social-link wp-social-link-instagram has-black-color wp-block-social-link\"><a href=\"https:\/\/www.instagram.com\/terredechimie\/?__pwa=1\" class=\"wp-block-social-link-anchor\"><svg width=\"24\" height=\"24\" viewBox=\"0 0 24 24\" version=\"1.1\" xmlns=\"http:\/\/www.w3.org\/2000\/svg\" aria-hidden=\"true\" focusable=\"false\"><path d=\"M12,4.622c2.403,0,2.688,0.009,3.637,0.052c0.877,0.04,1.354,0.187,1.671,0.31c0.42,0.163,0.72,0.358,1.035,0.673 c0.315,0.315,0.51,0.615,0.673,1.035c0.123,0.317,0.27,0.794,0.31,1.671c0.043,0.949,0.052,1.234,0.052,3.637 s-0.009,2.688-0.052,3.637c-0.04,0.877-0.187,1.354-0.31,1.671c-0.163,0.42-0.358,0.72-0.673,1.035 c-0.315,0.315-0.615,0.51-1.035,0.673c-0.317,0.123-0.794,0.27-1.671,0.31c-0.949,0.043-1.233,0.052-3.637,0.052 s-2.688-0.009-3.637-0.052c-0.877-0.04-1.354-0.187-1.671-0.31c-0.42-0.163-0.72-0.358-1.035-0.673 c-0.315-0.315-0.51-0.615-0.673-1.035c-0.123-0.317-0.27-0.794-0.31-1.671C4.631,14.688,4.622,14.403,4.622,12 s0.009-2.688,0.052-3.637c0.04-0.877,0.187-1.354,0.31-1.671c0.163-0.42,0.358-0.72,0.673-1.035 c0.315-0.315,0.615-0.51,1.035-0.673c0.317-0.123,0.794-0.27,1.671-0.31C9.312,4.631,9.597,4.622,12,4.622 M12,3 C9.556,3,9.249,3.01,8.289,3.054C7.331,3.098,6.677,3.25,6.105,3.472C5.513,3.702,5.011,4.01,4.511,4.511 c-0.5,0.5-0.808,1.002-1.038,1.594C3.25,6.677,3.098,7.331,3.054,8.289C3.01,9.249,3,9.556,3,12c0,2.444,0.01,2.751,0.054,3.711 c0.044,0.958,0.196,1.612,0.418,2.185c0.23,0.592,0.538,1.094,1.038,1.594c0.5,0.5,1.002,0.808,1.594,1.038 c0.572,0.222,1.227,0.375,2.185,0.418C9.249,20.99,9.556,21,12,21s2.751-0.01,3.711-0.054c0.958-0.044,1.612-0.196,2.185-0.418 c0.592-0.23,1.094-0.538,1.594-1.038c0.5-0.5,0.808-1.002,1.038-1.594c0.222-0.572,0.375-1.227,0.418-2.185 C20.99,14.751,21,14.444,21,12s-0.01-2.751-0.054-3.711c-0.044-0.958-0.196-1.612-0.418-2.185c-0.23-0.592-0.538-1.094-1.038-1.594 c-0.5-0.5-1.002-0.808-1.594-1.038c-0.572-0.222-1.227-0.375-2.185-0.418C14.751,3.01,14.444,3,12,3L12,3z M12,7.378 c-2.552,0-4.622,2.069-4.622,4.622S9.448,16.622,12,16.622s4.622-2.069,4.622-4.622S14.552,7.378,12,7.378z M12,15 c-1.657,0-3-1.343-3-3s1.343-3,3-3s3,1.343,3,3S13.657,15,12,15z M16.804,6.116c-0.596,0-1.08,0.484-1.08,1.08 s0.484,1.08,1.08,1.08c0.596,0,1.08-0.484,1.08-1.08S17.401,6.116,16.804,6.116z\"><\/path><\/svg><span class=\"wp-block-social-link-label screen-reader-text\">Instagram<\/span><\/a><\/li>\n\n<li style=\"color:#000000;\" class=\"wp-social-link wp-social-link-linkedin has-black-color wp-block-social-link\"><a href=\"https:\/\/www.linkedin.com\/in\/s%C3%A9bastien-demond-82594863\/\" class=\"wp-block-social-link-anchor\"><svg width=\"24\" height=\"24\" viewBox=\"0 0 24 24\" version=\"1.1\" xmlns=\"http:\/\/www.w3.org\/2000\/svg\" aria-hidden=\"true\" focusable=\"false\"><path d=\"M19.7,3H4.3C3.582,3,3,3.582,3,4.3v15.4C3,20.418,3.582,21,4.3,21h15.4c0.718,0,1.3-0.582,1.3-1.3V4.3 C21,3.582,20.418,3,19.7,3z M8.339,18.338H5.667v-8.59h2.672V18.338z M7.004,8.574c-0.857,0-1.549-0.694-1.549-1.548 c0-0.855,0.691-1.548,1.549-1.548c0.854,0,1.547,0.694,1.547,1.548C8.551,7.881,7.858,8.574,7.004,8.574z M18.339,18.338h-2.669 v-4.177c0-0.996-0.017-2.278-1.387-2.278c-1.389,0-1.601,1.086-1.601,2.206v4.249h-2.667v-8.59h2.559v1.174h0.037 c0.356-0.675,1.227-1.387,2.526-1.387c2.703,0,3.203,1.779,3.203,4.092V18.338z\"><\/path><\/svg><span class=\"wp-block-social-link-label screen-reader-text\">LinkedIn<\/span><\/a><\/li><\/ul>\n<\/div>\n\n\n\n<div class=\"wp-block-column is-vertically-aligned-center is-layout-flow wp-block-column-is-layout-flow\">\n<div style=\"height:68px\" aria-hidden=\"true\" class=\"wp-block-spacer\"><\/div>\n\n\n\n<iframe\n  src=\"https:\/\/www.google.com\/maps?q=9%20Rue%20de%20l'Europe%2C%2089380%20Appoigny&#038;output=embed\"\n  width=\"100%\"\n  height=\"450\"\n  style=\"border:0;\"\n  allowfullscreen\n  loading=\"lazy\">\n<\/iframe>\n<\/div>\n<\/div>\n<\/div>\n\n\n\n<div style=\"height:100px\" aria-hidden=\"true\" class=\"wp-block-spacer\"><\/div>\n\n\n\n<p><\/p>\n","protected":false},"excerpt":{"rendered":"<p>Pour toute demande d\u2019information, de conseil technique ou de collaboration, contactez Terre de Chimie via le formulaire ci-dessous. Notre \u00e9quipe vous apportera une r\u00e9ponse rapide et adapt\u00e9e \u00e0 vos besoins. Pour nous trouver 9 Rue de l&rsquo;Europe, 89380 Appoigny T\u00e9l : 03 86 42 20 48&nbsp;Email: demond@terredechimie.com<\/p>\n","protected":false},"author":1,"featured_media":0,"parent":0,"menu_order":0,"comment_status":"closed","ping_status":"closed","template":"","meta":{"footnotes":""},"class_list":["post-18","page","type-page","status-publish","hentry"],"yoast_head":"<!-- This site is optimized with the Yoast SEO plugin v26.6 - https:\/\/yoast.com\/wordpress\/plugins\/seo\/ -->\n<title>Contact - terredechimie<\/title>\n<meta name=\"description\" content=\"Pour toute demande d\u2019information, de conseil technique ou de collaboration, contactez Terre de Chimie via le formulaire ci-dessous. Notre \u00e9quipe vous apportera une r\u00e9ponse rapide et adapt\u00e9e \u00e0 vos besoins.\" \/>\n<meta name=\"robots\" content=\"index, follow, max-snippet:-1, max-image-preview:large, max-video-preview:-1\" \/>\n<link rel=\"canonical\" href=\"https:\/\/www.terredechimie.com\/?page_id=18\" \/>\n<meta property=\"og:locale\" content=\"fr_FR\" \/>\n<meta property=\"og:type\" content=\"article\" \/>\n<meta property=\"og:title\" content=\"Contact - terredechimie\" \/>\n<meta property=\"og:description\" content=\"Pour toute demande d\u2019information, de conseil technique ou de collaboration, contactez Terre de Chimie via le formulaire ci-dessous. Notre \u00e9quipe vous apportera une r\u00e9ponse rapide et adapt\u00e9e \u00e0 vos besoins.\" \/>\n<meta property=\"og:url\" content=\"https:\/\/www.terredechimie.com\/?page_id=18\" \/>\n<meta property=\"og:site_name\" content=\"terredechimie\" \/>\n<meta property=\"article:modified_time\" content=\"2026-03-11T20:35:39+00:00\" \/>\n<meta name=\"twitter:card\" content=\"summary_large_image\" \/>\n<meta name=\"twitter:label1\" content=\"Dur\u00e9e de lecture estim\u00e9e\" \/>\n\t<meta name=\"twitter:data1\" content=\"1 minute\" \/>\n<script type=\"application\/ld+json\" class=\"yoast-schema-graph\">{\"@context\":\"https:\/\/schema.org\",\"@graph\":[{\"@type\":\"WebPage\",\"@id\":\"https:\/\/www.terredechimie.com\/?page_id=18\",\"url\":\"https:\/\/www.terredechimie.com\/?page_id=18\",\"name\":\"Contact - terredechimie\",\"isPartOf\":{\"@id\":\"https:\/\/terredechimie.com\/#website\"},\"datePublished\":\"2025-12-27T10:46:11+00:00\",\"dateModified\":\"2026-03-11T20:35:39+00:00\",\"description\":\"Pour toute demande d\u2019information, de conseil technique ou de collaboration, contactez Terre de Chimie via le formulaire ci-dessous. Notre \u00e9quipe vous apportera une r\u00e9ponse rapide et adapt\u00e9e \u00e0 vos besoins.\",\"breadcrumb\":{\"@id\":\"https:\/\/www.terredechimie.com\/?page_id=18#breadcrumb\"},\"inLanguage\":\"fr-FR\",\"potentialAction\":[{\"@type\":\"ReadAction\",\"target\":[\"https:\/\/www.terredechimie.com\/?page_id=18\"]}]},{\"@type\":\"BreadcrumbList\",\"@id\":\"https:\/\/www.terredechimie.com\/?page_id=18#breadcrumb\",\"itemListElement\":[{\"@type\":\"ListItem\",\"position\":1,\"name\":\"Accueil\",\"item\":\"https:\/\/www.terredechimie.com\/\"},{\"@type\":\"ListItem\",\"position\":2,\"name\":\"Contact\"}]},{\"@type\":\"WebSite\",\"@id\":\"https:\/\/terredechimie.com\/#website\",\"url\":\"https:\/\/terredechimie.com\/\",\"name\":\"terredechimie\",\"description\":\"\",\"publisher\":{\"@id\":\"https:\/\/terredechimie.com\/#organization\"},\"potentialAction\":[{\"@type\":\"SearchAction\",\"target\":{\"@type\":\"EntryPoint\",\"urlTemplate\":\"https:\/\/terredechimie.com\/?s={search_term_string}\"},\"query-input\":{\"@type\":\"PropertyValueSpecification\",\"valueRequired\":true,\"valueName\":\"search_term_string\"}}],\"inLanguage\":\"fr-FR\"},{\"@type\":\"Organization\",\"@id\":\"https:\/\/terredechimie.com\/#organization\",\"name\":\"terredechimie\",\"url\":\"https:\/\/terredechimie.com\/\",\"logo\":{\"@type\":\"ImageObject\",\"inLanguage\":\"fr-FR\",\"@id\":\"https:\/\/terredechimie.com\/#\/schema\/logo\/image\/\",\"url\":\"https:\/\/www.terredechimie.com\/wp-content\/uploads\/2025\/12\/cropped-1C360A0B-F00E-4736-8FC4-F7B6AA983F27.png\",\"contentUrl\":\"https:\/\/www.terredechimie.com\/wp-content\/uploads\/2025\/12\/cropped-1C360A0B-F00E-4736-8FC4-F7B6AA983F27.png\",\"width\":773,\"height\":775,\"caption\":\"terredechimie\"},\"image\":{\"@id\":\"https:\/\/terredechimie.com\/#\/schema\/logo\/image\/\"}}]}<\/script>\n<!-- \/ Yoast SEO plugin. -->","yoast_head_json":{"title":"Contact - terredechimie","description":"Pour toute demande d\u2019information, de conseil technique ou de collaboration, contactez Terre de Chimie via le formulaire ci-dessous. Notre \u00e9quipe vous apportera une r\u00e9ponse rapide et adapt\u00e9e \u00e0 vos besoins.","robots":{"index":"index","follow":"follow","max-snippet":"max-snippet:-1","max-image-preview":"max-image-preview:large","max-video-preview":"max-video-preview:-1"},"canonical":"https:\/\/www.terredechimie.com\/?page_id=18","og_locale":"fr_FR","og_type":"article","og_title":"Contact - terredechimie","og_description":"Pour toute demande d\u2019information, de conseil technique ou de collaboration, contactez Terre de Chimie via le formulaire ci-dessous. Notre \u00e9quipe vous apportera une r\u00e9ponse rapide et adapt\u00e9e \u00e0 vos besoins.","og_url":"https:\/\/www.terredechimie.com\/?page_id=18","og_site_name":"terredechimie","article_modified_time":"2026-03-11T20:35:39+00:00","twitter_card":"summary_large_image","twitter_misc":{"Dur\u00e9e de lecture estim\u00e9e":"1 minute"},"schema":{"@context":"https:\/\/schema.org","@graph":[{"@type":"WebPage","@id":"https:\/\/www.terredechimie.com\/?page_id=18","url":"https:\/\/www.terredechimie.com\/?page_id=18","name":"Contact - terredechimie","isPartOf":{"@id":"https:\/\/terredechimie.com\/#website"},"datePublished":"2025-12-27T10:46:11+00:00","dateModified":"2026-03-11T20:35:39+00:00","description":"Pour toute demande d\u2019information, de conseil technique ou de collaboration, contactez Terre de Chimie via le formulaire ci-dessous. Notre \u00e9quipe vous apportera une r\u00e9ponse rapide et adapt\u00e9e \u00e0 vos besoins.","breadcrumb":{"@id":"https:\/\/www.terredechimie.com\/?page_id=18#breadcrumb"},"inLanguage":"fr-FR","potentialAction":[{"@type":"ReadAction","target":["https:\/\/www.terredechimie.com\/?page_id=18"]}]},{"@type":"BreadcrumbList","@id":"https:\/\/www.terredechimie.com\/?page_id=18#breadcrumb","itemListElement":[{"@type":"ListItem","position":1,"name":"Accueil","item":"https:\/\/www.terredechimie.com\/"},{"@type":"ListItem","position":2,"name":"Contact"}]},{"@type":"WebSite","@id":"https:\/\/terredechimie.com\/#website","url":"https:\/\/terredechimie.com\/","name":"terredechimie","description":"","publisher":{"@id":"https:\/\/terredechimie.com\/#organization"},"potentialAction":[{"@type":"SearchAction","target":{"@type":"EntryPoint","urlTemplate":"https:\/\/terredechimie.com\/?s={search_term_string}"},"query-input":{"@type":"PropertyValueSpecification","valueRequired":true,"valueName":"search_term_string"}}],"inLanguage":"fr-FR"},{"@type":"Organization","@id":"https:\/\/terredechimie.com\/#organization","name":"terredechimie","url":"https:\/\/terredechimie.com\/","logo":{"@type":"ImageObject","inLanguage":"fr-FR","@id":"https:\/\/terredechimie.com\/#\/schema\/logo\/image\/","url":"https:\/\/www.terredechimie.com\/wp-content\/uploads\/2025\/12\/cropped-1C360A0B-F00E-4736-8FC4-F7B6AA983F27.png","contentUrl":"https:\/\/www.terredechimie.com\/wp-content\/uploads\/2025\/12\/cropped-1C360A0B-F00E-4736-8FC4-F7B6AA983F27.png","width":773,"height":775,"caption":"terredechimie"},"image":{"@id":"https:\/\/terredechimie.com\/#\/schema\/logo\/image\/"}}]}},"jetpack_sharing_enabled":true,"_links":{"self":[{"href":"https:\/\/www.terredechimie.com\/index.php?rest_route=\/wp\/v2\/pages\/18","targetHints":{"allow":["GET"]}}],"collection":[{"href":"https:\/\/www.terredechimie.com\/index.php?rest_route=\/wp\/v2\/pages"}],"about":[{"href":"https:\/\/www.terredechimie.com\/index.php?rest_route=\/wp\/v2\/types\/page"}],"author":[{"embeddable":true,"href":"https:\/\/www.terredechimie.com\/index.php?rest_route=\/wp\/v2\/users\/1"}],"replies":[{"embeddable":true,"href":"https:\/\/www.terredechimie.com\/index.php?rest_route=%2Fwp%2Fv2%2Fcomments&post=18"}],"version-history":[{"count":10,"href":"https:\/\/www.terredechimie.com\/index.php?rest_route=\/wp\/v2\/pages\/18\/revisions"}],"predecessor-version":[{"id":621,"href":"https:\/\/www.terredechimie.com\/index.php?rest_route=\/wp\/v2\/pages\/18\/revisions\/621"}],"wp:attachment":[{"href":"https:\/\/www.terredechimie.com\/index.php?rest_route=%2Fwp%2Fv2%2Fmedia&parent=18"}],"curies":[{"name":"wp","href":"https:\/\/api.w.org\/{rel}","templated":true}]}}