{"id":173,"date":"2025-12-27T21:29:14","date_gmt":"2025-12-27T20:29:14","guid":{"rendered":"https:\/\/dev.terredechimie.com\/?page_id=173"},"modified":"2026-03-11T20:43:11","modified_gmt":"2026-03-11T19:43:11","slug":"decapants-environnementaux","status":"publish","type":"page","link":"https:\/\/www.terredechimie.com\/?page_id=173","title":{"rendered":"D\u00e9capants environnementaux"},"content":{"rendered":"\n<figure class=\"wp-block-image alignleft size-large is-resized\"><img fetchpriority=\"high\" decoding=\"async\" width=\"1024\" height=\"683\" src=\"https:\/\/dev.terredechimie.com\/wp-content\/uploads\/2025\/12\/190-1024x683.jpg\" alt=\"\" class=\"wp-image-328\" style=\"aspect-ratio:1.4992954438703616;width:390px;height:auto\" srcset=\"https:\/\/www.terredechimie.com\/wp-content\/uploads\/2025\/12\/190-1024x683.jpg 1024w, https:\/\/www.terredechimie.com\/wp-content\/uploads\/2025\/12\/190-300x200.jpg 300w, https:\/\/www.terredechimie.com\/wp-content\/uploads\/2025\/12\/190.jpg 1500w\" sizes=\"(max-width: 1024px) 100vw, 1024px\" \/><\/figure>\n\n\n\n<p><strong>TERRE DE CHIMIE a mis au point deux d\u00e9capants nouvelle g\u00e9n\u00e9ration, dont les formules ont d\u00e9j\u00e0 conquis la client\u00e8le industrielle.<\/strong><\/p>\n\n\n\n<p><strong>Nous<\/strong>&nbsp;proposons d\u00e9sormais dans sa gamme, deux d\u00e9capants innovants, sans solvant chlor\u00e9, aussi efficaces que leurs pr\u00e9d\u00e9cesseurs&nbsp;!<\/p>\n\n\n\n<p>Ils s&rsquo;utilisent tous deux en&nbsp;<strong>bains de d\u00e9capage<\/strong>&nbsp;et fonctionnent&nbsp;<strong>sur tous les supports&nbsp;!<\/strong><br>Leurs formules et leurs processus de mise en \u0153uvre ont \u00e9t\u00e9 valid\u00e9s par les industriels les plus exigeants qui les ont adopt\u00e9s dans leurs nouveaux cahiers des charges, tant pour leur efficacit\u00e9 que pour leurs qualit\u00e9s environnementales.<\/p>\n\n\n\n<p>D\u00e9couvrez la description d\u00e9taill\u00e9e de ces deux d\u00e9capants innovants dans la\u00a0<a href=\"https:\/\/terredechimie.com\/?page_id=222\">rubrique Industrie.<\/a><\/p>\n","protected":false},"excerpt":{"rendered":"<p>TERRE DE CHIMIE a mis au point deux d\u00e9capants nouvelle g\u00e9n\u00e9ration, dont les formules ont d\u00e9j\u00e0 conquis la client\u00e8le industrielle. Nous&nbsp;proposons d\u00e9sormais dans sa gamme, deux d\u00e9capants innovants, sans solvant chlor\u00e9, aussi efficaces que leurs pr\u00e9d\u00e9cesseurs&nbsp;! Ils s&rsquo;utilisent tous deux en&nbsp;bains de d\u00e9capage&nbsp;et fonctionnent&nbsp;sur tous les supports&nbsp;!Leurs formules et leurs processus de mise en \u0153uvre &hellip; <\/p>\n<p class=\"link-more\"><a href=\"https:\/\/www.terredechimie.com\/?page_id=173\" class=\"more-link\">Lire la suite de<span class=\"screen-reader-text\">\u00ab\u00a0D\u00e9capants environnementaux\u00a0\u00bb<\/span><\/a><\/p>\n","protected":false},"author":1,"featured_media":0,"parent":0,"menu_order":0,"comment_status":"closed","ping_status":"closed","template":"","meta":{"footnotes":""},"class_list":["post-173","page","type-page","status-publish","hentry"],"yoast_head":"<!-- This site is optimized with the Yoast SEO plugin v26.6 - https:\/\/yoast.com\/wordpress\/plugins\/seo\/ -->\n<title>D\u00e9capants environnementaux - terredechimie<\/title>\n<meta name=\"description\" content=\"D\u00e9capants environnementaux de Terre de Chimie : solutions chimiques performantes et respectueuses de l\u2019environnement pour un d\u00e9capage industriel efficace.\" \/>\n<meta name=\"robots\" content=\"index, follow, max-snippet:-1, max-image-preview:large, max-video-preview:-1\" \/>\n<link rel=\"canonical\" href=\"https:\/\/www.terredechimie.com\/?page_id=173\" \/>\n<meta property=\"og:locale\" content=\"fr_FR\" \/>\n<meta property=\"og:type\" content=\"article\" \/>\n<meta property=\"og:title\" content=\"D\u00e9capants environnementaux - terredechimie\" \/>\n<meta property=\"og:description\" content=\"D\u00e9capants environnementaux de Terre de Chimie : solutions chimiques performantes et respectueuses de l\u2019environnement pour un d\u00e9capage industriel efficace.\" \/>\n<meta property=\"og:url\" content=\"https:\/\/www.terredechimie.com\/?page_id=173\" \/>\n<meta property=\"og:site_name\" content=\"terredechimie\" \/>\n<meta property=\"article:modified_time\" content=\"2026-03-11T19:43:11+00:00\" \/>\n<meta property=\"og:image\" content=\"https:\/\/www.terredechimie.com\/wp-content\/uploads\/2025\/12\/190.jpg\" \/>\n\t<meta property=\"og:image:width\" content=\"1500\" \/>\n\t<meta property=\"og:image:height\" content=\"1000\" \/>\n\t<meta property=\"og:image:type\" content=\"image\/jpeg\" \/>\n<meta name=\"twitter:card\" content=\"summary_large_image\" \/>\n<meta name=\"twitter:label1\" content=\"Dur\u00e9e de lecture estim\u00e9e\" \/>\n\t<meta name=\"twitter:data1\" content=\"1 minute\" \/>\n<script type=\"application\/ld+json\" class=\"yoast-schema-graph\">{\"@context\":\"https:\/\/schema.org\",\"@graph\":[{\"@type\":\"WebPage\",\"@id\":\"https:\/\/www.terredechimie.com\/?page_id=173\",\"url\":\"https:\/\/www.terredechimie.com\/?page_id=173\",\"name\":\"D\u00e9capants environnementaux - terredechimie\",\"isPartOf\":{\"@id\":\"https:\/\/terredechimie.com\/#website\"},\"primaryImageOfPage\":{\"@id\":\"https:\/\/www.terredechimie.com\/?page_id=173#primaryimage\"},\"image\":{\"@id\":\"https:\/\/www.terredechimie.com\/?page_id=173#primaryimage\"},\"thumbnailUrl\":\"https:\/\/dev.terredechimie.com\/wp-content\/uploads\/2025\/12\/190-1024x683.jpg\",\"datePublished\":\"2025-12-27T20:29:14+00:00\",\"dateModified\":\"2026-03-11T19:43:11+00:00\",\"description\":\"D\u00e9capants environnementaux de Terre de Chimie : solutions chimiques performantes et respectueuses de l\u2019environnement pour un d\u00e9capage industriel efficace.\",\"breadcrumb\":{\"@id\":\"https:\/\/www.terredechimie.com\/?page_id=173#breadcrumb\"},\"inLanguage\":\"fr-FR\",\"potentialAction\":[{\"@type\":\"ReadAction\",\"target\":[\"https:\/\/www.terredechimie.com\/?page_id=173\"]}]},{\"@type\":\"ImageObject\",\"inLanguage\":\"fr-FR\",\"@id\":\"https:\/\/www.terredechimie.com\/?page_id=173#primaryimage\",\"url\":\"https:\/\/dev.terredechimie.com\/wp-content\/uploads\/2025\/12\/190-1024x683.jpg\",\"contentUrl\":\"https:\/\/dev.terredechimie.com\/wp-content\/uploads\/2025\/12\/190-1024x683.jpg\"},{\"@type\":\"BreadcrumbList\",\"@id\":\"https:\/\/www.terredechimie.com\/?page_id=173#breadcrumb\",\"itemListElement\":[{\"@type\":\"ListItem\",\"position\":1,\"name\":\"Accueil\",\"item\":\"https:\/\/www.terredechimie.com\/\"},{\"@type\":\"ListItem\",\"position\":2,\"name\":\"D\u00e9capants environnementaux\"}]},{\"@type\":\"WebSite\",\"@id\":\"https:\/\/terredechimie.com\/#website\",\"url\":\"https:\/\/terredechimie.com\/\",\"name\":\"terredechimie\",\"description\":\"\",\"publisher\":{\"@id\":\"https:\/\/terredechimie.com\/#organization\"},\"potentialAction\":[{\"@type\":\"SearchAction\",\"target\":{\"@type\":\"EntryPoint\",\"urlTemplate\":\"https:\/\/terredechimie.com\/?s={search_term_string}\"},\"query-input\":{\"@type\":\"PropertyValueSpecification\",\"valueRequired\":true,\"valueName\":\"search_term_string\"}}],\"inLanguage\":\"fr-FR\"},{\"@type\":\"Organization\",\"@id\":\"https:\/\/terredechimie.com\/#organization\",\"name\":\"terredechimie\",\"url\":\"https:\/\/terredechimie.com\/\",\"logo\":{\"@type\":\"ImageObject\",\"inLanguage\":\"fr-FR\",\"@id\":\"https:\/\/terredechimie.com\/#\/schema\/logo\/image\/\",\"url\":\"https:\/\/www.terredechimie.com\/wp-content\/uploads\/2025\/12\/cropped-1C360A0B-F00E-4736-8FC4-F7B6AA983F27.png\",\"contentUrl\":\"https:\/\/www.terredechimie.com\/wp-content\/uploads\/2025\/12\/cropped-1C360A0B-F00E-4736-8FC4-F7B6AA983F27.png\",\"width\":773,\"height\":775,\"caption\":\"terredechimie\"},\"image\":{\"@id\":\"https:\/\/terredechimie.com\/#\/schema\/logo\/image\/\"}}]}<\/script>\n<!-- \/ Yoast SEO plugin. -->","yoast_head_json":{"title":"D\u00e9capants environnementaux - terredechimie","description":"D\u00e9capants environnementaux de Terre de Chimie : solutions chimiques performantes et respectueuses de l\u2019environnement pour un d\u00e9capage industriel efficace.","robots":{"index":"index","follow":"follow","max-snippet":"max-snippet:-1","max-image-preview":"max-image-preview:large","max-video-preview":"max-video-preview:-1"},"canonical":"https:\/\/www.terredechimie.com\/?page_id=173","og_locale":"fr_FR","og_type":"article","og_title":"D\u00e9capants environnementaux - terredechimie","og_description":"D\u00e9capants environnementaux de Terre de Chimie : solutions chimiques performantes et respectueuses de l\u2019environnement pour un d\u00e9capage industriel efficace.","og_url":"https:\/\/www.terredechimie.com\/?page_id=173","og_site_name":"terredechimie","article_modified_time":"2026-03-11T19:43:11+00:00","og_image":[{"width":1500,"height":1000,"url":"https:\/\/www.terredechimie.com\/wp-content\/uploads\/2025\/12\/190.jpg","type":"image\/jpeg"}],"twitter_card":"summary_large_image","twitter_misc":{"Dur\u00e9e de lecture estim\u00e9e":"1 minute"},"schema":{"@context":"https:\/\/schema.org","@graph":[{"@type":"WebPage","@id":"https:\/\/www.terredechimie.com\/?page_id=173","url":"https:\/\/www.terredechimie.com\/?page_id=173","name":"D\u00e9capants environnementaux - terredechimie","isPartOf":{"@id":"https:\/\/terredechimie.com\/#website"},"primaryImageOfPage":{"@id":"https:\/\/www.terredechimie.com\/?page_id=173#primaryimage"},"image":{"@id":"https:\/\/www.terredechimie.com\/?page_id=173#primaryimage"},"thumbnailUrl":"https:\/\/dev.terredechimie.com\/wp-content\/uploads\/2025\/12\/190-1024x683.jpg","datePublished":"2025-12-27T20:29:14+00:00","dateModified":"2026-03-11T19:43:11+00:00","description":"D\u00e9capants environnementaux de Terre de Chimie : solutions chimiques performantes et respectueuses de l\u2019environnement pour un d\u00e9capage industriel efficace.","breadcrumb":{"@id":"https:\/\/www.terredechimie.com\/?page_id=173#breadcrumb"},"inLanguage":"fr-FR","potentialAction":[{"@type":"ReadAction","target":["https:\/\/www.terredechimie.com\/?page_id=173"]}]},{"@type":"ImageObject","inLanguage":"fr-FR","@id":"https:\/\/www.terredechimie.com\/?page_id=173#primaryimage","url":"https:\/\/dev.terredechimie.com\/wp-content\/uploads\/2025\/12\/190-1024x683.jpg","contentUrl":"https:\/\/dev.terredechimie.com\/wp-content\/uploads\/2025\/12\/190-1024x683.jpg"},{"@type":"BreadcrumbList","@id":"https:\/\/www.terredechimie.com\/?page_id=173#breadcrumb","itemListElement":[{"@type":"ListItem","position":1,"name":"Accueil","item":"https:\/\/www.terredechimie.com\/"},{"@type":"ListItem","position":2,"name":"D\u00e9capants environnementaux"}]},{"@type":"WebSite","@id":"https:\/\/terredechimie.com\/#website","url":"https:\/\/terredechimie.com\/","name":"terredechimie","description":"","publisher":{"@id":"https:\/\/terredechimie.com\/#organization"},"potentialAction":[{"@type":"SearchAction","target":{"@type":"EntryPoint","urlTemplate":"https:\/\/terredechimie.com\/?s={search_term_string}"},"query-input":{"@type":"PropertyValueSpecification","valueRequired":true,"valueName":"search_term_string"}}],"inLanguage":"fr-FR"},{"@type":"Organization","@id":"https:\/\/terredechimie.com\/#organization","name":"terredechimie","url":"https:\/\/terredechimie.com\/","logo":{"@type":"ImageObject","inLanguage":"fr-FR","@id":"https:\/\/terredechimie.com\/#\/schema\/logo\/image\/","url":"https:\/\/www.terredechimie.com\/wp-content\/uploads\/2025\/12\/cropped-1C360A0B-F00E-4736-8FC4-F7B6AA983F27.png","contentUrl":"https:\/\/www.terredechimie.com\/wp-content\/uploads\/2025\/12\/cropped-1C360A0B-F00E-4736-8FC4-F7B6AA983F27.png","width":773,"height":775,"caption":"terredechimie"},"image":{"@id":"https:\/\/terredechimie.com\/#\/schema\/logo\/image\/"}}]}},"jetpack_sharing_enabled":true,"_links":{"self":[{"href":"https:\/\/www.terredechimie.com\/index.php?rest_route=\/wp\/v2\/pages\/173","targetHints":{"allow":["GET"]}}],"collection":[{"href":"https:\/\/www.terredechimie.com\/index.php?rest_route=\/wp\/v2\/pages"}],"about":[{"href":"https:\/\/www.terredechimie.com\/index.php?rest_route=\/wp\/v2\/types\/page"}],"author":[{"embeddable":true,"href":"https:\/\/www.terredechimie.com\/index.php?rest_route=\/wp\/v2\/users\/1"}],"replies":[{"embeddable":true,"href":"https:\/\/www.terredechimie.com\/index.php?rest_route=%2Fwp%2Fv2%2Fcomments&post=173"}],"version-history":[{"count":8,"href":"https:\/\/www.terredechimie.com\/index.php?rest_route=\/wp\/v2\/pages\/173\/revisions"}],"predecessor-version":[{"id":598,"href":"https:\/\/www.terredechimie.com\/index.php?rest_route=\/wp\/v2\/pages\/173\/revisions\/598"}],"wp:attachment":[{"href":"https:\/\/www.terredechimie.com\/index.php?rest_route=%2Fwp%2Fv2%2Fmedia&parent=173"}],"curies":[{"name":"wp","href":"https:\/\/api.w.org\/{rel}","templated":true}]}}