{"id":16,"date":"2025-12-27T11:46:10","date_gmt":"2025-12-27T10:46:10","guid":{"rendered":"https:\/\/dev.terredechimie.com\/?page_id=16"},"modified":"2026-03-11T21:40:40","modified_gmt":"2026-03-11T20:40:40","slug":"terre-de-chimie-accueil","status":"publish","type":"page","link":"https:\/\/www.terredechimie.com\/","title":{"rendered":"Accueil"},"content":{"rendered":"\n<div class=\"wp-block-cover alignfull is-light\" style=\"min-height:701px;aspect-ratio:unset;\"><video class=\"wp-block-cover__video-background intrinsic-ignore\" autoplay muted loop playsinline src=\"https:\/\/www.terredechimie.com\/wp-content\/uploads\/2026\/03\/video-2025-12-28T14_32_14.963Z-1.mp4\" data-object-fit=\"cover\"><\/video><span aria-hidden=\"true\" class=\"wp-block-cover__background has-background-dim-20 has-background-dim\" style=\"background-color:#FFF\"><\/span><div class=\"wp-block-cover__inner-container has-global-padding is-layout-constrained wp-block-cover-is-layout-constrained\">\n<p class=\"has-text-align-center has-white-color has-text-color has-max-60-font-size\" style=\"font-style:normal;font-weight:900;line-height:1.2\"><strong>Terre de Chimie<\/strong><\/p>\n\n\n\n<p class=\"has-text-align-center has-white-color has-text-color has-medium-font-size\">\u00ab\u00a0Quand la science respecte la terre\u00a0\u00bb<\/p>\n\n\n\n<div style=\"height:55px\" aria-hidden=\"true\" class=\"wp-block-spacer\"><\/div>\n<\/div><\/div>\n\n\n\n<div class=\"wp-block-group has-global-padding is-layout-constrained wp-block-group-is-layout-constrained\">\n<div style=\"height:57px\" aria-hidden=\"true\" class=\"wp-block-spacer\"><\/div>\n\n\n\n<h2 class=\"wp-block-heading has-text-align-center has-medium-font-size\" style=\"letter-spacing:1px\">Qui Sommes-Nous ?<\/h2>\n\n\n\n<p class=\"has-text-align-center\">TERRE DE CHIMIE, con\u00e7oit, fabrique et distribue des produits de traitement de surfaces.<\/p>\n\n\n\n<div class=\"wp-block-buttons is-horizontal is-content-justification-center is-layout-flex wp-container-core-buttons-is-layout-03627597 wp-block-buttons-is-layout-flex\">\n<div class=\"wp-block-button is-style-outline is-style-outline--1\"><a class=\"wp-block-button__link has-small-font-size has-custom-font-size wp-element-button\" href=\"https:\/\/terredechimie.com\/?page_id=68\" style=\"border-radius:0px\">En savoir plus<\/a><\/div>\n<\/div>\n<\/div>\n\n\n\n<div id=\"services\" class=\"wp-block-group alignfull pattern_multiple_covers has-background has-global-padding is-layout-constrained wp-block-group-is-layout-constrained\">\n<p class=\"has-text-align-left has-secondary-color has-text-color\" style=\"letter-spacing:1px\"><\/p>\n\n\n\n<h2 class=\"wp-block-heading has-text-align-left\">Nos Produits<\/h2>\n\n\n\n<p class=\"has-text-align-left\">Terre de Chimie propose une gamme de produits chimiques sp\u00e9cialis\u00e9s pour le traitement et le d\u00e9capage des surfaces industrielles. <\/p>\n\n\n\n<p class=\"has-text-align-left\">Nos solutions allient performance, expertise technique et respect des exigences professionnelles.<\/p>\n\n\n\n<div style=\"height:46px\" aria-hidden=\"true\" class=\"wp-block-spacer\"><\/div>\n\n\n\n<div class=\"wp-block-columns is-layout-flex wp-container-core-columns-is-layout-28f84493 wp-block-columns-is-layout-flex\">\n<div class=\"wp-block-column is-layout-flow wp-block-column-is-layout-flow\" style=\"padding-top:0;padding-right:0;padding-bottom:0;padding-left:0\">\n<div class=\"wp-block-cover has-custom-content-position is-position-bottom-left\" style=\"padding-top:var(--wp--preset--spacing--small);padding-right:var(--wp--preset--spacing--x-small);padding-bottom:var(--wp--preset--spacing--small);padding-left:var(--wp--preset--spacing--x-small)\"><img fetchpriority=\"high\" decoding=\"async\" width=\"684\" height=\"1024\" class=\"wp-block-cover__image-background wp-image-134 size-large\" alt=\"\" src=\"https:\/\/www.terredechimie.com\/wp-content\/uploads\/2025\/12\/Capture-decran-2025-12-27-a-14.08.24-684x1024.png\" data-object-fit=\"cover\" srcset=\"https:\/\/www.terredechimie.com\/wp-content\/uploads\/2025\/12\/Capture-decran-2025-12-27-a-14.08.24-684x1024.png 684w, https:\/\/www.terredechimie.com\/wp-content\/uploads\/2025\/12\/Capture-decran-2025-12-27-a-14.08.24-200x300.png 200w, https:\/\/www.terredechimie.com\/wp-content\/uploads\/2025\/12\/Capture-decran-2025-12-27-a-14.08.24.png 804w\" sizes=\"(max-width: 684px) 100vw, 684px\" \/><span aria-hidden=\"true\" class=\"wp-block-cover__background has-primary-background-color has-background-dim-70 has-background-dim\"><\/span><div class=\"wp-block-cover__inner-container is-layout-flow wp-block-cover-is-layout-flow\">\n<h3 class=\"wp-block-heading has-white-color has-text-color has-medium-font-size\" style=\"margin-top:0;margin-right:0;margin-bottom:0;margin-left:0\">D\u00e9capage<\/h3>\n\n\n\n<p class=\"has-secondary-color has-text-color has-link-color wp-elements-91a8024f0182534b086a44f3447528dd\" style=\"margin-top:0;margin-right:0;margin-bottom:0;margin-left:0\"><a href=\"https:\/\/terredechimie.com\/?page_id=17\" target=\"_blank\" rel=\"noreferrer noopener\">Allez, on d\u00e9cape !<\/a><\/p>\n<\/div><\/div>\n<\/div>\n\n\n\n<div class=\"wp-block-column is-layout-flow wp-block-column-is-layout-flow\" style=\"padding-top:0;padding-right:0;padding-bottom:0;padding-left:0\">\n<div class=\"wp-block-cover has-custom-content-position is-position-bottom-left\" style=\"padding-top:var(--wp--preset--spacing--small);padding-right:var(--wp--preset--spacing--x-small);padding-bottom:var(--wp--preset--spacing--small);padding-left:var(--wp--preset--spacing--x-small)\"><img decoding=\"async\" width=\"686\" height=\"1024\" class=\"wp-block-cover__image-background wp-image-131 size-large\" alt=\"\" src=\"https:\/\/www.terredechimie.com\/wp-content\/uploads\/2025\/12\/Capture-decran-2025-12-27-a-14.04.03-686x1024.png\" data-object-fit=\"cover\" srcset=\"https:\/\/www.terredechimie.com\/wp-content\/uploads\/2025\/12\/Capture-decran-2025-12-27-a-14.04.03-686x1024.png 686w, https:\/\/www.terredechimie.com\/wp-content\/uploads\/2025\/12\/Capture-decran-2025-12-27-a-14.04.03-201x300.png 201w, https:\/\/www.terredechimie.com\/wp-content\/uploads\/2025\/12\/Capture-decran-2025-12-27-a-14.04.03.png 952w\" sizes=\"(max-width: 686px) 100vw, 686px\" \/><span aria-hidden=\"true\" class=\"wp-block-cover__background has-primary-background-color has-background-dim-70 has-background-dim\"><\/span><div class=\"wp-block-cover__inner-container is-layout-flow wp-block-cover-is-layout-flow\">\n<h3 class=\"wp-block-heading has-white-color has-text-color has-medium-font-size\" style=\"margin-top:0;margin-right:0;margin-bottom:0;margin-left:0\">Traitement<\/h3>\n\n\n\n<p class=\"has-secondary-color has-text-color has-link-color wp-elements-f233ceda0c95903d5e6162e594f7ff79\" style=\"margin-top:0;margin-right:0;margin-bottom:0;margin-left:0\"><a href=\"https:\/\/terredechimie.com\/?page_id=355\">Expertise en traitement chimique <\/a><\/p>\n<\/div><\/div>\n<\/div>\n\n\n\n<div class=\"wp-block-column is-layout-flow wp-block-column-is-layout-flow\" style=\"padding-top:0;padding-right:0;padding-bottom:0;padding-left:0\">\n<div class=\"wp-block-cover has-custom-content-position is-position-bottom-left\" style=\"padding-top:var(--wp--preset--spacing--small);padding-right:var(--wp--preset--spacing--x-small);padding-bottom:var(--wp--preset--spacing--small);padding-left:var(--wp--preset--spacing--x-small)\"><img decoding=\"async\" width=\"776\" height=\"1024\" class=\"wp-block-cover__image-background wp-image-127 size-large\" alt=\"\" src=\"https:\/\/www.terredechimie.com\/wp-content\/uploads\/2025\/12\/Capture-decran-2025-12-27-a-13.55.16-776x1024.png\" data-object-fit=\"cover\" srcset=\"https:\/\/www.terredechimie.com\/wp-content\/uploads\/2025\/12\/Capture-decran-2025-12-27-a-13.55.16-776x1024.png 776w, https:\/\/www.terredechimie.com\/wp-content\/uploads\/2025\/12\/Capture-decran-2025-12-27-a-13.55.16-227x300.png 227w, https:\/\/www.terredechimie.com\/wp-content\/uploads\/2025\/12\/Capture-decran-2025-12-27-a-13.55.16.png 899w\" sizes=\"(max-width: 776px) 100vw, 776px\" \/><span aria-hidden=\"true\" class=\"wp-block-cover__background has-primary-background-color has-background-dim-70 has-background-dim\"><\/span><div class=\"wp-block-cover__inner-container is-layout-flow wp-block-cover-is-layout-flow\">\n<h3 class=\"wp-block-heading has-white-color has-text-color has-medium-font-size\" style=\"margin-top:0;margin-right:0;margin-bottom:0;margin-left:0\">Produit Chimique<\/h3>\n\n\n\n<p class=\"has-secondary-color has-text-color has-link-color wp-elements-bd4eaf49d681a59ff3459d3f11a007c3\" style=\"margin-top:0;margin-right:0;margin-bottom:0;margin-left:0\"><a href=\"https:\/\/terredechimie.com\/?page_id=60\">Un impact \u00e0 venir<\/a><\/p>\n<\/div><\/div>\n<\/div>\n<\/div>\n<\/div>\n\n\n\n<div class=\"wp-block-group alignfull has-global-padding is-layout-constrained wp-block-group-is-layout-constrained\">\n<div class=\"wp-block-group has-global-padding is-layout-constrained wp-block-group-is-layout-constrained\" style=\"padding-top:var(--wp--preset--spacing--small);padding-bottom:var(--wp--preset--spacing--small)\">\n<div class=\"wp-block-columns is-layout-flex wp-container-core-columns-is-layout-c375d253 wp-block-columns-is-layout-flex\">\n<div class=\"wp-block-column is-vertically-aligned-center is-layout-flow wp-block-column-is-layout-flow\">\n<h2 class=\"wp-block-heading has-medium-font-size\" style=\"text-transform:uppercase\">Actualit\u00e9s<\/h2>\n\n\n\n<p>Bienvenue dans l\u2019espace Actualit\u00e9s de Terre de Chimie.<br>D\u00e9couvrez nos derni\u00e8res informations, innovations, projets et \u00e9v\u00e9nements li\u00e9s \u00e0 nos solutions chimiques performantes et responsables.<br>Restez inform\u00e9s de l\u2019actualit\u00e9 de notre entreprise et des \u00e9volutions du secteur.<\/p>\n\n\n\n<div class=\"wp-block-buttons is-horizontal is-content-justification-left is-layout-flex wp-container-core-buttons-is-layout-20be11b6 wp-block-buttons-is-layout-flex\">\n<div class=\"wp-block-button is-style-outline is-style-outline--2\"><a class=\"wp-block-button__link wp-element-button\" href=\"https:\/\/terredechimie.com\/?page_id=70\" style=\"border-radius:0px\" target=\"_blank\" rel=\"noreferrer noopener\"><strong><strong>Ne rien manquer<\/strong><\/strong><\/a><\/div>\n<\/div>\n\n\n\n<p><\/p>\n<\/div>\n\n\n\n<div class=\"wp-block-column is-layout-flow wp-block-column-is-layout-flow\">\n<figure class=\"wp-block-image size-large\"><img loading=\"lazy\" decoding=\"async\" width=\"1024\" height=\"668\" src=\"https:\/\/www.terredechimie.com\/wp-content\/uploads\/2025\/12\/Capture-decran-2025-12-27-a-21.15.57-1024x668.png\" alt=\"\" class=\"wp-image-160\" srcset=\"https:\/\/www.terredechimie.com\/wp-content\/uploads\/2025\/12\/Capture-decran-2025-12-27-a-21.15.57-1024x668.png 1024w, https:\/\/www.terredechimie.com\/wp-content\/uploads\/2025\/12\/Capture-decran-2025-12-27-a-21.15.57-300x196.png 300w, https:\/\/www.terredechimie.com\/wp-content\/uploads\/2025\/12\/Capture-decran-2025-12-27-a-21.15.57.png 1353w\" sizes=\"(max-width: 1024px) 100vw, 1024px\" \/><\/figure>\n<\/div>\n<\/div>\n\n\n\n<div style=\"height:30px\" aria-hidden=\"true\" class=\"wp-block-spacer\"><\/div>\n<\/div>\n<\/div>\n\n\n\n<div class=\"wp-block-cover alignfull has-parallax is-position-center-center\" style=\"border-radius:0px;min-height:468px;aspect-ratio:unset;\"><div class=\"wp-block-cover__image-background wp-image-577 size-large has-parallax\" style=\"background-position:50% 50%;background-image:url(https:\/\/www.terredechimie.com\/wp-content\/uploads\/2026\/03\/IMG_8559-1024x796.jpg)\"><\/div><span aria-hidden=\"true\" class=\"wp-block-cover__background has-black-background-color has-background-dim-40 has-background-dim\"><\/span><div class=\"wp-block-cover__inner-container is-layout-flow wp-block-cover-is-layout-flow\">\n<div class=\"wp-block-group has-global-padding is-layout-constrained wp-block-group-is-layout-constrained\">\n<h3 class=\"wp-block-heading has-text-align-center has-text-color has-medium-font-size\" style=\"color:#fffffa;text-transform:uppercase\">Contactez-nous<\/h3>\n\n\n\n<p class=\"has-text-align-center has-white-color has-text-color\">Vous pouvez nous \u00e9crire en remplissant le formulaire .<br>Nous vous r\u00e9pondrons dans les plus brefs d\u00e9lais.<\/p>\n\n\n\n<div style=\"height:31px\" aria-hidden=\"true\" class=\"wp-block-spacer\"><\/div>\n\n\n\n<div class=\"wp-block-buttons is-horizontal is-content-justification-center is-layout-flex wp-container-core-buttons-is-layout-03627597 wp-block-buttons-is-layout-flex\">\n<div class=\"wp-block-button is-style-outline is-style-outline--3\"><a class=\"wp-block-button__link has-white-color has-text-color wp-element-button\" href=\"https:\/\/terredechimie.com\/?page_id=18\" style=\"border-radius:0px\">CONTACT<\/a><\/div>\n<\/div>\n<\/div>\n<\/div><\/div>\n\n\n\n<p><\/p>\n","protected":false},"excerpt":{"rendered":"<p>Qui Sommes-Nous ? TERRE DE CHIMIE, con\u00e7oit, fabrique et distribue des produits de traitement de surfaces. Nos Produits Terre de Chimie propose une gamme de produits chimiques sp\u00e9cialis\u00e9s pour le traitement et le d\u00e9capage des surfaces industrielles. Nos solutions allient performance, expertise technique et respect des exigences professionnelles. Actualit\u00e9s Bienvenue dans l\u2019espace Actualit\u00e9s de Terre &hellip; <\/p>\n<p class=\"link-more\"><a href=\"https:\/\/www.terredechimie.com\/\" class=\"more-link\">Lire la suite de<span class=\"screen-reader-text\">\u00ab\u00a0Accueil\u00a0\u00bb<\/span><\/a><\/p>\n","protected":false},"author":1,"featured_media":0,"parent":0,"menu_order":0,"comment_status":"closed","ping_status":"closed","template":"page-templates\/homepage-builder-bb.php","meta":{"footnotes":""},"class_list":["post-16","page","type-page","status-publish","hentry"],"yoast_head":"<!-- This site is optimized with the Yoast SEO plugin v26.6 - https:\/\/yoast.com\/wordpress\/plugins\/seo\/ -->\n<title>terredechimie - Accueil<\/title>\n<meta name=\"description\" content=\"Terre de Chimie est une entreprise sp\u00e9cialis\u00e9e dans la fabrication et la distribution de produits chimiques pour le traitement et le d\u00e9capage des surfaces. Bas\u00e9e \u00e0 Appoigny dans l\u2019Yonne, elle accompagne les industriels avec des solutions performantes et respectueuses des supports. terredechimie -\" \/>\n<meta name=\"robots\" content=\"index, follow, max-snippet:-1, max-image-preview:large, max-video-preview:-1\" \/>\n<link rel=\"canonical\" href=\"https:\/\/www.terredechimie.com\/\" \/>\n<meta property=\"og:locale\" content=\"fr_FR\" \/>\n<meta property=\"og:type\" content=\"article\" \/>\n<meta property=\"og:title\" content=\"terredechimie - Accueil\" \/>\n<meta property=\"og:description\" content=\"Terre de Chimie est une entreprise sp\u00e9cialis\u00e9e dans la fabrication et la distribution de produits chimiques pour le traitement et le d\u00e9capage des surfaces. Bas\u00e9e \u00e0 Appoigny dans l\u2019Yonne, elle accompagne les industriels avec des solutions performantes et respectueuses des supports. terredechimie -\" \/>\n<meta property=\"og:url\" content=\"https:\/\/www.terredechimie.com\/\" \/>\n<meta property=\"og:site_name\" content=\"terredechimie\" \/>\n<meta property=\"article:modified_time\" content=\"2026-03-11T20:40:40+00:00\" \/>\n<meta property=\"og:image\" content=\"https:\/\/www.terredechimie.com\/wp-content\/uploads\/2025\/12\/Capture-decran-2025-12-27-a-14.08.24.png\" \/>\n\t<meta property=\"og:image:width\" content=\"804\" \/>\n\t<meta property=\"og:image:height\" content=\"1203\" \/>\n\t<meta property=\"og:image:type\" content=\"image\/png\" \/>\n<meta name=\"twitter:card\" content=\"summary_large_image\" \/>\n<meta name=\"twitter:label1\" content=\"Dur\u00e9e de lecture estim\u00e9e\" \/>\n\t<meta name=\"twitter:data1\" content=\"2 minutes\" \/>\n<script type=\"application\/ld+json\" class=\"yoast-schema-graph\">{\"@context\":\"https:\/\/schema.org\",\"@graph\":[{\"@type\":\"WebPage\",\"@id\":\"https:\/\/www.terredechimie.com\/\",\"url\":\"https:\/\/www.terredechimie.com\/\",\"name\":\"terredechimie - Accueil\",\"isPartOf\":{\"@id\":\"https:\/\/terredechimie.com\/#website\"},\"primaryImageOfPage\":{\"@id\":\"https:\/\/www.terredechimie.com\/#primaryimage\"},\"image\":{\"@id\":\"https:\/\/www.terredechimie.com\/#primaryimage\"},\"thumbnailUrl\":\"https:\/\/www.terredechimie.com\/wp-content\/uploads\/2025\/12\/Capture-decran-2025-12-27-a-14.08.24-684x1024.png\",\"datePublished\":\"2025-12-27T10:46:10+00:00\",\"dateModified\":\"2026-03-11T20:40:40+00:00\",\"description\":\"Terre de Chimie est une entreprise sp\u00e9cialis\u00e9e dans la fabrication et la distribution de produits chimiques pour le traitement et le d\u00e9capage des surfaces. Bas\u00e9e \u00e0 Appoigny dans l\u2019Yonne, elle accompagne les industriels avec des solutions performantes et respectueuses des supports. terredechimie -\",\"breadcrumb\":{\"@id\":\"https:\/\/www.terredechimie.com\/#breadcrumb\"},\"inLanguage\":\"fr-FR\",\"potentialAction\":[{\"@type\":\"ReadAction\",\"target\":[\"https:\/\/www.terredechimie.com\/\"]}]},{\"@type\":\"ImageObject\",\"inLanguage\":\"fr-FR\",\"@id\":\"https:\/\/www.terredechimie.com\/#primaryimage\",\"url\":\"https:\/\/www.terredechimie.com\/wp-content\/uploads\/2025\/12\/Capture-decran-2025-12-27-a-14.08.24.png\",\"contentUrl\":\"https:\/\/www.terredechimie.com\/wp-content\/uploads\/2025\/12\/Capture-decran-2025-12-27-a-14.08.24.png\",\"width\":804,\"height\":1203},{\"@type\":\"BreadcrumbList\",\"@id\":\"https:\/\/www.terredechimie.com\/#breadcrumb\",\"itemListElement\":[{\"@type\":\"ListItem\",\"position\":1,\"name\":\"Accueil\",\"item\":\"https:\/\/www.terredechimie.com\/\"},{\"@type\":\"ListItem\",\"position\":2,\"name\":\"Accueil\"}]},{\"@type\":\"WebSite\",\"@id\":\"https:\/\/terredechimie.com\/#website\",\"url\":\"https:\/\/terredechimie.com\/\",\"name\":\"terredechimie\",\"description\":\"\",\"publisher\":{\"@id\":\"https:\/\/terredechimie.com\/#organization\"},\"potentialAction\":[{\"@type\":\"SearchAction\",\"target\":{\"@type\":\"EntryPoint\",\"urlTemplate\":\"https:\/\/terredechimie.com\/?s={search_term_string}\"},\"query-input\":{\"@type\":\"PropertyValueSpecification\",\"valueRequired\":true,\"valueName\":\"search_term_string\"}}],\"inLanguage\":\"fr-FR\"},{\"@type\":\"Organization\",\"@id\":\"https:\/\/terredechimie.com\/#organization\",\"name\":\"terredechimie\",\"url\":\"https:\/\/terredechimie.com\/\",\"logo\":{\"@type\":\"ImageObject\",\"inLanguage\":\"fr-FR\",\"@id\":\"https:\/\/terredechimie.com\/#\/schema\/logo\/image\/\",\"url\":\"https:\/\/www.terredechimie.com\/wp-content\/uploads\/2025\/12\/cropped-1C360A0B-F00E-4736-8FC4-F7B6AA983F27.png\",\"contentUrl\":\"https:\/\/www.terredechimie.com\/wp-content\/uploads\/2025\/12\/cropped-1C360A0B-F00E-4736-8FC4-F7B6AA983F27.png\",\"width\":773,\"height\":775,\"caption\":\"terredechimie\"},\"image\":{\"@id\":\"https:\/\/terredechimie.com\/#\/schema\/logo\/image\/\"}}]}<\/script>\n<!-- \/ Yoast SEO plugin. -->","yoast_head_json":{"title":"terredechimie - Accueil","description":"Terre de Chimie est une entreprise sp\u00e9cialis\u00e9e dans la fabrication et la distribution de produits chimiques pour le traitement et le d\u00e9capage des surfaces. Bas\u00e9e \u00e0 Appoigny dans l\u2019Yonne, elle accompagne les industriels avec des solutions performantes et respectueuses des supports. terredechimie -","robots":{"index":"index","follow":"follow","max-snippet":"max-snippet:-1","max-image-preview":"max-image-preview:large","max-video-preview":"max-video-preview:-1"},"canonical":"https:\/\/www.terredechimie.com\/","og_locale":"fr_FR","og_type":"article","og_title":"terredechimie - Accueil","og_description":"Terre de Chimie est une entreprise sp\u00e9cialis\u00e9e dans la fabrication et la distribution de produits chimiques pour le traitement et le d\u00e9capage des surfaces. Bas\u00e9e \u00e0 Appoigny dans l\u2019Yonne, elle accompagne les industriels avec des solutions performantes et respectueuses des supports. terredechimie -","og_url":"https:\/\/www.terredechimie.com\/","og_site_name":"terredechimie","article_modified_time":"2026-03-11T20:40:40+00:00","og_image":[{"width":804,"height":1203,"url":"https:\/\/www.terredechimie.com\/wp-content\/uploads\/2025\/12\/Capture-decran-2025-12-27-a-14.08.24.png","type":"image\/png"}],"twitter_card":"summary_large_image","twitter_misc":{"Dur\u00e9e de lecture estim\u00e9e":"2 minutes"},"schema":{"@context":"https:\/\/schema.org","@graph":[{"@type":"WebPage","@id":"https:\/\/www.terredechimie.com\/","url":"https:\/\/www.terredechimie.com\/","name":"terredechimie - Accueil","isPartOf":{"@id":"https:\/\/terredechimie.com\/#website"},"primaryImageOfPage":{"@id":"https:\/\/www.terredechimie.com\/#primaryimage"},"image":{"@id":"https:\/\/www.terredechimie.com\/#primaryimage"},"thumbnailUrl":"https:\/\/www.terredechimie.com\/wp-content\/uploads\/2025\/12\/Capture-decran-2025-12-27-a-14.08.24-684x1024.png","datePublished":"2025-12-27T10:46:10+00:00","dateModified":"2026-03-11T20:40:40+00:00","description":"Terre de Chimie est une entreprise sp\u00e9cialis\u00e9e dans la fabrication et la distribution de produits chimiques pour le traitement et le d\u00e9capage des surfaces. Bas\u00e9e \u00e0 Appoigny dans l\u2019Yonne, elle accompagne les industriels avec des solutions performantes et respectueuses des supports. terredechimie -","breadcrumb":{"@id":"https:\/\/www.terredechimie.com\/#breadcrumb"},"inLanguage":"fr-FR","potentialAction":[{"@type":"ReadAction","target":["https:\/\/www.terredechimie.com\/"]}]},{"@type":"ImageObject","inLanguage":"fr-FR","@id":"https:\/\/www.terredechimie.com\/#primaryimage","url":"https:\/\/www.terredechimie.com\/wp-content\/uploads\/2025\/12\/Capture-decran-2025-12-27-a-14.08.24.png","contentUrl":"https:\/\/www.terredechimie.com\/wp-content\/uploads\/2025\/12\/Capture-decran-2025-12-27-a-14.08.24.png","width":804,"height":1203},{"@type":"BreadcrumbList","@id":"https:\/\/www.terredechimie.com\/#breadcrumb","itemListElement":[{"@type":"ListItem","position":1,"name":"Accueil","item":"https:\/\/www.terredechimie.com\/"},{"@type":"ListItem","position":2,"name":"Accueil"}]},{"@type":"WebSite","@id":"https:\/\/terredechimie.com\/#website","url":"https:\/\/terredechimie.com\/","name":"terredechimie","description":"","publisher":{"@id":"https:\/\/terredechimie.com\/#organization"},"potentialAction":[{"@type":"SearchAction","target":{"@type":"EntryPoint","urlTemplate":"https:\/\/terredechimie.com\/?s={search_term_string}"},"query-input":{"@type":"PropertyValueSpecification","valueRequired":true,"valueName":"search_term_string"}}],"inLanguage":"fr-FR"},{"@type":"Organization","@id":"https:\/\/terredechimie.com\/#organization","name":"terredechimie","url":"https:\/\/terredechimie.com\/","logo":{"@type":"ImageObject","inLanguage":"fr-FR","@id":"https:\/\/terredechimie.com\/#\/schema\/logo\/image\/","url":"https:\/\/www.terredechimie.com\/wp-content\/uploads\/2025\/12\/cropped-1C360A0B-F00E-4736-8FC4-F7B6AA983F27.png","contentUrl":"https:\/\/www.terredechimie.com\/wp-content\/uploads\/2025\/12\/cropped-1C360A0B-F00E-4736-8FC4-F7B6AA983F27.png","width":773,"height":775,"caption":"terredechimie"},"image":{"@id":"https:\/\/terredechimie.com\/#\/schema\/logo\/image\/"}}]}},"jetpack_sharing_enabled":true,"_links":{"self":[{"href":"https:\/\/www.terredechimie.com\/index.php?rest_route=\/wp\/v2\/pages\/16","targetHints":{"allow":["GET"]}}],"collection":[{"href":"https:\/\/www.terredechimie.com\/index.php?rest_route=\/wp\/v2\/pages"}],"about":[{"href":"https:\/\/www.terredechimie.com\/index.php?rest_route=\/wp\/v2\/types\/page"}],"author":[{"embeddable":true,"href":"https:\/\/www.terredechimie.com\/index.php?rest_route=\/wp\/v2\/users\/1"}],"replies":[{"embeddable":true,"href":"https:\/\/www.terredechimie.com\/index.php?rest_route=%2Fwp%2Fv2%2Fcomments&post=16"}],"version-history":[{"count":39,"href":"https:\/\/www.terredechimie.com\/index.php?rest_route=\/wp\/v2\/pages\/16\/revisions"}],"predecessor-version":[{"id":617,"href":"https:\/\/www.terredechimie.com\/index.php?rest_route=\/wp\/v2\/pages\/16\/revisions\/617"}],"wp:attachment":[{"href":"https:\/\/www.terredechimie.com\/index.php?rest_route=%2Fwp%2Fv2%2Fmedia&parent=16"}],"curies":[{"name":"wp","href":"https:\/\/api.w.org\/{rel}","templated":true}]}}